{"id":1667,"date":"2024-02-20T10:39:48","date_gmt":"2024-02-20T10:39:48","guid":{"rendered":"https:\/\/polysmarts.com\/?post_type=product&#038;p=1667"},"modified":"2024-02-20T12:55:17","modified_gmt":"2024-02-20T12:55:17","slug":"sacs-de-chips-imprimes-sur-mesure-emballage-pour-snacks","status":"publish","type":"product","link":"https:\/\/polysmarts.com\/fr\/product\/custom-printed-potato-chip-bags-snack-food-packaging\/","title":{"rendered":"Sacs de croustilles imprim\u00e9s personnalis\u00e9s Emballage alimentaire de collation"},"content":{"rendered":"<p>Laissez-vous tenter par l&#039;attrait irr\u00e9sistible de nos sacs de croustilles imprim\u00e9s personnalis\u00e9s, la quintessence de la commodit\u00e9 croustillante. Fabriqu\u00e9s avec pr\u00e9cision, ces emballages de snacks pr\u00e9sentent une gamme de fonctionnalit\u00e9s indispensables. L\u00e9gers et compacts, ils sont les compagnons id\u00e9aux pour grignoter en d\u00e9placement. Gr\u00e2ce \u00e0 leur fermeture herm\u00e9tique, vos chips pr\u00e9f\u00e9r\u00e9es restent fra\u00eeches et d\u00e9licieuses, r\u00e9sistant \u00e0 la menace du rassis. L&#039;allure transparente de nos emballages offre un aper\u00e7u all\u00e9chant du tr\u00e9sor savoureux qu&#039;ils contiennent, captivant les clients potentiels au premier regard.<\/p>\n<p>Mais ce qui distingue nos sacs de chips, c&#039;est leur personnalisation et leur attrait visuel. Avec suffisamment d&#039;espace pour votre marque, vous pouvez pr\u00e9senter votre logo et votre message avec fiert\u00e9, garantissant ainsi que votre produit se d\u00e9marque sur les \u00e9tag\u00e8res. Et n&#039;ayez crainte, car ces sacs sont non seulement visuellement \u00e9poustouflants, mais \u00e9galement con\u00e7us pour durer. Leur construction en plastique durable offre une protection fiable contre la casse pendant le transport et la manipulation, pr\u00e9servant ainsi l&#039;int\u00e9grit\u00e9 de vos collations.<\/p>\n<p>De plus, nos sacs comportent des options refermables, permettant aux consommateurs de savourer le croustillant de leurs chips pendant plusieurs s\u00e9ances. Cela am\u00e9liore non seulement l&#039;exp\u00e9rience de collation, mais minimise \u00e9galement le gaspillage alimentaire, contribuant ainsi \u00e0 un mode de consommation plus durable. Essentiellement, nos emballages de chips allient harmonieusement fonctionnalit\u00e9, visibilit\u00e9 et polyvalence de marque, \u00e9levant votre parcours de collation vers de nouveaux sommets.<\/p>","protected":false},"excerpt":{"rendered":"<table style=\"height: 232px; width: 99.8505%; border-collapse: collapse;\" border=\"2\">\n<tbody>\n<tr style=\"height: 40px;\">\n<td style=\"width: 22.6796%; height: 30px; background-color: #99ccff;\"><span style=\"font-family: arial, helvetica, sans-serif; font-size: 12pt;\"><strong>Dimensions et style<\/strong><\/span><\/td>\n<td style=\"width: 77.3204%; height: 30px; background-color: #99ccff;\"><span style=\"font-family: arial, helvetica, sans-serif; font-size: 12pt;\">Formes et tailles personnalis\u00e9es<\/span><\/td>\n<\/tr>\n<tr style=\"height: 40px;\">\n<td style=\"width: 22.6796%; height: 34px; background-color: #ebebeb;\"><span style=\"font-size: 12pt;\"><strong><span style=\"font-family: arial, helvetica, sans-serif;\">Quantit\u00e9 minimum d&#039;achat<\/span><\/strong><\/span><\/td>\n<td style=\"width: 77.3204%; height: 34px; background-color: #ebebeb;\"><span style=\"font-family: arial, helvetica, sans-serif; font-size: 12pt;\">1000 pi\u00e8ces sans personnalisation, 10000 pi\u00e8ces pour personnalisation<\/span><\/td>\n<\/tr>\n<tr style=\"height: 40px; background-color: #99ccff;\">\n<td style=\"width: 22.6796%; height: 24px;\"><span style=\"font-size: 12pt;\"><strong><span style=\"font-family: arial, helvetica, sans-serif;\">Type d&#039;emballage<\/span><\/strong><\/span><\/td>\n<td style=\"width: 77.3204%; height: 24px;\"><span style=\"font-family: arial, helvetica, sans-serif; font-size: 12pt;\">Heat Sealing Bag<\/span><\/td>\n<\/tr>\n<tr style=\"height: 40px; background-color: #ebebeb;\">\n<td style=\"width: 22.6796%; height: 24px;\"><span style=\"font-size: 12pt;\"><strong><span style=\"font-family: arial, helvetica, sans-serif;\">Impression<\/span><\/strong><\/span><\/td>\n<td style=\"width: 77.3204%; height: 24px;\"><span style=\"font-family: arial, helvetica, sans-serif; font-size: 12pt;\">CMJN (1 \u00e0 10 couleurs), pas d&#039;impression (ordinaire)<\/span><\/td>\n<\/tr>\n<tr style=\"height: 40px; background-color: #99ccff;\">\n<td style=\"width: 22.6796%; height: 24px;\"><span style=\"font-size: 12pt;\"><strong><span style=\"font-family: arial, helvetica, sans-serif;\">Finition<\/span><\/strong><\/span><\/td>\n<td style=\"width: 77.3204%; height: 24px;\"><span style=\"font-family: arial, helvetica, sans-serif; font-size: 12pt;\">Stratification brillante\/mate, impression offset<\/span><\/td>\n<\/tr>\n<tr style=\"height: 40px; background-color: #ebebeb;\">\n<td style=\"width: 22.6796%; height: 24px;\"><span style=\"font-size: 12pt;\"><strong><span style=\"font-family: arial, helvetica, sans-serif;\">Options incluses<\/span><\/strong><\/span><\/td>\n<td style=\"width: 77.3204%; height: 24px;\"><span style=\"font-family: arial, helvetica, sans-serif; font-size: 12pt;\">D\u00e9coupe, thermoscellage<\/span><\/td>\n<\/tr>\n<tr style=\"height: 40px; background-color: #99ccff;\">\n<td style=\"width: 22.6796%; height: 24px;\"><span style=\"font-size: 12pt;\"><strong><span style=\"font-family: arial, helvetica, sans-serif;\">Preuve<\/span><\/strong><\/span><\/td>\n<td style=\"width: 77.3204%; height: 24px;\"><span style=\"font-family: arial, helvetica, sans-serif; font-size: 12pt;\">Preuves d&#039;odeur\u00a0<\/span><\/td>\n<\/tr>\n<tr style=\"height: 40px; background-color: #ebebeb;\">\n<td style=\"width: 22.6796%; height: 24px;\"><span style=\"font-size: 12pt;\"><strong><span style=\"font-family: arial, helvetica, sans-serif;\">D\u00e9lai d&#039;ex\u00e9cution<\/span><\/strong><\/span><\/td>\n<td style=\"width: 77.3204%; height: 24px;\"><span style=\"font-family: arial, helvetica, sans-serif; font-size: 12pt;\">7 \u00e0 15 jours ouvrables, RUSH<\/span><\/td>\n<\/tr>\n<tr style=\"height: 40px; background-color: #99ccff;\">\n<td style=\"width: 22.6796%; height: 24px;\"><span style=\"font-size: 12pt;\"><strong><span style=\"font-family: arial, helvetica, sans-serif;\">Exp\u00e9dition<\/span><\/strong><\/span><\/td>\n<td style=\"width: 77.3204%; height: 24px;\"><span style=\"font-family: arial, helvetica, sans-serif; font-size: 12pt;\">Air, Mer, Express<\/span><\/td>\n<\/tr>\n<\/tbody>\n<\/table>\n<p>&nbsp;<\/p>","protected":false},"featured_media":1668,"comment_status":"open","ping_status":"closed","template":"","meta":[],"product_brand":[],"product_cat":[26,19,35],"product_tag":[],"class_list":{"0":"post-1667","1":"product","2":"type-product","3":"status-publish","4":"has-post-thumbnail","6":"product_cat-food-packaging","7":"product_cat-heat-sealing-bag","8":"product_cat-mylar-bags","10":"first","11":"instock","12":"shipping-taxable","13":"product-type-simple"},"_links":{"self":[{"href":"https:\/\/polysmarts.com\/fr\/wp-json\/wp\/v2\/product\/1667","targetHints":{"allow":["GET"]}}],"collection":[{"href":"https:\/\/polysmarts.com\/fr\/wp-json\/wp\/v2\/product"}],"about":[{"href":"https:\/\/polysmarts.com\/fr\/wp-json\/wp\/v2\/types\/product"}],"replies":[{"embeddable":true,"href":"https:\/\/polysmarts.com\/fr\/wp-json\/wp\/v2\/comments?post=1667"}],"version-history":[{"count":1,"href":"https:\/\/polysmarts.com\/fr\/wp-json\/wp\/v2\/product\/1667\/revisions"}],"predecessor-version":[{"id":1674,"href":"https:\/\/polysmarts.com\/fr\/wp-json\/wp\/v2\/product\/1667\/revisions\/1674"}],"wp:featuredmedia":[{"embeddable":true,"href":"https:\/\/polysmarts.com\/fr\/wp-json\/wp\/v2\/media\/1668"}],"wp:attachment":[{"href":"https:\/\/polysmarts.com\/fr\/wp-json\/wp\/v2\/media?parent=1667"}],"wp:term":[{"taxonomy":"product_brand","embeddable":true,"href":"https:\/\/polysmarts.com\/fr\/wp-json\/wp\/v2\/product_brand?post=1667"},{"taxonomy":"product_cat","embeddable":true,"href":"https:\/\/polysmarts.com\/fr\/wp-json\/wp\/v2\/product_cat?post=1667"},{"taxonomy":"product_tag","embeddable":true,"href":"https:\/\/polysmarts.com\/fr\/wp-json\/wp\/v2\/product_tag?post=1667"}],"curies":[{"name":"wp","href":"https:\/\/api.w.org\/{rel}","templated":true}]}}