{"id":1643,"date":"2024-02-03T09:29:11","date_gmt":"2024-02-03T09:29:11","guid":{"rendered":"https:\/\/polysmarts.com\/?post_type=product&#038;p=1643"},"modified":"2024-02-03T10:11:41","modified_gmt":"2024-02-03T10:11:41","slug":"sac-sous-vide-alimentaire-gaufre-texture-noir","status":"publish","type":"product","link":"https:\/\/polysmarts.com\/fr\/product\/black-textured-embossed-food-vacuum-bag\/","title":{"rendered":"Sac sous vide alimentaire gaufr\u00e9 textur\u00e9 noir"},"content":{"rendered":"<p>Pr\u00e9sentation de nos sacs sous vide textur\u00e9s et gaufr\u00e9s haut de gamme, con\u00e7us pour une conservation sup\u00e9rieure de la fra\u00eecheur et un emballage polyvalent. Con\u00e7us pour r\u00e9pondre \u00e0 vos besoins sp\u00e9cifiques, ces sacs sous vide offrent une gamme de tailles personnalisables pour s&#039;adapter \u00e0 diff\u00e9rents contenus, garantissant un ajustement parfait pour chaque utilisation.<\/p>\n<p>Fabriqu\u00e9s avec pr\u00e9cision, ces sacs sous vide pr\u00e9sentent une \u00e9paisseur allant de 60 \u00e0 200 microns, offrant une barri\u00e8re exceptionnelle contre l&#039;humidit\u00e9, l&#039;oxyg\u00e8ne et la lumi\u00e8re. La construction avanc\u00e9e comprend une couche externe avec des options telles que BOPP, Matt+OPP, Matt+PET, PET, VMPET et PA, une couche interm\u00e9diaire incorporant PET, VMPET, AL, VMCPP, PA, Paper ou Pearlized BOPP, et un couche int\u00e9rieure de CPP, VMCPP, RCPP, PE ou PE blanc lait.<\/p>\n<p>Nos sacs sous vide sont disponibles dans diff\u00e9rentes structures pour r\u00e9pondre \u00e0 divers besoins d&#039;emballage, tels que MOPP\/VMPET\/PE, PET\/VMPET\/PE, MOPP\/VMPET\/NY\/PE, PET\/PE, PET\/PA\/PE, PET\/VMPET\/ PE, MOPP\/PET\/PE, et plus encore. Cela garantit la combinaison parfaite pour votre produit sp\u00e9cifique, garantissant la non-casse, la non-fuite et la non-d\u00e9lamination.<\/p>\n<p>Principales caract\u00e9ristiques:<\/p>\n<ul>\n<li>Excellente barri\u00e8re contre l&#039;humidit\u00e9 pour une fra\u00eecheur prolong\u00e9e.<\/li>\n<li>Haute barri\u00e8re \u00e0 l&#039;oxyg\u00e8ne et \u00e0 la lumi\u00e8re pour une protection optimale du produit.<\/li>\n<li>Bonne r\u00e9sistance aux basses temp\u00e9ratures.<\/li>\n<li>Forte force d\u2019\u00e9tanch\u00e9it\u00e9, force de liaison et r\u00e9sistance \u00e0 la compression impressionnante.<\/li>\n<li>Sans casse, sans fuite et sans d\u00e9laminage pour des performances fiables.<\/li>\n<li>Effet d&#039;impression net et vif pour un affichage sur \u00e9tag\u00e8re de qualit\u00e9 sup\u00e9rieure.<\/li>\n<\/ul>\n<p>Parfaits pour une large gamme d&#039;applications d&#039;emballage, ces sacs sous vide sont \u00e9quip\u00e9s pour am\u00e9liorer la dur\u00e9e de conservation de votre produit tout en conservant son attrait visuel. Avec une quantit\u00e9 minimum de commande de 1 000 pi\u00e8ces, nos sacs sont livr\u00e9s dans un emballage carton standard d&#039;exportation ou peuvent \u00eatre personnalis\u00e9s pour r\u00e9pondre \u00e0 vos besoins sp\u00e9cifiques en mati\u00e8re d&#039;emballage.<\/p>\n<p>Choisissez la qualit\u00e9, choisissez la fiabilit\u00e9 \u2013 optez pour nos sacs sous vide textur\u00e9s et gaufr\u00e9s pour une excellence d&#039;emballage qui d\u00e9passe les attentes.<\/p>","protected":false},"excerpt":{"rendered":"<table style=\"height: 360px; width: 99.8505%; border-collapse: collapse;\" border=\"2\">\n<tbody>\n<tr style=\"height: 40px;\">\n<td style=\"width: 22.6796%; height: 30px; background-color: #99ccff;\"><span style=\"font-family: arial, helvetica, sans-serif; font-size: 12pt;\"><strong>Dimensions et style<\/strong><\/span><\/td>\n<td style=\"width: 77.3204%; height: 30px; background-color: #99ccff;\"><span style=\"font-family: arial, helvetica, sans-serif; font-size: 12pt;\">Formes et tailles personnalis\u00e9es<\/span><\/td>\n<\/tr>\n<tr style=\"height: 40px;\">\n<td style=\"width: 22.6796%; height: 34px; background-color: #ebebeb;\"><span style=\"font-size: 12pt;\"><strong><span style=\"font-family: arial, helvetica, sans-serif;\">Quantit\u00e9 minimum d&#039;achat<\/span><\/strong><\/span><\/td>\n<td style=\"width: 77.3204%; height: 34px; background-color: #ebebeb;\"><span style=\"font-family: arial, helvetica, sans-serif; font-size: 12pt;\">1000 pi\u00e8ces sans personnalisation, 10000 pi\u00e8ces pour personnalisation<\/span><\/td>\n<\/tr>\n<tr style=\"height: 40px; background-color: #99ccff;\">\n<td style=\"width: 22.6796%; height: 24px;\"><span style=\"font-size: 12pt;\"><strong><span style=\"font-family: arial, helvetica, sans-serif;\">Type d&#039;emballage<\/span><\/strong><\/span><\/td>\n<td style=\"width: 77.3204%; height: 24px;\"><span style=\"font-family: arial, helvetica, sans-serif; font-size: 12pt;\">Sacs sous vide alimentaire en nylon\u00a0<\/span><\/td>\n<\/tr>\n<tr style=\"height: 40px; background-color: #ebebeb;\">\n<td style=\"width: 22.6796%; height: 24px;\"><span style=\"font-size: 12pt;\"><strong><span style=\"font-family: arial, helvetica, sans-serif;\">Material<\/span><\/strong><\/span><\/td>\n<td style=\"width: 77.3204%; height: 24px;\"><span style=\"font-family: arial, helvetica, sans-serif; font-size: 12pt;\">Couche ext\u00e9rieure\u00a0:\u00a0BOPP, Matt+OPP,Matt+PET,PET,VMPET,PA. Couche interm\u00e9diaire\u00a0:\u00a0PET, VMPET, AL, VMCPP, PA, papier, BOPP nacr\u00e9 \u00e0 l&#039;int\u00e9rieur<br \/>\nCouche\u00a0:\u00a0CPP, VMCPP, RCPP, PE, PE blanc lait<\/span><\/td>\n<\/tr>\n<tr style=\"height: 40px; background-color: #99ccff;\">\n<td style=\"width: 22.6796%; height: 24px;\"><span style=\"font-size: 12pt;\"><strong><span style=\"font-family: arial, helvetica, sans-serif;\">Finition<\/span><\/strong><\/span><\/td>\n<td style=\"width: 77.3204%; height: 24px;\"><span style=\"font-family: arial, helvetica, sans-serif; font-size: 12pt;\">En relief<\/span><\/td>\n<\/tr>\n<tr style=\"height: 40px; background-color: #ebebeb;\">\n<td style=\"width: 22.6796%; height: 24px;\"><span style=\"font-size: 12pt;\"><strong><span style=\"font-family: arial, helvetica, sans-serif;\">\u00c9cart de temp\u00e9rature<\/span><\/strong><\/span><\/td>\n<td style=\"width: 77.3204%; height: 24px;\"><span style=\"font-family: arial, helvetica, sans-serif; font-size: 12pt;\">-40\u00baC \u00e0 121\u00baC <span style=\"font-size: 12pt;\"><strong><span style=\"font-family: arial, helvetica, sans-serif;\">\u00a0<\/span><\/strong><\/span><\/span><\/td>\n<\/tr>\n<tr style=\"height: 40px; background-color: #99ccff;\">\n<td style=\"width: 22.6796%; height: 24px;\"><span style=\"font-size: 12pt;\"><strong><span style=\"font-family: arial, helvetica, sans-serif;\">\u00c9paisseur<\/span><\/strong><\/span><\/td>\n<td style=\"width: 77.3204%; height: 24px;\"><span style=\"font-family: arial, helvetica, sans-serif; font-size: 12pt;\">20-300 microns<\/span><\/td>\n<\/tr>\n<tr style=\"height: 40px; background-color: #ebebeb;\">\n<td style=\"width: 22.6796%; height: 24px;\"><span style=\"font-size: 12pt;\"><strong><span style=\"font-family: arial, helvetica, sans-serif;\">D\u00e9lai d&#039;ex\u00e9cution<\/span><\/strong><\/span><\/td>\n<td style=\"width: 77.3204%; height: 24px;\"><span style=\"font-family: arial, helvetica, sans-serif; font-size: 12pt;\">7 \u00e0 15 jours ouvrables, RUSH<\/span><\/td>\n<\/tr>\n<tr style=\"height: 40px; background-color: #99ccff;\">\n<td style=\"width: 22.6796%; height: 24px;\"><span style=\"font-size: 12pt;\"><strong><span style=\"font-family: arial, helvetica, sans-serif;\">Fonctionnalit\u00e9<\/span><\/strong><\/span><\/td>\n<td style=\"width: 77.3204%; height: 24px;\"><span style=\"font-family: arial, helvetica, sans-serif; font-size: 12pt;\"><span style=\"font-family: arial, helvetica, sans-serif; font-size: 12pt;\"><span class=\"magic-21\" style=\"color: #000000;\" data-spm-anchor-id=\"a2700.details.0.i97.68762ee9C6INGa\">\u2022 Excellente barri\u00e8re contre l&#039;humidit\u00e9, haute barri\u00e8re contre l&#039;oxyg\u00e8ne et la lumi\u00e8re, bonne r\u00e9sistance aux basses temp\u00e9ratures.\u00a0<\/span><\/span><\/span><\/p>\n<p><span class=\"magic-21\" style=\"color: #000000;\">\u2022Forte force d&#039;\u00e9tanch\u00e9it\u00e9\u00a0; force de liaison et excellente r\u00e9sistance \u00e0 la compression.<\/span><\/p>\n<div data-spm-anchor-id=\"a2700.pc-decorate.0.i48.6a1533339opQdV\"><span class=\"magic-21\" style=\"color: #000000;\">\u2022Non-casse,Non-fuite,Non-d\u00e9laminage.\u00a0<\/span><\/div>\n<div data-spm-anchor-id=\"a2700.pc-decorate.0.i48.6a1533339opQdV\"><span class=\"magic-21\" style=\"color: #000000;\">\u2022 Effet d&#039;impression net et vif, affichage sur \u00e9tag\u00e8re de qualit\u00e9 sup\u00e9rieure.<\/span><\/div>\n<div data-spm-anchor-id=\"a2700.pc-decorate.0.i48.6a1533339opQdV\"><span class=\"magic-21\" style=\"color: #000000;\">\u2022 Largement appliqu\u00e9 dans l&#039;emballage.<\/span><\/div>\n<\/td>\n<\/tr>\n<\/tbody>\n<\/table>\n<p>&nbsp;<\/p>","protected":false},"featured_media":1644,"comment_status":"open","ping_status":"closed","template":"","meta":[],"product_brand":[],"product_cat":[26,19],"product_tag":[],"class_list":{"0":"post-1643","1":"product","2":"type-product","3":"status-publish","4":"has-post-thumbnail","6":"product_cat-food-packaging","7":"product_cat-heat-sealing-bag","9":"first","10":"instock","11":"shipping-taxable","12":"product-type-simple"},"_links":{"self":[{"href":"https:\/\/polysmarts.com\/fr\/wp-json\/wp\/v2\/product\/1643","targetHints":{"allow":["GET"]}}],"collection":[{"href":"https:\/\/polysmarts.com\/fr\/wp-json\/wp\/v2\/product"}],"about":[{"href":"https:\/\/polysmarts.com\/fr\/wp-json\/wp\/v2\/types\/product"}],"replies":[{"embeddable":true,"href":"https:\/\/polysmarts.com\/fr\/wp-json\/wp\/v2\/comments?post=1643"}],"version-history":[{"count":3,"href":"https:\/\/polysmarts.com\/fr\/wp-json\/wp\/v2\/product\/1643\/revisions"}],"predecessor-version":[{"id":1652,"href":"https:\/\/polysmarts.com\/fr\/wp-json\/wp\/v2\/product\/1643\/revisions\/1652"}],"wp:featuredmedia":[{"embeddable":true,"href":"https:\/\/polysmarts.com\/fr\/wp-json\/wp\/v2\/media\/1644"}],"wp:attachment":[{"href":"https:\/\/polysmarts.com\/fr\/wp-json\/wp\/v2\/media?parent=1643"}],"wp:term":[{"taxonomy":"product_brand","embeddable":true,"href":"https:\/\/polysmarts.com\/fr\/wp-json\/wp\/v2\/product_brand?post=1643"},{"taxonomy":"product_cat","embeddable":true,"href":"https:\/\/polysmarts.com\/fr\/wp-json\/wp\/v2\/product_cat?post=1643"},{"taxonomy":"product_tag","embeddable":true,"href":"https:\/\/polysmarts.com\/fr\/wp-json\/wp\/v2\/product_tag?post=1643"}],"curies":[{"name":"wp","href":"https:\/\/api.w.org\/{rel}","templated":true}]}}