{"id":1624,"date":"2024-02-01T09:04:34","date_gmt":"2024-02-01T09:04:34","guid":{"rendered":"https:\/\/polysmarts.com\/?post_type=product&#038;p=1624"},"modified":"2024-02-01T10:32:23","modified_gmt":"2024-02-01T10:32:23","slug":"sachets-a-fond-plat-pour-aliments-pour-animaux-de-compagnie-de-chien-et-de-chat","status":"publish","type":"product","link":"https:\/\/polysmarts.com\/fr\/product\/cat-dog-pet-food-flat-bottom-pouches\/","title":{"rendered":"Sachets \u00e0 fond plat pour aliments pour animaux de compagnie de chien et de chat"},"content":{"rendered":"<p class=\"whitespace-pre-wrap\">Les propri\u00e9taires d\u2019animaux recherchent des produits efficaces et b\u00e9n\u00e9fiques pour leurs amis \u00e0 fourrure et \u00e0 plumes. Par cons\u00e9quent, les emballages d\u2019aliments pour animaux de compagnie doivent mettre en valeur la s\u00e9curit\u00e9 des produits, le bien-\u00eatre et les liens \u00e9motionnels entre les animaux et leurs propri\u00e9taires.<\/p>\n<p class=\"whitespace-pre-wrap\">Chez Polysmarts Packaging, nous proposons des lignes de production d&#039;emballages d&#039;aliments pour animaux de compagnie d\u00e9di\u00e9es, \u00e9quip\u00e9es pour r\u00e9pondre \u00e0 tous les besoins, des sacs d&#039;\u00e9chantillons aux sacs de 40 lb. Nos options d&#039;emballage comprennent\u00a0:<\/p>\n<ul class=\"list-disc pl-8 space-y-2\">\n<li class=\"whitespace-normal\">Sachets \u00e0 quatre joints \u2013 Nos sacs scell\u00e9s aux quatre coins gardent les aliments ultra frais tout en permettant aux animaux d&#039;acc\u00e9der \u00e0 chaque derni\u00e8re bouch\u00e9e de nourriture.<\/li>\n<li class=\"whitespace-normal\">Sachets refermables debout \u2013 Les sachets refermables \u00e0 fermeture \u00e9clair tiennent debout pour faciliter le ramassage et le stockage tout en conservant la fra\u00eecheur entre les portions.<\/li>\n<li class=\"whitespace-normal\">Sachets \u00e0 fond plat \u2013 Avec un fond plat et une fermeture quadruple, ces sachets offrent un maximum d&#039;espace pour la nourriture pour animaux de compagnie ainsi qu&#039;une barri\u00e8re herm\u00e9tique pour conserver la nutrition et la saveur. La base plate les rend faciles \u00e0 ranger debout.<\/li>\n<\/ul>\n<p class=\"whitespace-pre-wrap\">Notre profonde histoire dans le domaine de l\u2019emballage d\u2019aliments pour animaux de compagnie offre une expertise unique autour de\u00a0:<\/p>\n<ul class=\"list-disc pl-8 space-y-2\">\n<li class=\"whitespace-normal\">Conserver les aliments frais gr\u00e2ce \u00e0 des laminages \u00e0 haute barri\u00e8re<\/li>\n<li class=\"whitespace-normal\">Solutions de palettisation comme la protection antid\u00e9rapante<\/li>\n<li class=\"whitespace-normal\">Personnalisation pour des tailles et formats de produits uniques<\/li>\n<\/ul>\n<p class=\"whitespace-pre-wrap\">En tant que propri\u00e9taires d&#039;animaux de compagnie, nous comprenons que choisir la bonne nourriture est essentiel pour la sant\u00e9 et le bonheur de votre animal. Nos sachets \u00e0 fond plat \u00e0 quatre joints maintiennent la nutrition enferm\u00e9e et a\u00e9r\u00e9e \u2013 garantissant que votre ami \u00e0 quatre pattes profite de chaque bouch\u00e9e comme le jour o\u00f9 elle a \u00e9t\u00e9 pr\u00e9par\u00e9e. Contactez-nous pour commander des \u00e9chantillons ou discuter de vos besoins en mati\u00e8re d\u2019emballage de nourriture pour animaux\u00a0!<\/p>","protected":false},"excerpt":{"rendered":"<table style=\"height: 360px; width: 99.8505%; border-collapse: collapse;\" border=\"2\">\n<tbody>\n<tr style=\"height: 40px;\">\n<td style=\"width: 22.6796%; height: 30px; background-color: #99ccff;\"><span style=\"font-family: arial, helvetica, sans-serif; font-size: 12pt;\"><strong>Dimensions et style<\/strong><\/span><\/td>\n<td style=\"width: 77.3204%; height: 30px; background-color: #99ccff;\"><span style=\"font-family: arial, helvetica, sans-serif; font-size: 12pt;\">Formes et tailles personnalis\u00e9es<\/span><\/td>\n<\/tr>\n<tr style=\"height: 40px;\">\n<td style=\"width: 22.6796%; height: 34px; background-color: #ebebeb;\"><span style=\"font-size: 12pt;\"><strong><span style=\"font-family: arial, helvetica, sans-serif;\">Quantit\u00e9 minimum d&#039;achat<\/span><\/strong><\/span><\/td>\n<td style=\"width: 77.3204%; height: 34px; background-color: #ebebeb;\"><span style=\"font-family: arial, helvetica, sans-serif; font-size: 12pt;\">1000 pi\u00e8ces sans personnalisation, 10000 pi\u00e8ces pour personnalisation<\/span><\/td>\n<\/tr>\n<tr style=\"height: 40px; background-color: #99ccff;\">\n<td style=\"width: 22.6796%; height: 24px;\"><span style=\"font-size: 12pt;\"><strong><span style=\"font-family: arial, helvetica, sans-serif;\">Type d&#039;emballage<\/span><\/strong><\/span><\/td>\n<td style=\"width: 77.3204%; height: 24px;\"><span style=\"font-family: arial, helvetica, sans-serif; font-size: 12pt;\">Sachets \u00e0 fond plat (sachets \u00e0 fond plat pour aliments pour animaux)<\/span><\/td>\n<\/tr>\n<tr style=\"height: 40px; background-color: #ebebeb;\">\n<td style=\"width: 22.6796%; height: 24px;\"><span style=\"font-size: 12pt;\"><strong><span style=\"font-family: arial, helvetica, sans-serif;\">Impression<\/span><\/strong><\/span><\/td>\n<td style=\"width: 77.3204%; height: 24px;\"><span style=\"font-family: arial, helvetica, sans-serif; font-size: 12pt;\">Impression h\u00e9lio (1 \u00e0 10 couleurs), pas d&#039;impression (ordinaire)<\/span><\/td>\n<\/tr>\n<tr style=\"height: 40px; background-color: #99ccff;\">\n<td style=\"width: 22.6796%; height: 24px;\"><span style=\"font-size: 12pt;\"><strong><span style=\"font-family: arial, helvetica, sans-serif;\">Finition<\/span><\/strong><\/span><\/td>\n<td style=\"width: 77.3204%; height: 24px;\"><span style=\"font-family: arial, helvetica, sans-serif; font-size: 12pt;\">Stratification brillante\/mate<\/span><\/td>\n<\/tr>\n<tr style=\"height: 40px; background-color: #ebebeb;\">\n<td style=\"width: 22.6796%; height: 24px;\"><span style=\"font-size: 12pt;\"><strong><span style=\"font-family: arial, helvetica, sans-serif;\">Options incluses<\/span><\/strong><\/span><\/td>\n<td style=\"width: 77.3204%; height: 24px;\"><span style=\"font-family: arial, helvetica, sans-serif; font-size: 12pt;\">D\u00e9coupe<\/span><\/td>\n<\/tr>\n<tr style=\"height: 40px; background-color: #99ccff;\">\n<td style=\"width: 22.6796%; height: 24px;\"><span style=\"font-size: 12pt;\"><strong><span style=\"font-family: arial, helvetica, sans-serif;\">Preuve<\/span><\/strong><\/span><\/td>\n<td style=\"width: 77.3204%; height: 24px;\"><span style=\"font-family: arial, helvetica, sans-serif; font-size: 12pt;\">Preuves d&#039;odeur<\/span><\/td>\n<\/tr>\n<tr style=\"height: 40px; background-color: #ebebeb;\">\n<td style=\"width: 22.6796%; height: 24px;\"><span style=\"font-size: 12pt;\"><strong><span style=\"font-family: arial, helvetica, sans-serif;\">D\u00e9lai d&#039;ex\u00e9cution<\/span><\/strong><\/span><\/td>\n<td style=\"width: 77.3204%; height: 24px;\"><span style=\"font-family: arial, helvetica, sans-serif; font-size: 12pt;\">7 \u00e0 15 jours ouvrables, RUSH<\/span><\/td>\n<\/tr>\n<tr style=\"height: 40px; background-color: #99ccff;\">\n<td style=\"width: 22.6796%; height: 24px;\"><span style=\"font-size: 12pt;\"><strong><span style=\"font-family: arial, helvetica, sans-serif;\">Exp\u00e9dition<\/span><\/strong><\/span><\/td>\n<td style=\"width: 77.3204%; height: 24px;\"><span style=\"font-family: arial, helvetica, sans-serif; font-size: 12pt;\">Air, Mer, Express<\/span><\/td>\n<\/tr>\n<\/tbody>\n<\/table>\n<p>&nbsp;<\/p>","protected":false},"featured_media":1637,"comment_status":"open","ping_status":"closed","template":"","meta":[],"product_brand":[],"product_cat":[26,18],"product_tag":[],"class_list":{"0":"post-1624","1":"product","2":"type-product","3":"status-publish","4":"has-post-thumbnail","6":"product_cat-food-packaging","7":"product_cat-zipper-bags","9":"first","10":"instock","11":"shipping-taxable","12":"product-type-simple"},"_links":{"self":[{"href":"https:\/\/polysmarts.com\/fr\/wp-json\/wp\/v2\/product\/1624","targetHints":{"allow":["GET"]}}],"collection":[{"href":"https:\/\/polysmarts.com\/fr\/wp-json\/wp\/v2\/product"}],"about":[{"href":"https:\/\/polysmarts.com\/fr\/wp-json\/wp\/v2\/types\/product"}],"replies":[{"embeddable":true,"href":"https:\/\/polysmarts.com\/fr\/wp-json\/wp\/v2\/comments?post=1624"}],"version-history":[{"count":1,"href":"https:\/\/polysmarts.com\/fr\/wp-json\/wp\/v2\/product\/1624\/revisions"}],"predecessor-version":[{"id":1642,"href":"https:\/\/polysmarts.com\/fr\/wp-json\/wp\/v2\/product\/1624\/revisions\/1642"}],"wp:featuredmedia":[{"embeddable":true,"href":"https:\/\/polysmarts.com\/fr\/wp-json\/wp\/v2\/media\/1637"}],"wp:attachment":[{"href":"https:\/\/polysmarts.com\/fr\/wp-json\/wp\/v2\/media?parent=1624"}],"wp:term":[{"taxonomy":"product_brand","embeddable":true,"href":"https:\/\/polysmarts.com\/fr\/wp-json\/wp\/v2\/product_brand?post=1624"},{"taxonomy":"product_cat","embeddable":true,"href":"https:\/\/polysmarts.com\/fr\/wp-json\/wp\/v2\/product_cat?post=1624"},{"taxonomy":"product_tag","embeddable":true,"href":"https:\/\/polysmarts.com\/fr\/wp-json\/wp\/v2\/product_tag?post=1624"}],"curies":[{"name":"wp","href":"https:\/\/api.w.org\/{rel}","templated":true}]}}