{"id":1596,"date":"2024-01-11T16:00:19","date_gmt":"2024-01-11T16:00:19","guid":{"rendered":"https:\/\/polysmarts.com\/?post_type=product&#038;p=1596"},"modified":"2024-01-11T16:15:58","modified_gmt":"2024-01-11T16:15:58","slug":"sacs-a-fermeture-eclair-givres-pour-vetements-meilleur-fournisseur","status":"publish","type":"product","link":"https:\/\/polysmarts.com\/fr\/product\/best-supplier-frosted-zipper-bags-for-clothes\/","title":{"rendered":"Sacs \u00e0 fermeture \u00e9clair givr\u00e9s pour v\u00eatements, meilleur fournisseur"},"content":{"rendered":"<p><strong>Sacs \u00e0 fermeture \u00e9clair givr\u00e9s pour v\u00eatements Caract\u00e9ristiques principales\u00a0:<\/strong><\/p>\n<p><strong>1. Touche personnalis\u00e9e\u00a0:<\/strong> Ajoutez votre propre texte ou logo pour cr\u00e9er un emballage distinctif et m\u00e9morable pour vos v\u00eatements. Que vous soyez un passionn\u00e9 de mode, une petite entreprise ou une marque bien \u00e9tablie, ces sacs vous permettent de laisser une impression durable.<\/p>\n<p><strong>2. Sacs d&#039;emballage avec logo personnalis\u00e9\u00a0:<\/strong> Renforcez la pr\u00e9sence de votre marque en incorporant votre logo sur la surface du sac. Il s\u2019agit d\u2019une excellente opportunit\u00e9 de renforcer la reconnaissance de votre marque et de laisser une impression durable \u00e0 vos clients.<\/p>\n<p><strong>3. Durable et s\u00e9curis\u00e9 :<\/strong> Fabriqu\u00e9s \u00e0 partir d&#039;un mat\u00e9riau PE de haute qualit\u00e9, ces sacs garantissent durabilit\u00e9 et protection \u00e0 vos v\u00eatements. La fonction de fermeture \u00e0 glissi\u00e8re ajoute une couche de s\u00e9curit\u00e9 suppl\u00e9mentaire, prot\u00e9geant vos v\u00eatements de la poussi\u00e8re, de l&#039;humidit\u00e9 et d&#039;autres facteurs environnementaux.<\/p>\n<p><strong>4. Manipulation des surfaces \u2013 Impression offset\u00a0:<\/strong> B\u00e9n\u00e9ficiez de la qualit\u00e9 sup\u00e9rieure de l\u2019impression offset, garantissant que votre texte personnalis\u00e9, votre logo ou tout autre motif soit mis en valeur de mani\u00e8re vivante et professionnelle sur la surface du sac. Le r\u00e9sultat est une apparence soign\u00e9e et accrocheuse.<\/p>\n<p><strong>5. Options de couleur\u00a0:<\/strong> Choisissez parmi une palette de 10 couleurs vives pour l&#039;impression de votre sac ou de votre logo. Cette flexibilit\u00e9 vous permet d&#039;aligner votre emballage avec la palette de couleurs de votre marque ou de cr\u00e9er des combinaisons visuellement attrayantes qui se d\u00e9marquent.<\/p>\n<p><strong>6. \u00c9paisseur r\u00e9glable :<\/strong> Adaptez l&#039;\u00e9paisseur des sacs en fonction de vos demandes sp\u00e9cifiques, allant de 50 \u00e0 200 microns. Cela garantit que votre emballage est non seulement beau, mais offre \u00e9galement le niveau de protection requis pour vos v\u00eatements.<\/p>\n<p>Am\u00e9liorez votre jeu d&#039;emballage avec notre <strong>Sacs \u00e0 fermeture \u00e9clair givr\u00e9s pour v\u00eatements<\/strong>. Ayez un impact, cr\u00e9ez la reconnaissance de votre marque et livrez vos v\u00eatements avec style. Commandez maintenant pour d\u00e9couvrir le m\u00e9lange parfait de personnalisation, de durabilit\u00e9 et d&#039;attrait visuel\u00a0!<\/p>","protected":false},"excerpt":{"rendered":"<table style=\"height: 360px; width: 100.741%; border-collapse: collapse; background-color: #ebebeb;\" border=\"2\">\n<tbody>\n<tr style=\"height: 40px;\">\n<td style=\"width: 22.6796%; height: 30px; background-color: #99ccff;\"><span style=\"font-family: arial, helvetica, sans-serif; font-size: 12pt;\"><strong>Dimensions et style<\/strong><\/span><\/td>\n<td style=\"width: 78.2121%; height: 30px; background-color: #99ccff;\"><span style=\"font-family: arial, helvetica, sans-serif; font-size: 12pt;\">Formes et tailles personnalis\u00e9es<\/span><\/td>\n<\/tr>\n<tr style=\"height: 40px;\">\n<td style=\"width: 22.6796%; height: 34px; background-color: #ebebeb;\"><span style=\"font-size: 12pt;\"><strong><span style=\"font-family: arial, helvetica, sans-serif;\">Quantit\u00e9 minimum d&#039;achat<\/span><\/strong><\/span><\/td>\n<td style=\"width: 78.2121%; height: 34px; background-color: #ebebeb;\"><span style=\"font-family: arial, helvetica, sans-serif; font-size: 12pt;\">1000 pi\u00e8ces sans personnalisation, 10000 pi\u00e8ces pour personnalisation<\/span><\/td>\n<\/tr>\n<tr style=\"height: 40px; background-color: #99ccff;\">\n<td style=\"width: 22.6796%; height: 24px;\"><span style=\"font-size: 12pt;\"><strong><span style=\"font-family: arial, helvetica, sans-serif;\">Type d&#039;emballage<\/span><\/strong><\/span><\/td>\n<td style=\"width: 78.2121%; height: 24px;\"><span style=\"font-family: arial, helvetica, sans-serif; font-size: 12pt;\">Sacs \u00e0 fermeture \u00e9clair givr\u00e9s PE pour curseur de v\u00eatements<\/span><\/td>\n<\/tr>\n<tr style=\"height: 40px; background-color: #ebebeb;\">\n<td style=\"width: 22.6796%; height: 24px;\"><span style=\"font-size: 12pt;\"><strong><span style=\"font-family: arial, helvetica, sans-serif;\">Impression<\/span><\/strong><\/span><\/td>\n<td style=\"width: 78.2121%; height: 24px;\"><span style=\"font-family: arial, helvetica, sans-serif; font-size: 12pt;\">CMJN (1 \u00e0 10 couleurs), pas d&#039;impression (ordinaire)<\/span><\/td>\n<\/tr>\n<tr style=\"height: 40px; background-color: #99ccff;\">\n<td style=\"width: 22.6796%; height: 24px;\"><span style=\"font-size: 12pt;\"><strong><span style=\"font-family: arial, helvetica, sans-serif;\">Manipulation des surfaces<\/span><\/strong><\/span><\/td>\n<td style=\"width: 78.2121%; height: 24px;\"><span style=\"font-family: arial, helvetica, sans-serif; font-size: 12pt;\">Impression offset<\/span><\/td>\n<\/tr>\n<tr style=\"height: 40px; background-color: #ebebeb;\">\n<td style=\"width: 22.6796%; height: 24px;\"><span style=\"font-size: 12pt;\"><strong><span style=\"font-family: arial, helvetica, sans-serif;\">Material<\/span><\/strong><\/span><\/td>\n<td style=\"width: 78.2121%; height: 24px;\"><span style=\"font-family: arial, helvetica, sans-serif; font-size: 12pt;\">EPC, EPI<\/span><\/td>\n<\/tr>\n<tr style=\"height: 40px; background-color: #99ccff;\">\n<td style=\"width: 22.6796%; height: 24px;\"><span style=\"font-size: 12pt;\"><strong><span style=\"font-family: arial, helvetica, sans-serif;\">Taille<\/span><\/strong><\/span><\/td>\n<td style=\"width: 78.2121%; height: 24px;\"><span style=\"font-family: arial, helvetica, sans-serif; font-size: 12pt;\">20*26 cm, 24*34 cm, 28*28 cm, 30*40 cm, 36*46 cm, 40*45 cm, 45*55 cm ou personnalis\u00e9<\/span><\/td>\n<\/tr>\n<tr style=\"height: 40px; background-color: #ebebeb;\">\n<td style=\"width: 22.6796%; height: 24px;\"><span style=\"font-size: 12pt;\"><strong><span style=\"font-family: arial, helvetica, sans-serif;\">\u00c9paisseur<\/span><\/strong><\/span><\/td>\n<td style=\"width: 78.2121%; height: 24px;\"><span style=\"font-family: arial, helvetica, sans-serif; font-size: 12pt;\">120 microns pour les doubles faces, acceptez une \u00e9paisseur personnalis\u00e9e<\/span><\/td>\n<\/tr>\n<tr style=\"height: 40px; background-color: #99ccff;\">\n<td style=\"width: 22.6796%; height: 24px;\"><span style=\"font-size: 12pt;\"><strong><span style=\"font-family: arial, helvetica, sans-serif;\">Exp\u00e9dition<\/span><\/strong><\/span><\/td>\n<td style=\"width: 78.2121%; height: 24px;\"><span style=\"font-family: arial, helvetica, sans-serif; font-size: 12pt;\">Air, Mer, Express<\/span><\/td>\n<\/tr>\n<tr style=\"height: 40px; background-color: #ebebeb;\">\n<td style=\"width: 22.6796%; height: 24px;\"><span style=\"font-size: 12pt;\"><strong><span style=\"font-family: arial, helvetica, sans-serif;\">D\u00e9lai d&#039;ex\u00e9cution<\/span><\/strong><\/span><\/td>\n<td style=\"width: 78.2121%; height: 24px;\"><span style=\"font-family: arial, helvetica, sans-serif; font-size: 12pt;\">7 \u00e0 15 jours ouvrables, RUSH<\/span><\/td>\n<\/tr>\n<\/tbody>\n<\/table>\n<p>&nbsp;<\/p>","protected":false},"featured_media":1597,"comment_status":"open","ping_status":"closed","template":"","meta":[],"product_brand":[],"product_cat":[31,21,18],"product_tag":[],"class_list":{"0":"post-1596","1":"product","2":"type-product","3":"status-publish","4":"has-post-thumbnail","6":"product_cat-clothing-packaging","7":"product_cat-opp-cpp-pe-cpe-single-material-bag","8":"product_cat-zipper-bags","10":"first","11":"instock","12":"shipping-taxable","13":"product-type-simple"},"_links":{"self":[{"href":"https:\/\/polysmarts.com\/fr\/wp-json\/wp\/v2\/product\/1596","targetHints":{"allow":["GET"]}}],"collection":[{"href":"https:\/\/polysmarts.com\/fr\/wp-json\/wp\/v2\/product"}],"about":[{"href":"https:\/\/polysmarts.com\/fr\/wp-json\/wp\/v2\/types\/product"}],"replies":[{"embeddable":true,"href":"https:\/\/polysmarts.com\/fr\/wp-json\/wp\/v2\/comments?post=1596"}],"version-history":[{"count":2,"href":"https:\/\/polysmarts.com\/fr\/wp-json\/wp\/v2\/product\/1596\/revisions"}],"predecessor-version":[{"id":1604,"href":"https:\/\/polysmarts.com\/fr\/wp-json\/wp\/v2\/product\/1596\/revisions\/1604"}],"wp:featuredmedia":[{"embeddable":true,"href":"https:\/\/polysmarts.com\/fr\/wp-json\/wp\/v2\/media\/1597"}],"wp:attachment":[{"href":"https:\/\/polysmarts.com\/fr\/wp-json\/wp\/v2\/media?parent=1596"}],"wp:term":[{"taxonomy":"product_brand","embeddable":true,"href":"https:\/\/polysmarts.com\/fr\/wp-json\/wp\/v2\/product_brand?post=1596"},{"taxonomy":"product_cat","embeddable":true,"href":"https:\/\/polysmarts.com\/fr\/wp-json\/wp\/v2\/product_cat?post=1596"},{"taxonomy":"product_tag","embeddable":true,"href":"https:\/\/polysmarts.com\/fr\/wp-json\/wp\/v2\/product_tag?post=1596"}],"curies":[{"name":"wp","href":"https:\/\/api.w.org\/{rel}","templated":true}]}}