{"id":1587,"date":"2024-01-08T09:52:06","date_gmt":"2024-01-08T09:52:06","guid":{"rendered":"https:\/\/polysmarts.com\/?post_type=product&#038;p=1587"},"modified":"2024-01-08T09:59:25","modified_gmt":"2024-01-08T09:59:25","slug":"sac-en-papier-kraft-doypack-de-couleur-personnalisee-avec-fenetre","status":"publish","type":"product","link":"https:\/\/polysmarts.com\/fr\/product\/custom-color-doypack-kraft-paper-bag-with-window\/","title":{"rendered":"Sac en papier kraft Doypack de couleur personnalis\u00e9e avec fen\u00eatre"},"content":{"rendered":"<p>Sac en papier kraft Color Doypack \u2013 un m\u00e9lange parfait de style et de fonctionnalit\u00e9. Fabriqu\u00e9s \u00e0 partir d&#039;une combinaison de papier, PET et PE, ces sacs sont enti\u00e8rement personnalisables pour r\u00e9pondre \u00e0 vos besoins uniques.<\/p>\n<p><strong>Principales caract\u00e9ristiques:<\/strong><\/p>\n<ul>\n<li><strong>Options mat\u00e9rielles\u00a0:<\/strong>\n<ul>\n<li>Papier+PET+PE (personnalis\u00e9 pour vos besoins sp\u00e9cifiques)<\/li>\n<\/ul>\n<\/li>\n<li><strong>Couleurs d&#039;impression\u00a0:<\/strong>\n<ul>\n<li>Imprimez votre marque avec des d\u00e9tails \u00e9clatants avec jusqu&#039;\u00e0 10 couleurs.<\/li>\n<\/ul>\n<\/li>\n<li><strong>Dimension ou taille\u00a0:<\/strong>\n<ul>\n<li>Envoyez-nous une demande de dimensions d\u00e9taill\u00e9es adapt\u00e9es \u00e0 vos besoins.<\/li>\n<\/ul>\n<\/li>\n<li><strong>Type d&#039;impression\u00a0:<\/strong>\n<ul>\n<li>Impression h\u00e9lio pour une qualit\u00e9 d&#039;impression optimale.<\/li>\n<\/ul>\n<\/li>\n<li><strong>Application:<\/strong>\n<ul>\n<li>Id\u00e9al pour les prot\u00e9ines de lactos\u00e9rum, les aliments pour animaux, le th\u00e9, le caf\u00e9, les biscuits, les collations, les bonbons, la poudre, les aliments secs et plus encore.<\/li>\n<\/ul>\n<\/li>\n<li><strong>Finition des surfaces\u00a0:<\/strong>\n<ul>\n<li>Choisissez entre une finition brillante ou mate, avec l&#039;option Spot UV pour am\u00e9liorer l&#039;attrait visuel.<\/li>\n<\/ul>\n<\/li>\n<li><strong>MOQ (quantit\u00e9 minimum de commande)\u00a0:<\/strong>\n<ul>\n<li>Environ 10 000 pi\u00e8ces (sous r\u00e9serve de la taille du sac).<\/li>\n<\/ul>\n<\/li>\n<\/ul>\n<p>D\u00e9couvrez la commodit\u00e9 des emballages refermables, ce qui rend ces sacs parfaits pour pr\u00e9server la fra\u00eecheur. La fen\u00eatre transparente ajoute une touche de sophistication tout en permettant aux clients d&#039;apercevoir le contenu. Que vous emballiez des prot\u00e9ines de lactos\u00e9rum, de la nourriture pour animaux ou des collations gastronomiques, ces sacs sont con\u00e7us pour r\u00e9pondre \u00e0 vos normes \u00e9lev\u00e9es.<\/p>\n<p>Nos sacs en papier couleur kraft ziplock ne sont pas de simples conteneurs ; ils t\u00e9moignent de votre engagement envers la qualit\u00e9 et le style. Am\u00e9liorez la pr\u00e9sentation de vos produits avec un emballage qui se d\u00e9marque et garde vos articles frais et s\u00e9curis\u00e9s.<\/p>","protected":false},"excerpt":{"rendered":"<table style=\"height: 360px; width: 99.8505%; border-collapse: collapse;\" border=\"2\">\n<tbody>\n<tr style=\"height: 40px;\">\n<td style=\"width: 22.6796%; height: 30px; background-color: #99ccff;\"><span style=\"font-family: arial, helvetica, sans-serif; font-size: 12pt;\"><strong>Dimensions et style<\/strong><\/span><\/td>\n<td style=\"width: 77.3204%; height: 30px; background-color: #99ccff;\"><span style=\"font-family: arial, helvetica, sans-serif; font-size: 12pt;\">Formes et tailles personnalis\u00e9es<\/span><\/td>\n<\/tr>\n<tr style=\"height: 40px;\">\n<td style=\"width: 22.6796%; height: 34px; background-color: #ebebeb;\"><span style=\"font-size: 12pt;\"><strong><span style=\"font-family: arial, helvetica, sans-serif;\">Quantit\u00e9 minimum d&#039;achat<\/span><\/strong><\/span><\/td>\n<td style=\"width: 77.3204%; height: 34px; background-color: #ebebeb;\"><span style=\"font-family: arial, helvetica, sans-serif; font-size: 12pt;\">1000 pi\u00e8ces sans personnalisation, 10000 pi\u00e8ces pour personnalisation<\/span><\/td>\n<\/tr>\n<tr style=\"height: 40px; background-color: #99ccff;\">\n<td style=\"width: 22.6796%; height: 24px;\"><span style=\"font-size: 12pt;\"><strong><span style=\"font-family: arial, helvetica, sans-serif;\">Type d&#039;emballage<\/span><\/strong><\/span><\/td>\n<td style=\"width: 77.3204%; height: 24px;\"><span style=\"font-family: arial, helvetica, sans-serif; font-size: 12pt;\">Tenez les sacs en papier kraft<\/span><\/td>\n<\/tr>\n<tr style=\"height: 40px; background-color: #ebebeb;\">\n<td style=\"width: 22.6796%; height: 24px;\"><span style=\"font-size: 12pt;\"><strong><span style=\"font-family: arial, helvetica, sans-serif;\">Impression<\/span><\/strong><\/span><\/td>\n<td style=\"width: 77.3204%; height: 24px;\"><span style=\"font-family: arial, helvetica, sans-serif; font-size: 12pt;\">CMJN (1 \u00e0 10 couleurs), pas d&#039;impression (ordinaire)<\/span><\/td>\n<\/tr>\n<tr style=\"height: 40px; background-color: #99ccff;\">\n<td style=\"width: 22.6796%; height: 24px;\"><span style=\"font-size: 12pt;\"><strong><span style=\"font-family: arial, helvetica, sans-serif;\">Finition<\/span><\/strong><\/span><\/td>\n<td style=\"width: 77.3204%; height: 24px;\"><span style=\"font-family: arial, helvetica, sans-serif; font-size: 12pt;\">Stratification brillante\/mate, rev\u00eatement aqueux, vernis ponctuel, rev\u00eatement UV, gaufrage, gaufrage, impression sur feuille<\/span><\/td>\n<\/tr>\n<tr style=\"height: 40px; background-color: #ebebeb;\">\n<td style=\"width: 22.6796%; height: 24px;\"><span style=\"font-size: 12pt;\"><strong><span style=\"font-family: arial, helvetica, sans-serif;\">Options incluses<\/span><\/strong><\/span><\/td>\n<td style=\"width: 77.3204%; height: 24px;\"><span style=\"font-family: arial, helvetica, sans-serif; font-size: 12pt;\">D\u00e9coupe<\/span><\/td>\n<\/tr>\n<tr style=\"height: 40px; background-color: #99ccff;\">\n<td style=\"width: 22.6796%; height: 24px;\"><span style=\"font-size: 12pt;\"><strong><span style=\"font-family: arial, helvetica, sans-serif;\">Preuve<\/span><\/strong><\/span><\/td>\n<td style=\"width: 77.3204%; height: 24px;\"><span style=\"font-family: arial, helvetica, sans-serif; font-size: 12pt;\">\u00c9preuves \u00e9lectroniques (vue \u00e0 plat\/maquette 3D), \u00e9preuves imprim\u00e9es num\u00e9riquement (sans effets de finition majeurs), \u00e9chantillonnage physique (sur demande)<\/span><\/td>\n<\/tr>\n<tr style=\"height: 40px; background-color: #ebebeb;\">\n<td style=\"width: 22.6796%; height: 24px;\"><span style=\"font-size: 12pt;\"><strong><span style=\"font-family: arial, helvetica, sans-serif;\">D\u00e9lai d&#039;ex\u00e9cution<\/span><\/strong><\/span><\/td>\n<td style=\"width: 77.3204%; height: 24px;\"><span style=\"font-family: arial, helvetica, sans-serif; font-size: 12pt;\">7 \u00e0 15 jours ouvrables, RUSH<\/span><\/td>\n<\/tr>\n<tr style=\"height: 40px; background-color: #99ccff;\">\n<td style=\"width: 22.6796%; height: 24px;\"><span style=\"font-size: 12pt;\"><strong><span style=\"font-family: arial, helvetica, sans-serif;\">Exp\u00e9dition<\/span><\/strong><\/span><\/td>\n<td style=\"width: 77.3204%; height: 24px;\"><span style=\"font-family: arial, helvetica, sans-serif; font-size: 12pt;\">Air, Mer, Express<\/span><\/td>\n<\/tr>\n<\/tbody>\n<\/table>\n<p>&nbsp;<\/p>","protected":false},"featured_media":1588,"comment_status":"open","ping_status":"closed","template":"","meta":[],"product_brand":[],"product_cat":[26,20],"product_tag":[],"class_list":{"0":"post-1587","1":"product","2":"type-product","3":"status-publish","4":"has-post-thumbnail","6":"product_cat-food-packaging","7":"product_cat-kraft-paper-bag","9":"first","10":"instock","11":"shipping-taxable","12":"product-type-simple"},"_links":{"self":[{"href":"https:\/\/polysmarts.com\/fr\/wp-json\/wp\/v2\/product\/1587","targetHints":{"allow":["GET"]}}],"collection":[{"href":"https:\/\/polysmarts.com\/fr\/wp-json\/wp\/v2\/product"}],"about":[{"href":"https:\/\/polysmarts.com\/fr\/wp-json\/wp\/v2\/types\/product"}],"replies":[{"embeddable":true,"href":"https:\/\/polysmarts.com\/fr\/wp-json\/wp\/v2\/comments?post=1587"}],"version-history":[{"count":2,"href":"https:\/\/polysmarts.com\/fr\/wp-json\/wp\/v2\/product\/1587\/revisions"}],"predecessor-version":[{"id":1594,"href":"https:\/\/polysmarts.com\/fr\/wp-json\/wp\/v2\/product\/1587\/revisions\/1594"}],"wp:featuredmedia":[{"embeddable":true,"href":"https:\/\/polysmarts.com\/fr\/wp-json\/wp\/v2\/media\/1588"}],"wp:attachment":[{"href":"https:\/\/polysmarts.com\/fr\/wp-json\/wp\/v2\/media?parent=1587"}],"wp:term":[{"taxonomy":"product_brand","embeddable":true,"href":"https:\/\/polysmarts.com\/fr\/wp-json\/wp\/v2\/product_brand?post=1587"},{"taxonomy":"product_cat","embeddable":true,"href":"https:\/\/polysmarts.com\/fr\/wp-json\/wp\/v2\/product_cat?post=1587"},{"taxonomy":"product_tag","embeddable":true,"href":"https:\/\/polysmarts.com\/fr\/wp-json\/wp\/v2\/product_tag?post=1587"}],"curies":[{"name":"wp","href":"https:\/\/api.w.org\/{rel}","templated":true}]}}