{"id":1577,"date":"2024-01-08T09:39:06","date_gmt":"2024-01-08T09:39:06","guid":{"rendered":"https:\/\/polysmarts.com\/?post_type=product&#038;p=1577"},"modified":"2024-01-08T09:48:06","modified_gmt":"2024-01-08T09:48:06","slug":"emballage-de-sac-de-poche-debout-kraft-brun-personnalise","status":"publish","type":"product","link":"https:\/\/polysmarts.com\/fr\/product\/custom-brown-kraft-stand-up-pouch-bag-packaging\/","title":{"rendered":"Emballage de sac de poche en papier kraft brun personnalis\u00e9"},"content":{"rendered":"<p>Embarquez pour un voyage de solutions d&#039;emballage personnalisables avec nos sacs en sachet kraft brun personnalis\u00e9s. Que vous ayez besoin de 1 000 ou 500 000 pi\u00e8ces, nos sacs sont adapt\u00e9s \u00e0 vos sp\u00e9cifications de taille, offrant un ajustement parfait \u00e0 vos besoins uniques.<\/p>\n<p><strong>Principales caract\u00e9ristiques:<\/strong><\/p>\n<ul>\n<li><strong>Couches de mat\u00e9riaux\u00a0:<\/strong>\n<ul>\n<li>Premi\u00e8re couche\u00a0: PA, PET, BOPP, MATT OPP<\/li>\n<li>Couche interm\u00e9diaire\u00a0: PET, PA, VMPET, AL, PAPIER KRAFT<\/li>\n<li>Dernier niveau\u00a0: PE, RPC, RCPP<\/li>\n<\/ul>\n<\/li>\n<li><strong>Impression:<\/strong> Imprimez votre marque avec jusqu&#039;\u00e0 10 couleurs, garantissant une pr\u00e9sentation vibrante et accrocheuse.<\/li>\n<li><strong>Options de style\u00a0:<\/strong>\n<ul>\n<li>Fond plat<\/li>\n<li>Se lever<\/li>\n<li>Gousset lat\u00e9ral<\/li>\n<li>Haut \u00e0 fermeture \u00e9clair<\/li>\n<li>Avec\/Sans fen\u00eatre<\/li>\n<li>Trou de l&#039;euro, etc.<\/li>\n<\/ul>\n<\/li>\n<\/ul>\n<p><strong>Application:<\/strong> Id\u00e9al pour une large gamme de produits, notamment la nourriture, le caf\u00e9, la nourriture pour animaux, le th\u00e9, les collations, les noix, les prot\u00e9ines de lactos\u00e9rum, les graines, et plus encore. Parfait pour une utilisation industrielle dans l&#039;emballage du caf\u00e9, du th\u00e9, de la poudre de prot\u00e9ine de lactos\u00e9rum, des friandises pour chiens, des leurres de p\u00eache, des app\u00e2ts, des graines de chia, des \u00e9pices, des sels de bain, des noix de cajou, des fruits secs, des chips, du pop-corn, du granola, des bonbons, de la cr\u00e8me glac\u00e9e, des sucettes glac\u00e9es. , jus, boissons \u00e9nergisantes, b\u0153uf s\u00e9ch\u00e9 et toutes sortes de collations, ainsi que des chaussettes, des v\u00eatements et d&#039;autres produits de base.<\/p>\n<p><strong>Caract\u00e9ristiques suppl\u00e9mentaires:<\/strong><\/p>\n<ul>\n<li>Conception debout<\/li>\n<li>Fermeture \u00e0 glissi\u00e8re pour la refermabilit\u00e9<\/li>\n<li>R\u00e9siste \u00e0 l&#039;humidit\u00e9<\/li>\n<li>Forte \u00e9tanch\u00e9it\u00e9<\/li>\n<li>Fen\u00eatre transparente pour plus de visibilit\u00e9<\/li>\n<li>Mat\u00e9riau et encre de qualit\u00e9 alimentaire.<\/li>\n<li>Emballage \u00e9cologique<\/li>\n<li>Nouveau mat\u00e9riau et qualit\u00e9 stable<\/li>\n<li>R\u00e9sistant \u00e0 la lumi\u00e8re et \u00e0 l&#039;humidit\u00e9<\/li>\n<li>Facile \u00e0 refermer et \u00e0 ouvrir<\/li>\n<li>Conception attrayante<\/li>\n<\/ul>\n<p>Choisissez nos sacs en sachet kraft brun personnalis\u00e9s pour un emballage qui non seulement prot\u00e8ge mais met \u00e9galement en valeur vos produits d&#039;une mani\u00e8re respectueuse de l&#039;environnement et visuellement attrayante. D\u00e9couvrez la flexibilit\u00e9 de la personnalisation avec des sacs qui sont non seulement fonctionnels mais qui refl\u00e8tent \u00e9galement l&#039;engagement de votre marque envers la qualit\u00e9.<\/p>","protected":false},"excerpt":{"rendered":"<table style=\"height: 360px; width: 99.8505%; border-collapse: collapse;\" border=\"2\">\n<tbody>\n<tr style=\"height: 40px;\">\n<td style=\"width: 22.6796%; height: 30px; background-color: #99ccff;\"><span style=\"font-family: arial, helvetica, sans-serif; font-size: 12pt;\"><strong>Dimensions et style<\/strong><\/span><\/td>\n<td style=\"width: 77.3204%; height: 30px; background-color: #99ccff;\"><span style=\"font-family: arial, helvetica, sans-serif; font-size: 12pt;\">Formes et tailles personnalis\u00e9es<\/span><\/td>\n<\/tr>\n<tr style=\"height: 40px;\">\n<td style=\"width: 22.6796%; height: 34px; background-color: #ebebeb;\"><span style=\"font-size: 12pt;\"><strong><span style=\"font-family: arial, helvetica, sans-serif;\">Quantit\u00e9 minimum d&#039;achat<\/span><\/strong><\/span><\/td>\n<td style=\"width: 77.3204%; height: 34px; background-color: #ebebeb;\"><span style=\"font-family: arial, helvetica, sans-serif; font-size: 12pt;\">1000 pi\u00e8ces sans personnalisation, 10000 pi\u00e8ces pour personnalisation<\/span><\/td>\n<\/tr>\n<tr style=\"height: 40px; background-color: #99ccff;\">\n<td style=\"width: 22.6796%; height: 24px;\"><span style=\"font-size: 12pt;\"><strong><span style=\"font-family: arial, helvetica, sans-serif;\">Type d&#039;emballage<\/span><\/strong><\/span><\/td>\n<td style=\"width: 77.3204%; height: 24px;\"><span style=\"font-family: arial, helvetica, sans-serif; font-size: 12pt;\">Tenez les sacs en papier kraft<\/span><\/td>\n<\/tr>\n<tr style=\"height: 40px; background-color: #ebebeb;\">\n<td style=\"width: 22.6796%; height: 24px;\"><span style=\"font-size: 12pt;\"><strong><span style=\"font-family: arial, helvetica, sans-serif;\">Impression<\/span><\/strong><\/span><\/td>\n<td style=\"width: 77.3204%; height: 24px;\"><span style=\"font-family: arial, helvetica, sans-serif; font-size: 12pt;\">CMJN (1 \u00e0 8 couleurs), pas d&#039;impression (ordinaire)<\/span><\/td>\n<\/tr>\n<tr style=\"height: 40px; background-color: #99ccff;\">\n<td style=\"width: 22.6796%; height: 24px;\"><span style=\"font-size: 12pt;\"><strong><span style=\"font-family: arial, helvetica, sans-serif;\">Finition<\/span><\/strong><\/span><\/td>\n<td style=\"width: 77.3204%; height: 24px;\"><span style=\"font-family: arial, helvetica, sans-serif; font-size: 12pt;\">Stratification brillante\/mate, rev\u00eatement aqueux, vernis ponctuel, rev\u00eatement UV, gaufrage, gaufrage, impression sur feuille<\/span><\/td>\n<\/tr>\n<tr style=\"height: 40px; background-color: #ebebeb;\">\n<td style=\"width: 22.6796%; height: 24px;\"><span style=\"font-size: 12pt;\"><strong><span style=\"font-family: arial, helvetica, sans-serif;\">Options incluses<\/span><\/strong><\/span><\/td>\n<td style=\"width: 77.3204%; height: 24px;\"><span style=\"font-family: arial, helvetica, sans-serif; font-size: 12pt;\">D\u00e9coupe<\/span><\/td>\n<\/tr>\n<tr style=\"height: 40px; background-color: #99ccff;\">\n<td style=\"width: 22.6796%; height: 24px;\"><span style=\"font-size: 12pt;\"><strong><span style=\"font-family: arial, helvetica, sans-serif;\">Preuve<\/span><\/strong><\/span><\/td>\n<td style=\"width: 77.3204%; height: 24px;\"><span style=\"font-family: arial, helvetica, sans-serif; font-size: 12pt;\">\u00c9preuves \u00e9lectroniques (vue \u00e0 plat\/maquette 3D), \u00e9preuves imprim\u00e9es num\u00e9riquement (sans effets de finition majeurs), \u00e9chantillonnage physique (sur demande)<\/span><\/td>\n<\/tr>\n<tr style=\"height: 40px; background-color: #ebebeb;\">\n<td style=\"width: 22.6796%; height: 24px;\"><span style=\"font-size: 12pt;\"><strong><span style=\"font-family: arial, helvetica, sans-serif;\">D\u00e9lai d&#039;ex\u00e9cution<\/span><\/strong><\/span><\/td>\n<td style=\"width: 77.3204%; height: 24px;\"><span style=\"font-family: arial, helvetica, sans-serif; font-size: 12pt;\">7 \u00e0 15 jours ouvrables, RUSH<\/span><\/td>\n<\/tr>\n<tr style=\"height: 40px; background-color: #99ccff;\">\n<td style=\"width: 22.6796%; height: 24px;\"><span style=\"font-size: 12pt;\"><strong><span style=\"font-family: arial, helvetica, sans-serif;\">Exp\u00e9dition<\/span><\/strong><\/span><\/td>\n<td style=\"width: 77.3204%; height: 24px;\"><span style=\"font-family: arial, helvetica, sans-serif; font-size: 12pt;\">Air, Mer, Express<\/span><\/td>\n<\/tr>\n<\/tbody>\n<\/table>\n<p>&nbsp;<\/p>","protected":false},"featured_media":1578,"comment_status":"open","ping_status":"closed","template":"","meta":[],"product_brand":[],"product_cat":[26,20],"product_tag":[],"class_list":{"0":"post-1577","1":"product","2":"type-product","3":"status-publish","4":"has-post-thumbnail","6":"product_cat-food-packaging","7":"product_cat-kraft-paper-bag","9":"first","10":"instock","11":"shipping-taxable","12":"product-type-simple"},"_links":{"self":[{"href":"https:\/\/polysmarts.com\/fr\/wp-json\/wp\/v2\/product\/1577","targetHints":{"allow":["GET"]}}],"collection":[{"href":"https:\/\/polysmarts.com\/fr\/wp-json\/wp\/v2\/product"}],"about":[{"href":"https:\/\/polysmarts.com\/fr\/wp-json\/wp\/v2\/types\/product"}],"replies":[{"embeddable":true,"href":"https:\/\/polysmarts.com\/fr\/wp-json\/wp\/v2\/comments?post=1577"}],"version-history":[{"count":3,"href":"https:\/\/polysmarts.com\/fr\/wp-json\/wp\/v2\/product\/1577\/revisions"}],"predecessor-version":[{"id":1586,"href":"https:\/\/polysmarts.com\/fr\/wp-json\/wp\/v2\/product\/1577\/revisions\/1586"}],"wp:featuredmedia":[{"embeddable":true,"href":"https:\/\/polysmarts.com\/fr\/wp-json\/wp\/v2\/media\/1578"}],"wp:attachment":[{"href":"https:\/\/polysmarts.com\/fr\/wp-json\/wp\/v2\/media?parent=1577"}],"wp:term":[{"taxonomy":"product_brand","embeddable":true,"href":"https:\/\/polysmarts.com\/fr\/wp-json\/wp\/v2\/product_brand?post=1577"},{"taxonomy":"product_cat","embeddable":true,"href":"https:\/\/polysmarts.com\/fr\/wp-json\/wp\/v2\/product_cat?post=1577"},{"taxonomy":"product_tag","embeddable":true,"href":"https:\/\/polysmarts.com\/fr\/wp-json\/wp\/v2\/product_tag?post=1577"}],"curies":[{"name":"wp","href":"https:\/\/api.w.org\/{rel}","templated":true}]}}