{"id":1567,"date":"2024-01-08T08:55:03","date_gmt":"2024-01-08T08:55:03","guid":{"rendered":"https:\/\/polysmarts.com\/?post_type=product&#038;p=1567"},"modified":"2024-01-08T09:33:23","modified_gmt":"2024-01-08T09:33:23","slug":"sacs-en-papier-cadeaux-dart-fourre-tout-de-shopping-imprimes-personnalises","status":"publish","type":"product","link":"https:\/\/polysmarts.com\/fr\/product\/custom-printed-shopping-tote-art-gift-paper-bags\/","title":{"rendered":"Sacs en papier cadeaux d&#039;art fourre-tout de shopping imprim\u00e9s personnalis\u00e9s"},"content":{"rendered":"<p>D\u00e9couvrez la quintessence de la sophistication avec nos sacs en papier cadeaux d&#039;art fourre-tout imprim\u00e9s personnalis\u00e9s. Fabriqu\u00e9s \u00e0 partir de mat\u00e9riaux de haute qualit\u00e9 tels que le papier d&#039;art, le papier kraft, le carton ivoire, le carton duplex et le papier sp\u00e9cial, ces sacs sont la toile parfaite pour l&#039;expression de votre marque.<\/p>\n<p><strong>Principales caract\u00e9ristiques:<\/strong><\/p>\n<ul>\n<li><strong>Taille:<\/strong> Enti\u00e8rement personnalis\u00e9 en fonction de vos besoins uniques.<\/li>\n<li><strong>\u00c9paisseur:<\/strong> Choisissez parmi une gamme d&#039;options, notamment de 100 g\/m\u00b2 \u00e0 450 g\/m\u00b2, ou personnalisez-la selon vos besoins.<\/li>\n<li><strong>Couleur:<\/strong> Personnalisez vos sacs avec pr\u00e9cision gr\u00e2ce aux options de couleurs CMJN\/Pantone.<\/li>\n<li><strong>Respectueux de la nature:<\/strong> Nos sacs sont recyclables et respectueux de l&#039;environnement, ce qui correspond \u00e0 votre engagement en faveur du d\u00e9veloppement durable.<\/li>\n<li><strong>Types de poign\u00e9es\u00a0:<\/strong> Choisissez parmi une gamme d&#039;options de poign\u00e9e, notamment une poign\u00e9e en ruban, une poign\u00e9e en corde PP, une poign\u00e9e en coton, une poign\u00e9e en gros-grain, une poign\u00e9e en nylon, une poign\u00e9e torsad\u00e9e, une poign\u00e9e en papier plat, une poign\u00e9e d\u00e9coup\u00e9e ou une poign\u00e9e personnalis\u00e9e pour une touche personnalis\u00e9e.<\/li>\n<li><strong>Finition de surface:<\/strong> Ajoutez une touche de luxe avec le laminage brillant\/mat, l&#039;estampage \u00e0 chaud or\/argent, le gaufrage, le rev\u00eatement UV, l&#039;estampage \u00e0 chaud, l&#039;effet hologramme, et bien plus encore.<\/li>\n<li><strong>Contr\u00f4le de qualit\u00e9:<\/strong> Rassurez-vous, notre \u00e9quipement de pointe et notre \u00e9quipe de contr\u00f4le qualit\u00e9 exp\u00e9riment\u00e9e inspectent m\u00e9ticuleusement les mat\u00e9riaux, les produits semi-finis et finis \u00e0 chaque \u00e9tape, garantissant les normes les plus \u00e9lev\u00e9es avant l&#039;exp\u00e9dition.<\/li>\n<\/ul>\n<p>Ces sacs respirent non seulement l&#039;\u00e9l\u00e9gance, mais offrent \u00e9galement praticit\u00e9 et durabilit\u00e9. \u00c9levez votre image de marque avec nos sacs fourre-tout robustes, pr\u00e9cis et joliment imprim\u00e9s. Faites une impression durable \u00e0 chaque portage et refl\u00e8tez votre engagement envers la qualit\u00e9 et le style.<\/p>","protected":false},"excerpt":{"rendered":"<table style=\"height: 360px; width: 99.8505%; border-collapse: collapse;\" border=\"2\">\n<tbody>\n<tr style=\"height: 40px;\">\n<td style=\"width: 22.6796%; height: 30px; background-color: #99ccff;\"><span style=\"font-family: arial, helvetica, sans-serif; font-size: 12pt;\"><strong>\u00c9paisseur<\/strong><\/span><\/td>\n<td style=\"width: 77.3204%; height: 30px; background-color: #99ccff;\"><span style=\"font-family: arial, helvetica, sans-serif; font-size: 12pt;\">100 g\/m\u00b2, 128 g\/m\u00b2, 157 g\/m\u00b2, 175 g\/m\u00b2, 190 g\/m\u00b2, 200 g\/m\u00b2, 210 g\/m\u00b2, 230 g\/m\u00b2, 250 g\/m\u00b2, 300 g\/m\u00b2, 350 g\/m\u00b2, 450 g\/m\u00b2 ou personnalis\u00e9<\/span><\/td>\n<\/tr>\n<tr style=\"height: 40px;\">\n<td style=\"width: 22.6796%; height: 34px; background-color: #ebebeb;\"><span style=\"font-size: 12pt;\"><strong><span style=\"font-family: arial, helvetica, sans-serif;\">Quantit\u00e9 minimum d&#039;achat<\/span><\/strong><\/span><\/td>\n<td style=\"width: 77.3204%; height: 34px; background-color: #ebebeb;\"><span style=\"font-family: arial, helvetica, sans-serif; font-size: 12pt;\">1000 pi\u00e8ces sans personnalisation, 5000 pi\u00e8ces pour personnalisation<\/span><\/td>\n<\/tr>\n<tr style=\"height: 40px; background-color: #99ccff;\">\n<td style=\"width: 22.6796%; height: 24px;\"><span style=\"font-size: 12pt;\"><strong><span style=\"font-family: arial, helvetica, sans-serif;\">Type d&#039;emballage<\/span><\/strong><\/span><\/td>\n<td style=\"width: 77.3204%; height: 24px;\"><span style=\"font-family: arial, helvetica, sans-serif; font-size: 12pt;\">Sacs en papier<\/span><\/td>\n<\/tr>\n<tr style=\"height: 40px; background-color: #ebebeb;\">\n<td style=\"width: 22.6796%; height: 24px;\"><span style=\"font-size: 12pt;\"><strong><span style=\"font-family: arial, helvetica, sans-serif;\">Material<\/span><\/strong><\/span><\/td>\n<td style=\"width: 77.3204%; height: 24px;\"><span style=\"font-family: arial, helvetica, sans-serif; font-size: 12pt;\">Papier d&#039;art, papier kraft, carton ivoire, carton duplex, papier sp\u00e9cial, etc.<\/span><\/td>\n<\/tr>\n<tr style=\"height: 40px; background-color: #99ccff;\">\n<td style=\"width: 22.6796%; height: 24px;\"><span style=\"font-size: 12pt;\"><strong><span style=\"font-family: arial, helvetica, sans-serif;\">Impression<\/span><\/strong><\/span><\/td>\n<td style=\"width: 77.3204%; height: 24px;\"><span style=\"font-family: arial, helvetica, sans-serif; font-size: 12pt;\">Impression h\u00e9lio\/s\u00e9rigraphie\/gaufrage<\/span><\/td>\n<\/tr>\n<tr style=\"height: 40px; background-color: #ebebeb;\">\n<td style=\"width: 22.6796%; height: 24px;\"><span style=\"font-size: 12pt;\"><strong><span style=\"font-family: arial, helvetica, sans-serif;\">Fonctionnalit\u00e9<\/span><\/strong><\/span><\/td>\n<td style=\"width: 77.3204%; height: 24px;\"><span style=\"font-family: arial, helvetica, sans-serif; font-size: 12pt;\">Impression agr\u00e9able, recyclable, \u00e9cologique, robuste et pr\u00e9cise<\/span><\/td>\n<\/tr>\n<tr style=\"height: 40px; background-color: #99ccff;\">\n<td style=\"width: 22.6796%; height: 24px;\"><span style=\"font-size: 12pt;\"><strong><span style=\"font-family: arial, helvetica, sans-serif;\">Couleur<\/span><\/strong><\/span><\/td>\n<td style=\"width: 77.3204%; height: 24px;\"><span style=\"font-family: arial, helvetica, sans-serif; font-size: 12pt;\">Bas\u00e9 sur la couleur CMJN\/Pantone<\/span><\/td>\n<\/tr>\n<tr style=\"height: 40px; background-color: #ebebeb;\">\n<td style=\"width: 22.6796%; height: 24px;\"><span style=\"font-size: 12pt;\"><strong><span style=\"font-family: arial, helvetica, sans-serif;\">D\u00e9lai d&#039;ex\u00e9cution<\/span><\/strong><\/span><\/td>\n<td style=\"width: 77.3204%; height: 24px;\"><span style=\"font-family: arial, helvetica, sans-serif; font-size: 12pt;\">7 \u00e0 15 jours ouvrables, RUSH<\/span><\/td>\n<\/tr>\n<tr style=\"height: 40px; background-color: #99ccff;\">\n<td style=\"width: 22.6796%; height: 24px;\"><span style=\"font-size: 12pt;\"><strong><span style=\"font-family: arial, helvetica, sans-serif;\">Finition<\/span><\/strong><\/span><\/td>\n<td style=\"width: 77.3204%; height: 24px;\"><span style=\"font-family: arial, helvetica, sans-serif; font-size: 12pt;\">Stratification brillante\/mate, estampage \u00e0 chaud or\/argent, gaufrage, rev\u00eatement UV, estampage \u00e0 chaud, effet hologramme, etc.<\/span><\/td>\n<\/tr>\n<\/tbody>\n<\/table>\n<p>&nbsp;<\/p>","protected":false},"featured_media":1568,"comment_status":"open","ping_status":"closed","template":"","meta":[],"product_brand":[],"product_cat":[34],"product_tag":[],"class_list":{"0":"post-1567","1":"product","2":"type-product","3":"status-publish","4":"has-post-thumbnail","6":"product_cat-paper-packing","8":"first","9":"instock","10":"shipping-taxable","11":"product-type-simple"},"_links":{"self":[{"href":"https:\/\/polysmarts.com\/fr\/wp-json\/wp\/v2\/product\/1567","targetHints":{"allow":["GET"]}}],"collection":[{"href":"https:\/\/polysmarts.com\/fr\/wp-json\/wp\/v2\/product"}],"about":[{"href":"https:\/\/polysmarts.com\/fr\/wp-json\/wp\/v2\/types\/product"}],"replies":[{"embeddable":true,"href":"https:\/\/polysmarts.com\/fr\/wp-json\/wp\/v2\/comments?post=1567"}],"version-history":[{"count":3,"href":"https:\/\/polysmarts.com\/fr\/wp-json\/wp\/v2\/product\/1567\/revisions"}],"predecessor-version":[{"id":1576,"href":"https:\/\/polysmarts.com\/fr\/wp-json\/wp\/v2\/product\/1567\/revisions\/1576"}],"wp:featuredmedia":[{"embeddable":true,"href":"https:\/\/polysmarts.com\/fr\/wp-json\/wp\/v2\/media\/1568"}],"wp:attachment":[{"href":"https:\/\/polysmarts.com\/fr\/wp-json\/wp\/v2\/media?parent=1567"}],"wp:term":[{"taxonomy":"product_brand","embeddable":true,"href":"https:\/\/polysmarts.com\/fr\/wp-json\/wp\/v2\/product_brand?post=1567"},{"taxonomy":"product_cat","embeddable":true,"href":"https:\/\/polysmarts.com\/fr\/wp-json\/wp\/v2\/product_cat?post=1567"},{"taxonomy":"product_tag","embeddable":true,"href":"https:\/\/polysmarts.com\/fr\/wp-json\/wp\/v2\/product_tag?post=1567"}],"curies":[{"name":"wp","href":"https:\/\/api.w.org\/{rel}","templated":true}]}}