{"id":1555,"date":"2024-01-08T08:23:00","date_gmt":"2024-01-08T08:23:00","guid":{"rendered":"https:\/\/polysmarts.com\/?post_type=product&#038;p=1555"},"modified":"2024-01-08T08:43:47","modified_gmt":"2024-01-08T08:43:47","slug":"etiquettes-en-papier-carton-noir-personnalisees-etiquette-volante-pour-vetement","status":"publish","type":"product","link":"https:\/\/polysmarts.com\/fr\/product\/custom-black-cardboard-paper-tags-garment-hang-tag\/","title":{"rendered":"\u00c9tiquettes en papier carton noir personnalis\u00e9es \u00c9tiquette volante pour v\u00eatement"},"content":{"rendered":"<p>Am\u00e9liorez la pr\u00e9sentation de votre marque avec notre \u00e9tiquette volante personnalis\u00e9e en papier cartonn\u00e9 noir pour v\u00eatements \u2013 la touche finale parfaite \u00e0 l&#039;emballage de votre produit qui met en valeur l&#039;identit\u00e9 de votre marque. Nos configurateurs en ligne facilitent la conception d&#039;\u00e9tiquettes volantes, offrant des options de personnalisation des couleurs, des polices, des symboles et du texte.<\/p>\n<p>Choisissez parmi une vari\u00e9t\u00e9 d\u2019options d\u2019impression, y compris l\u2019impression en couleur sur diff\u00e9rents types de papier. Adaptez vos \u00e9tiquettes volantes \u00e0 vos pr\u00e9f\u00e9rences uniques avec des options de formes, de tailles et de finitions accrocheuses. Les mat\u00e9riaux de nos \u00e9tiquettes volantes personnalis\u00e9es sont soigneusement s\u00e9lectionn\u00e9s pour les \u00e9tiquettes de v\u00eatements, contribuant ainsi \u00e0 l&#039;esth\u00e9tique globale de vos produits.<\/p>\n<p>Chez Polysmarts, nous accordons la priorit\u00e9 aux consid\u00e9rations environnementales. Optez pour nos options respectueuses de l&#039;environnement, comprenant des \u00e9tiquettes volantes 100% recyclables et compostables \u00e0 domicile fabriqu\u00e9es \u00e0 partir de papier cartonn\u00e9 recycl\u00e9 certifi\u00e9 FSC. Faites un pas en avant durable tout en conservant une image chic et professionnelle.<\/p>\n<p>Les applications sont illimit\u00e9es : nos \u00e9tiquettes volantes personnalis\u00e9es conviennent aux v\u00eatements, aux aliments et aux boissons. Donnez \u00e0 votre entreprise les moyens de partager des d\u00e9tails et des informations essentielles avec style et sophistication.<\/p>\n<p>Cette version r\u00e9vis\u00e9e vise \u00e0 rendre le produit plus attrayant en mettant l&#039;accent sur la qualit\u00e9 sup\u00e9rieure, la facilit\u00e9 de personnalisation et la conscience environnementale, tout en mettant \u00e9galement en valeur la polyvalence du produit dans diff\u00e9rents secteurs.<\/p>","protected":false},"excerpt":{"rendered":"<table style=\"height: 360px; width: 99.8505%; border-collapse: collapse;\" border=\"2\">\n<tbody>\n<tr style=\"height: 40px;\">\n<td style=\"width: 22.6796%; height: 30px; background-color: #99ccff;\"><span style=\"font-family: arial, helvetica, sans-serif; font-size: 12pt;\"><strong>\u00c9paisseur<\/strong><\/span><\/td>\n<td style=\"width: 77.3204%; height: 30px; background-color: #99ccff;\"><span style=\"font-family: arial, helvetica, sans-serif; font-size: 12pt;\">350gsm, 900gsm ou personnalis\u00e9<\/span><\/td>\n<\/tr>\n<tr style=\"height: 40px;\">\n<td style=\"width: 22.6796%; height: 34px; background-color: #ebebeb;\"><strong><span style=\"font-family: arial, helvetica, sans-serif;\">Taille<\/span><\/strong><\/td>\n<td style=\"width: 77.3204%; height: 34px; background-color: #ebebeb;\"><span style=\"font-family: arial, helvetica, sans-serif;\"><span style=\"font-family: arial, helvetica, sans-serif; font-size: 12pt;\">Format personnalis\u00e9<\/span><\/span><\/td>\n<\/tr>\n<tr style=\"height: 40px; background-color: #99ccff;\">\n<td style=\"width: 22.6796%; height: 24px;\"><span style=\"font-size: 12pt;\"><strong><span style=\"font-family: arial, helvetica, sans-serif;\">Quantit\u00e9 minimum d&#039;achat<\/span><\/strong><\/span><\/td>\n<td style=\"width: 77.3204%; height: 24px;\"><span style=\"font-family: arial, helvetica, sans-serif; font-size: 12pt;\">100 pi\u00e8ces<\/span><\/td>\n<\/tr>\n<tr style=\"height: 40px; background-color: #ebebeb;\">\n<td style=\"width: 22.6796%; height: 24px;\"><span style=\"font-size: 12pt;\"><strong><span style=\"font-family: arial, helvetica, sans-serif;\">Impression<\/span><\/strong><\/span><\/td>\n<td style=\"width: 77.3204%; height: 24px;\"><span style=\"font-family: arial, helvetica, sans-serif; font-size: 12pt;\">Finition mate<\/span><\/td>\n<\/tr>\n<tr style=\"height: 40px; background-color: #99ccff;\">\n<td style=\"width: 22.6796%; height: 24px;\"><span style=\"font-size: 12pt;\"><strong><span style=\"font-family: arial, helvetica, sans-serif;\">Mat\u00e9riel<\/span><\/strong><\/span><\/td>\n<td style=\"width: 77.3204%; height: 24px;\"><span style=\"font-family: arial, helvetica, sans-serif; font-size: 12pt;\">Papier tactile velours<\/span><\/td>\n<\/tr>\n<tr style=\"height: 40px; background-color: #ebebeb;\">\n<td style=\"width: 22.6796%; height: 24px;\"><span style=\"font-size: 12pt;\"><strong><span style=\"font-family: arial, helvetica, sans-serif;\">Usage industriel<\/span><\/strong><\/span><\/td>\n<td style=\"width: 77.3204%; height: 24px;\"><span style=\"font-family: arial, helvetica, sans-serif; font-size: 12pt;\">Chaussures et v\u00eatements<\/span><\/td>\n<\/tr>\n<tr style=\"height: 40px; background-color: #99ccff;\">\n<td style=\"width: 22.6796%; height: 24px;\"><span style=\"font-size: 12pt;\"><strong><span style=\"font-family: arial, helvetica, sans-serif;\">Fonctionnalit\u00e9<\/span><\/strong><\/span><\/td>\n<td style=\"width: 77.3204%; height: 24px;\"><span style=\"font-family: arial, helvetica, sans-serif; font-size: 12pt;\">Respectueux de la nature<\/span><\/td>\n<\/tr>\n<tr style=\"height: 40px; background-color: #ebebeb;\">\n<td style=\"width: 22.6796%; height: 24px;\"><span style=\"font-size: 12pt;\"><strong><span style=\"font-family: arial, helvetica, sans-serif;\">D\u00e9lai d&#039;ex\u00e9cution<\/span><\/strong><\/span><\/td>\n<td style=\"width: 77.3204%; height: 24px;\"><span style=\"font-family: arial, helvetica, sans-serif; font-size: 12pt;\">3 \u00e0 7 jours ouvrables, RUSH<\/span><\/td>\n<\/tr>\n<tr style=\"height: 40px; background-color: #99ccff;\">\n<td style=\"width: 22.6796%; height: 24px;\"><span style=\"font-size: 12pt;\"><strong><span style=\"font-family: arial, helvetica, sans-serif;\">Exp\u00e9dition<\/span><\/strong><\/span><\/td>\n<td style=\"width: 77.3204%; height: 24px;\"><span style=\"font-family: arial, helvetica, sans-serif; font-size: 12pt;\">Air, Mer, Express<\/span><\/td>\n<\/tr>\n<\/tbody>\n<\/table>\n<p>&nbsp;<\/p>","protected":false},"featured_media":1556,"comment_status":"open","ping_status":"closed","template":"","meta":[],"product_brand":[],"product_cat":[25],"product_tag":[],"class_list":{"0":"post-1555","1":"product","2":"type-product","3":"status-publish","4":"has-post-thumbnail","6":"product_cat-packaging-auxiliary-material","8":"first","9":"instock","10":"shipping-taxable","11":"product-type-simple"},"_links":{"self":[{"href":"https:\/\/polysmarts.com\/fr\/wp-json\/wp\/v2\/product\/1555","targetHints":{"allow":["GET"]}}],"collection":[{"href":"https:\/\/polysmarts.com\/fr\/wp-json\/wp\/v2\/product"}],"about":[{"href":"https:\/\/polysmarts.com\/fr\/wp-json\/wp\/v2\/types\/product"}],"replies":[{"embeddable":true,"href":"https:\/\/polysmarts.com\/fr\/wp-json\/wp\/v2\/comments?post=1555"}],"version-history":[{"count":5,"href":"https:\/\/polysmarts.com\/fr\/wp-json\/wp\/v2\/product\/1555\/revisions"}],"predecessor-version":[{"id":1566,"href":"https:\/\/polysmarts.com\/fr\/wp-json\/wp\/v2\/product\/1555\/revisions\/1566"}],"wp:featuredmedia":[{"embeddable":true,"href":"https:\/\/polysmarts.com\/fr\/wp-json\/wp\/v2\/media\/1556"}],"wp:attachment":[{"href":"https:\/\/polysmarts.com\/fr\/wp-json\/wp\/v2\/media?parent=1555"}],"wp:term":[{"taxonomy":"product_brand","embeddable":true,"href":"https:\/\/polysmarts.com\/fr\/wp-json\/wp\/v2\/product_brand?post=1555"},{"taxonomy":"product_cat","embeddable":true,"href":"https:\/\/polysmarts.com\/fr\/wp-json\/wp\/v2\/product_cat?post=1555"},{"taxonomy":"product_tag","embeddable":true,"href":"https:\/\/polysmarts.com\/fr\/wp-json\/wp\/v2\/product_tag?post=1555"}],"curies":[{"name":"wp","href":"https:\/\/api.w.org\/{rel}","templated":true}]}}