{"id":1515,"date":"2024-01-05T05:58:31","date_gmt":"2024-01-05T05:58:31","guid":{"rendered":"https:\/\/polysmarts.com\/?post_type=product&#038;p=1515"},"modified":"2024-01-05T06:15:16","modified_gmt":"2024-01-05T06:15:16","slug":"sacs-a-provisions-en-papier-personnalises-avec-poignees","status":"publish","type":"product","link":"https:\/\/polysmarts.com\/fr\/product\/custom-paper-shopping-bags-with-handles\/","title":{"rendered":"Sacs \u00e0 provisions en papier personnalis\u00e9s avec poign\u00e9es"},"content":{"rendered":"<p>D\u00e9couvrez le m\u00e9lange parfait de durabilit\u00e9, de style et de responsabilit\u00e9 environnementale avec nos sacs \u00e0 provisions en papier personnalis\u00e9s avec poign\u00e9es. Fabriqu\u00e9s avec une attention m\u00e9ticuleuse aux d\u00e9tails, ces sacs red\u00e9finissent l&#039;exp\u00e9rience de shopping.<\/p>\n<p><strong>Durabilit\u00e9 exceptionnelle\u00a0:<\/strong> Les poign\u00e9es sont savamment coll\u00e9es \u00e0 l\u2019aide d\u2019un adh\u00e9sif de qualit\u00e9 professionnelle, garantissant une connexion robuste. Le fond lisse et robuste du sac ajoute une couche suppl\u00e9mentaire de durabilit\u00e9, offrant une solution fiable et durable pour vos besoins de shopping. Fabriqu\u00e9s \u00e0 partir de papier \u00e9pais de 100 g, nos sacs \u00e9liminent le souci de se d\u00e9chirer, offrant une option s\u00fbre et fiable pour vos achats.<\/p>\n<p><strong>Choix respectueux de l\u2019environnement\u00a0:<\/strong> Adoptez le concept de protection de l\u2019environnement sans compromettre la qualit\u00e9. Notre engagement envers la durabilit\u00e9 se refl\u00e8te dans tous les aspects de nos sacs en papier. Fabriqu\u00e9s en mettant l&#039;accent sur des pratiques \u00e9cologiques, ces sacs sont biod\u00e9gradables et recyclables, minimisant ainsi leur impact sur l&#039;environnement. Dites adieu aux pr\u00e9occupations concernant la pollution de la terre : nos sacs ont re\u00e7u des certifications d&#039;organismes professionnels, notamment FSC, BV et FDA, attestant de leurs r\u00e9f\u00e9rences \u00e9cologiques.<\/p>\n<p><strong>Sain et certifi\u00e9 :<\/strong> Nos sacs en papier ont \u00e9t\u00e9 soumis \u00e0 des tests rigoureux par les autorit\u00e9s professionnelles, obtenant des certifications attestant de leur qualit\u00e9 et de leur s\u00e9curit\u00e9. Les certifications FSC, BV et FDA garantissent que nos sacs r\u00e9pondent aux normes les plus \u00e9lev\u00e9es, ce qui en fait un choix sain et fiable pour vos clients.<\/p>\n<p><strong>Tailles personnalisables\u00a0:<\/strong> Nous vous invitons \u00e0 personnaliser votre exp\u00e9rience d&#039;achat en passant une commande avec vos propres tailles. Adaptez les dimensions en fonction de vos besoins sp\u00e9cifiques et cr\u00e9ez une solution d&#039;emballage unique qui correspond \u00e0 l&#039;identit\u00e9 de votre marque.<\/p>\n<p>Faites un choix conscient pour votre marque et l&#039;environnement avec nos sacs \u00e0 provisions en papier personnalis\u00e9s respectueux de l&#039;environnement avec poign\u00e9es. Am\u00e9liorez l&#039;exp\u00e9rience d&#039;achat de vos clients tout en contribuant \u00e0 une plan\u00e8te plus verte et plus saine. Passez votre commande aujourd&#039;hui et rejoignez-nous pour avoir un impact positif.<\/p>","protected":false},"excerpt":{"rendered":"<table style=\"height: 360px; width: 99.8505%; border-collapse: collapse;\" border=\"2\">\n<tbody>\n<tr style=\"height: 40px;\">\n<td style=\"width: 22.6796%; height: 30px; background-color: #99ccff;\"><span style=\"font-family: arial, helvetica, sans-serif; font-size: 12pt;\"><strong>Dimensions et style<\/strong><\/span><\/td>\n<td style=\"width: 77.3204%; height: 30px; background-color: #99ccff;\"><span style=\"font-family: arial, helvetica, sans-serif; font-size: 12pt;\">Formes et tailles personnalis\u00e9es<\/span><\/td>\n<\/tr>\n<tr style=\"height: 40px;\">\n<td style=\"width: 22.6796%; height: 34px; background-color: #ebebeb;\"><span style=\"font-size: 12pt;\"><strong><span style=\"font-family: arial, helvetica, sans-serif;\">Quantit\u00e9 minimum d&#039;achat<\/span><\/strong><\/span><\/td>\n<td style=\"width: 77.3204%; height: 34px; background-color: #ebebeb;\"><span style=\"font-family: arial, helvetica, sans-serif; font-size: 12pt;\">1000 pi\u00e8ces sans personnalisation, 5000 pi\u00e8ces pour personnalisation<\/span><\/td>\n<\/tr>\n<tr style=\"height: 40px; background-color: #99ccff;\">\n<td style=\"width: 22.6796%; height: 24px;\"><span style=\"font-size: 12pt;\"><strong><span style=\"font-family: arial, helvetica, sans-serif;\">Type d&#039;emballage<\/span><\/strong><\/span><\/td>\n<td style=\"width: 77.3204%; height: 24px;\"><span style=\"font-family: arial, helvetica, sans-serif; font-size: 12pt;\">Sacs en papier<\/span><\/td>\n<\/tr>\n<tr style=\"height: 40px; background-color: #ebebeb;\">\n<td style=\"width: 22.6796%; height: 24px;\"><span style=\"font-size: 12pt;\"><strong><span style=\"font-family: arial, helvetica, sans-serif;\">Material<\/span><\/strong><\/span><\/td>\n<td style=\"width: 77.3204%; height: 24px;\"><span style=\"font-family: arial, helvetica, sans-serif; font-size: 12pt;\">Papier kraft<\/span><\/td>\n<\/tr>\n<tr style=\"height: 40px; background-color: #99ccff;\">\n<td style=\"width: 22.6796%; height: 24px;\"><span style=\"font-size: 12pt;\"><strong><span style=\"font-family: arial, helvetica, sans-serif;\">Finition<\/span><\/strong><\/span><\/td>\n<td style=\"width: 77.3204%; height: 24px;\"><span style=\"font-family: arial, helvetica, sans-serif; font-size: 12pt;\">Impression offset<\/span><\/td>\n<\/tr>\n<tr style=\"height: 40px; background-color: #ebebeb;\">\n<td style=\"width: 22.6796%; height: 24px;\"><span style=\"font-size: 12pt;\"><strong><span style=\"font-family: arial, helvetica, sans-serif;\">Limite de poids<\/span><\/strong><\/span><\/td>\n<td style=\"width: 77.3204%; height: 24px;\"><span style=\"font-family: arial, helvetica, sans-serif; font-size: 12pt;\">2-3kg<\/span><\/td>\n<\/tr>\n<tr style=\"height: 40px; background-color: #99ccff;\">\n<td style=\"width: 22.6796%; height: 24px;\"><span style=\"font-size: 12pt;\"><strong><span style=\"font-family: arial, helvetica, sans-serif;\">Type de sac en papier<\/span><\/strong><\/span><\/td>\n<td style=\"width: 77.3204%; height: 24px;\"><span style=\"font-family: arial, helvetica, sans-serif; font-size: 12pt;\">Sacs \u00e0 provisions en papier<\/span><\/td>\n<\/tr>\n<tr style=\"height: 40px; background-color: #ebebeb;\">\n<td style=\"width: 22.6796%; height: 24px;\"><span style=\"font-size: 12pt;\"><strong><span style=\"font-family: arial, helvetica, sans-serif;\">D\u00e9lai d&#039;ex\u00e9cution<\/span><\/strong><\/span><\/td>\n<td style=\"width: 77.3204%; height: 24px;\"><span style=\"font-family: arial, helvetica, sans-serif; font-size: 12pt;\">7 \u00e0 15 jours ouvrables, RUSH<\/span><\/td>\n<\/tr>\n<tr style=\"height: 40px; background-color: #99ccff;\">\n<td style=\"width: 22.6796%; height: 24px;\"><span style=\"font-size: 12pt;\"><strong><span style=\"font-family: arial, helvetica, sans-serif;\">Exp\u00e9dition<\/span><\/strong><\/span><\/td>\n<td style=\"width: 77.3204%; height: 24px;\"><span style=\"font-family: arial, helvetica, sans-serif; font-size: 12pt;\">Air, Mer, Express<\/span><\/td>\n<\/tr>\n<\/tbody>\n<\/table>\n<p>&nbsp;<\/p>","protected":false},"featured_media":1516,"comment_status":"open","ping_status":"closed","template":"","meta":[],"product_brand":[],"product_cat":[34],"product_tag":[],"class_list":{"0":"post-1515","1":"product","2":"type-product","3":"status-publish","4":"has-post-thumbnail","6":"product_cat-paper-packing","8":"first","9":"instock","10":"shipping-taxable","11":"product-type-simple"},"_links":{"self":[{"href":"https:\/\/polysmarts.com\/fr\/wp-json\/wp\/v2\/product\/1515","targetHints":{"allow":["GET"]}}],"collection":[{"href":"https:\/\/polysmarts.com\/fr\/wp-json\/wp\/v2\/product"}],"about":[{"href":"https:\/\/polysmarts.com\/fr\/wp-json\/wp\/v2\/types\/product"}],"replies":[{"embeddable":true,"href":"https:\/\/polysmarts.com\/fr\/wp-json\/wp\/v2\/comments?post=1515"}],"version-history":[{"count":2,"href":"https:\/\/polysmarts.com\/fr\/wp-json\/wp\/v2\/product\/1515\/revisions"}],"predecessor-version":[{"id":1523,"href":"https:\/\/polysmarts.com\/fr\/wp-json\/wp\/v2\/product\/1515\/revisions\/1523"}],"wp:featuredmedia":[{"embeddable":true,"href":"https:\/\/polysmarts.com\/fr\/wp-json\/wp\/v2\/media\/1516"}],"wp:attachment":[{"href":"https:\/\/polysmarts.com\/fr\/wp-json\/wp\/v2\/media?parent=1515"}],"wp:term":[{"taxonomy":"product_brand","embeddable":true,"href":"https:\/\/polysmarts.com\/fr\/wp-json\/wp\/v2\/product_brand?post=1515"},{"taxonomy":"product_cat","embeddable":true,"href":"https:\/\/polysmarts.com\/fr\/wp-json\/wp\/v2\/product_cat?post=1515"},{"taxonomy":"product_tag","embeddable":true,"href":"https:\/\/polysmarts.com\/fr\/wp-json\/wp\/v2\/product_tag?post=1515"}],"curies":[{"name":"wp","href":"https:\/\/api.w.org\/{rel}","templated":true}]}}