{"id":1500,"date":"2024-01-04T09:10:07","date_gmt":"2024-01-04T09:10:07","guid":{"rendered":"https:\/\/polysmarts.com\/?post_type=product&#038;p=1500"},"modified":"2024-01-04T09:23:17","modified_gmt":"2024-01-04T09:23:17","slug":"sacs-de-cafe-en-papier-kraft-personnalises-avec-valve","status":"publish","type":"product","link":"https:\/\/polysmarts.com\/fr\/product\/custom-kraft-paper-coffee-bags-with-valve\/","title":{"rendered":"Sacs \u00e0 caf\u00e9 en papier kraft personnalis\u00e9s avec valve"},"content":{"rendered":"<p>Gardez vos grains de caf\u00e9 ou votre marc de caf\u00e9 frais plus longtemps gr\u00e2ce \u00e0 l&#039;inclusion d&#039;une valve de d\u00e9gazage, emp\u00eachant efficacement l&#039;intrusion de gaz et d&#039;humidit\u00e9. La fermeture \u00e9clair lat\u00e9rale est dot\u00e9e d&#039;un sceau inviolable, garantissant l&#039;int\u00e9grit\u00e9 de votre produit.<\/p>\n<p>Fabriqu\u00e9s avec des mat\u00e9riaux de qualit\u00e9 alimentaire, nos sacs sont compos\u00e9s de papier kraft naturel, d&#039;une doublure int\u00e9rieure protectrice en papier d&#039;aluminium et d&#039;une couche ext\u00e9rieure de LLDPE pour une durabilit\u00e9 accrue. D&#039;une \u00e9paisseur robuste de 6 millim\u00e8tres, ces sacs offrent une excellente barri\u00e8re contre l&#039;humidit\u00e9 et une haute r\u00e9sistance aux perforations et aux d\u00e9chirures, garantissant la conservation de votre caf\u00e9 haut de gamme.<\/p>\n<p>Principales caract\u00e9ristiques:<\/p>\n<ul>\n<li><strong>Capacit\u00e9:<\/strong> Sp\u00e9cialement con\u00e7us pour 16 oz\/1 lb de grains de caf\u00e9 ou de marc, nos sacs offrent suffisamment d&#039;espace pour accueillir votre produit. Des formats personnalis\u00e9s sont \u00e9galement disponibles pour r\u00e9pondre \u00e0 vos besoins uniques en mati\u00e8re d&#039;emballage.<\/li>\n<li><strong>Taille flexible\u00a0:<\/strong> La conception du soufflet lat\u00e9ral \u00e0 fond plat Kraft offre stabilit\u00e9 et apparence \u00e9l\u00e9gante. Les dimensions de 5,5 x 3,4 x 9,2 pouces (140 x 85 x 235 mm) offrent une solution polyvalente, et nous acceptons les demandes de tailles personnalis\u00e9es (Longueur x Largeur x Hauteur) pour r\u00e9pondre parfaitement \u00e0 vos besoins.<\/li>\n<li><strong>Conception debout imprimable\u00a0:<\/strong> Le design attrayant de nos sacs am\u00e9liore non seulement l&#039;attrait esth\u00e9tique, mais fournit \u00e9galement une plate-forme conviviale pour la vente au d\u00e9tail pour votre marque. Les deux c\u00f4t\u00e9s sont imprimables, permettant un \u00e9tiquetage et une image de marque personnalis\u00e9s qui t\u00e9moignent de votre identit\u00e9 unique.<\/li>\n<li><strong>Remarque sur le scellement\u00a0:<\/strong> Pour garantir la fra\u00eecheur et la s\u00e9curit\u00e9 de votre produit, une thermoscelleuse (non incluse) est n\u00e9cessaire pour sceller solidement les rabats du sac en papier.<\/li>\n<\/ul>\n<p>Choisissez nos sacs \u00e0 caf\u00e9 en papier kraft de qualit\u00e9 sup\u00e9rieure avec valve pour un m\u00e9lange parfait de fonctionnalit\u00e9, de durabilit\u00e9 et de personnalisation. Renforcez la pr\u00e9sence de votre marque avec une solution d&#039;emballage qui non seulement garde votre caf\u00e9 frais, mais refl\u00e8te \u00e9galement la qualit\u00e9 et le caract\u00e8re unique de votre produit.<\/p>","protected":false},"excerpt":{"rendered":"<table style=\"height: 360px; width: 99.8505%; border-collapse: collapse;\" border=\"2\">\n<tbody>\n<tr style=\"height: 40px;\">\n<td style=\"width: 22.6796%; height: 30px; background-color: #99ccff;\"><span style=\"font-family: arial, helvetica, sans-serif; font-size: 12pt;\"><strong>Dimensions et style<\/strong><\/span><\/td>\n<td style=\"width: 77.3204%; height: 30px; background-color: #99ccff;\"><span style=\"font-family: arial, helvetica, sans-serif; font-size: 12pt;\">Formes et tailles personnalis\u00e9es<\/span><\/td>\n<\/tr>\n<tr style=\"height: 40px;\">\n<td style=\"width: 22.6796%; height: 34px; background-color: #ebebeb;\"><span style=\"font-size: 12pt;\"><strong><span style=\"font-family: arial, helvetica, sans-serif;\">Quantit\u00e9 minimum d&#039;achat<\/span><\/strong><\/span><\/td>\n<td style=\"width: 77.3204%; height: 34px; background-color: #ebebeb;\"><span style=\"font-family: arial, helvetica, sans-serif; font-size: 12pt;\">1000 pi\u00e8ces sans personnalisation, 10000 pi\u00e8ces pour personnalisation<\/span><\/td>\n<\/tr>\n<tr style=\"height: 40px; background-color: #99ccff;\">\n<td style=\"width: 22.6796%; height: 24px;\"><span style=\"font-size: 12pt;\"><strong><span style=\"font-family: arial, helvetica, sans-serif;\">Type d&#039;emballage<\/span><\/strong><\/span><\/td>\n<td style=\"width: 77.3204%; height: 24px;\"><span style=\"font-family: arial, helvetica, sans-serif; font-size: 12pt;\">Tenez les sacs en papier kraft<\/span><\/td>\n<\/tr>\n<tr style=\"height: 40px; background-color: #ebebeb;\">\n<td style=\"width: 22.6796%; height: 24px;\"><span style=\"font-size: 12pt;\"><strong><span style=\"font-family: arial, helvetica, sans-serif;\">Impression<\/span><\/strong><\/span><\/td>\n<td style=\"width: 77.3204%; height: 24px;\"><span style=\"font-family: arial, helvetica, sans-serif; font-size: 12pt;\">Impression h\u00e9lio (1 \u00e0 10 couleurs), pas d&#039;impression (ordinaire)<\/span><\/td>\n<\/tr>\n<tr style=\"height: 40px; background-color: #99ccff;\">\n<td style=\"width: 22.6796%; height: 24px;\"><span style=\"font-size: 12pt;\"><strong><span style=\"font-family: arial, helvetica, sans-serif;\">Finition<\/span><\/strong><\/span><\/td>\n<td style=\"width: 77.3204%; height: 24px;\"><span style=\"font-family: arial, helvetica, sans-serif; font-size: 12pt;\">Stratification brillante\/mate<\/span><\/td>\n<\/tr>\n<tr style=\"height: 40px; background-color: #ebebeb;\">\n<td style=\"width: 22.6796%; height: 24px;\"><span style=\"font-size: 12pt;\"><strong><span style=\"font-family: arial, helvetica, sans-serif;\">Options incluses<\/span><\/strong><\/span><\/td>\n<td style=\"width: 77.3204%; height: 24px;\"><span style=\"font-family: arial, helvetica, sans-serif; font-size: 12pt;\">D\u00e9coupe<\/span><\/td>\n<\/tr>\n<tr style=\"height: 40px; background-color: #99ccff;\">\n<td style=\"width: 22.6796%; height: 24px;\"><span style=\"font-size: 12pt;\"><strong><span style=\"font-family: arial, helvetica, sans-serif;\">Preuve<\/span><\/strong><\/span><\/td>\n<td style=\"width: 77.3204%; height: 24px;\"><span style=\"font-family: arial, helvetica, sans-serif; font-size: 12pt;\">Preuves d&#039;odeur<\/span><\/td>\n<\/tr>\n<tr style=\"height: 40px; background-color: #ebebeb;\">\n<td style=\"width: 22.6796%; height: 24px;\"><span style=\"font-size: 12pt;\"><strong><span style=\"font-family: arial, helvetica, sans-serif;\">D\u00e9lai d&#039;ex\u00e9cution<\/span><\/strong><\/span><\/td>\n<td style=\"width: 77.3204%; height: 24px;\"><span style=\"font-family: arial, helvetica, sans-serif; font-size: 12pt;\">7 \u00e0 15 jours ouvrables, RUSH<\/span><\/td>\n<\/tr>\n<tr style=\"height: 40px; background-color: #99ccff;\">\n<td style=\"width: 22.6796%; height: 24px;\"><span style=\"font-size: 12pt;\"><strong><span style=\"font-family: arial, helvetica, sans-serif;\">Exp\u00e9dition<\/span><\/strong><\/span><\/td>\n<td style=\"width: 77.3204%; height: 24px;\"><span style=\"font-family: arial, helvetica, sans-serif; font-size: 12pt;\">Air, Mer, Express<\/span><\/td>\n<\/tr>\n<\/tbody>\n<\/table>\n<p>&nbsp;<\/p>","protected":false},"featured_media":1506,"comment_status":"open","ping_status":"closed","template":"","meta":[],"product_brand":[],"product_cat":[20,27],"product_tag":[],"class_list":{"0":"post-1500","1":"product","2":"type-product","3":"status-publish","4":"has-post-thumbnail","6":"product_cat-kraft-paper-bag","7":"product_cat-coffee-and-tea-packaging","9":"first","10":"instock","11":"shipping-taxable","12":"product-type-simple"},"_links":{"self":[{"href":"https:\/\/polysmarts.com\/fr\/wp-json\/wp\/v2\/product\/1500","targetHints":{"allow":["GET"]}}],"collection":[{"href":"https:\/\/polysmarts.com\/fr\/wp-json\/wp\/v2\/product"}],"about":[{"href":"https:\/\/polysmarts.com\/fr\/wp-json\/wp\/v2\/types\/product"}],"replies":[{"embeddable":true,"href":"https:\/\/polysmarts.com\/fr\/wp-json\/wp\/v2\/comments?post=1500"}],"version-history":[{"count":2,"href":"https:\/\/polysmarts.com\/fr\/wp-json\/wp\/v2\/product\/1500\/revisions"}],"predecessor-version":[{"id":1508,"href":"https:\/\/polysmarts.com\/fr\/wp-json\/wp\/v2\/product\/1500\/revisions\/1508"}],"wp:featuredmedia":[{"embeddable":true,"href":"https:\/\/polysmarts.com\/fr\/wp-json\/wp\/v2\/media\/1506"}],"wp:attachment":[{"href":"https:\/\/polysmarts.com\/fr\/wp-json\/wp\/v2\/media?parent=1500"}],"wp:term":[{"taxonomy":"product_brand","embeddable":true,"href":"https:\/\/polysmarts.com\/fr\/wp-json\/wp\/v2\/product_brand?post=1500"},{"taxonomy":"product_cat","embeddable":true,"href":"https:\/\/polysmarts.com\/fr\/wp-json\/wp\/v2\/product_cat?post=1500"},{"taxonomy":"product_tag","embeddable":true,"href":"https:\/\/polysmarts.com\/fr\/wp-json\/wp\/v2\/product_tag?post=1500"}],"curies":[{"name":"wp","href":"https:\/\/api.w.org\/{rel}","templated":true}]}}