{"id":1491,"date":"2024-01-04T08:51:15","date_gmt":"2024-01-04T08:51:15","guid":{"rendered":"https:\/\/polysmarts.com\/?post_type=product&#038;p=1491"},"modified":"2024-01-04T09:04:36","modified_gmt":"2024-01-04T09:04:36","slug":"tenez-le-sac-ziplock-clair-pour-les-fruits-et-legumes","status":"publish","type":"product","link":"https:\/\/polysmarts.com\/fr\/product\/stand-up-clear-ziplock-bag-for-fruit-and-vegetable\/","title":{"rendered":"Tenez le sac ziplock transparent pour les fruits et l\u00e9gumes"},"content":{"rendered":"<p>La taille du sac est enti\u00e8rement personnalisable pour r\u00e9pondre \u00e0 vos besoins sp\u00e9cifiques, garantissant un ajustement parfait \u00e0 vos produits. Fabriqu\u00e9 \u00e0 partir d&#039;un mat\u00e9riau PET\/NY\/PE de haute qualit\u00e9 d&#039;une \u00e9paisseur de 140 microns, ce sac garantit d&#039;excellentes propri\u00e9t\u00e9s de barri\u00e8re, une r\u00e9sistance \u00e0 l&#039;humidit\u00e9, un stockage aseptique et une refermabilit\u00e9 fiable pour \u00e9viter les fuites.<\/p>\n<p>La personnalisation est au c\u0153ur de notre offre : non seulement vous pouvez choisir la taille qui vous convient le mieux, mais nous proposons \u00e9galement des options d&#039;impression personnalis\u00e9e. Nos sacs prennent en charge jusqu&#039;\u00e0 10 couleurs, vous permettant de cr\u00e9er un design visuellement attrayant et informatif qui distingue vos produits.<\/p>\n<p>La fermeture \u00e9clair sur le dessus ajoute de la commodit\u00e9 \u00e0 l&#039;emballage, permettant \u00e0 vos clients d&#039;acc\u00e9der facilement au contenu tout en pr\u00e9servant la fra\u00eecheur des produits. Avec une quantit\u00e9 minimum de commande (MOQ) de 1 000 pi\u00e8ces, vous pouvez profiter des avantages de ces sacs de haute qualit\u00e9 sans compromettre la quantit\u00e9.<\/p>\n<p>Avantages :<\/p>\n<ol>\n<li><strong>Excellente barri\u00e8re et r\u00e9sistant \u00e0 l&#039;humidit\u00e9\u00a0:<\/strong> Nos sacs offrent une barri\u00e8re exceptionnelle contre les \u00e9l\u00e9ments ext\u00e9rieurs, garantissant la fra\u00eecheur et la qualit\u00e9 de vos fruits et l\u00e9gumes. La conception r\u00e9sistante \u00e0 l&#039;humidit\u00e9 prot\u00e8ge le contenu de l&#039;humidit\u00e9.<\/li>\n<li><strong>Aseptique et refermable\u00a0:<\/strong> La nature aseptique de nos sacs garantit un environnement de stockage propre et hygi\u00e9nique pour vos produits. La fonction refermable am\u00e9liore le confort d&#039;utilisation, permettant une ouverture et une fermeture faciles tout en pr\u00e9servant le produit.<\/li>\n<li><strong>Mat\u00e9riau standard de qualit\u00e9 alimentaire\u00a0:<\/strong> Conformes aux normes de qualit\u00e9 alimentaire, nos sacs sont fabriqu\u00e9s \u00e0 partir de mat\u00e9riaux de premi\u00e8re qualit\u00e9 pour garantir la s\u00e9curit\u00e9 et la qualit\u00e9 de vos produits. Rassurez-vous, vos clients recevront des produits en parfait \u00e9tat.<\/li>\n<li><strong>Service professionnel et prix comp\u00e9titif\u00a0:<\/strong> Nous sommes fiers de fournir des produits de haute qualit\u00e9 ainsi qu&#039;un service professionnel \u00e0 un prix comp\u00e9titif. Notre engagement est de vous proposer des solutions packaging qui valorisent votre image de marque et r\u00e9pondent \u00e0 vos exigences budg\u00e9taires.<\/li>\n<li><strong>Livraison rapide:<\/strong> Le temps presse et nous comprenons l\u2019urgence de vos besoins en mati\u00e8re d\u2019emballage. B\u00e9n\u00e9ficiez de notre service de livraison rapide, garantissant que votre commande vous parviendra rapidement.<\/li>\n<\/ol>\n<p>Choisissez notre sac Ziplock transparent Premium Stand Up \u2013 la solution d\u2019emballage id\u00e9ale pour conserver la fra\u00eecheur et l\u2019attrait visuel de vos fruits et l\u00e9gumes. D\u00e9couvrez le m\u00e9lange parfait de fonctionnalit\u00e9, de personnalisation et de prix abordable dans un seul package innovant.<\/p>","protected":false},"excerpt":{"rendered":"<table style=\"height: 360px; width: 99.8505%; border-collapse: collapse;\" border=\"2\">\n<tbody>\n<tr style=\"height: 40px;\">\n<td style=\"width: 22.6796%; height: 30px; background-color: #99ccff;\"><span style=\"font-family: arial, helvetica, sans-serif; font-size: 12pt;\"><strong>Dimensions et style<\/strong><\/span><\/td>\n<td style=\"width: 77.3204%; height: 30px; background-color: #99ccff;\"><span style=\"font-family: arial, helvetica, sans-serif; font-size: 12pt;\">Formes et tailles personnalis\u00e9es<\/span><\/td>\n<\/tr>\n<tr style=\"height: 40px;\">\n<td style=\"width: 22.6796%; height: 34px; background-color: #ebebeb;\"><span style=\"font-size: 12pt;\"><strong><span style=\"font-family: arial, helvetica, sans-serif;\">Quantit\u00e9 minimum d&#039;achat<\/span><\/strong><\/span><\/td>\n<td style=\"width: 77.3204%; height: 34px; background-color: #ebebeb;\"><span style=\"font-family: arial, helvetica, sans-serif; font-size: 12pt;\">1000 pi\u00e8ces sans personnalisation, 10000 pi\u00e8ces pour personnalisation<\/span><\/td>\n<\/tr>\n<tr style=\"height: 40px; background-color: #99ccff;\">\n<td style=\"width: 22.6796%; height: 24px;\"><span style=\"font-size: 12pt;\"><strong><span style=\"font-family: arial, helvetica, sans-serif;\">Type d&#039;emballage<\/span><\/strong><\/span><\/td>\n<td style=\"width: 77.3204%; height: 24px;\"><span style=\"font-family: arial, helvetica, sans-serif; font-size: 12pt;\">Pochette debout<\/span><\/td>\n<\/tr>\n<tr style=\"height: 40px; background-color: #ebebeb;\">\n<td style=\"width: 22.6796%; height: 24px;\"><span style=\"font-size: 12pt;\"><strong><span style=\"font-family: arial, helvetica, sans-serif;\">Impression<\/span><\/strong><\/span><\/td>\n<td style=\"width: 77.3204%; height: 24px;\"><span style=\"font-family: arial, helvetica, sans-serif; font-size: 12pt;\">CMJN (1 \u00e0 10 couleurs), pas d&#039;impression (ordinaire)<\/span><\/td>\n<\/tr>\n<tr style=\"height: 40px; background-color: #99ccff;\">\n<td style=\"width: 22.6796%; height: 24px;\"><span style=\"font-size: 12pt;\"><strong><span style=\"font-family: arial, helvetica, sans-serif;\">Finition<\/span><\/strong><\/span><\/td>\n<td style=\"width: 77.3204%; height: 24px;\"><span style=\"font-family: arial, helvetica, sans-serif; font-size: 12pt;\">Stratification brillante\/mate, impression offset<\/span><\/td>\n<\/tr>\n<tr style=\"height: 40px; background-color: #ebebeb;\">\n<td style=\"width: 22.6796%; height: 24px;\"><span style=\"font-size: 12pt;\"><strong><span style=\"font-family: arial, helvetica, sans-serif;\">Options incluses<\/span><\/strong><\/span><\/td>\n<td style=\"width: 77.3204%; height: 24px;\"><span style=\"font-family: arial, helvetica, sans-serif; font-size: 12pt;\">D\u00e9coupe, thermoscellage<\/span><\/td>\n<\/tr>\n<tr style=\"height: 40px; background-color: #99ccff;\">\n<td style=\"width: 22.6796%; height: 24px;\"><span style=\"font-size: 12pt;\"><strong><span style=\"font-family: arial, helvetica, sans-serif;\">Preuve<\/span><\/strong><\/span><\/td>\n<td style=\"width: 77.3204%; height: 24px;\"><span style=\"font-family: arial, helvetica, sans-serif; font-size: 12pt;\">Preuves d&#039;humidit\u00e9\u00a0<\/span><\/td>\n<\/tr>\n<tr style=\"height: 40px; background-color: #ebebeb;\">\n<td style=\"width: 22.6796%; height: 24px;\"><span style=\"font-size: 12pt;\"><strong><span style=\"font-family: arial, helvetica, sans-serif;\">D\u00e9lai d&#039;ex\u00e9cution<\/span><\/strong><\/span><\/td>\n<td style=\"width: 77.3204%; height: 24px;\"><span style=\"font-family: arial, helvetica, sans-serif; font-size: 12pt;\">7 \u00e0 15 jours ouvrables, RUSH<\/span><\/td>\n<\/tr>\n<tr style=\"height: 40px; background-color: #99ccff;\">\n<td style=\"width: 22.6796%; height: 24px;\"><span style=\"font-size: 12pt;\"><strong><span style=\"font-family: arial, helvetica, sans-serif;\">Exp\u00e9dition<\/span><\/strong><\/span><\/td>\n<td style=\"width: 77.3204%; height: 24px;\"><span style=\"font-family: arial, helvetica, sans-serif; font-size: 12pt;\">Air, Mer, Express<\/span><\/td>\n<\/tr>\n<tr style=\"height: 40px; background-color: #ebebeb;\">\n<td style=\"width: 22.6796%; height: 24px;\"><span style=\"font-size: 12pt;\"><strong><span style=\"font-family: arial, helvetica, sans-serif;\">Material<\/span><\/strong><\/span><\/td>\n<td style=\"width: 77.3204%; height: 24px;\"><span style=\"font-family: arial, helvetica, sans-serif; font-size: 12pt;\">PET\/NY\/PE<\/span><\/td>\n<\/tr>\n<\/tbody>\n<\/table>\n<p>&nbsp;<\/p>","protected":false},"featured_media":1492,"comment_status":"open","ping_status":"closed","template":"","meta":[],"product_brand":[],"product_cat":[26,18],"product_tag":[],"class_list":{"0":"post-1491","1":"product","2":"type-product","3":"status-publish","4":"has-post-thumbnail","6":"product_cat-food-packaging","7":"product_cat-zipper-bags","9":"first","10":"instock","11":"shipping-taxable","12":"product-type-simple"},"_links":{"self":[{"href":"https:\/\/polysmarts.com\/fr\/wp-json\/wp\/v2\/product\/1491","targetHints":{"allow":["GET"]}}],"collection":[{"href":"https:\/\/polysmarts.com\/fr\/wp-json\/wp\/v2\/product"}],"about":[{"href":"https:\/\/polysmarts.com\/fr\/wp-json\/wp\/v2\/types\/product"}],"replies":[{"embeddable":true,"href":"https:\/\/polysmarts.com\/fr\/wp-json\/wp\/v2\/comments?post=1491"}],"version-history":[{"count":2,"href":"https:\/\/polysmarts.com\/fr\/wp-json\/wp\/v2\/product\/1491\/revisions"}],"predecessor-version":[{"id":1499,"href":"https:\/\/polysmarts.com\/fr\/wp-json\/wp\/v2\/product\/1491\/revisions\/1499"}],"wp:featuredmedia":[{"embeddable":true,"href":"https:\/\/polysmarts.com\/fr\/wp-json\/wp\/v2\/media\/1492"}],"wp:attachment":[{"href":"https:\/\/polysmarts.com\/fr\/wp-json\/wp\/v2\/media?parent=1491"}],"wp:term":[{"taxonomy":"product_brand","embeddable":true,"href":"https:\/\/polysmarts.com\/fr\/wp-json\/wp\/v2\/product_brand?post=1491"},{"taxonomy":"product_cat","embeddable":true,"href":"https:\/\/polysmarts.com\/fr\/wp-json\/wp\/v2\/product_cat?post=1491"},{"taxonomy":"product_tag","embeddable":true,"href":"https:\/\/polysmarts.com\/fr\/wp-json\/wp\/v2\/product_tag?post=1491"}],"curies":[{"name":"wp","href":"https:\/\/api.w.org\/{rel}","templated":true}]}}