{"id":1478,"date":"2024-01-03T07:25:34","date_gmt":"2024-01-03T07:25:34","guid":{"rendered":"https:\/\/polysmarts.com\/?post_type=product&#038;p=1478"},"modified":"2024-01-03T07:31:35","modified_gmt":"2024-01-03T07:31:35","slug":"sacs-en-papier-kraft-blanc-en-gros-avec-du-papier-daluminium-a-linterieur","status":"publish","type":"product","link":"https:\/\/polysmarts.com\/fr\/product\/white-kraft-paper-bags-wholesale-with-aluminum-foil-inside\/","title":{"rendered":"Sacs en papier kraft blanc en gros avec du papier d&#039;aluminium \u00e0 l&#039;int\u00e9rieur"},"content":{"rendered":"<p>D\u00e9couvrez les caract\u00e9ristiques polyvalentes de nos sacs en papier kraft blanc con\u00e7us pour une utilisation en gros, dot\u00e9s d&#039;une doublure fiable en papier d&#039;aluminium. Ces sacs sont fabriqu\u00e9s avec le plus grand soin, garantissant qu&#039;ils r\u00e9pondent \u00e0 divers besoins avec commodit\u00e9 et praticit\u00e9.<\/p>\n<p>Principales caract\u00e9ristiques:<\/p>\n<ol>\n<li><strong>Excellence multifonctionnelle\u00a0:<\/strong> Ces sacs sont de qualit\u00e9 alimentaire, ce qui les rend adapt\u00e9s \u00e0 l&#039;emballage non seulement de produits alimentaires, mais \u00e9galement de cosm\u00e9tiques et de produits de premi\u00e8re n\u00e9cessit\u00e9. Organisez vos affaires sans effort et maintenez un espace propre et bien rang\u00e9.<\/li>\n<li><strong>Utilisation polyvalente\u00a0:<\/strong> \u00c9quip\u00e9s d&#039;un ziplock convivial et d&#039;encoches de d\u00e9chirure, nos sacs sont parfaits pour sceller la fra\u00eecheur. Id\u00e9als pour conserver des aliments, des petits objets et des cadeaux, ils peuvent \u00eatre thermoscell\u00e9s avec une scelleuse \u00e0 impulsion pour prolonger la dur\u00e9e de conservation du produit.<\/li>\n<li><strong>Facilit\u00e9 d&#039;utilisation:<\/strong> Profitez d&#039;un stockage et d&#039;un emballage sans tracas gr\u00e2ce \u00e0 nos sacs faciles \u00e0 utiliser. Ouvrez et scellez simplement \u2013 scellez manuellement la fermeture \u00e9clair ou thermoscellez la section sup\u00e9rieure ouverte au-dessus de la fermeture \u00e9clair pour un rangement efficace.<\/li>\n<li><strong>Large gamme d&#039;applications\u00a0:<\/strong> Con\u00e7us pour r\u00e9pondre \u00e0 divers besoins de stockage, ces sacs conviennent au caf\u00e9, aux haricots, aux bonbons, au sucre, au riz, aux ingr\u00e9dients de p\u00e2tisserie, aux biscuits, au th\u00e9, aux noix, aux fruits secs, aux fleurs s\u00e9ch\u00e9es, \u00e0 la poudre, aux collations et plus encore. Parfait pour l\u2019\u00e9chantillonnage alimentaire et cosm\u00e9tique, offrant des solutions de stockage \u00e0 long terme.<\/li>\n<li><strong>Conception r\u00e9utilisable\u00a0:<\/strong> La fonction fermeture \u00e9clair facilite l&#039;insertion et le retrait sans effort des produits, rendant les sacs r\u00e9utilisables. Fabriqu\u00e9s avec des mat\u00e9riaux de qualit\u00e9 alimentaire et un design insipide, ils garantissent la s\u00e9curit\u00e9 et la fra\u00eecheur de vos articles stock\u00e9s. Les sacs sont solides et r\u00e9sistants, garantissant leur durabilit\u00e9.<\/li>\n<\/ol>\n<p>Profitez de la praticit\u00e9 et de la polyvalence de nos sacs en papier kraft blanc avec papier d&#039;aluminium en gros \u2013 une solution fiable pour vos besoins de stockage et d&#039;emballage. Achetez maintenant pour une exp\u00e9rience transparente en pr\u00e9servant la fra\u00eecheur et en maintenant les espaces organis\u00e9s.<\/p>","protected":false},"excerpt":{"rendered":"<table style=\"height: 360px; width: 99.8505%; border-collapse: collapse;\" border=\"2\">\n<tbody>\n<tr style=\"height: 40px;\">\n<td style=\"width: 22.6796%; height: 30px; background-color: #99ccff;\"><span style=\"font-family: arial, helvetica, sans-serif; font-size: 12pt;\"><strong>Dimensions et style<\/strong><\/span><\/td>\n<td style=\"width: 77.3204%; height: 30px; background-color: #99ccff;\"><span style=\"font-family: arial, helvetica, sans-serif; font-size: 12pt;\">Formes et tailles personnalis\u00e9es<\/span><\/td>\n<\/tr>\n<tr style=\"height: 40px;\">\n<td style=\"width: 22.6796%; height: 34px; background-color: #ebebeb;\"><span style=\"font-size: 12pt;\"><strong><span style=\"font-family: arial, helvetica, sans-serif;\">Quantit\u00e9 minimum d&#039;achat<\/span><\/strong><\/span><\/td>\n<td style=\"width: 77.3204%; height: 34px; background-color: #ebebeb;\"><span style=\"font-family: arial, helvetica, sans-serif; font-size: 12pt;\">1000 pi\u00e8ces sans personnalisation, 10000 pi\u00e8ces pour personnalisation<\/span><\/td>\n<\/tr>\n<tr style=\"height: 40px; background-color: #99ccff;\">\n<td style=\"width: 22.6796%; height: 24px;\"><span style=\"font-size: 12pt;\"><strong><span style=\"font-family: arial, helvetica, sans-serif;\">Type d&#039;emballage<\/span><\/strong><\/span><\/td>\n<td style=\"width: 77.3204%; height: 24px;\"><span style=\"font-family: arial, helvetica, sans-serif; font-size: 12pt;\">Tenez les sacs en papier kraft<\/span><\/td>\n<\/tr>\n<tr style=\"height: 40px; background-color: #ebebeb;\">\n<td style=\"width: 22.6796%; height: 24px;\"><span style=\"font-size: 12pt;\"><strong><span style=\"font-family: arial, helvetica, sans-serif;\">Impression<\/span><\/strong><\/span><\/td>\n<td style=\"width: 77.3204%; height: 24px;\"><span style=\"font-family: arial, helvetica, sans-serif; font-size: 12pt;\">CMJN (1 \u00e0 8 couleurs), pas d&#039;impression (ordinaire)<\/span><\/td>\n<\/tr>\n<tr style=\"height: 40px; background-color: #99ccff;\">\n<td style=\"width: 22.6796%; height: 24px;\"><span style=\"font-size: 12pt;\"><strong><span style=\"font-family: arial, helvetica, sans-serif;\">Finition<\/span><\/strong><\/span><\/td>\n<td style=\"width: 77.3204%; height: 24px;\"><span style=\"font-family: arial, helvetica, sans-serif; font-size: 12pt;\">Stratification brillante\/mate<\/span><\/td>\n<\/tr>\n<tr style=\"height: 40px; background-color: #ebebeb;\">\n<td style=\"width: 22.6796%; height: 24px;\"><span style=\"font-size: 12pt;\"><strong><span style=\"font-family: arial, helvetica, sans-serif;\">Options incluses<\/span><\/strong><\/span><\/td>\n<td style=\"width: 77.3204%; height: 24px;\"><span style=\"font-family: arial, helvetica, sans-serif; font-size: 12pt;\">D\u00e9coupe<\/span><\/td>\n<\/tr>\n<tr style=\"height: 40px; background-color: #99ccff;\">\n<td style=\"width: 22.6796%; height: 24px;\"><span style=\"font-size: 12pt;\"><strong><span style=\"font-family: arial, helvetica, sans-serif;\">Preuve<\/span><\/strong><\/span><\/td>\n<td style=\"width: 77.3204%; height: 24px;\"><span style=\"font-family: arial, helvetica, sans-serif; font-size: 12pt;\">Preuves d&#039;odeur<\/span><\/td>\n<\/tr>\n<tr style=\"height: 40px; background-color: #ebebeb;\">\n<td style=\"width: 22.6796%; height: 24px;\"><span style=\"font-size: 12pt;\"><strong><span style=\"font-family: arial, helvetica, sans-serif;\">D\u00e9lai d&#039;ex\u00e9cution<\/span><\/strong><\/span><\/td>\n<td style=\"width: 77.3204%; height: 24px;\"><span style=\"font-family: arial, helvetica, sans-serif; font-size: 12pt;\">7 \u00e0 15 jours ouvrables, RUSH<\/span><\/td>\n<\/tr>\n<tr style=\"height: 40px; background-color: #99ccff;\">\n<td style=\"width: 22.6796%; height: 24px;\"><span style=\"font-size: 12pt;\"><strong><span style=\"font-family: arial, helvetica, sans-serif;\">Exp\u00e9dition<\/span><\/strong><\/span><\/td>\n<td style=\"width: 77.3204%; height: 24px;\"><span style=\"font-family: arial, helvetica, sans-serif; font-size: 12pt;\">Air, Mer, Express<\/span><\/td>\n<\/tr>\n<\/tbody>\n<\/table>\n<p>&nbsp;<\/p>","protected":false},"featured_media":1479,"comment_status":"open","ping_status":"closed","template":"","meta":[],"product_brand":[],"product_cat":[26,20,18],"product_tag":[],"class_list":{"0":"post-1478","1":"product","2":"type-product","3":"status-publish","4":"has-post-thumbnail","6":"product_cat-food-packaging","7":"product_cat-kraft-paper-bag","8":"product_cat-zipper-bags","10":"first","11":"instock","12":"shipping-taxable","13":"product-type-simple"},"_links":{"self":[{"href":"https:\/\/polysmarts.com\/fr\/wp-json\/wp\/v2\/product\/1478","targetHints":{"allow":["GET"]}}],"collection":[{"href":"https:\/\/polysmarts.com\/fr\/wp-json\/wp\/v2\/product"}],"about":[{"href":"https:\/\/polysmarts.com\/fr\/wp-json\/wp\/v2\/types\/product"}],"replies":[{"embeddable":true,"href":"https:\/\/polysmarts.com\/fr\/wp-json\/wp\/v2\/comments?post=1478"}],"version-history":[{"count":1,"href":"https:\/\/polysmarts.com\/fr\/wp-json\/wp\/v2\/product\/1478\/revisions"}],"predecessor-version":[{"id":1486,"href":"https:\/\/polysmarts.com\/fr\/wp-json\/wp\/v2\/product\/1478\/revisions\/1486"}],"wp:featuredmedia":[{"embeddable":true,"href":"https:\/\/polysmarts.com\/fr\/wp-json\/wp\/v2\/media\/1479"}],"wp:attachment":[{"href":"https:\/\/polysmarts.com\/fr\/wp-json\/wp\/v2\/media?parent=1478"}],"wp:term":[{"taxonomy":"product_brand","embeddable":true,"href":"https:\/\/polysmarts.com\/fr\/wp-json\/wp\/v2\/product_brand?post=1478"},{"taxonomy":"product_cat","embeddable":true,"href":"https:\/\/polysmarts.com\/fr\/wp-json\/wp\/v2\/product_cat?post=1478"},{"taxonomy":"product_tag","embeddable":true,"href":"https:\/\/polysmarts.com\/fr\/wp-json\/wp\/v2\/product_tag?post=1478"}],"curies":[{"name":"wp","href":"https:\/\/api.w.org\/{rel}","templated":true}]}}