{"id":1470,"date":"2024-01-03T06:48:16","date_gmt":"2024-01-03T06:48:16","guid":{"rendered":"https:\/\/polysmarts.com\/?post_type=product&#038;p=1470"},"modified":"2024-01-03T07:01:16","modified_gmt":"2024-01-03T07:01:16","slug":"pochette-en-papier-kraft-avec-papier-daluminium-a-linterieur","status":"publish","type":"product","link":"https:\/\/polysmarts.com\/fr\/product\/kraft-paper-stand-up-pouch-with-aluminium-foil-inside\/","title":{"rendered":"Le papier kraft tient la pochette avec du papier d&#039;aluminium \u00e0 l&#039;int\u00e9rieur"},"content":{"rendered":"<p>Am\u00e9liorez votre exp\u00e9rience de stockage et de cadeaux avec notre pochette verticale \u00e0 fermeture \u00e9clair en papier kraft de qualit\u00e9 sup\u00e9rieure. Cette pochette polyvalente convient non seulement \u00e0 une myriade d&#039;occasions, mais ajoute \u00e9galement une touche de sophistication \u00e0 vos besoins de rangement.<\/p>\n<p>Utilisation polyvalente : cette pochette est plus qu&#039;un simple sac de rangement ; c&#039;est une solution \u00e9l\u00e9gante et pratique pour garder la nourriture, les collations et divers articles organis\u00e9s. Que vous stockiez des essentiels de garde-manger, des friandises faites maison ou des collations \u00e0 emporter, cette pochette est l\u00e0 pour vous. De plus, son design \u00e9l\u00e9gant en fait un choix parfait \u00e0 offrir \u00e0 votre famille ou \u00e0 vos amis, ajoutant une touche r\u00e9fl\u00e9chie \u00e0 toute occasion.<\/p>\n<p>Excellence du stockage : nos sacs en papier pour poudre, soigneusement con\u00e7us dans un souci de fonctionnalit\u00e9, sont id\u00e9aux pour stocker et transporter efficacement de petits objets. De la nourriture et des haricots aux collations et au-del\u00e0, ces sacs offrent une solution fiable et organis\u00e9e pour vos besoins de stockage.<\/p>\n<p>Durable et r\u00e9utilisable : la qualit\u00e9 compte, et c&#039;est pourquoi nos sacs en papier marron sont fabriqu\u00e9s avec du papier d&#039;aluminium de haute qualit\u00e9. Cela garantit non seulement leur durabilit\u00e9, mais les rend \u00e9galement r\u00e9utilisables pour de multiples applications. Dites adieu aux emballages \u00e0 usage unique et adoptez la durabilit\u00e9 d&#039;une pochette qui r\u00e9siste \u00e0 l&#039;\u00e9preuve du temps, r\u00e9pondant \u00e0 vos besoins de stockage \u00e0 chaque utilisation.<\/p>\n<p>Faites une d\u00e9claration avec notre pochette verticale \u00e0 fermeture \u00e9clair en papier kraft de qualit\u00e9 sup\u00e9rieure \u2013 o\u00f9 le style rencontre la fonctionnalit\u00e9 et la qualit\u00e9 rencontre la durabilit\u00e9.<\/p>","protected":false},"excerpt":{"rendered":"<table style=\"height: 360px; width: 99.8505%; border-collapse: collapse;\" border=\"2\">\n<tbody>\n<tr style=\"height: 40px;\">\n<td style=\"width: 22.6796%; height: 30px; background-color: #99ccff;\"><span style=\"font-family: arial, helvetica, sans-serif; font-size: 12pt;\"><strong>Dimensions et style<\/strong><\/span><\/td>\n<td style=\"width: 77.3204%; height: 30px; background-color: #99ccff;\"><span style=\"font-family: arial, helvetica, sans-serif; font-size: 12pt;\">Formes et tailles personnalis\u00e9es<\/span><\/td>\n<\/tr>\n<tr style=\"height: 40px;\">\n<td style=\"width: 22.6796%; height: 34px; background-color: #ebebeb;\"><span style=\"font-size: 12pt;\"><strong><span style=\"font-family: arial, helvetica, sans-serif;\">Quantit\u00e9 minimum d&#039;achat<\/span><\/strong><\/span><\/td>\n<td style=\"width: 77.3204%; height: 34px; background-color: #ebebeb;\"><span style=\"font-family: arial, helvetica, sans-serif; font-size: 12pt;\">1000 pi\u00e8ces sans personnalisation, 10000 pi\u00e8ces pour personnalisation<\/span><\/td>\n<\/tr>\n<tr style=\"height: 40px; background-color: #99ccff;\">\n<td style=\"width: 22.6796%; height: 24px;\"><span style=\"font-size: 12pt;\"><strong><span style=\"font-family: arial, helvetica, sans-serif;\">Type d&#039;emballage<\/span><\/strong><\/span><\/td>\n<td style=\"width: 77.3204%; height: 24px;\"><span style=\"font-family: arial, helvetica, sans-serif; font-size: 12pt;\">Tenez les sacs en papier kraft<\/span><\/td>\n<\/tr>\n<tr style=\"height: 40px; background-color: #ebebeb;\">\n<td style=\"width: 22.6796%; height: 24px;\"><span style=\"font-size: 12pt;\"><strong><span style=\"font-family: arial, helvetica, sans-serif;\">Impression<\/span><\/strong><\/span><\/td>\n<td style=\"width: 77.3204%; height: 24px;\"><span style=\"font-family: arial, helvetica, sans-serif; font-size: 12pt;\">CMJN (1 \u00e0 8 couleurs), pas d&#039;impression (ordinaire)<\/span><\/td>\n<\/tr>\n<tr style=\"height: 40px; background-color: #99ccff;\">\n<td style=\"width: 22.6796%; height: 24px;\"><span style=\"font-size: 12pt;\"><strong><span style=\"font-family: arial, helvetica, sans-serif;\">Finition<\/span><\/strong><\/span><\/td>\n<td style=\"width: 77.3204%; height: 24px;\"><span style=\"font-family: arial, helvetica, sans-serif; font-size: 12pt;\">Stratification brillante\/mate<\/span><\/td>\n<\/tr>\n<tr style=\"height: 40px; background-color: #ebebeb;\">\n<td style=\"width: 22.6796%; height: 24px;\"><span style=\"font-size: 12pt;\"><strong><span style=\"font-family: arial, helvetica, sans-serif;\">Options incluses<\/span><\/strong><\/span><\/td>\n<td style=\"width: 77.3204%; height: 24px;\"><span style=\"font-family: arial, helvetica, sans-serif; font-size: 12pt;\">D\u00e9coupe<\/span><\/td>\n<\/tr>\n<tr style=\"height: 40px; background-color: #99ccff;\">\n<td style=\"width: 22.6796%; height: 24px;\"><span style=\"font-size: 12pt;\"><strong><span style=\"font-family: arial, helvetica, sans-serif;\">Preuve<\/span><\/strong><\/span><\/td>\n<td style=\"width: 77.3204%; height: 24px;\"><span style=\"font-family: arial, helvetica, sans-serif; font-size: 12pt;\">Preuves d&#039;odeur<\/span><\/td>\n<\/tr>\n<tr style=\"height: 40px; background-color: #ebebeb;\">\n<td style=\"width: 22.6796%; height: 24px;\"><span style=\"font-size: 12pt;\"><strong><span style=\"font-family: arial, helvetica, sans-serif;\">D\u00e9lai d&#039;ex\u00e9cution<\/span><\/strong><\/span><\/td>\n<td style=\"width: 77.3204%; height: 24px;\"><span style=\"font-family: arial, helvetica, sans-serif; font-size: 12pt;\">7 \u00e0 15 jours ouvrables, RUSH<\/span><\/td>\n<\/tr>\n<tr style=\"height: 40px; background-color: #99ccff;\">\n<td style=\"width: 22.6796%; height: 24px;\"><span style=\"font-size: 12pt;\"><strong><span style=\"font-family: arial, helvetica, sans-serif;\">Exp\u00e9dition<\/span><\/strong><\/span><\/td>\n<td style=\"width: 77.3204%; height: 24px;\"><span style=\"font-family: arial, helvetica, sans-serif; font-size: 12pt;\">Air, Mer, Express<\/span><\/td>\n<\/tr>\n<\/tbody>\n<\/table>\n<p>&nbsp;<\/p>","protected":false},"featured_media":1471,"comment_status":"open","ping_status":"closed","template":"","meta":[],"product_brand":[],"product_cat":[26,20,18],"product_tag":[],"class_list":{"0":"post-1470","1":"product","2":"type-product","3":"status-publish","4":"has-post-thumbnail","6":"product_cat-food-packaging","7":"product_cat-kraft-paper-bag","8":"product_cat-zipper-bags","10":"first","11":"instock","12":"shipping-taxable","13":"product-type-simple"},"_links":{"self":[{"href":"https:\/\/polysmarts.com\/fr\/wp-json\/wp\/v2\/product\/1470","targetHints":{"allow":["GET"]}}],"collection":[{"href":"https:\/\/polysmarts.com\/fr\/wp-json\/wp\/v2\/product"}],"about":[{"href":"https:\/\/polysmarts.com\/fr\/wp-json\/wp\/v2\/types\/product"}],"replies":[{"embeddable":true,"href":"https:\/\/polysmarts.com\/fr\/wp-json\/wp\/v2\/comments?post=1470"}],"version-history":[{"count":1,"href":"https:\/\/polysmarts.com\/fr\/wp-json\/wp\/v2\/product\/1470\/revisions"}],"predecessor-version":[{"id":1477,"href":"https:\/\/polysmarts.com\/fr\/wp-json\/wp\/v2\/product\/1470\/revisions\/1477"}],"wp:featuredmedia":[{"embeddable":true,"href":"https:\/\/polysmarts.com\/fr\/wp-json\/wp\/v2\/media\/1471"}],"wp:attachment":[{"href":"https:\/\/polysmarts.com\/fr\/wp-json\/wp\/v2\/media?parent=1470"}],"wp:term":[{"taxonomy":"product_brand","embeddable":true,"href":"https:\/\/polysmarts.com\/fr\/wp-json\/wp\/v2\/product_brand?post=1470"},{"taxonomy":"product_cat","embeddable":true,"href":"https:\/\/polysmarts.com\/fr\/wp-json\/wp\/v2\/product_cat?post=1470"},{"taxonomy":"product_tag","embeddable":true,"href":"https:\/\/polysmarts.com\/fr\/wp-json\/wp\/v2\/product_tag?post=1470"}],"curies":[{"name":"wp","href":"https:\/\/api.w.org\/{rel}","templated":true}]}}