{"id":1455,"date":"2024-01-02T11:27:27","date_gmt":"2024-01-02T11:27:27","guid":{"rendered":"https:\/\/polysmarts.com\/?post_type=product&#038;p=1455"},"modified":"2024-01-02T11:37:01","modified_gmt":"2024-01-02T11:37:01","slug":"sacs-demballage-de-the-vert-imprimes-sur-mesure-avec-logo","status":"publish","type":"product","link":"https:\/\/polysmarts.com\/fr\/product\/custom-printed-green-tea-packaging-bags-with-logo\/","title":{"rendered":"Sacs d&#039;emballage de th\u00e9 vert imprim\u00e9s par coutume avec logo"},"content":{"rendered":"<p>Large gamme d&#039;applications : nos sacs \u00e0 fermeture \u00e9clair sont con\u00e7us \u00e0 des fins multiples, offrant une protection \u00e9tanche lorsqu&#039;ils sont bien ferm\u00e9s. Parfait pour les bonbons, les bijoux, les biscuits, les sachets, les contenants anti-odeurs, le stockage des sandwichs, les articles de dispensaire, les collations, les produits frais, le stockage d&#039;\u00e9chantillons, et plus encore.<\/p>\n<p>\u3010Sacs anti-odeurs de qualit\u00e9 sup\u00e9rieure\u3011 : la doublure du sac est fabriqu\u00e9e \u00e0 partir de papier d&#039;aluminium de haute qualit\u00e9, garantissant une r\u00e9sistance et une t\u00e9nacit\u00e9 exceptionnelles. Il conserve sa forme m\u00eame apr\u00e8s une utilisation r\u00e9p\u00e9t\u00e9e et garantit un stockage \u00e0 long terme. Ces petits sacs d&#039;emballage pr\u00e9sentent une excellente r\u00e9sistance \u00e0 la d\u00e9chirure, \u00e0 la perforation, \u00e0 l&#039;eau et \u00e0 la stabilit\u00e9 globale.<\/p>\n<p>\u3010Convivial et recyclable\u3011 : nos sacs anti-odeurs sont recyclables, permettant une utilisation r\u00e9p\u00e9t\u00e9e. Le joint \u00e9tanche garantit la durabilit\u00e9 et \u00e9vite toute fuite. Ouvrez et fermez simplement la partie zipp\u00e9e en toute simplicit\u00e9. La fen\u00eatre mate visible au milieu vous permet d&#039;identifier le contenu sans compromettre le sceau. N&#039;oubliez jamais de bien fermer la fermeture \u00e9clair pour conserver la fra\u00eecheur et \u00e9viter les fuites.<\/p>\n<p>\u3010Sacs refermables \u00e0 fermeture \u00e9clair\u3011 : \u00e9quip\u00e9s d&#039;une bande d&#039;\u00e9tanch\u00e9it\u00e9, nos sacs refermables facilitent l&#039;ouverture et la fermeture. Id\u00e9al pour prot\u00e9ger les articles fr\u00e9quemment utilis\u00e9s contre les insectes, les odeurs, l&#039;humidit\u00e9, etc. Parfait pour stocker des \u00e9pices, des sels de bain, des noix, de l&#039;avoine, des biscuits, des bonbons, des c\u00e9r\u00e9ales, du granola, des grains de caf\u00e9, de la cire fondue, des c\u00e9r\u00e9ales, des friandises pour animaux de compagnie, des graines, des friandises et des bombes de bain.<\/p>\n<p>\u3010Conception r\u00e9fl\u00e9chie\u3011 : les coins arrondis des sacs \u00e0 collation emp\u00eachent les rayures de la peau pendant l&#039;utilisation. La conception de l&#039;encoche en forme de U facilite le d\u00e9chirement par les clients. La fermeture \u00e9clair serr\u00e9e sur le dessus garantit une fermeture refermable et une ouverture et une fermeture sans effort. La fen\u00eatre de visualisation mate au milieu permet une identification facile des produits stock\u00e9s. De plus, le fond du sac herm\u00e9tique se d\u00e9plie, lui permettant de tenir debout pour un rangement pratique. Choisissez nos sacs \u00e0 fermeture \u00e9clair conviviaux avec un design humanis\u00e9 pour vos besoins de stockage.<\/p>","protected":false},"excerpt":{"rendered":"<table style=\"height: 360px; width: 99.8505%; border-collapse: collapse;\" border=\"2\">\n<tbody>\n<tr style=\"height: 40px;\">\n<td style=\"width: 22.6796%; height: 30px; background-color: #99ccff;\"><span style=\"font-family: arial, helvetica, sans-serif; font-size: 12pt;\"><strong>Dimensions et style<\/strong><\/span><\/td>\n<td style=\"width: 77.3204%; height: 30px; background-color: #99ccff;\"><span style=\"font-family: arial, helvetica, sans-serif; font-size: 12pt;\">Formes et tailles personnalis\u00e9es<\/span><\/td>\n<\/tr>\n<tr style=\"height: 40px;\">\n<td style=\"width: 22.6796%; height: 34px; background-color: #ebebeb;\"><span style=\"font-size: 12pt;\"><strong><span style=\"font-family: arial, helvetica, sans-serif;\">Quantit\u00e9 minimum d&#039;achat<\/span><\/strong><\/span><\/td>\n<td style=\"width: 77.3204%; height: 34px; background-color: #ebebeb;\"><span style=\"font-family: arial, helvetica, sans-serif; font-size: 12pt;\">1000 pi\u00e8ces sans personnalisation, 10000 pi\u00e8ces pour personnalisation<\/span><\/td>\n<\/tr>\n<tr style=\"height: 40px; background-color: #99ccff;\">\n<td style=\"width: 22.6796%; height: 24px;\"><span style=\"font-size: 12pt;\"><strong><span style=\"font-family: arial, helvetica, sans-serif;\">Type d&#039;emballage<\/span><\/strong><\/span><\/td>\n<td style=\"width: 77.3204%; height: 24px;\"><span style=\"font-family: arial, helvetica, sans-serif; font-size: 12pt;\">Pochette debout<\/span><\/td>\n<\/tr>\n<tr style=\"height: 40px; background-color: #ebebeb;\">\n<td style=\"width: 22.6796%; height: 24px;\"><span style=\"font-size: 12pt;\"><strong><span style=\"font-family: arial, helvetica, sans-serif;\">Impression<\/span><\/strong><\/span><\/td>\n<td style=\"width: 77.3204%; height: 24px;\"><span style=\"font-family: arial, helvetica, sans-serif; font-size: 12pt;\">CMJN (1 \u00e0 10 couleurs), pas d&#039;impression (ordinaire)<\/span><\/td>\n<\/tr>\n<tr style=\"height: 40px; background-color: #99ccff;\">\n<td style=\"width: 22.6796%; height: 24px;\"><span style=\"font-size: 12pt;\"><strong><span style=\"font-family: arial, helvetica, sans-serif;\">Finition<\/span><\/strong><\/span><\/td>\n<td style=\"width: 77.3204%; height: 24px;\"><span style=\"font-family: arial, helvetica, sans-serif; font-size: 12pt;\">Stratification brillante\/mate, impression offset<\/span><\/td>\n<\/tr>\n<tr style=\"height: 40px; background-color: #ebebeb;\">\n<td style=\"width: 22.6796%; height: 24px;\"><span style=\"font-size: 12pt;\"><strong><span style=\"font-family: arial, helvetica, sans-serif;\">Options incluses<\/span><\/strong><\/span><\/td>\n<td style=\"width: 77.3204%; height: 24px;\"><span style=\"font-family: arial, helvetica, sans-serif; font-size: 12pt;\">D\u00e9coupe, thermoscellage<\/span><\/td>\n<\/tr>\n<tr style=\"height: 40px; background-color: #99ccff;\">\n<td style=\"width: 22.6796%; height: 24px;\"><span style=\"font-size: 12pt;\"><strong><span style=\"font-family: arial, helvetica, sans-serif;\">Preuve<\/span><\/strong><\/span><\/td>\n<td style=\"width: 77.3204%; height: 24px;\"><span style=\"font-family: arial, helvetica, sans-serif; font-size: 12pt;\">Preuves d&#039;odeur\u00a0<\/span><\/td>\n<\/tr>\n<tr style=\"height: 40px; background-color: #ebebeb;\">\n<td style=\"width: 22.6796%; height: 24px;\"><span style=\"font-size: 12pt;\"><strong><span style=\"font-family: arial, helvetica, sans-serif;\">D\u00e9lai d&#039;ex\u00e9cution<\/span><\/strong><\/span><\/td>\n<td style=\"width: 77.3204%; height: 24px;\"><span style=\"font-family: arial, helvetica, sans-serif; font-size: 12pt;\">7 \u00e0 15 jours ouvrables, RUSH<\/span><\/td>\n<\/tr>\n<tr style=\"height: 40px; background-color: #99ccff;\">\n<td style=\"width: 22.6796%; height: 24px;\"><span style=\"font-size: 12pt;\"><strong><span style=\"font-family: arial, helvetica, sans-serif;\">Exp\u00e9dition<\/span><\/strong><\/span><\/td>\n<td style=\"width: 77.3204%; height: 24px;\"><span style=\"font-family: arial, helvetica, sans-serif; font-size: 12pt;\">Air, Mer, Express<\/span><\/td>\n<\/tr>\n<\/tbody>\n<\/table>\n<p>&nbsp;<\/p>","protected":false},"featured_media":1456,"comment_status":"open","ping_status":"closed","template":"","meta":[],"product_brand":[],"product_cat":[27,18],"product_tag":[],"class_list":{"0":"post-1455","1":"product","2":"type-product","3":"status-publish","4":"has-post-thumbnail","6":"product_cat-coffee-and-tea-packaging","7":"product_cat-zipper-bags","9":"first","10":"instock","11":"shipping-taxable","12":"product-type-simple"},"_links":{"self":[{"href":"https:\/\/polysmarts.com\/fr\/wp-json\/wp\/v2\/product\/1455","targetHints":{"allow":["GET"]}}],"collection":[{"href":"https:\/\/polysmarts.com\/fr\/wp-json\/wp\/v2\/product"}],"about":[{"href":"https:\/\/polysmarts.com\/fr\/wp-json\/wp\/v2\/types\/product"}],"replies":[{"embeddable":true,"href":"https:\/\/polysmarts.com\/fr\/wp-json\/wp\/v2\/comments?post=1455"}],"version-history":[{"count":2,"href":"https:\/\/polysmarts.com\/fr\/wp-json\/wp\/v2\/product\/1455\/revisions"}],"predecessor-version":[{"id":1463,"href":"https:\/\/polysmarts.com\/fr\/wp-json\/wp\/v2\/product\/1455\/revisions\/1463"}],"wp:featuredmedia":[{"embeddable":true,"href":"https:\/\/polysmarts.com\/fr\/wp-json\/wp\/v2\/media\/1456"}],"wp:attachment":[{"href":"https:\/\/polysmarts.com\/fr\/wp-json\/wp\/v2\/media?parent=1455"}],"wp:term":[{"taxonomy":"product_brand","embeddable":true,"href":"https:\/\/polysmarts.com\/fr\/wp-json\/wp\/v2\/product_brand?post=1455"},{"taxonomy":"product_cat","embeddable":true,"href":"https:\/\/polysmarts.com\/fr\/wp-json\/wp\/v2\/product_cat?post=1455"},{"taxonomy":"product_tag","embeddable":true,"href":"https:\/\/polysmarts.com\/fr\/wp-json\/wp\/v2\/product_tag?post=1455"}],"curies":[{"name":"wp","href":"https:\/\/api.w.org\/{rel}","templated":true}]}}