{"id":1281,"date":"2023-12-14T07:26:30","date_gmt":"2023-12-14T07:26:30","guid":{"rendered":"https:\/\/polysmarts.com\/?post_type=product&#038;p=1281"},"modified":"2024-03-27T03:03:38","modified_gmt":"2024-03-27T03:03:38","slug":"sac-mylar-personnalise-3-5g-7g-1oz-1lb-avec-fermeture-a-glissiere","status":"publish","type":"product","link":"https:\/\/polysmarts.com\/fr\/product\/custom-3-5g-7g-1oz-1lb-mylar-bag-with-zipper\/","title":{"rendered":"Sac Mylar personnalis\u00e9 3,5 g\/7 g\/1 oz\/1 lb avec fermeture \u00e0 glissi\u00e8re"},"content":{"rendered":"<p><strong>Nom du produit\u00a0:<\/strong> Emballage de pochette debout refermable anti-odeur avec impression personnalis\u00e9e - Sac Mylar de 3,5 g\/7 g\/1 oz\/1 lb avec fermeture \u00e0 glissi\u00e8re<\/p>\n<p><strong>Application:<\/strong> Id\u00e9al pour emballer du caf\u00e9, des chips, des snacks, des noix ou tout autre produit que vous souhaitez conserver et exposer de mani\u00e8re s\u00e9curis\u00e9e et visuellement attrayante.<\/p>\n<p><strong>Construction mat\u00e9rielle\u00a0:<\/strong> Construit avec des mat\u00e9riaux de qualit\u00e9 sup\u00e9rieure pour une fra\u00eecheur et une durabilit\u00e9 optimales. Le sac est fabriqu\u00e9 \u00e0 partir d&#039;un nouveau mat\u00e9riau, comprenant une couche de PET (poly\u00e9thyl\u00e8ne t\u00e9r\u00e9phtalate) pour plus de r\u00e9sistance, de VMPET (polyester m\u00e9tallis\u00e9 sous vide) pour la r\u00e9sistance \u00e0 l&#039;humidit\u00e9 et de PE (poly\u00e9thyl\u00e8ne) pour la flexibilit\u00e9 et la scellabilit\u00e9.<\/p>\n<p><strong>Type de sac\u00a0:<\/strong> Sac pochette debout avec fermeture \u00e9clair \u2013 con\u00e7u \u00e0 la fois pour la praticit\u00e9 et la pr\u00e9sentation, permettant un rangement et un acc\u00e8s faciles.<\/p>\n<p><strong>\u00c9paisseur:<\/strong> G\u00e9n\u00e9ralement compris entre 100 et 180 microns, selon les exigences de poids ou de capacit\u00e9. Cela garantit une solution d\u2019emballage robuste et fiable pour divers contenus.<\/p>\n<p><strong>Dimension:<\/strong> Con\u00e7u pour s&#039;adapter aux tailles sp\u00e9cifiques du contenu du sac. Pour des mesures pr\u00e9cises, veuillez nous consulter ou demander un \u00e9chantillon afin que l&#039;emballage s&#039;adapte parfaitement \u00e0 votre produit.<\/p>\n<p><strong>Couleurs:<\/strong> Nous proposons une large gamme d&#039;options de personnalisation bas\u00e9es sur les illustrations fournies par les clients. Nos capacit\u00e9s d\u2019impression permettent de cr\u00e9er des designs dynamiques et accrocheurs qui refl\u00e8tent l\u2019identit\u00e9 de votre marque. Adoptez la personnalisation de l\u2019impression couleur pour que votre produit se d\u00e9marque dans les rayons.<\/p>\n<p><strong>Caract\u00e9ristiques:<\/strong><\/p>\n<ul>\n<li><strong>R\u00e9siste \u00e0 l&#039;humidit\u00e9:<\/strong> Prot\u00e8ge le contenu de l&#039;humidit\u00e9 pour conserver la fra\u00eecheur.<\/li>\n<li><strong>Isolation \u00e0 l&#039;oxyg\u00e8ne\u00a0:<\/strong> Pr\u00e9serve le produit en emp\u00eachant l&#039;exposition \u00e0 l&#039;oxyg\u00e8ne.<\/li>\n<li><strong>Ombres:<\/strong> Prot\u00e8ge le contenu de la lumi\u00e8re pour garantir l&#039;int\u00e9grit\u00e9 du produit.<\/li>\n<li><strong>Bonne qualit\u00e9:<\/strong> La conception debout am\u00e9liore la pr\u00e9sence sur les \u00e9tag\u00e8res et la facilit\u00e9 d&#039;utilisation.<\/li>\n<li><strong>Haut \u00e0 fermeture \u00e9clair\u00a0:<\/strong> La fermeture \u00e9clair refermable offre un acc\u00e8s pratique et une fermeture s\u00e9curis\u00e9e, permettant une utilisation r\u00e9p\u00e9t\u00e9e.<\/li>\n<\/ul>\n<p><strong>Application sp\u00e9cifique:<\/strong> Parfait pour diverses entreprises, notamment les snacks, les caf\u00e9s et les \u00e9tablissements proposant des produits de boulangerie. Id\u00e9al pour emballer des noix, des noix, des fruits secs et bien plus encore. Am\u00e9liorez la pr\u00e9sentation de vos produits et maintenez la qualit\u00e9 de vos produits gr\u00e2ce \u00e0 cette solution d&#039;emballage polyvalente.<\/p>\n<p>Assurez-vous que votre produit r\u00e9pond aux normes les plus \u00e9lev\u00e9es en mati\u00e8re de fra\u00eecheur et d\u2019esth\u00e9tique gr\u00e2ce \u00e0 notre emballage en sachet vertical refermable et anti-odeur, imprim\u00e9 sur mesure.<\/p>","protected":false},"excerpt":{"rendered":"<table style=\"height: 360px; width: 99.8505%; border-collapse: collapse;\" border=\"2\">\n<tbody>\n<tr style=\"height: 40px;\">\n<td style=\"width: 22.6796%; height: 30px; background-color: #99ccff;\"><span style=\"font-family: arial, helvetica, sans-serif; font-size: 12pt;\"><strong>Dimensions et style<\/strong><\/span><\/td>\n<td style=\"width: 77.3204%; height: 30px; background-color: #99ccff;\"><span style=\"font-family: arial, helvetica, sans-serif; font-size: 12pt;\">Formes et tailles personnalis\u00e9es<\/span><\/td>\n<\/tr>\n<tr style=\"height: 40px;\">\n<td style=\"width: 22.6796%; height: 34px; background-color: #ebebeb;\"><span style=\"font-size: 12pt;\"><strong><span style=\"font-family: arial, helvetica, sans-serif;\">Quantit\u00e9 minimum d&#039;achat<\/span><\/strong><\/span><\/td>\n<td style=\"width: 77.3204%; height: 34px; background-color: #ebebeb;\"><span style=\"font-family: arial, helvetica, sans-serif; font-size: 12pt;\">1000 pi\u00e8ces sans personnalisation, 10000 pi\u00e8ces pour personnalisation<\/span><\/td>\n<\/tr>\n<tr style=\"height: 40px; background-color: #99ccff;\">\n<td style=\"width: 22.6796%; height: 24px;\"><span style=\"font-size: 12pt;\"><strong><span style=\"font-family: arial, helvetica, sans-serif;\">Type d&#039;emballage<\/span><\/strong><\/span><\/td>\n<td style=\"width: 77.3204%; height: 24px;\"><span style=\"font-family: arial, helvetica, sans-serif; font-size: 12pt;\">Pochette debout<\/span><\/td>\n<\/tr>\n<tr style=\"height: 40px; background-color: #ebebeb;\">\n<td style=\"width: 22.6796%; height: 24px;\"><span style=\"font-size: 12pt;\"><strong><span style=\"font-family: arial, helvetica, sans-serif;\">Impression<\/span><\/strong><\/span><\/td>\n<td style=\"width: 77.3204%; height: 24px;\"><span style=\"font-family: arial, helvetica, sans-serif; font-size: 12pt;\">CMJN (1 \u00e0 10 couleurs), pas d&#039;impression (ordinaire)<\/span><\/td>\n<\/tr>\n<tr style=\"height: 40px; background-color: #99ccff;\">\n<td style=\"width: 22.6796%; height: 24px;\"><span style=\"font-size: 12pt;\"><strong><span style=\"font-family: arial, helvetica, sans-serif;\">Finition<\/span><\/strong><\/span><\/td>\n<td style=\"width: 77.3204%; height: 24px;\"><span style=\"font-family: arial, helvetica, sans-serif; font-size: 12pt;\">Stratification brillante\/mate, impression offset<\/span><\/td>\n<\/tr>\n<tr style=\"height: 40px; background-color: #ebebeb;\">\n<td style=\"width: 22.6796%; height: 24px;\"><span style=\"font-size: 12pt;\"><strong><span style=\"font-family: arial, helvetica, sans-serif;\">Options incluses<\/span><\/strong><\/span><\/td>\n<td style=\"width: 77.3204%; height: 24px;\"><span style=\"font-family: arial, helvetica, sans-serif; font-size: 12pt;\">D\u00e9coupe, thermoscellage<\/span><\/td>\n<\/tr>\n<tr style=\"height: 40px; background-color: #99ccff;\">\n<td style=\"width: 22.6796%; height: 24px;\"><span style=\"font-size: 12pt;\"><strong><span style=\"font-family: arial, helvetica, sans-serif;\">Preuve<\/span><\/strong><\/span><\/td>\n<td style=\"width: 77.3204%; height: 24px;\"><span style=\"font-family: arial, helvetica, sans-serif; font-size: 12pt;\">Preuves d&#039;odeur\u00a0<\/span><\/td>\n<\/tr>\n<tr style=\"height: 40px; background-color: #ebebeb;\">\n<td style=\"width: 22.6796%; height: 24px;\"><span style=\"font-size: 12pt;\"><strong><span style=\"font-family: arial, helvetica, sans-serif;\">D\u00e9lai d&#039;ex\u00e9cution<\/span><\/strong><\/span><\/td>\n<td style=\"width: 77.3204%; height: 24px;\"><span style=\"font-family: arial, helvetica, sans-serif; font-size: 12pt;\">7 \u00e0 15 jours ouvrables, RUSH<\/span><\/td>\n<\/tr>\n<tr style=\"height: 40px; background-color: #99ccff;\">\n<td style=\"width: 22.6796%; height: 24px;\"><span style=\"font-size: 12pt;\"><strong><span style=\"font-family: arial, helvetica, sans-serif;\">Exp\u00e9dition<\/span><\/strong><\/span><\/td>\n<td style=\"width: 77.3204%; height: 24px;\"><span style=\"font-family: arial, helvetica, sans-serif; font-size: 12pt;\">Air, Mer, Express<\/span><\/td>\n<\/tr>\n<\/tbody>\n<\/table>\n<p>&nbsp;<\/p>","protected":false},"featured_media":1252,"comment_status":"open","ping_status":"closed","template":"","meta":[],"product_brand":[],"product_cat":[26,27,18],"product_tag":[],"class_list":{"0":"post-1281","1":"product","2":"type-product","3":"status-publish","4":"has-post-thumbnail","6":"product_cat-food-packaging","7":"product_cat-coffee-and-tea-packaging","8":"product_cat-zipper-bags","10":"first","11":"instock","12":"shipping-taxable","13":"product-type-simple"},"_links":{"self":[{"href":"https:\/\/polysmarts.com\/fr\/wp-json\/wp\/v2\/product\/1281","targetHints":{"allow":["GET"]}}],"collection":[{"href":"https:\/\/polysmarts.com\/fr\/wp-json\/wp\/v2\/product"}],"about":[{"href":"https:\/\/polysmarts.com\/fr\/wp-json\/wp\/v2\/types\/product"}],"replies":[{"embeddable":true,"href":"https:\/\/polysmarts.com\/fr\/wp-json\/wp\/v2\/comments?post=1281"}],"version-history":[{"count":2,"href":"https:\/\/polysmarts.com\/fr\/wp-json\/wp\/v2\/product\/1281\/revisions"}],"predecessor-version":[{"id":1283,"href":"https:\/\/polysmarts.com\/fr\/wp-json\/wp\/v2\/product\/1281\/revisions\/1283"}],"wp:featuredmedia":[{"embeddable":true,"href":"https:\/\/polysmarts.com\/fr\/wp-json\/wp\/v2\/media\/1252"}],"wp:attachment":[{"href":"https:\/\/polysmarts.com\/fr\/wp-json\/wp\/v2\/media?parent=1281"}],"wp:term":[{"taxonomy":"product_brand","embeddable":true,"href":"https:\/\/polysmarts.com\/fr\/wp-json\/wp\/v2\/product_brand?post=1281"},{"taxonomy":"product_cat","embeddable":true,"href":"https:\/\/polysmarts.com\/fr\/wp-json\/wp\/v2\/product_cat?post=1281"},{"taxonomy":"product_tag","embeddable":true,"href":"https:\/\/polysmarts.com\/fr\/wp-json\/wp\/v2\/product_tag?post=1281"}],"curies":[{"name":"wp","href":"https:\/\/api.w.org\/{rel}","templated":true}]}}