{"id":1276,"date":"2023-12-14T06:51:30","date_gmt":"2023-12-14T06:51:30","guid":{"rendered":"https:\/\/polysmarts.com\/?post_type=product&#038;p=1276"},"modified":"2023-12-14T07:04:22","modified_gmt":"2023-12-14T07:04:22","slug":"ziplock-noir-tenez-le-sac-en-papier-kraft","status":"publish","type":"product","link":"https:\/\/polysmarts.com\/fr\/product\/black-ziplock-stand-up-kraft-paper-bag\/","title":{"rendered":"Sac en papier kraft noir \u00e0 fermeture \u00e9clair"},"content":{"rendered":"<p><strong>Conception innovante de fen\u00eatre givr\u00e9e avec encoche facile \u00e0 ouvrir\u00a0:<\/strong> Nos sacs en papier refermables \u00e0 fermeture \u00e9clair pr\u00e9sentent un design de fen\u00eatre givr\u00e9 moderne et \u00e9l\u00e9gant, am\u00e9liorant la visibilit\u00e9 tout en conservant une apparence \u00e9l\u00e9gante. L&#039;ajout d&#039;une encoche pratique et facile \u00e0 ouvrir garantit un acc\u00e8s sans effort \u00e0 vos produits stock\u00e9s, ce qui les rend parfaits pour une vari\u00e9t\u00e9 d&#039;articles tels que les noix d&#039;\u00e9pices, les friandises pour chiens, le th\u00e9, la nourriture s\u00e8che, le granola, la viande s\u00e9ch\u00e9e et les biscuits.<\/p>\n<p><strong>Stockage polyvalent pour produits secs\u00a0:<\/strong> Si ces sacs excellent dans la conservation des produits secs, nous d\u00e9conseillons de les utiliser pour les liquides. Les mat\u00e9riaux et le design soigneusement s\u00e9lectionn\u00e9s visent \u00e0 pr\u00e9server la fra\u00eecheur et l&#039;int\u00e9grit\u00e9 des produits secs, offrant ainsi une solution de stockage optimale pour une gamme vari\u00e9e d&#039;articles.<\/p>\n<p><strong>Ext\u00e9rieur sans cire pour une personnalisation am\u00e9lior\u00e9e\u00a0:<\/strong> Nos pochettes en papier refermables pr\u00e9sentent un ext\u00e9rieur non cir\u00e9, permettant une adh\u00e9sion facile des tampons, de l&#039;encre, des autocollants et des \u00e9tiquettes. Bien que ces \u00e9l\u00e9ments adh\u00e8rent solidement et s\u00e8chent bien, il est essentiel de noter que l\u2019ouverture r\u00e9p\u00e9t\u00e9e de l\u2019\u00e9tiquette peut laisser une marque sur la surface.<\/p>\n<p><strong>Caract\u00e9ristiques refermables s\u00e9curis\u00e9es pour le verrouillage de la fra\u00eecheur\u00a0:<\/strong> La fermeture \u00e9clair \u00e0 fermeture \u00e9clair assure une fermeture s\u00e9curis\u00e9e, bloquant efficacement la fra\u00eecheur des articles stock\u00e9s \u00e0 l&#039;int\u00e9rieur. Pour plus de commodit\u00e9, le sac peut \u00eatre scell\u00e9 thermiquement au niveau de l&#039;ouverture sup\u00e9rieure, offrant ainsi une couche de s\u00e9curit\u00e9 suppl\u00e9mentaire. L&#039;option de thermoscellage permet un emballage inviolable, l&#039;encoche de d\u00e9chirure permettant un acc\u00e8s facile sans compromettre la fermeture.<\/p>\n<p><strong>Taille et capacit\u00e9 optimales pour divers produits\u00a0:<\/strong> Mesurant 12\u00d720 cm (4,7\u00d77,8 pouces), nos sacs offrent une taille polyvalente adapt\u00e9e \u00e0 une multitude de produits. Avec une capacit\u00e9 de 7,4 oz (210 g) pour les produits en poudre ou de 3,3 oz (95 g) pour les grains de caf\u00e9 entiers, ces sacs offrent l&#039;\u00e9quilibre parfait entre fonctionnalit\u00e9 et efficacit\u00e9 de l&#039;espace. La composition du mat\u00e9riau comprend du papier kraft\/Mattopp\/CPP, garantissant la durabilit\u00e9 et la protection de vos marchandises.<\/p>\n<p><strong>Options de personnalisation avec Polysmarts\u00a0:<\/strong> Chez Polysmarts, nous comprenons l&#039;importance des solutions sur mesure. C&#039;est pourquoi nous acceptons la personnalisation des mat\u00e9riaux et des tailles pour r\u00e9pondre \u00e0 vos besoins sp\u00e9cifiques. Associez-vous \u00e0 nous pour cr\u00e9er des emballages qui non seulement pr\u00e9servent vos produits, mais refl\u00e8tent \u00e9galement l&#039;identit\u00e9 et les valeurs uniques de votre marque.<\/p>","protected":false},"excerpt":{"rendered":"<table style=\"height: 360px; width: 99.8505%; border-collapse: collapse;\" border=\"2\">\n<tbody>\n<tr style=\"height: 40px;\">\n<td style=\"width: 22.6796%; height: 30px; background-color: #99ccff;\"><span style=\"font-family: arial, helvetica, sans-serif; font-size: 12pt;\"><strong>Dimensions et style<\/strong><\/span><\/td>\n<td style=\"width: 77.3204%; height: 30px; background-color: #99ccff;\"><span style=\"font-family: arial, helvetica, sans-serif; font-size: 12pt;\">Formes et tailles personnalis\u00e9es<\/span><\/td>\n<\/tr>\n<tr style=\"height: 40px;\">\n<td style=\"width: 22.6796%; height: 34px; background-color: #ebebeb;\"><span style=\"font-size: 12pt;\"><strong><span style=\"font-family: arial, helvetica, sans-serif;\">Quantit\u00e9 minimum d&#039;achat<\/span><\/strong><\/span><\/td>\n<td style=\"width: 77.3204%; height: 34px; background-color: #ebebeb;\"><span style=\"font-family: arial, helvetica, sans-serif; font-size: 12pt;\">1000 pi\u00e8ces sans personnalisation, 10000 pi\u00e8ces pour personnalisation<\/span><\/td>\n<\/tr>\n<tr style=\"height: 40px; background-color: #99ccff;\">\n<td style=\"width: 22.6796%; height: 24px;\"><span style=\"font-size: 12pt;\"><strong><span style=\"font-family: arial, helvetica, sans-serif;\">Type d&#039;emballage<\/span><\/strong><\/span><\/td>\n<td style=\"width: 77.3204%; height: 24px;\"><span style=\"font-family: arial, helvetica, sans-serif; font-size: 12pt;\">Tenez les sacs en papier kraft<\/span><\/td>\n<\/tr>\n<tr style=\"height: 40px; background-color: #ebebeb;\">\n<td style=\"width: 22.6796%; height: 24px;\"><span style=\"font-size: 12pt;\"><strong><span style=\"font-family: arial, helvetica, sans-serif;\">Impression<\/span><\/strong><\/span><\/td>\n<td style=\"width: 77.3204%; height: 24px;\"><span style=\"font-family: arial, helvetica, sans-serif; font-size: 12pt;\">CMJN (1 \u00e0 8 couleurs), pas d&#039;impression (ordinaire)<\/span><\/td>\n<\/tr>\n<tr style=\"height: 40px; background-color: #99ccff;\">\n<td style=\"width: 22.6796%; height: 24px;\"><span style=\"font-size: 12pt;\"><strong><span style=\"font-family: arial, helvetica, sans-serif;\">Finition<\/span><\/strong><\/span><\/td>\n<td style=\"width: 77.3204%; height: 24px;\"><span style=\"font-family: arial, helvetica, sans-serif; font-size: 12pt;\">Stratification brillante\/mate<\/span><\/td>\n<\/tr>\n<tr style=\"height: 40px; background-color: #ebebeb;\">\n<td style=\"width: 22.6796%; height: 24px;\"><span style=\"font-size: 12pt;\"><strong><span style=\"font-family: arial, helvetica, sans-serif;\">Options incluses<\/span><\/strong><\/span><\/td>\n<td style=\"width: 77.3204%; height: 24px;\"><span style=\"font-family: arial, helvetica, sans-serif; font-size: 12pt;\">D\u00e9coupe<\/span><\/td>\n<\/tr>\n<tr style=\"height: 40px; background-color: #99ccff;\">\n<td style=\"width: 22.6796%; height: 24px;\"><span style=\"font-size: 12pt;\"><strong><span style=\"font-family: arial, helvetica, sans-serif;\">Preuve<\/span><\/strong><\/span><\/td>\n<td style=\"width: 77.3204%; height: 24px;\"><span style=\"font-family: arial, helvetica, sans-serif; font-size: 12pt;\">Preuves d&#039;odeur<\/span><\/td>\n<\/tr>\n<tr style=\"height: 40px; background-color: #ebebeb;\">\n<td style=\"width: 22.6796%; height: 24px;\"><span style=\"font-size: 12pt;\"><strong><span style=\"font-family: arial, helvetica, sans-serif;\">D\u00e9lai d&#039;ex\u00e9cution<\/span><\/strong><\/span><\/td>\n<td style=\"width: 77.3204%; height: 24px;\"><span style=\"font-family: arial, helvetica, sans-serif; font-size: 12pt;\">7 \u00e0 15 jours ouvrables, RUSH<\/span><\/td>\n<\/tr>\n<tr style=\"height: 40px; background-color: #99ccff;\">\n<td style=\"width: 22.6796%; height: 24px;\"><span style=\"font-size: 12pt;\"><strong><span style=\"font-family: arial, helvetica, sans-serif;\">Exp\u00e9dition<\/span><\/strong><\/span><\/td>\n<td style=\"width: 77.3204%; height: 24px;\"><span style=\"font-family: arial, helvetica, sans-serif; font-size: 12pt;\">Air, Mer, Express<\/span><\/td>\n<\/tr>\n<\/tbody>\n<\/table>\n<p>&nbsp;<\/p>","protected":false},"featured_media":1254,"comment_status":"open","ping_status":"closed","template":"","meta":[],"product_brand":[],"product_cat":[26,20],"product_tag":[],"class_list":{"0":"post-1276","1":"product","2":"type-product","3":"status-publish","4":"has-post-thumbnail","6":"product_cat-food-packaging","7":"product_cat-kraft-paper-bag","9":"first","10":"instock","11":"shipping-taxable","12":"product-type-simple"},"_links":{"self":[{"href":"https:\/\/polysmarts.com\/fr\/wp-json\/wp\/v2\/product\/1276","targetHints":{"allow":["GET"]}}],"collection":[{"href":"https:\/\/polysmarts.com\/fr\/wp-json\/wp\/v2\/product"}],"about":[{"href":"https:\/\/polysmarts.com\/fr\/wp-json\/wp\/v2\/types\/product"}],"replies":[{"embeddable":true,"href":"https:\/\/polysmarts.com\/fr\/wp-json\/wp\/v2\/comments?post=1276"}],"version-history":[{"count":2,"href":"https:\/\/polysmarts.com\/fr\/wp-json\/wp\/v2\/product\/1276\/revisions"}],"predecessor-version":[{"id":1278,"href":"https:\/\/polysmarts.com\/fr\/wp-json\/wp\/v2\/product\/1276\/revisions\/1278"}],"wp:featuredmedia":[{"embeddable":true,"href":"https:\/\/polysmarts.com\/fr\/wp-json\/wp\/v2\/media\/1254"}],"wp:attachment":[{"href":"https:\/\/polysmarts.com\/fr\/wp-json\/wp\/v2\/media?parent=1276"}],"wp:term":[{"taxonomy":"product_brand","embeddable":true,"href":"https:\/\/polysmarts.com\/fr\/wp-json\/wp\/v2\/product_brand?post=1276"},{"taxonomy":"product_cat","embeddable":true,"href":"https:\/\/polysmarts.com\/fr\/wp-json\/wp\/v2\/product_cat?post=1276"},{"taxonomy":"product_tag","embeddable":true,"href":"https:\/\/polysmarts.com\/fr\/wp-json\/wp\/v2\/product_tag?post=1276"}],"curies":[{"name":"wp","href":"https:\/\/api.w.org\/{rel}","templated":true}]}}