{"id":1273,"date":"2023-12-14T06:30:05","date_gmt":"2023-12-14T06:30:05","guid":{"rendered":"https:\/\/polysmarts.com\/?post_type=product&#038;p=1273"},"modified":"2023-12-14T07:03:26","modified_gmt":"2023-12-14T07:03:26","slug":"pochette-a-fermeture-eclair-en-papier-kraft-blanc-refermable","status":"publish","type":"product","link":"https:\/\/polysmarts.com\/fr\/product\/resealable-white-kraft-paper-stand-up-zipper-pouch\/","title":{"rendered":"Le papier kraft blanc refermable tient la pochette \u00e0 fermeture \u00e9clair"},"content":{"rendered":"<p>Am\u00e9liorez les d\u00e9tails de la description de votre sac en papier Kraft en vous concentrant sur ses caract\u00e9ristiques, ses avantages et ses options de personnalisation\u00a0:<\/p>\n<p><strong>Mat\u00e9riaux de haute qualit\u00e9 pour un emballage durable\u00a0:<\/strong> Nos sacs en papier kraft sont m\u00e9ticuleusement fabriqu\u00e9s \u00e0 partir de mat\u00e9riaux kraft de premi\u00e8re qualit\u00e9, garantissant durabilit\u00e9 et r\u00e9sistance. L&#039;incorporation d&#039;une fen\u00eatre en plastique am\u00e9liore non seulement la visibilit\u00e9 mais r\u00e9pond \u00e9galement aux normes de s\u00e9curit\u00e9 alimentaire. Nous accordons la priorit\u00e9 au respect de l\u2019environnement en proposant une solution d\u2019emballage qui correspond \u00e0 votre engagement en faveur du d\u00e9veloppement durable.<\/p>\n<p><strong>Conception refermable innovante pour une fra\u00eecheur prolong\u00e9e\u00a0:<\/strong> Nos sacs sont \u00e9quip\u00e9s d&#039;une fermeture \u00e9clair refermable conviviale et d&#039;encoches de d\u00e9chirure. Cette conception polyvalente permet de sceller manuellement la fermeture \u00e9clair ou de la thermosceller au-dessus, vous offrant ainsi la flexibilit\u00e9 de choisir la m\u00e9thode la plus appropri\u00e9e pour maintenir la fra\u00eecheur de vos articles stock\u00e9s.<\/p>\n<p><strong>Pochettes verticales pratiques pour un rangement et une visibilit\u00e9 faciles\u00a0:<\/strong> La conception de la pochette verticale assure un rangement pratique, permettant au sac de tenir en toute s\u00e9curit\u00e9 sur des \u00e9tag\u00e8res ou des comptoirs. La fen\u00eatre rectangulaire ajoute une touche pratique, permettant une identification sans effort du contenu \u00e0 l&#039;int\u00e9rieur. Cette fonctionnalit\u00e9 am\u00e9liore l&#039;accessibilit\u00e9 et l&#039;efficacit\u00e9 de vos processus de stockage et d&#039;organisation.<\/p>\n<p><strong>Tailles assorties pour r\u00e9pondre \u00e0 vos besoins sp\u00e9cifiques :<\/strong> Choisissez parmi une gamme de tailles, dont 9*14 cm, 10*15 cm, 12*20 cm, 14*20 cm, 15*22 cm, 17*24 cm, 18*26 cm, 20*30 cm, 23*33 cm, 25*35 cm, 30*. 40 cm, ou optez pour des dimensions personnalis\u00e9es pour s&#039;adapter parfaitement \u00e0 vos besoins. Cette flexibilit\u00e9 garantit que vous pouvez trouver la solution d&#039;emballage id\u00e9ale pour divers produits, des petits articles aux produits plus volumineux.<\/p>\n<p><strong>Solutions sur mesure de Polysmarts Packaging\u00a0:<\/strong> Chez Polysmarts Packaging, nous sommes fiers d&#039;offrir des d\u00e9tails personnalisables pour r\u00e9pondre \u00e0 vos besoins uniques. Qu&#039;il s&#039;agisse de dimensions sp\u00e9cifiques, de marque ou de fonctionnalit\u00e9s suppl\u00e9mentaires, nous travaillons en \u00e9troite collaboration avec vous pour cr\u00e9er un emballage qui s&#039;aligne parfaitement avec votre identit\u00e9 de marque et vos exigences en mati\u00e8re de produits.<\/p>\n<p>Choisissez Polysmarts Packaging pour une solution d&#039;emballage compl\u00e8te et durable qui allie fonctionnalit\u00e9, respect de l&#039;environnement et personnalisation pour am\u00e9liorer les capacit\u00e9s de pr\u00e9sentation et de stockage de votre marque.<\/p>","protected":false},"excerpt":{"rendered":"<table style=\"height: 360px; width: 99.8505%; border-collapse: collapse;\" border=\"2\">\n<tbody>\n<tr style=\"height: 40px;\">\n<td style=\"width: 22.6796%; height: 30px; background-color: #99ccff;\"><span style=\"font-family: arial, helvetica, sans-serif; font-size: 12pt;\"><strong>Dimensions et style<\/strong><\/span><\/td>\n<td style=\"width: 77.3204%; height: 30px; background-color: #99ccff;\"><span style=\"font-family: arial, helvetica, sans-serif; font-size: 12pt;\">Formes et tailles personnalis\u00e9es<\/span><\/td>\n<\/tr>\n<tr style=\"height: 40px;\">\n<td style=\"width: 22.6796%; height: 34px; background-color: #ebebeb;\"><span style=\"font-size: 12pt;\"><strong><span style=\"font-family: arial, helvetica, sans-serif;\">Quantit\u00e9 minimum d&#039;achat<\/span><\/strong><\/span><\/td>\n<td style=\"width: 77.3204%; height: 34px; background-color: #ebebeb;\"><span style=\"font-family: arial, helvetica, sans-serif; font-size: 12pt;\">1000 pi\u00e8ces sans personnalisation, 10000 pi\u00e8ces pour personnalisation<\/span><\/td>\n<\/tr>\n<tr style=\"height: 40px; background-color: #99ccff;\">\n<td style=\"width: 22.6796%; height: 24px;\"><span style=\"font-size: 12pt;\"><strong><span style=\"font-family: arial, helvetica, sans-serif;\">Type d&#039;emballage<\/span><\/strong><\/span><\/td>\n<td style=\"width: 77.3204%; height: 24px;\"><span style=\"font-family: arial, helvetica, sans-serif; font-size: 12pt;\">Tenez les sacs en papier kraft<\/span><\/td>\n<\/tr>\n<tr style=\"height: 40px; background-color: #ebebeb;\">\n<td style=\"width: 22.6796%; height: 24px;\"><span style=\"font-size: 12pt;\"><strong><span style=\"font-family: arial, helvetica, sans-serif;\">Impression<\/span><\/strong><\/span><\/td>\n<td style=\"width: 77.3204%; height: 24px;\"><span style=\"font-family: arial, helvetica, sans-serif; font-size: 12pt;\">CMJN (1 \u00e0 8 couleurs), pas d&#039;impression (ordinaire)<\/span><\/td>\n<\/tr>\n<tr style=\"height: 40px; background-color: #99ccff;\">\n<td style=\"width: 22.6796%; height: 24px;\"><span style=\"font-size: 12pt;\"><strong><span style=\"font-family: arial, helvetica, sans-serif;\">Finition<\/span><\/strong><\/span><\/td>\n<td style=\"width: 77.3204%; height: 24px;\"><span style=\"font-family: arial, helvetica, sans-serif; font-size: 12pt;\">Stratification brillante\/mate<\/span><\/td>\n<\/tr>\n<tr style=\"height: 40px; background-color: #ebebeb;\">\n<td style=\"width: 22.6796%; height: 24px;\"><span style=\"font-size: 12pt;\"><strong><span style=\"font-family: arial, helvetica, sans-serif;\">Options incluses<\/span><\/strong><\/span><\/td>\n<td style=\"width: 77.3204%; height: 24px;\"><span style=\"font-family: arial, helvetica, sans-serif; font-size: 12pt;\">D\u00e9coupe<\/span><\/td>\n<\/tr>\n<tr style=\"height: 40px; background-color: #99ccff;\">\n<td style=\"width: 22.6796%; height: 24px;\"><span style=\"font-size: 12pt;\"><strong><span style=\"font-family: arial, helvetica, sans-serif;\">Preuve<\/span><\/strong><\/span><\/td>\n<td style=\"width: 77.3204%; height: 24px;\"><span style=\"font-family: arial, helvetica, sans-serif; font-size: 12pt;\">Preuves d&#039;odeur<\/span><\/td>\n<\/tr>\n<tr style=\"height: 40px; background-color: #ebebeb;\">\n<td style=\"width: 22.6796%; height: 24px;\"><span style=\"font-size: 12pt;\"><strong><span style=\"font-family: arial, helvetica, sans-serif;\">D\u00e9lai d&#039;ex\u00e9cution<\/span><\/strong><\/span><\/td>\n<td style=\"width: 77.3204%; height: 24px;\"><span style=\"font-family: arial, helvetica, sans-serif; font-size: 12pt;\">7 \u00e0 15 jours ouvrables, RUSH<\/span><\/td>\n<\/tr>\n<tr style=\"height: 40px; background-color: #99ccff;\">\n<td style=\"width: 22.6796%; height: 24px;\"><span style=\"font-size: 12pt;\"><strong><span style=\"font-family: arial, helvetica, sans-serif;\">Exp\u00e9dition<\/span><\/strong><\/span><\/td>\n<td style=\"width: 77.3204%; height: 24px;\"><span style=\"font-family: arial, helvetica, sans-serif; font-size: 12pt;\">Air, Mer, Express<\/span><\/td>\n<\/tr>\n<\/tbody>\n<\/table>\n<p>&nbsp;<\/p>","protected":false},"featured_media":1243,"comment_status":"open","ping_status":"closed","template":"","meta":[],"product_brand":[],"product_cat":[26,20],"product_tag":[],"class_list":{"0":"post-1273","1":"product","2":"type-product","3":"status-publish","4":"has-post-thumbnail","6":"product_cat-food-packaging","7":"product_cat-kraft-paper-bag","9":"first","10":"instock","11":"shipping-taxable","12":"product-type-simple"},"_links":{"self":[{"href":"https:\/\/polysmarts.com\/fr\/wp-json\/wp\/v2\/product\/1273","targetHints":{"allow":["GET"]}}],"collection":[{"href":"https:\/\/polysmarts.com\/fr\/wp-json\/wp\/v2\/product"}],"about":[{"href":"https:\/\/polysmarts.com\/fr\/wp-json\/wp\/v2\/types\/product"}],"replies":[{"embeddable":true,"href":"https:\/\/polysmarts.com\/fr\/wp-json\/wp\/v2\/comments?post=1273"}],"version-history":[{"count":2,"href":"https:\/\/polysmarts.com\/fr\/wp-json\/wp\/v2\/product\/1273\/revisions"}],"predecessor-version":[{"id":1275,"href":"https:\/\/polysmarts.com\/fr\/wp-json\/wp\/v2\/product\/1273\/revisions\/1275"}],"wp:featuredmedia":[{"embeddable":true,"href":"https:\/\/polysmarts.com\/fr\/wp-json\/wp\/v2\/media\/1243"}],"wp:attachment":[{"href":"https:\/\/polysmarts.com\/fr\/wp-json\/wp\/v2\/media?parent=1273"}],"wp:term":[{"taxonomy":"product_brand","embeddable":true,"href":"https:\/\/polysmarts.com\/fr\/wp-json\/wp\/v2\/product_brand?post=1273"},{"taxonomy":"product_cat","embeddable":true,"href":"https:\/\/polysmarts.com\/fr\/wp-json\/wp\/v2\/product_cat?post=1273"},{"taxonomy":"product_tag","embeddable":true,"href":"https:\/\/polysmarts.com\/fr\/wp-json\/wp\/v2\/product_tag?post=1273"}],"curies":[{"name":"wp","href":"https:\/\/api.w.org\/{rel}","templated":true}]}}