{"id":1086,"date":"2023-11-29T10:09:18","date_gmt":"2023-11-29T10:09:18","guid":{"rendered":"https:\/\/polysmarts.com\/?post_type=product&#038;p=1086"},"modified":"2024-04-03T07:53:21","modified_gmt":"2024-04-03T07:53:21","slug":"fournitures-de-sacs-demballage-ziplock-en-papier-daluminium","status":"publish","type":"product","link":"https:\/\/polysmarts.com\/fr\/product\/aluminum-foil-ziplock-packaging-bags-supplies\/","title":{"rendered":"Fournitures de sacs d&#039;emballage ziplock en papier d&#039;aluminium"},"content":{"rendered":"<p><strong>Taille:<\/strong> 15,5x24 cm + 8 cm (8 cm est la largeur inf\u00e9rieure) \u2013 Personnalisation bienvenue pour les pr\u00e9f\u00e9rences de taille.<\/p>\n<p><strong>Mat\u00e9riel:<\/strong> Feuille d&#039;aluminium + PET + CPP<\/p>\n<p><strong>Volume:<\/strong> 400g<\/p>\n<p><strong>Options de couleur\u00a0:<\/strong> Violet, noir, rouge, vert, or, personnalisation des couleurs accept\u00e9e<\/p>\n<ol>\n<li><strong>Conception de l\u2019autonomie des organes\u00a0:<\/strong> Grande capacit\u00e9 de produit avec un aspect ferme.<\/li>\n<li><strong>Conception en bois de santal rouge dor\u00e9\u00a0:<\/strong> Allie esth\u00e9tique et stabilit\u00e9.<\/li>\n<li><strong>Fermeture \u00e0 glissi\u00e8re auto-scellante\u00a0:<\/strong> Assure une facilit\u00e9 d\u2019utilisation et une excellente \u00e9tanch\u00e9it\u00e9 pendant le transport.<\/li>\n<li><strong>Recyclable et durable\u00a0:<\/strong> Soutient la conscience environnementale.<\/li>\n<li><strong>Pliable et peu encombrant\u00a0:<\/strong> Rangement pratique sans prendre trop de place.<\/li>\n<\/ol>\n<p><strong>Performances du produit\u00a0:<\/strong><\/p>\n<ul>\n<li>Sacs d&#039;emballage ziplock en papier d&#039;aluminium Film composite CPP, fabriqu\u00e9 \u00e0 partir d&#039;un nouveau mat\u00e9riau de qualit\u00e9 alimentaire.<\/li>\n<li>Prolonge la dur\u00e9e de conservation des aliments, garantissant une qualit\u00e9 optimale.<\/li>\n<li>Faible perm\u00e9abilit\u00e9 \u00e0 l&#039;air, performances exceptionnelles en mati\u00e8re de r\u00e9sistance \u00e0 l&#039;humidit\u00e9, forte \u00e9tanch\u00e9it\u00e9 et r\u00e9sistance au vieillissement.<\/li>\n<li>Utilisation polyvalente pour emballer du th\u00e9, des fruits secs, des bonbons, des aliments, des produits \u00e9lectroniques, etc.<\/li>\n<li>Pr\u00e9sente une excellente r\u00e9sistance aux basses temp\u00e9ratures, ce qui le rend adapt\u00e9 aux aliments\/cosm\u00e9tiques r\u00e9frig\u00e9r\u00e9s.<\/li>\n<\/ul>\n<p>Scellez la fra\u00eecheur et am\u00e9liorez votre exp\u00e9rience d&#039;emballage avec nos sacs ziplock en papier d&#039;aluminium lamin\u00e9 color\u00e9 \u2013 o\u00f9 le style rencontre la fonctionnalit\u00e9.<\/p>","protected":false},"excerpt":{"rendered":"<table style=\"height: 360px; width: 99.8505%; border-collapse: collapse;\" border=\"2\">\n<tbody>\n<tr style=\"height: 40px;\">\n<td style=\"width: 22.6796%; height: 30px; background-color: #99ccff;\"><span style=\"font-family: arial, helvetica, sans-serif; font-size: 12pt;\"><strong>Dimensions et style<\/strong><\/span><\/td>\n<td style=\"width: 77.3204%; height: 30px; background-color: #99ccff;\"><span style=\"font-family: arial, helvetica, sans-serif; font-size: 12pt;\">Formes et tailles personnalis\u00e9es<\/span><\/td>\n<\/tr>\n<tr style=\"height: 40px;\">\n<td style=\"width: 22.6796%; height: 34px; background-color: #ebebeb;\"><span style=\"font-size: 12pt;\"><strong><span style=\"font-family: arial, helvetica, sans-serif;\">Quantit\u00e9 minimum d&#039;achat<\/span><\/strong><\/span><\/td>\n<td style=\"width: 77.3204%; height: 34px; background-color: #ebebeb;\"><span style=\"font-family: arial, helvetica, sans-serif; font-size: 12pt;\">1000 pi\u00e8ces sans personnalisation, 10000 pi\u00e8ces pour personnalisation<\/span><\/td>\n<\/tr>\n<tr style=\"height: 40px; background-color: #99ccff;\">\n<td style=\"width: 22.6796%; height: 24px;\"><span style=\"font-size: 12pt;\"><strong><span style=\"font-family: arial, helvetica, sans-serif;\">Type d&#039;emballage<\/span><\/strong><\/span><\/td>\n<td style=\"width: 77.3204%; height: 24px;\"><span style=\"font-family: arial, helvetica, sans-serif; font-size: 12pt;\">Tenez les sacs plats de Bottlem\/sacs d&#039;emballage de caf\u00e9 avec la valve<\/span><\/td>\n<\/tr>\n<tr style=\"height: 40px; background-color: #ebebeb;\">\n<td style=\"width: 22.6796%; height: 24px;\"><span style=\"font-size: 12pt;\"><strong><span style=\"font-family: arial, helvetica, sans-serif;\">Impression<\/span><\/strong><\/span><\/td>\n<td style=\"width: 77.3204%; height: 24px;\"><span style=\"font-family: arial, helvetica, sans-serif; font-size: 12pt;\">CMJN (1 \u00e0 10 couleurs selon vos besoins), pas d&#039;impression (ordinaire)<\/span><\/td>\n<\/tr>\n<tr style=\"height: 40px; background-color: #99ccff;\">\n<td style=\"width: 22.6796%; height: 24px;\"><span style=\"font-size: 12pt;\"><strong><span style=\"font-family: arial, helvetica, sans-serif;\">Finition<\/span><\/strong><\/span><\/td>\n<td style=\"width: 77.3204%; height: 24px;\"><span style=\"font-family: arial, helvetica, sans-serif; font-size: 12pt;\">Stratification brillante, impression offset<\/span><\/td>\n<\/tr>\n<tr style=\"height: 40px; background-color: #ebebeb;\">\n<td style=\"width: 22.6796%; height: 24px;\"><span style=\"font-size: 12pt;\"><strong><span style=\"font-family: arial, helvetica, sans-serif;\">Material<\/span><\/strong><\/span><\/td>\n<td style=\"width: 77.3204%; height: 24px;\"><span style=\"font-family: arial, helvetica, sans-serif; font-size: 12pt;\">OPP + VMPET + feuille d&#039;aluminium + PE<\/span><\/td>\n<\/tr>\n<tr style=\"height: 40px; background-color: #99ccff;\">\n<td style=\"width: 22.6796%; height: 24px;\"><span style=\"font-size: 12pt;\"><strong><span style=\"font-family: arial, helvetica, sans-serif;\">Fonctionnalit\u00e9<\/span><\/strong><\/span><\/td>\n<td style=\"width: 77.3204%; height: 24px;\"><span style=\"font-family: arial, helvetica, sans-serif; font-size: 12pt;\">\u00c9tanche et refermable<\/span><\/td>\n<\/tr>\n<tr style=\"height: 40px; background-color: #ebebeb;\">\n<td style=\"width: 22.6796%; height: 24px;\"><span style=\"font-size: 12pt;\"><strong><span style=\"font-family: arial, helvetica, sans-serif;\">D\u00e9lai d&#039;ex\u00e9cution<\/span><\/strong><\/span><\/td>\n<td style=\"width: 77.3204%; height: 24px;\"><span style=\"font-family: arial, helvetica, sans-serif; font-size: 12pt;\">7 \u00e0 15 jours ouvrables, RUSH<\/span><\/td>\n<\/tr>\n<tr style=\"height: 40px; background-color: #99ccff;\">\n<td style=\"width: 22.6796%; height: 24px;\"><span style=\"font-size: 12pt;\"><strong><span style=\"font-family: arial, helvetica, sans-serif;\">Exp\u00e9dition<\/span><\/strong><\/span><\/td>\n<td style=\"width: 77.3204%; height: 24px;\"><span style=\"font-family: arial, helvetica, sans-serif; font-size: 12pt;\">Air, Mer, Express<\/span><\/td>\n<\/tr>\n<\/tbody>\n<\/table>\n<p>&nbsp;<\/p>","protected":false},"featured_media":1058,"comment_status":"open","ping_status":"closed","template":"","meta":[],"product_brand":[],"product_cat":[27,18],"product_tag":[],"class_list":{"0":"post-1086","1":"product","2":"type-product","3":"status-publish","4":"has-post-thumbnail","6":"product_cat-coffee-and-tea-packaging","7":"product_cat-zipper-bags","9":"first","10":"instock","11":"shipping-taxable","12":"product-type-simple"},"_links":{"self":[{"href":"https:\/\/polysmarts.com\/fr\/wp-json\/wp\/v2\/product\/1086","targetHints":{"allow":["GET"]}}],"collection":[{"href":"https:\/\/polysmarts.com\/fr\/wp-json\/wp\/v2\/product"}],"about":[{"href":"https:\/\/polysmarts.com\/fr\/wp-json\/wp\/v2\/types\/product"}],"replies":[{"embeddable":true,"href":"https:\/\/polysmarts.com\/fr\/wp-json\/wp\/v2\/comments?post=1086"}],"version-history":[{"count":2,"href":"https:\/\/polysmarts.com\/fr\/wp-json\/wp\/v2\/product\/1086\/revisions"}],"predecessor-version":[{"id":2538,"href":"https:\/\/polysmarts.com\/fr\/wp-json\/wp\/v2\/product\/1086\/revisions\/2538"}],"wp:featuredmedia":[{"embeddable":true,"href":"https:\/\/polysmarts.com\/fr\/wp-json\/wp\/v2\/media\/1058"}],"wp:attachment":[{"href":"https:\/\/polysmarts.com\/fr\/wp-json\/wp\/v2\/media?parent=1086"}],"wp:term":[{"taxonomy":"product_brand","embeddable":true,"href":"https:\/\/polysmarts.com\/fr\/wp-json\/wp\/v2\/product_brand?post=1086"},{"taxonomy":"product_cat","embeddable":true,"href":"https:\/\/polysmarts.com\/fr\/wp-json\/wp\/v2\/product_cat?post=1086"},{"taxonomy":"product_tag","embeddable":true,"href":"https:\/\/polysmarts.com\/fr\/wp-json\/wp\/v2\/product_tag?post=1086"}],"curies":[{"name":"wp","href":"https:\/\/api.w.org\/{rel}","templated":true}]}}