{"id":1084,"date":"2023-11-29T09:59:22","date_gmt":"2023-11-29T09:59:22","guid":{"rendered":"https:\/\/polysmarts.com\/?post_type=product&#038;p=1084"},"modified":"2024-10-04T02:39:49","modified_gmt":"2024-10-03T18:39:49","slug":"sacs-en-plastique-refermables-biodegradables-a-fermeture-eclair-pour-vetements-de-t-shirt","status":"publish","type":"product","link":"https:\/\/polysmarts.com\/fr\/product\/biodegradable-reclosable-plastic-zipper-bags-for-t-shirt-clothes\/","title":{"rendered":"Sacs en plastique refermables biod\u00e9gradables \u00e0 fermeture \u00e9clair pour v\u00eatements de T-shirt"},"content":{"rendered":"<ol>\n<li><strong>Mat\u00e9riau respectueux de l&#039;environnement :<\/strong> Fabriqu\u00e9 \u00e0 partir de PBAT+PLA, ce sac est biod\u00e9gradable, contribuant ainsi \u00e0 une r\u00e9duction de l&#039;impact environnemental.<\/li>\n<li><strong>Utilisation polyvalente\u00a0:<\/strong> Con\u00e7u pour l&#039;industrie du v\u00eatement, il est id\u00e9al pour emballer les chaussures et les v\u00eatements en toute s\u00e9curit\u00e9.<\/li>\n<li><strong>Joint autocollant\u00a0:<\/strong> La fermeture auto-adh\u00e9sive assure une fermeture s\u00e9curis\u00e9e, offrant une facilit\u00e9 d&#039;utilisation tout en pr\u00e9servant l&#039;int\u00e9grit\u00e9 des articles emball\u00e9s.<\/li>\n<li><strong>Impression h\u00e9lio :<\/strong> La surface pr\u00e9sente une impression h\u00e9lio de haute qualit\u00e9, permettant une image de marque et un affichage d&#039;informations personnalis\u00e9s.<\/li>\n<li><strong>Personnalisable\u00a0:<\/strong> Acceptant les commandes personnalis\u00e9es, le sac est disponible dans une gamme de tailles pour r\u00e9pondre \u00e0 vos besoins sp\u00e9cifiques en mati\u00e8re d&#039;emballage de v\u00eatements.<\/li>\n<\/ol>\n<p>Renforcez votre engagement en faveur du d\u00e9veloppement durable avec notre emballage en plastique d\u00e9gradable transparent mat PBAT+PLA. Sp\u00e9cialement con\u00e7u pour les v\u00eatements, ce sac auto-scellant et biod\u00e9gradable allie fonctionnalit\u00e9 et conscience environnementale.<\/p>\n<p>Fabriqu\u00e9 \u00e0 partir de PBAT+PLA, ce sac est biod\u00e9gradable, garantissant un impact environnemental r\u00e9duit. Con\u00e7u pour l&#039;industrie du v\u00eatement, il est id\u00e9al pour emballer en toute s\u00e9curit\u00e9 des chaussures et des v\u00eatements. La fermeture auto-adh\u00e9sive garantit une fermeture s\u00e9curis\u00e9e, offrant une facilit\u00e9 d&#039;utilisation tout en pr\u00e9servant l&#039;int\u00e9grit\u00e9 des articles emball\u00e9s.<\/p>\n<p>Le sac pr\u00e9sente une impression h\u00e9lio de haute qualit\u00e9 sur sa surface, permettant une image de marque personnalis\u00e9e et un affichage efficace des informations. Acceptant les commandes personnalis\u00e9es, il est disponible dans une gamme de tailles, offrant la flexibilit\u00e9 n\u00e9cessaire pour r\u00e9pondre \u00e0 vos besoins sp\u00e9cifiques en mati\u00e8re d&#039;emballage de v\u00eatements.<\/p>\n<p>Faites un choix durable pour vos solutions d&#039;emballage avec notre sac en plastique d\u00e9gradable transparent mat PBAT+PLA \u2013 o\u00f9 la fonctionnalit\u00e9 rencontre la conscience \u00e9cologique.<\/p>","protected":false},"excerpt":{"rendered":"<table style=\"height: 360px; width: 99.8505%; border-collapse: collapse;\" border=\"2\">\n<tbody>\n<tr style=\"height: 40px;\">\n<td style=\"width: 22.6796%; height: 30px; background-color: #99ccff;\"><span style=\"font-family: arial, helvetica, sans-serif; font-size: 12pt;\"><strong>Dimensions et style<\/strong><\/span><\/td>\n<td style=\"width: 77.3204%; height: 30px; background-color: #99ccff;\"><span style=\"font-family: arial, helvetica, sans-serif; font-size: 12pt;\">Formes et tailles personnalis\u00e9es<\/span><\/td>\n<\/tr>\n<tr style=\"height: 40px;\">\n<td style=\"width: 22.6796%; height: 34px; background-color: #ebebeb;\"><span style=\"font-size: 12pt;\"><strong><span style=\"font-family: arial, helvetica, sans-serif;\">Quantit\u00e9 minimum d&#039;achat<\/span><\/strong><\/span><\/td>\n<td style=\"width: 77.3204%; height: 34px; background-color: #ebebeb;\"><span style=\"font-family: arial, helvetica, sans-serif; font-size: 12pt;\">1000 pi\u00e8ces sans personnalisation, 10000 pi\u00e8ces pour personnalisation<\/span><\/td>\n<\/tr>\n<tr style=\"height: 40px; background-color: #99ccff;\">\n<td style=\"width: 22.6796%; height: 24px;\"><span style=\"font-size: 12pt;\"><strong><span style=\"font-family: arial, helvetica, sans-serif;\">Type d&#039;emballage<\/span><\/strong><\/span><\/td>\n<td style=\"width: 77.3204%; height: 24px;\"><span style=\"font-family: arial, helvetica, sans-serif; font-size: 12pt;\">Sac biod\u00e9gradable auto-adh\u00e9sif scell\u00e9<\/span><\/td>\n<\/tr>\n<tr style=\"height: 40px; background-color: #ebebeb;\">\n<td style=\"width: 22.6796%; height: 24px;\"><span style=\"font-size: 12pt;\"><strong><span style=\"font-family: arial, helvetica, sans-serif;\">Impression<\/span><\/strong><\/span><\/td>\n<td style=\"width: 77.3204%; height: 24px;\"><span style=\"font-family: arial, helvetica, sans-serif; font-size: 12pt;\">CMJN (1 \u00e0 10 couleurs), pas d&#039;impression (ordinaire)<\/span><\/td>\n<\/tr>\n<tr style=\"height: 40px; background-color: #99ccff;\">\n<td style=\"width: 22.6796%; height: 24px;\"><span style=\"font-size: 12pt;\"><strong><span style=\"font-family: arial, helvetica, sans-serif;\">Finition<\/span><\/strong><\/span><\/td>\n<td style=\"width: 77.3204%; height: 24px;\"><span style=\"font-family: arial, helvetica, sans-serif; font-size: 12pt;\">Stratification mate, impression offset<\/span><\/td>\n<\/tr>\n<tr style=\"height: 40px; background-color: #ebebeb;\">\n<td style=\"width: 22.6796%; height: 24px;\"><span style=\"font-size: 12pt;\"><strong><span style=\"font-family: arial, helvetica, sans-serif;\">Options incluses<\/span><\/strong><\/span><\/td>\n<td style=\"width: 77.3204%; height: 24px;\"><span style=\"font-family: arial, helvetica, sans-serif; font-size: 12pt;\">D\u00e9coupe, thermoscellage<\/span><\/td>\n<\/tr>\n<tr style=\"height: 40px; background-color: #99ccff;\">\n<td style=\"width: 22.6796%; height: 24px;\"><span style=\"font-size: 12pt;\"><strong><span style=\"font-family: arial, helvetica, sans-serif;\">Material<\/span><\/strong><\/span><\/td>\n<td style=\"width: 77.3204%; height: 24px;\"><span style=\"font-family: arial, helvetica, sans-serif; font-size: 12pt;\">PBAT+PLA\u00a0<\/span><\/td>\n<\/tr>\n<tr style=\"height: 40px; background-color: #ebebeb;\">\n<td style=\"width: 22.6796%; height: 24px;\"><span style=\"font-size: 12pt;\"><strong><span style=\"font-family: arial, helvetica, sans-serif;\">D\u00e9lai d&#039;ex\u00e9cution<\/span><\/strong><\/span><\/td>\n<td style=\"width: 77.3204%; height: 24px;\"><span style=\"font-family: arial, helvetica, sans-serif; font-size: 12pt;\">7 \u00e0 15 jours ouvrables, RUSH<\/span><\/td>\n<\/tr>\n<tr style=\"height: 40px; background-color: #99ccff;\">\n<td style=\"width: 22.6796%; height: 24px;\"><span style=\"font-size: 12pt;\"><strong><span style=\"font-family: arial, helvetica, sans-serif;\">Exp\u00e9dition<\/span><\/strong><\/span><\/td>\n<td style=\"width: 77.3204%; height: 24px;\"><span style=\"font-family: arial, helvetica, sans-serif; font-size: 12pt;\">Air, Mer, Express<\/span><\/td>\n<\/tr>\n<\/tbody>\n<\/table>\n<p>&nbsp;<\/p>","protected":false},"featured_media":1051,"comment_status":"open","ping_status":"closed","template":"","meta":[],"product_brand":[],"product_cat":[22,31],"product_tag":[],"class_list":{"0":"post-1084","1":"product","2":"type-product","3":"status-publish","4":"has-post-thumbnail","6":"product_cat-biodegradable-bag","7":"product_cat-clothing-packaging","9":"first","10":"instock","11":"shipping-taxable","12":"product-type-simple"},"_links":{"self":[{"href":"https:\/\/polysmarts.com\/fr\/wp-json\/wp\/v2\/product\/1084","targetHints":{"allow":["GET"]}}],"collection":[{"href":"https:\/\/polysmarts.com\/fr\/wp-json\/wp\/v2\/product"}],"about":[{"href":"https:\/\/polysmarts.com\/fr\/wp-json\/wp\/v2\/types\/product"}],"replies":[{"embeddable":true,"href":"https:\/\/polysmarts.com\/fr\/wp-json\/wp\/v2\/comments?post=1084"}],"version-history":[{"count":1,"href":"https:\/\/polysmarts.com\/fr\/wp-json\/wp\/v2\/product\/1084\/revisions"}],"predecessor-version":[{"id":1085,"href":"https:\/\/polysmarts.com\/fr\/wp-json\/wp\/v2\/product\/1084\/revisions\/1085"}],"wp:featuredmedia":[{"embeddable":true,"href":"https:\/\/polysmarts.com\/fr\/wp-json\/wp\/v2\/media\/1051"}],"wp:attachment":[{"href":"https:\/\/polysmarts.com\/fr\/wp-json\/wp\/v2\/media?parent=1084"}],"wp:term":[{"taxonomy":"product_brand","embeddable":true,"href":"https:\/\/polysmarts.com\/fr\/wp-json\/wp\/v2\/product_brand?post=1084"},{"taxonomy":"product_cat","embeddable":true,"href":"https:\/\/polysmarts.com\/fr\/wp-json\/wp\/v2\/product_cat?post=1084"},{"taxonomy":"product_tag","embeddable":true,"href":"https:\/\/polysmarts.com\/fr\/wp-json\/wp\/v2\/product_tag?post=1084"}],"curies":[{"name":"wp","href":"https:\/\/api.w.org\/{rel}","templated":true}]}}