{"id":1082,"date":"2023-11-29T09:44:06","date_gmt":"2023-11-29T09:44:06","guid":{"rendered":"https:\/\/polysmarts.com\/?post_type=product&#038;p=1082"},"modified":"2023-12-12T17:24:49","modified_gmt":"2023-12-12T17:24:49","slug":"sac-en-papier-kraft-a-fermeture-eclair-a-fond-plat-a-soufflet-lateral","status":"publish","type":"product","link":"https:\/\/polysmarts.com\/fr\/product\/side-gusset-flat-bottom-zipper-kraft-paper-bag\/","title":{"rendered":"Sac en papier kraft \u00e0 fermeture \u00e9clair \u00e0 fond plat \u00e0 soufflet lat\u00e9ral"},"content":{"rendered":"<p>D\u00e9couvrez la solution d&#039;emballage parfaite avec nos sacs en papier kraft \u00e0 fermeture \u00e9clair. Fabriqu\u00e9s \u00e0 partir de mat\u00e9riaux en papier kraft composite de haute qualit\u00e9, ces sacs sont disponibles dans des tailles telles que 10\u00d720+6, 12\u00d722+6, 14\u00d724+6, 16\u00d726+8, 18\u00d728+8, 20\u00d7. 30+8, ou peut \u00eatre personnalis\u00e9 pour r\u00e9pondre \u00e0 vos besoins sp\u00e9cifiques. Choisissez parmi une gamme de couleurs, notamment le jaune, le blanc, et personnalisez-la avec l&#039;impression d&#039;un logo color\u00e9.<\/p>\n<p><strong>Caract\u00e9ristiques du produit:<\/strong><\/p>\n<ol>\n<li><strong>Bande d&#039;\u00e9tanch\u00e9it\u00e9 \u00e9largie\u00a0:<\/strong> Profitez de la commodit\u00e9 d&#039;une bande d&#039;\u00e9tanch\u00e9it\u00e9 \u00e9largie qui permet une ouverture facile, une protection contre la poussi\u00e8re et l&#039;humidit\u00e9. La performance de scellage robuste garantit que ces sacs peuvent \u00eatre referm\u00e9s, ce qui les rend pratiques et r\u00e9utilisables.<\/li>\n<li><strong>Conception polyvalente\u00a0:<\/strong> Polyvalents et adapt\u00e9s \u00e0 diverses applications, ces sacs sont parfaits pour emballer des c\u00e9r\u00e9ales, des noix s\u00e9ch\u00e9es, des collations et bien plus encore. Le fond large am\u00e9liore l&#039;effet st\u00e9r\u00e9oscopique, offrant un affichage attrayant.<\/li>\n<li><strong>Espace de plus grande capacit\u00e9\u00a0:<\/strong> Avec un d\u00e9ploiement lat\u00e9ral pour un acc\u00e8s convivial, ces sacs offrent un espace de plus grande capacit\u00e9. La conception r\u00e9fl\u00e9chie garantit de bonnes propri\u00e9t\u00e9s d&#039;\u00e9tanch\u00e9it\u00e9 et permet une utilisation r\u00e9p\u00e9t\u00e9e.<\/li>\n<li><strong>Conception de fen\u00eatre transparente\u00a0:<\/strong> Les sacs pr\u00e9sentent une fen\u00eatre transparente avec un film BOPP, offrant une visibilit\u00e9 et am\u00e9liorant l&#039;esth\u00e9tique globale. La fen\u00eatre est \u00e9tanche et r\u00e9sistante \u00e0 l&#039;humidit\u00e9, alliant praticit\u00e9 et beaut\u00e9.<\/li>\n<\/ol>\n<p>Am\u00e9liorez votre jeu d&#039;emballage avec ces sacs \u00e0 fermeture \u00e9clair en papier kraft haut de gamme, con\u00e7us pour une fonctionnalit\u00e9 sup\u00e9rieure, une praticit\u00e9 et un affichage accrocheur. Id\u00e9als pour une vari\u00e9t\u00e9 de contenus, ces sacs offrent un m\u00e9lange parfait de style et de commodit\u00e9.<\/p>","protected":false},"excerpt":{"rendered":"<table style=\"height: 360px; width: 99.8505%; border-collapse: collapse;\" border=\"2\">\n<tbody>\n<tr style=\"height: 40px;\">\n<td style=\"width: 22.6796%; height: 30px; background-color: #99ccff;\"><span style=\"font-family: arial, helvetica, sans-serif; font-size: 12pt;\"><strong>Dimensions et style<\/strong><\/span><\/td>\n<td style=\"width: 77.3204%; height: 30px; background-color: #99ccff;\"><span style=\"font-family: arial, helvetica, sans-serif; font-size: 12pt;\">Formes et tailles personnalis\u00e9es<\/span><\/td>\n<\/tr>\n<tr style=\"height: 40px;\">\n<td style=\"width: 22.6796%; height: 34px; background-color: #ebebeb;\"><span style=\"font-size: 12pt;\"><strong><span style=\"font-family: arial, helvetica, sans-serif;\">Quantit\u00e9 minimum d&#039;achat<\/span><\/strong><\/span><\/td>\n<td style=\"width: 77.3204%; height: 34px; background-color: #ebebeb;\"><span style=\"font-family: arial, helvetica, sans-serif; font-size: 12pt;\">1000 pi\u00e8ces sans personnalisation, 10000 pi\u00e8ces pour personnalisation<\/span><\/td>\n<\/tr>\n<tr style=\"height: 40px; background-color: #99ccff;\">\n<td style=\"width: 22.6796%; height: 24px;\"><span style=\"font-size: 12pt;\"><strong><span style=\"font-family: arial, helvetica, sans-serif;\">Type d&#039;emballage<\/span><\/strong><\/span><\/td>\n<td style=\"width: 77.3204%; height: 24px;\"><span style=\"font-family: arial, helvetica, sans-serif; font-size: 12pt;\">Tenez les sacs plats de Bottlem<\/span><\/td>\n<\/tr>\n<tr style=\"height: 40px; background-color: #ebebeb;\">\n<td style=\"width: 22.6796%; height: 24px;\"><span style=\"font-size: 12pt;\"><strong><span style=\"font-family: arial, helvetica, sans-serif;\">Impression<\/span><\/strong><\/span><\/td>\n<td style=\"width: 77.3204%; height: 24px;\"><span style=\"font-family: arial, helvetica, sans-serif; font-size: 12pt;\">CMJN (1 \u00e0 10 couleurs selon vos besoins), pas d&#039;impression (ordinaire)<\/span><\/td>\n<\/tr>\n<tr style=\"height: 40px; background-color: #99ccff;\">\n<td style=\"width: 22.6796%; height: 24px;\"><span style=\"font-size: 12pt;\"><strong><span style=\"font-family: arial, helvetica, sans-serif;\">Finition<\/span><\/strong><\/span><\/td>\n<td style=\"width: 77.3204%; height: 24px;\"><span style=\"font-family: arial, helvetica, sans-serif; font-size: 12pt;\">Stratification brillante, impression offset<\/span><\/td>\n<\/tr>\n<tr style=\"height: 40px; background-color: #ebebeb;\">\n<td style=\"width: 22.6796%; height: 24px;\"><span style=\"font-size: 12pt;\"><strong><span style=\"font-family: arial, helvetica, sans-serif;\">Material<\/span><\/strong><\/span><\/td>\n<td style=\"width: 77.3204%; height: 24px;\"><span style=\"font-family: arial, helvetica, sans-serif; font-size: 12pt;\">Vadrouille+Papier+PE<\/span><\/td>\n<\/tr>\n<tr style=\"height: 40px; background-color: #99ccff;\">\n<td style=\"width: 22.6796%; height: 24px;\"><span style=\"font-size: 12pt;\"><strong><span style=\"font-family: arial, helvetica, sans-serif;\">Fonctionnalit\u00e9<\/span><\/strong><\/span><\/td>\n<td style=\"width: 77.3204%; height: 24px;\"><span style=\"font-family: arial, helvetica, sans-serif; font-size: 12pt;\">\u00c9tanche et refermable<\/span><\/td>\n<\/tr>\n<tr style=\"height: 40px; background-color: #ebebeb;\">\n<td style=\"width: 22.6796%; height: 24px;\"><span style=\"font-size: 12pt;\"><strong><span style=\"font-family: arial, helvetica, sans-serif;\">D\u00e9lai d&#039;ex\u00e9cution<\/span><\/strong><\/span><\/td>\n<td style=\"width: 77.3204%; height: 24px;\"><span style=\"font-family: arial, helvetica, sans-serif; font-size: 12pt;\">7 \u00e0 15 jours ouvrables, RUSH<\/span><\/td>\n<\/tr>\n<tr style=\"height: 40px; background-color: #99ccff;\">\n<td style=\"width: 22.6796%; height: 24px;\"><span style=\"font-size: 12pt;\"><strong><span style=\"font-family: arial, helvetica, sans-serif;\">Exp\u00e9dition<\/span><\/strong><\/span><\/td>\n<td style=\"width: 77.3204%; height: 24px;\"><span style=\"font-family: arial, helvetica, sans-serif; font-size: 12pt;\">Air, Mer, Express<\/span><\/td>\n<\/tr>\n<\/tbody>\n<\/table>\n<p>&nbsp;<\/p>","protected":false},"featured_media":1049,"comment_status":"open","ping_status":"closed","template":"","meta":[],"product_brand":[],"product_cat":[27,26,20,34,18],"product_tag":[],"class_list":{"0":"post-1082","1":"product","2":"type-product","3":"status-publish","4":"has-post-thumbnail","6":"product_cat-coffee-and-tea-packaging","7":"product_cat-food-packaging","8":"product_cat-kraft-paper-bag","9":"product_cat-paper-packing","10":"product_cat-zipper-bags","12":"first","13":"instock","14":"shipping-taxable","15":"product-type-simple"},"_links":{"self":[{"href":"https:\/\/polysmarts.com\/fr\/wp-json\/wp\/v2\/product\/1082","targetHints":{"allow":["GET"]}}],"collection":[{"href":"https:\/\/polysmarts.com\/fr\/wp-json\/wp\/v2\/product"}],"about":[{"href":"https:\/\/polysmarts.com\/fr\/wp-json\/wp\/v2\/types\/product"}],"replies":[{"embeddable":true,"href":"https:\/\/polysmarts.com\/fr\/wp-json\/wp\/v2\/comments?post=1082"}],"version-history":[{"count":1,"href":"https:\/\/polysmarts.com\/fr\/wp-json\/wp\/v2\/product\/1082\/revisions"}],"predecessor-version":[{"id":1083,"href":"https:\/\/polysmarts.com\/fr\/wp-json\/wp\/v2\/product\/1082\/revisions\/1083"}],"wp:featuredmedia":[{"embeddable":true,"href":"https:\/\/polysmarts.com\/fr\/wp-json\/wp\/v2\/media\/1049"}],"wp:attachment":[{"href":"https:\/\/polysmarts.com\/fr\/wp-json\/wp\/v2\/media?parent=1082"}],"wp:term":[{"taxonomy":"product_brand","embeddable":true,"href":"https:\/\/polysmarts.com\/fr\/wp-json\/wp\/v2\/product_brand?post=1082"},{"taxonomy":"product_cat","embeddable":true,"href":"https:\/\/polysmarts.com\/fr\/wp-json\/wp\/v2\/product_cat?post=1082"},{"taxonomy":"product_tag","embeddable":true,"href":"https:\/\/polysmarts.com\/fr\/wp-json\/wp\/v2\/product_tag?post=1082"}],"curies":[{"name":"wp","href":"https:\/\/api.w.org\/{rel}","templated":true}]}}