{"id":1074,"date":"2023-11-29T09:09:12","date_gmt":"2023-11-29T09:09:12","guid":{"rendered":"https:\/\/polysmarts.com\/?post_type=product&#038;p=1074"},"modified":"2025-06-27T14:34:43","modified_gmt":"2025-06-27T06:34:43","slug":"sacs-demballage-alimentaire-en-nylon-pour-stockage-sous-vide","status":"publish","type":"product","link":"https:\/\/polysmarts.com\/fr\/product\/nylon-vacuum-storage-food-packaging-bags\/","title":{"rendered":"Sacs d&#039;emballage alimentaire de stockage sous vide en nylon"},"content":{"rendered":"<p>Explorez la quintessence du stockage des aliments avec nos sacs d&#039;emballage en plastique sous vide en nylon transparent thermoscell\u00e9s de qualit\u00e9 alimentaire. Fabriqu\u00e9s avec une structure de film souffl\u00e9 co-extrud\u00e9 de 7 \u00e0 9 couches de pointe, ces sacs assurent une conservation optimale de vos aliments.<\/p>\n<p>Principales caract\u00e9ristiques:<\/p>\n<p>1. Mat\u00e9riau avanc\u00e9 : Choisissez parmi PA\/PE, PA\/EVOH\/PE ou des mat\u00e9riaux personnalis\u00e9s pour r\u00e9pondre \u00e0 vos besoins sp\u00e9cifiques en mati\u00e8re de stockage des aliments.<\/p>\n<p>2. \u00c9paisseur polyvalente : allant de 20 \u00e0 300 microns, ces sacs offrent une durabilit\u00e9 tout en pouvant accueillir une vari\u00e9t\u00e9 de produits alimentaires.<\/p>\n<p>3. R\u00e9sistant \u00e0 la temp\u00e9rature : convient pour la cong\u00e9lation jusqu&#039;\u00e0 -40 \u00b0C et parfait pour la cuisson \u00e0 haute temp\u00e9rature jusqu&#039;\u00e0 100 \u00b0C, y compris l&#039;utilisation au four \u00e0 micro-ondes.<\/p>\n<p>4. Formats de sacs flexibles\u00a0: optez pour un joint droit, une poche sur le bord, un joint sur 2 c\u00f4t\u00e9s ou un joint sur 3 c\u00f4t\u00e9s, r\u00e9pondant \u00e0 diverses pr\u00e9f\u00e9rences d&#039;emballage.<\/p>\n<p>5. Applications \u00e9tendues\u00a0:<br \/>\n\u2013 Id\u00e9al pour l\u2019emballage automatique de produits alimentaires, notamment du tofu s\u00e9ch\u00e9, des saucisses, des bonbons, des \u00e9pices, du caf\u00e9, du th\u00e9 et des noix.<br \/>\n\u2013 Parfait pour les aliments surgel\u00e9s comme la viande, les produits laitiers, la volaille et les fruits de mer.<br \/>\n\u2013 Emballage sous vide efficace pour saucisses, poissons, os, etc.<br \/>\n\u2013 Offre un emballage sous vide en relief pour un attrait visuel suppl\u00e9mentaire.<\/p>\n<p>Informations Compl\u00e9mentaires:<\/p>\n<p>\u2013 Plage de temp\u00e9rature\u00a0: -40\u00a0\u00baC \u00e0 121\u00a0\u00baC, garantissant une polyvalence dans diverses conditions de stockage et de cuisson.<br \/>\n\u2013 Disponibilit\u00e9 des \u00e9chantillons\u00a0: des \u00e9chantillons sont disponibles gratuitement, vous permettant de constater par vous-m\u00eame la qualit\u00e9.<br \/>\n\u2013 Options de couleur\u00a0: choisissez entre une transparence \u00e9lev\u00e9e ou personnalisez la couleur en fonction de votre marque ou de vos pr\u00e9f\u00e9rences.<br \/>\n\u2013 Impression du logo : Personnalisez les sacs avec votre logo pour une touche de marque.<\/p>\n<p>R\u00e9volutionnez vos pratiques de stockage des aliments avec ces sacs d&#039;emballage en plastique sous vide en nylon transparent thermoscell\u00e9s de qualit\u00e9 sup\u00e9rieure. Garantit la fra\u00eecheur, la long\u00e9vit\u00e9 et la conservation optimale d\u2019une large gamme de produits alimentaires.<\/p>","protected":false},"excerpt":{"rendered":"<table style=\"height: 360px; width: 99.8505%; border-collapse: collapse;\" border=\"2\">\n<tbody>\n<tr style=\"height: 40px;\">\n<td style=\"width: 22.6796%; height: 30px; background-color: #99ccff;\"><span style=\"font-family: arial, helvetica, sans-serif; font-size: 12pt;\"><strong>Dimensions et style<\/strong><\/span><\/td>\n<td style=\"width: 77.3204%; height: 30px; background-color: #99ccff;\"><span style=\"font-family: arial, helvetica, sans-serif; font-size: 12pt;\">Formes et tailles personnalis\u00e9es<\/span><\/td>\n<\/tr>\n<tr style=\"height: 40px;\">\n<td style=\"width: 22.6796%; height: 34px; background-color: #ebebeb;\"><span style=\"font-size: 12pt;\"><strong><span style=\"font-family: arial, helvetica, sans-serif;\">Quantit\u00e9 minimum d&#039;achat<\/span><\/strong><\/span><\/td>\n<td style=\"width: 77.3204%; height: 34px; background-color: #ebebeb;\"><span style=\"font-family: arial, helvetica, sans-serif; font-size: 12pt;\">1000 pi\u00e8ces sans personnalisation, 5000 pi\u00e8ces pour personnalisation<\/span><\/td>\n<\/tr>\n<tr style=\"height: 40px; background-color: #99ccff;\">\n<td style=\"width: 22.6796%; height: 24px;\"><span style=\"font-size: 12pt;\"><strong><span style=\"font-family: arial, helvetica, sans-serif;\">Type d&#039;emballage<\/span><\/strong><\/span><\/td>\n<td style=\"width: 77.3204%; height: 24px;\"><span style=\"font-family: arial, helvetica, sans-serif; font-size: 12pt;\">Sacs d&#039;emballage alimentaire de stockage sous vide en nylon<\/span><\/td>\n<\/tr>\n<tr style=\"height: 40px; background-color: #ebebeb;\">\n<td style=\"width: 22.6796%; height: 24px;\"><span style=\"font-size: 12pt;\"><strong><span style=\"font-family: arial, helvetica, sans-serif;\">Material<\/span><\/strong><\/span><\/td>\n<td style=\"width: 77.3204%; height: 24px;\"><span style=\"font-family: arial, helvetica, sans-serif; font-size: 12pt;\">Nylon<\/span><\/td>\n<\/tr>\n<tr style=\"height: 40px; background-color: #99ccff;\">\n<td style=\"width: 22.6796%; height: 24px;\"><span style=\"font-size: 12pt;\"><strong><span style=\"font-family: arial, helvetica, sans-serif;\">Finition<\/span><\/strong><\/span><\/td>\n<td style=\"width: 77.3204%; height: 24px;\"><span style=\"font-family: arial, helvetica, sans-serif; font-size: 12pt;\">En relief<\/span><\/td>\n<\/tr>\n<tr style=\"height: 40px; background-color: #ebebeb;\">\n<td style=\"width: 22.6796%; height: 24px;\"><span style=\"font-size: 12pt;\"><strong><span style=\"font-family: arial, helvetica, sans-serif;\">\u00c9cart de temp\u00e9rature<\/span><\/strong><\/span><\/td>\n<td style=\"width: 77.3204%; height: 24px;\"><span style=\"font-family: arial, helvetica, sans-serif; font-size: 12pt;\">-40\u00baC \u00e0 121\u00baC <span style=\"font-size: 12pt;\"><strong><span style=\"font-family: arial, helvetica, sans-serif;\">\u00a0<\/span><\/strong><\/span><\/span><\/td>\n<\/tr>\n<tr style=\"height: 40px; background-color: #99ccff;\">\n<td style=\"width: 22.6796%; height: 24px;\"><span style=\"font-size: 12pt;\"><strong><span style=\"font-family: arial, helvetica, sans-serif;\">\u00c9paisseur<\/span><\/strong><\/span><\/td>\n<td style=\"width: 77.3204%; height: 24px;\"><span style=\"font-family: arial, helvetica, sans-serif; font-size: 12pt;\">20-300 microns<\/span><\/td>\n<\/tr>\n<tr style=\"height: 40px; background-color: #ebebeb;\">\n<td style=\"width: 22.6796%; height: 24px;\"><span style=\"font-size: 12pt;\"><strong><span style=\"font-family: arial, helvetica, sans-serif;\">D\u00e9lai d&#039;ex\u00e9cution<\/span><\/strong><\/span><\/td>\n<td style=\"width: 77.3204%; height: 24px;\"><span style=\"font-family: arial, helvetica, sans-serif; font-size: 12pt;\">7 \u00e0 15 jours ouvrables, RUSH<\/span><\/td>\n<\/tr>\n<tr style=\"height: 40px; background-color: #99ccff;\">\n<td style=\"width: 22.6796%; height: 24px;\"><span style=\"font-size: 12pt;\"><strong><span style=\"font-family: arial, helvetica, sans-serif;\">Exp\u00e9dition<\/span><\/strong><\/span><\/td>\n<td style=\"width: 77.3204%; height: 24px;\"><span style=\"font-family: arial, helvetica, sans-serif; font-size: 12pt;\">Air, Mer, Express<\/span><\/td>\n<\/tr>\n<\/tbody>\n<\/table>\n<p>&nbsp;<\/p>","protected":false},"featured_media":937,"comment_status":"open","ping_status":"closed","template":"","meta":[],"product_brand":[],"product_cat":[26,19],"product_tag":[],"class_list":{"0":"post-1074","1":"product","2":"type-product","3":"status-publish","4":"has-post-thumbnail","6":"product_cat-food-packaging","7":"product_cat-heat-sealing-bag","9":"first","10":"instock","11":"shipping-taxable","12":"product-type-simple"},"_links":{"self":[{"href":"https:\/\/polysmarts.com\/fr\/wp-json\/wp\/v2\/product\/1074","targetHints":{"allow":["GET"]}}],"collection":[{"href":"https:\/\/polysmarts.com\/fr\/wp-json\/wp\/v2\/product"}],"about":[{"href":"https:\/\/polysmarts.com\/fr\/wp-json\/wp\/v2\/types\/product"}],"replies":[{"embeddable":true,"href":"https:\/\/polysmarts.com\/fr\/wp-json\/wp\/v2\/comments?post=1074"}],"version-history":[{"count":3,"href":"https:\/\/polysmarts.com\/fr\/wp-json\/wp\/v2\/product\/1074\/revisions"}],"predecessor-version":[{"id":4729,"href":"https:\/\/polysmarts.com\/fr\/wp-json\/wp\/v2\/product\/1074\/revisions\/4729"}],"wp:featuredmedia":[{"embeddable":true,"href":"https:\/\/polysmarts.com\/fr\/wp-json\/wp\/v2\/media\/937"}],"wp:attachment":[{"href":"https:\/\/polysmarts.com\/fr\/wp-json\/wp\/v2\/media?parent=1074"}],"wp:term":[{"taxonomy":"product_brand","embeddable":true,"href":"https:\/\/polysmarts.com\/fr\/wp-json\/wp\/v2\/product_brand?post=1074"},{"taxonomy":"product_cat","embeddable":true,"href":"https:\/\/polysmarts.com\/fr\/wp-json\/wp\/v2\/product_cat?post=1074"},{"taxonomy":"product_tag","embeddable":true,"href":"https:\/\/polysmarts.com\/fr\/wp-json\/wp\/v2\/product_tag?post=1074"}],"curies":[{"name":"wp","href":"https:\/\/api.w.org\/{rel}","templated":true}]}}