{"id":1013,"date":"2023-11-28T10:43:26","date_gmt":"2023-11-28T10:43:26","guid":{"rendered":"https:\/\/polysmarts.com\/?post_type=product&#038;p=1013"},"modified":"2023-11-28T10:43:27","modified_gmt":"2023-11-28T10:43:27","slug":"sac-a-provisions-en-papier-demballage-cadeau-de-luxe-avec-poignee","status":"publish","type":"product","link":"https:\/\/polysmarts.com\/fr\/product\/luxury-gift-packaging-paper-shopping-bag-with-handle\/","title":{"rendered":"Sac \u00e0 provisions de papier d&#039;emballage de cadeau de luxe avec la poign\u00e9e"},"content":{"rendered":"<p>Rendez vos cadeaux vraiment sp\u00e9ciaux avec nos sacs \u00e0 provisions en papier d&#039;emballage cadeau de luxe. Cet ensemble comprend 12 sacs exquis orn\u00e9s d&#039;un message \u00ab Merci \u00bb estamp\u00e9 en or sur la surface, ajoutant une touche de sophistication \u00e0 vos cadeaux.<\/p>\n<p><strong>Principales caract\u00e9ristiques:<\/strong><\/p>\n<ol>\n<li><strong>Exprimer de la gratitude:<\/strong> Id\u00e9al pour emballer des marchandises, des cadeaux d&#039;appr\u00e9ciation du personnel ou pour exprimer sa gratitude \u00e0 la famille et aux amis.<\/li>\n<li><strong>Taille g\u00e9n\u00e9reuse\u00a0:<\/strong> Avec des dimensions de 13\u2033x9,8\u2033x4,7\u2033 (33x25x12 cm), ces sacs offrent suffisamment d&#039;espace, vous permettant d&#039;emballer des marchandises ou des cadeaux sans vous soucier de la capacit\u00e9.<\/li>\n<li><strong>Mat\u00e9riau de haute qualit\u00e9 :<\/strong> Fabriqu\u00e9s \u00e0 partir de papier de qualit\u00e9 sup\u00e9rieure de 250 g\/m\u00b2 et renforc\u00e9s avec du carton robuste au fond, ces sacs peuvent supporter en toute confiance le poids de vos cadeaux sans risque de se d\u00e9chirer.<\/li>\n<li><strong>Utilisation polyvalente\u00a0:<\/strong> Parfait pour une vari\u00e9t\u00e9 de cadeaux, des livres et v\u00eatements aux animaux en peluche, puzzles ou une collection de petits objets. La polyvalence rencontre l&#039;\u00e9l\u00e9gance.<\/li>\n<li><strong>R\u00e9utilisable et facile \u00e0 ranger :<\/strong> Ces sacs sont non seulement r\u00e9utilisables, mais peuvent \u00e9galement \u00eatre pli\u00e9s compl\u00e8tement \u00e0 plat lorsqu&#039;ils ne sont pas utilis\u00e9s, ce qui facilite le rangement et minimise l&#039;espace n\u00e9cessaire.<\/li>\n<\/ol>\n<p>Transformez votre exp\u00e9rience de cadeaux avec ces sacs \u00e0 provisions en papier d&#039;emballage cadeau de luxe \u00e9l\u00e9gants et pratiques. \u00c9levez vos cadeaux avec style et substance.<\/p>","protected":false},"excerpt":{"rendered":"<table style=\"height: 360px; width: 99.8505%; border-collapse: collapse;\" border=\"2\">\n<tbody>\n<tr style=\"height: 40px;\">\n<td style=\"width: 22.6796%; height: 30px; background-color: #99ccff;\"><span style=\"font-family: arial, helvetica, sans-serif; font-size: 12pt;\"><strong>Dimensions et style<\/strong><\/span><\/td>\n<td style=\"width: 77.3204%; height: 30px; background-color: #99ccff;\"><span style=\"font-family: arial, helvetica, sans-serif; font-size: 12pt;\">Formes et tailles personnalis\u00e9es<\/span><\/td>\n<\/tr>\n<tr style=\"height: 40px;\">\n<td style=\"width: 22.6796%; height: 34px; background-color: #ebebeb;\"><span style=\"font-size: 12pt;\"><strong><span style=\"font-family: arial, helvetica, sans-serif;\">Quantit\u00e9 minimum d&#039;achat<\/span><\/strong><\/span><\/td>\n<td style=\"width: 77.3204%; height: 34px; background-color: #ebebeb;\"><span style=\"font-family: arial, helvetica, sans-serif; font-size: 12pt;\">1000 pi\u00e8ces sans personnalisation, 5000 pi\u00e8ces pour personnalisation<\/span><\/td>\n<\/tr>\n<tr style=\"height: 40px; background-color: #99ccff;\">\n<td style=\"width: 22.6796%; height: 24px;\"><span style=\"font-size: 12pt;\"><strong><span style=\"font-family: arial, helvetica, sans-serif;\">Type d&#039;emballage<\/span><\/strong><\/span><\/td>\n<td style=\"width: 77.3204%; height: 24px;\"><span style=\"font-family: arial, helvetica, sans-serif; font-size: 12pt;\">Sacs en papier<\/span><\/td>\n<\/tr>\n<tr style=\"height: 40px; background-color: #ebebeb;\">\n<td style=\"width: 22.6796%; height: 24px;\"><span style=\"font-size: 12pt;\"><strong><span style=\"font-family: arial, helvetica, sans-serif;\">Material<\/span><\/strong><\/span><\/td>\n<td style=\"width: 77.3204%; height: 24px;\"><span style=\"font-family: arial, helvetica, sans-serif; font-size: 12pt;\">Papier ondul\u00e9, fl\u00fbte E, fl\u00fbte F<\/span><\/td>\n<\/tr>\n<tr style=\"height: 40px; background-color: #99ccff;\">\n<td style=\"width: 22.6796%; height: 24px;\"><span style=\"font-size: 12pt;\"><strong><span style=\"font-family: arial, helvetica, sans-serif;\">Finition<\/span><\/strong><\/span><\/td>\n<td style=\"width: 77.3204%; height: 24px;\"><span style=\"font-family: arial, helvetica, sans-serif; font-size: 12pt;\">Spot UV, stratification en relief, mate ou brillante, etc.<\/span><\/td>\n<\/tr>\n<tr style=\"height: 40px; background-color: #ebebeb;\">\n<td style=\"width: 22.6796%; height: 24px;\"><span style=\"font-size: 12pt;\"><strong><span style=\"font-family: arial, helvetica, sans-serif;\">Limite de poids<\/span><\/strong><\/span><\/td>\n<td style=\"width: 77.3204%; height: 24px;\"><span style=\"font-family: arial, helvetica, sans-serif; font-size: 12pt;\">&gt;10 kg<\/span><\/td>\n<\/tr>\n<tr style=\"height: 40px; background-color: #99ccff;\">\n<td style=\"width: 22.6796%; height: 24px;\"><span style=\"font-size: 12pt;\"><strong><span style=\"font-family: arial, helvetica, sans-serif;\">Type de sac en papier<\/span><\/strong><\/span><\/td>\n<td style=\"width: 77.3204%; height: 24px;\"><span style=\"font-family: arial, helvetica, sans-serif; font-size: 12pt;\">Sac en papier, papier de sac cadeau<\/span><\/td>\n<\/tr>\n<tr style=\"height: 40px; background-color: #ebebeb;\">\n<td style=\"width: 22.6796%; height: 24px;\"><span style=\"font-size: 12pt;\"><strong><span style=\"font-family: arial, helvetica, sans-serif;\">D\u00e9lai d&#039;ex\u00e9cution<\/span><\/strong><\/span><\/td>\n<td style=\"width: 77.3204%; height: 24px;\"><span style=\"font-family: arial, helvetica, sans-serif; font-size: 12pt;\">7 \u00e0 15 jours ouvrables, RUSH<\/span><\/td>\n<\/tr>\n<tr style=\"height: 40px; background-color: #99ccff;\">\n<td style=\"width: 22.6796%; height: 24px;\"><span style=\"font-size: 12pt;\"><strong><span style=\"font-family: arial, helvetica, sans-serif;\">Exp\u00e9dition<\/span><\/strong><\/span><\/td>\n<td style=\"width: 77.3204%; height: 24px;\"><span style=\"font-family: arial, helvetica, sans-serif; font-size: 12pt;\">Air, Mer, Express<\/span><\/td>\n<\/tr>\n<\/tbody>\n<\/table>\n<p>&nbsp;<\/p>","protected":false},"featured_media":986,"comment_status":"open","ping_status":"closed","template":"","meta":[],"product_brand":[],"product_cat":[15,34],"product_tag":[],"class_list":{"0":"post-1013","1":"product","2":"type-product","3":"status-publish","4":"has-post-thumbnail","6":"product_cat-paper-box","7":"product_cat-paper-packing","9":"first","10":"instock","11":"shipping-taxable","12":"product-type-simple"},"_links":{"self":[{"href":"https:\/\/polysmarts.com\/fr\/wp-json\/wp\/v2\/product\/1013","targetHints":{"allow":["GET"]}}],"collection":[{"href":"https:\/\/polysmarts.com\/fr\/wp-json\/wp\/v2\/product"}],"about":[{"href":"https:\/\/polysmarts.com\/fr\/wp-json\/wp\/v2\/types\/product"}],"replies":[{"embeddable":true,"href":"https:\/\/polysmarts.com\/fr\/wp-json\/wp\/v2\/comments?post=1013"}],"version-history":[{"count":1,"href":"https:\/\/polysmarts.com\/fr\/wp-json\/wp\/v2\/product\/1013\/revisions"}],"predecessor-version":[{"id":1015,"href":"https:\/\/polysmarts.com\/fr\/wp-json\/wp\/v2\/product\/1013\/revisions\/1015"}],"wp:featuredmedia":[{"embeddable":true,"href":"https:\/\/polysmarts.com\/fr\/wp-json\/wp\/v2\/media\/986"}],"wp:attachment":[{"href":"https:\/\/polysmarts.com\/fr\/wp-json\/wp\/v2\/media?parent=1013"}],"wp:term":[{"taxonomy":"product_brand","embeddable":true,"href":"https:\/\/polysmarts.com\/fr\/wp-json\/wp\/v2\/product_brand?post=1013"},{"taxonomy":"product_cat","embeddable":true,"href":"https:\/\/polysmarts.com\/fr\/wp-json\/wp\/v2\/product_cat?post=1013"},{"taxonomy":"product_tag","embeddable":true,"href":"https:\/\/polysmarts.com\/fr\/wp-json\/wp\/v2\/product_tag?post=1013"}],"curies":[{"name":"wp","href":"https:\/\/api.w.org\/{rel}","templated":true}]}}