{"id":1010,"date":"2023-11-28T10:30:55","date_gmt":"2023-11-28T10:30:55","guid":{"rendered":"https:\/\/polysmarts.com\/?post_type=product&#038;p=1010"},"modified":"2023-11-28T10:30:56","modified_gmt":"2023-11-28T10:30:56","slug":"pochette-cosmetique-pour-crayon-holographique-avec-fermeture-eclair","status":"publish","type":"product","link":"https:\/\/polysmarts.com\/fr\/product\/holographic-pencil-cosmetic-pouch-bag-with-zipper\/","title":{"rendered":"Sac de pochette cosm\u00e9tique pour crayon holographique avec fermeture \u00e0 glissi\u00e8re"},"content":{"rendered":"<p>Am\u00e9liorez votre style avec notre trousse de maquillage Fashion Laser Travel, un m\u00e9lange captivant de couleur et de transparence. Cette grande trousse de maquillage ajoute non seulement une touche de glamour \u00e0 votre collection mais offre \u00e9galement des fonctionnalit\u00e9s pratiques.<\/p>\n<p><strong>Principales caract\u00e9ristiques:<\/strong><\/p>\n<ol>\n<li><strong>Esth\u00e9tique vibrante\u00a0:<\/strong> Habill\u00e9e d&#039;une fantasmagorie de couleurs et de transparence, cette trousse de maquillage holographique se d\u00e9marque et fait une d\u00e9claration de mode audacieuse.<\/li>\n<li><strong>Beaucoup d&#039;espace\u00a0:<\/strong> B\u00e9n\u00e9ficiant d&#039;un int\u00e9rieur spacieux, il peut accueillir tous vos essentiels de maquillage, vous assurant de rester organis\u00e9 lors de vos d\u00e9placements.<\/li>\n<li><strong>Fermeture \u00e9clair s\u00e9curis\u00e9e\u00a0:<\/strong> La fermeture \u00e9clair robuste et les coutures renforc\u00e9es garantissent la durabilit\u00e9, gardant votre maquillage en s\u00e9curit\u00e9 pendant le voyage.<\/li>\n<li><strong>Utilisation polyvalente\u00a0:<\/strong> Au-del\u00e0 des cosm\u00e9tiques, elle sert de pochette polyvalente pour les fournitures scolaires ou artistiques, offrant une commodit\u00e9 dans divers sc\u00e9narios.<\/li>\n<li><strong>Construction de qualit\u00e9\u00a0:<\/strong> Fabriqu\u00e9 \u00e0 partir de plastique polyur\u00e9thane, dot\u00e9 d&#039;une tirette \u00e0 anneau pour une ouverture et une fermeture faciles.<\/li>\n<\/ol>\n<p>Faites de votre routine beaut\u00e9 une affaire glamour avec cette trousse de maquillage de voyage Fashion Laser incontournable \u2013 o\u00f9 le style rencontre la praticit\u00e9.<\/p>","protected":false},"excerpt":{"rendered":"<table style=\"height: 360px; width: 99.8505%; border-collapse: collapse;\" border=\"2\">\n<tbody>\n<tr style=\"height: 40px;\">\n<td style=\"width: 22.6796%; height: 30px; background-color: #99ccff;\"><span style=\"font-family: arial, helvetica, sans-serif; font-size: 12pt;\"><strong>Dimensions et style<\/strong><\/span><\/td>\n<td style=\"width: 77.3204%; height: 30px; background-color: #99ccff;\"><span style=\"font-family: arial, helvetica, sans-serif; font-size: 12pt;\">Formes et tailles personnalis\u00e9es<\/span><\/td>\n<\/tr>\n<tr style=\"height: 40px;\">\n<td style=\"width: 22.6796%; height: 34px; background-color: #ebebeb;\"><span style=\"font-size: 12pt;\"><strong><span style=\"font-family: arial, helvetica, sans-serif;\">Quantit\u00e9 minimum d&#039;achat<\/span><\/strong><\/span><\/td>\n<td style=\"width: 77.3204%; height: 34px; background-color: #ebebeb;\"><span style=\"font-family: arial, helvetica, sans-serif; font-size: 12pt;\">1000 pi\u00e8ces sans personnalisation, 10000 pi\u00e8ces pour personnalisation<\/span><\/td>\n<\/tr>\n<tr style=\"height: 40px; background-color: #99ccff;\">\n<td style=\"width: 22.6796%; height: 24px;\"><span style=\"font-size: 12pt;\"><strong><span style=\"font-family: arial, helvetica, sans-serif;\">Type d&#039;emballage<\/span><\/strong><\/span><\/td>\n<td style=\"width: 77.3204%; height: 24px;\"><span style=\"font-family: arial, helvetica, sans-serif; font-size: 12pt;\">Cosmetics Packaging<\/span><\/td>\n<\/tr>\n<tr style=\"height: 40px; background-color: #ebebeb;\">\n<td style=\"width: 22.6796%; height: 24px;\"><span style=\"font-size: 12pt;\"><strong><span style=\"font-family: arial, helvetica, sans-serif;\">Impression<\/span><\/strong><\/span><\/td>\n<td style=\"width: 77.3204%; height: 24px;\"><span style=\"font-family: arial, helvetica, sans-serif; font-size: 12pt;\">CMJN (1 \u00e0 10 couleurs), pas d&#039;impression (ordinaire)<\/span><\/td>\n<\/tr>\n<tr style=\"height: 40px; background-color: #99ccff;\">\n<td style=\"width: 22.6796%; height: 24px;\"><span style=\"font-size: 12pt;\"><strong><span style=\"font-family: arial, helvetica, sans-serif;\">Material<\/span><\/strong><\/span><\/td>\n<td style=\"width: 77.3204%; height: 24px;\"><span style=\"font-family: arial, helvetica, sans-serif; font-size: 12pt;\">PVC<\/span><\/td>\n<\/tr>\n<tr style=\"height: 40px; background-color: #ebebeb;\">\n<td style=\"width: 22.6796%; height: 24px;\"><span style=\"font-size: 12pt;\"><strong><span style=\"font-family: arial, helvetica, sans-serif;\">Options incluses<\/span><\/strong><\/span><\/td>\n<td style=\"width: 77.3204%; height: 24px;\"><span style=\"font-family: arial, helvetica, sans-serif; font-size: 12pt;\">D\u00e9coupe, thermoscellage<\/span><\/td>\n<\/tr>\n<tr style=\"height: 40px; background-color: #99ccff;\">\n<td style=\"width: 22.6796%; height: 24px;\"><span style=\"font-size: 12pt;\"><strong><span style=\"font-family: arial, helvetica, sans-serif;\">Preuve<\/span><\/strong><\/span><\/td>\n<td style=\"width: 77.3204%; height: 24px;\"><span style=\"font-family: arial, helvetica, sans-serif; font-size: 12pt;\">Preuves d&#039;eau\u00a0<\/span><\/td>\n<\/tr>\n<tr style=\"height: 40px; background-color: #ebebeb;\">\n<td style=\"width: 22.6796%; height: 24px;\"><span style=\"font-size: 12pt;\"><strong><span style=\"font-family: arial, helvetica, sans-serif;\">D\u00e9lai d&#039;ex\u00e9cution<\/span><\/strong><\/span><\/td>\n<td style=\"width: 77.3204%; height: 24px;\"><span style=\"font-family: arial, helvetica, sans-serif; font-size: 12pt;\">7 \u00e0 15 jours ouvrables, RUSH<\/span><\/td>\n<\/tr>\n<tr style=\"height: 40px; background-color: #99ccff;\">\n<td style=\"width: 22.6796%; height: 24px;\"><span style=\"font-size: 12pt;\"><strong><span style=\"font-family: arial, helvetica, sans-serif;\">Exp\u00e9dition<\/span><\/strong><\/span><\/td>\n<td style=\"width: 77.3204%; height: 24px;\"><span style=\"font-family: arial, helvetica, sans-serif; font-size: 12pt;\">Air, Mer, Express<\/span><\/td>\n<\/tr>\n<\/tbody>\n<\/table>\n<p>&nbsp;<\/p>","protected":false},"featured_media":981,"comment_status":"open","ping_status":"closed","template":"","meta":[],"product_brand":[],"product_cat":[30],"product_tag":[],"class_list":{"0":"post-1010","1":"product","2":"type-product","3":"status-publish","4":"has-post-thumbnail","6":"product_cat-cosmetics-packaging","8":"first","9":"instock","10":"shipping-taxable","11":"product-type-simple"},"_links":{"self":[{"href":"https:\/\/polysmarts.com\/fr\/wp-json\/wp\/v2\/product\/1010","targetHints":{"allow":["GET"]}}],"collection":[{"href":"https:\/\/polysmarts.com\/fr\/wp-json\/wp\/v2\/product"}],"about":[{"href":"https:\/\/polysmarts.com\/fr\/wp-json\/wp\/v2\/types\/product"}],"replies":[{"embeddable":true,"href":"https:\/\/polysmarts.com\/fr\/wp-json\/wp\/v2\/comments?post=1010"}],"version-history":[{"count":1,"href":"https:\/\/polysmarts.com\/fr\/wp-json\/wp\/v2\/product\/1010\/revisions"}],"predecessor-version":[{"id":1012,"href":"https:\/\/polysmarts.com\/fr\/wp-json\/wp\/v2\/product\/1010\/revisions\/1012"}],"wp:featuredmedia":[{"embeddable":true,"href":"https:\/\/polysmarts.com\/fr\/wp-json\/wp\/v2\/media\/981"}],"wp:attachment":[{"href":"https:\/\/polysmarts.com\/fr\/wp-json\/wp\/v2\/media?parent=1010"}],"wp:term":[{"taxonomy":"product_brand","embeddable":true,"href":"https:\/\/polysmarts.com\/fr\/wp-json\/wp\/v2\/product_brand?post=1010"},{"taxonomy":"product_cat","embeddable":true,"href":"https:\/\/polysmarts.com\/fr\/wp-json\/wp\/v2\/product_cat?post=1010"},{"taxonomy":"product_tag","embeddable":true,"href":"https:\/\/polysmarts.com\/fr\/wp-json\/wp\/v2\/product_tag?post=1010"}],"curies":[{"name":"wp","href":"https:\/\/api.w.org\/{rel}","templated":true}]}}