{"id":1007,"date":"2023-11-28T10:19:59","date_gmt":"2023-11-28T10:19:59","guid":{"rendered":"https:\/\/polysmarts.com\/?post_type=product&#038;p=1007"},"modified":"2023-11-28T10:20:00","modified_gmt":"2023-11-28T10:20:00","slug":"sac-emmele-biodegradable-auto-adhesif","status":"publish","type":"product","link":"https:\/\/polysmarts.com\/fr\/product\/self-adhesive-biodegradable-matted-bag\/","title":{"rendered":"Sac emm\u00eal\u00e9 biod\u00e9gradable auto-adh\u00e9sif"},"content":{"rendered":"<p>Renforcez votre engagement en faveur du d\u00e9veloppement durable avec notre emballage en plastique d\u00e9gradable transparent mat PBAT+PLA. Sp\u00e9cialement con\u00e7u pour les v\u00eatements, ce sac auto-scellant et biod\u00e9gradable allie fonctionnalit\u00e9 et conscience environnementale.<\/p>\n<p><strong>Principales caract\u00e9ristiques:<\/strong><\/p>\n<ol>\n<li><strong>Mat\u00e9riau respectueux de l&#039;environnement :<\/strong> Fabriqu\u00e9 \u00e0 partir de PBAT+PLA, ce sac est biod\u00e9gradable, contribuant ainsi \u00e0 une r\u00e9duction de l&#039;impact environnemental.<\/li>\n<li><strong>Utilisation polyvalente\u00a0:<\/strong> Con\u00e7u pour l&#039;industrie du v\u00eatement, il est id\u00e9al pour emballer les chaussures et les v\u00eatements en toute s\u00e9curit\u00e9.<\/li>\n<li><strong>Joint autocollant\u00a0:<\/strong> La fermeture auto-adh\u00e9sive assure une fermeture s\u00e9curis\u00e9e, offrant une facilit\u00e9 d&#039;utilisation tout en pr\u00e9servant l&#039;int\u00e9grit\u00e9 des articles emball\u00e9s.<\/li>\n<li><strong>Impression h\u00e9lio :<\/strong> La surface pr\u00e9sente une impression h\u00e9lio de haute qualit\u00e9, permettant une image de marque et un affichage d&#039;informations personnalis\u00e9s.<\/li>\n<li><strong>Personnalisable\u00a0:<\/strong> Acceptant les commandes personnalis\u00e9es, le sac est disponible dans une gamme de tailles pour r\u00e9pondre \u00e0 vos besoins sp\u00e9cifiques en mati\u00e8re d&#039;emballage de v\u00eatements.<\/li>\n<\/ol>\n<p>Faites un choix durable pour vos solutions d&#039;emballage avec notre sac en plastique d\u00e9gradable transparent mat PBAT+PLA \u2013 o\u00f9 la fonctionnalit\u00e9 rencontre la conscience \u00e9cologique.<\/p>","protected":false},"excerpt":{"rendered":"<table style=\"height: 360px; width: 99.8505%; border-collapse: collapse;\" border=\"2\">\n<tbody>\n<tr style=\"height: 40px;\">\n<td style=\"width: 22.6796%; height: 30px; background-color: #99ccff;\"><span style=\"font-family: arial, helvetica, sans-serif; font-size: 12pt;\"><strong>Dimensions et style<\/strong><\/span><\/td>\n<td style=\"width: 77.3204%; height: 30px; background-color: #99ccff;\"><span style=\"font-family: arial, helvetica, sans-serif; font-size: 12pt;\">Formes et tailles personnalis\u00e9es<\/span><\/td>\n<\/tr>\n<tr style=\"height: 40px;\">\n<td style=\"width: 22.6796%; height: 34px; background-color: #ebebeb;\"><span style=\"font-size: 12pt;\"><strong><span style=\"font-family: arial, helvetica, sans-serif;\">Quantit\u00e9 minimum d&#039;achat<\/span><\/strong><\/span><\/td>\n<td style=\"width: 77.3204%; height: 34px; background-color: #ebebeb;\"><span style=\"font-family: arial, helvetica, sans-serif; font-size: 12pt;\">1000 pi\u00e8ces sans personnalisation, 10000 pi\u00e8ces pour personnalisation<\/span><\/td>\n<\/tr>\n<tr style=\"height: 40px; background-color: #99ccff;\">\n<td style=\"width: 22.6796%; height: 24px;\"><span style=\"font-size: 12pt;\"><strong><span style=\"font-family: arial, helvetica, sans-serif;\">Type d&#039;emballage<\/span><\/strong><\/span><\/td>\n<td style=\"width: 77.3204%; height: 24px;\"><span style=\"font-family: arial, helvetica, sans-serif; font-size: 12pt;\">Sac biod\u00e9gradable auto-adh\u00e9sif scell\u00e9<\/span><\/td>\n<\/tr>\n<tr style=\"height: 40px; background-color: #ebebeb;\">\n<td style=\"width: 22.6796%; height: 24px;\"><span style=\"font-size: 12pt;\"><strong><span style=\"font-family: arial, helvetica, sans-serif;\">Impression<\/span><\/strong><\/span><\/td>\n<td style=\"width: 77.3204%; height: 24px;\"><span style=\"font-family: arial, helvetica, sans-serif; font-size: 12pt;\">CMJN (1 \u00e0 10 couleurs), pas d&#039;impression (ordinaire)<\/span><\/td>\n<\/tr>\n<tr style=\"height: 40px; background-color: #99ccff;\">\n<td style=\"width: 22.6796%; height: 24px;\"><span style=\"font-size: 12pt;\"><strong><span style=\"font-family: arial, helvetica, sans-serif;\">Finition<\/span><\/strong><\/span><\/td>\n<td style=\"width: 77.3204%; height: 24px;\"><span style=\"font-family: arial, helvetica, sans-serif; font-size: 12pt;\">Stratification mate, impression offset<\/span><\/td>\n<\/tr>\n<tr style=\"height: 40px; background-color: #ebebeb;\">\n<td style=\"width: 22.6796%; height: 24px;\"><span style=\"font-size: 12pt;\"><strong><span style=\"font-family: arial, helvetica, sans-serif;\">Options incluses<\/span><\/strong><\/span><\/td>\n<td style=\"width: 77.3204%; height: 24px;\"><span style=\"font-family: arial, helvetica, sans-serif; font-size: 12pt;\">D\u00e9coupe, thermoscellage<\/span><\/td>\n<\/tr>\n<tr style=\"height: 40px; background-color: #99ccff;\">\n<td style=\"width: 22.6796%; height: 24px;\"><span style=\"font-size: 12pt;\"><strong><span style=\"font-family: arial, helvetica, sans-serif;\">Material<\/span><\/strong><\/span><\/td>\n<td style=\"width: 77.3204%; height: 24px;\"><span style=\"font-family: arial, helvetica, sans-serif; font-size: 12pt;\">PBAT+PLA\u00a0<\/span><\/td>\n<\/tr>\n<tr style=\"height: 40px; background-color: #ebebeb;\">\n<td style=\"width: 22.6796%; height: 24px;\"><span style=\"font-size: 12pt;\"><strong><span style=\"font-family: arial, helvetica, sans-serif;\">D\u00e9lai d&#039;ex\u00e9cution<\/span><\/strong><\/span><\/td>\n<td style=\"width: 77.3204%; height: 24px;\"><span style=\"font-family: arial, helvetica, sans-serif; font-size: 12pt;\">7 \u00e0 15 jours ouvrables, RUSH<\/span><\/td>\n<\/tr>\n<tr style=\"height: 40px; background-color: #99ccff;\">\n<td style=\"width: 22.6796%; height: 24px;\"><span style=\"font-size: 12pt;\"><strong><span style=\"font-family: arial, helvetica, sans-serif;\">Exp\u00e9dition<\/span><\/strong><\/span><\/td>\n<td style=\"width: 77.3204%; height: 24px;\"><span style=\"font-family: arial, helvetica, sans-serif; font-size: 12pt;\">Air, Mer, Express<\/span><\/td>\n<\/tr>\n<\/tbody>\n<\/table>\n<p>&nbsp;<\/p>","protected":false},"featured_media":976,"comment_status":"open","ping_status":"closed","template":"","meta":[],"product_brand":[],"product_cat":[22],"product_tag":[],"class_list":{"0":"post-1007","1":"product","2":"type-product","3":"status-publish","4":"has-post-thumbnail","6":"product_cat-biodegradable-bag","8":"first","9":"instock","10":"shipping-taxable","11":"product-type-simple"},"_links":{"self":[{"href":"https:\/\/polysmarts.com\/fr\/wp-json\/wp\/v2\/product\/1007","targetHints":{"allow":["GET"]}}],"collection":[{"href":"https:\/\/polysmarts.com\/fr\/wp-json\/wp\/v2\/product"}],"about":[{"href":"https:\/\/polysmarts.com\/fr\/wp-json\/wp\/v2\/types\/product"}],"replies":[{"embeddable":true,"href":"https:\/\/polysmarts.com\/fr\/wp-json\/wp\/v2\/comments?post=1007"}],"version-history":[{"count":1,"href":"https:\/\/polysmarts.com\/fr\/wp-json\/wp\/v2\/product\/1007\/revisions"}],"predecessor-version":[{"id":1009,"href":"https:\/\/polysmarts.com\/fr\/wp-json\/wp\/v2\/product\/1007\/revisions\/1009"}],"wp:featuredmedia":[{"embeddable":true,"href":"https:\/\/polysmarts.com\/fr\/wp-json\/wp\/v2\/media\/976"}],"wp:attachment":[{"href":"https:\/\/polysmarts.com\/fr\/wp-json\/wp\/v2\/media?parent=1007"}],"wp:term":[{"taxonomy":"product_brand","embeddable":true,"href":"https:\/\/polysmarts.com\/fr\/wp-json\/wp\/v2\/product_brand?post=1007"},{"taxonomy":"product_cat","embeddable":true,"href":"https:\/\/polysmarts.com\/fr\/wp-json\/wp\/v2\/product_cat?post=1007"},{"taxonomy":"product_tag","embeddable":true,"href":"https:\/\/polysmarts.com\/fr\/wp-json\/wp\/v2\/product_tag?post=1007"}],"curies":[{"name":"wp","href":"https:\/\/api.w.org\/{rel}","templated":true}]}}