{"id":1001,"date":"2023-11-28T09:47:03","date_gmt":"2023-11-28T09:47:03","guid":{"rendered":"https:\/\/polysmarts.com\/?post_type=product&#038;p=1001"},"modified":"2023-11-28T10:45:32","modified_gmt":"2023-11-28T10:45:32","slug":"emballage-flexible-sur-mesure-pour-aliments-pour-animaux-de-compagnie","status":"publish","type":"product","link":"https:\/\/polysmarts.com\/fr\/product\/custom-flexible-packaging-for-pet-food\/","title":{"rendered":"Emballage flexible personnalis\u00e9 pour aliments pour animaux de compagnie"},"content":{"rendered":"<p><strong>Introduction:<\/strong> D\u00e9couvrez la puissance des emballages personnalis\u00e9s pour les aliments pour animaux de compagnie, un outil dynamique de diff\u00e9renciation des marques et d\u2019engagement des consommateurs. Contrairement aux options g\u00e9n\u00e9riques, les emballages personnalis\u00e9s permettent aux fabricants de mettre en valeur leur identit\u00e9 de marque \u00e0 travers des designs, des couleurs et des images distinctifs. Cette touche personnalis\u00e9e renforce non seulement la reconnaissance de la marque, mais \u00e9tablit \u00e9galement un lien sinc\u00e8re avec les propri\u00e9taires d&#039;animaux.<\/p>\n<p><strong>Reconnaissance de la marque:<\/strong> Sur le march\u00e9 concurrentiel des aliments pour animaux de compagnie, o\u00f9 l&#039;attrait visuel influence consid\u00e9rablement les d\u00e9cisions d&#039;achat, un emballage unique et personnalis\u00e9 devient un diff\u00e9renciateur cl\u00e9. Il permet \u00e0 une marque de se d\u00e9marquer sur les \u00e9tag\u00e8res bond\u00e9es, attirant ainsi l&#039;attention des propri\u00e9taires d&#039;animaux exigeants.<\/p>\n<p><strong>Communication efficace\u00a0:<\/strong> L\u2019emballage personnalis\u00e9 va au-del\u00e0 de l\u2019esth\u00e9tique ; cela devient un canevas pour une communication efficace. Les fabricants peuvent transmettre des informations cruciales de mani\u00e8re transparente, depuis le contenu nutritionnel et les listes d&#039;ingr\u00e9dients jusqu&#039;aux directives d&#039;alimentation et aux avantages des produits. Cette transparence r\u00e9pond aux attentes des propri\u00e9taires d&#039;animaux qui recherchent des informations d\u00e9taill\u00e9es sur les produits qu&#039;ils choisissent pour leurs compagnons \u00e0 quatre pattes.<\/p>\n<p><strong>Lien \u00e9motionnel:<\/strong> La touche personnalis\u00e9e d\u2019un emballage personnalis\u00e9 non seulement informe mais cr\u00e9e \u00e9galement un lien \u00e9motionnel. Les propri\u00e9taires d&#039;animaux sont en r\u00e9sonance avec les marques qui font un effort suppl\u00e9mentaire pour personnaliser leurs emballages, favorisant ainsi une connexion qui s&#039;\u00e9tend au-del\u00e0 de la transaction.<\/p>","protected":false},"excerpt":{"rendered":"<table style=\"height: 360px; width: 99.8505%; border-collapse: collapse;\" border=\"2\">\n<tbody>\n<tr style=\"height: 40px;\">\n<td style=\"width: 22.6796%; height: 30px; background-color: #99ccff;\"><span style=\"font-family: arial, helvetica, sans-serif; font-size: 12pt;\"><strong>Dimensions et style<\/strong><\/span><\/td>\n<td style=\"width: 77.3204%; height: 30px; background-color: #99ccff;\"><span style=\"font-family: arial, helvetica, sans-serif; font-size: 12pt;\">Formes et tailles personnalis\u00e9es<\/span><\/td>\n<\/tr>\n<tr style=\"height: 40px;\">\n<td style=\"width: 22.6796%; height: 34px; background-color: #ebebeb;\"><span style=\"font-size: 12pt;\"><strong><span style=\"font-family: arial, helvetica, sans-serif;\">Quantit\u00e9 minimum d&#039;achat<\/span><\/strong><\/span><\/td>\n<td style=\"width: 77.3204%; height: 34px; background-color: #ebebeb;\"><span style=\"font-family: arial, helvetica, sans-serif; font-size: 12pt;\">1000 pi\u00e8ces sans personnalisation, 10000 pi\u00e8ces pour personnalisation<\/span><\/td>\n<\/tr>\n<tr style=\"height: 40px; background-color: #99ccff;\">\n<td style=\"width: 22.6796%; height: 24px;\"><span style=\"font-size: 12pt;\"><strong><span style=\"font-family: arial, helvetica, sans-serif;\">Type d&#039;emballage<\/span><\/strong><\/span><\/td>\n<td style=\"width: 77.3204%; height: 24px;\"><span style=\"font-family: arial, helvetica, sans-serif; font-size: 12pt;\">Sacs Mylar \u00e0 fermeture \u00e9clair<\/span><\/td>\n<\/tr>\n<tr style=\"height: 40px; background-color: #ebebeb;\">\n<td style=\"width: 22.6796%; height: 24px;\"><span style=\"font-size: 12pt;\"><strong><span style=\"font-family: arial, helvetica, sans-serif;\">Impression<\/span><\/strong><\/span><\/td>\n<td style=\"width: 77.3204%; height: 24px;\"><span style=\"font-family: arial, helvetica, sans-serif; font-size: 12pt;\">CMJN (1 \u00e0 10 couleurs), pas d&#039;impression (ordinaire)<\/span><\/td>\n<\/tr>\n<tr style=\"height: 40px; background-color: #99ccff;\">\n<td style=\"width: 22.6796%; height: 24px;\"><span style=\"font-size: 12pt;\"><strong><span style=\"font-family: arial, helvetica, sans-serif;\">Finition<\/span><\/strong><\/span><\/td>\n<td style=\"width: 77.3204%; height: 24px;\"><span style=\"font-family: arial, helvetica, sans-serif; font-size: 12pt;\">Stratification brillante\/mate, impression offset<\/span><\/td>\n<\/tr>\n<tr style=\"height: 40px; background-color: #ebebeb;\">\n<td style=\"width: 22.6796%; height: 24px;\"><span style=\"font-size: 12pt;\"><strong><span style=\"font-family: arial, helvetica, sans-serif;\">Options incluses<\/span><\/strong><\/span><\/td>\n<td style=\"width: 77.3204%; height: 24px;\"><span style=\"font-family: arial, helvetica, sans-serif; font-size: 12pt;\">D\u00e9coupe, thermoscellage<\/span><\/td>\n<\/tr>\n<tr style=\"height: 40px; background-color: #99ccff;\">\n<td style=\"width: 22.6796%; height: 24px;\"><span style=\"font-size: 12pt;\"><strong><span style=\"font-family: arial, helvetica, sans-serif;\">Preuve<\/span><\/strong><\/span><\/td>\n<td style=\"width: 77.3204%; height: 24px;\"><span style=\"font-family: arial, helvetica, sans-serif; font-size: 12pt;\">Preuves d&#039;odeur\u00a0<\/span><\/td>\n<\/tr>\n<tr style=\"height: 40px; background-color: #ebebeb;\">\n<td style=\"width: 22.6796%; height: 24px;\"><span style=\"font-size: 12pt;\"><strong><span style=\"font-family: arial, helvetica, sans-serif;\">D\u00e9lai d&#039;ex\u00e9cution<\/span><\/strong><\/span><\/td>\n<td style=\"width: 77.3204%; height: 24px;\"><span style=\"font-family: arial, helvetica, sans-serif; font-size: 12pt;\">7 \u00e0 15 jours ouvrables, RUSH<\/span><\/td>\n<\/tr>\n<tr style=\"height: 40px; background-color: #99ccff;\">\n<td style=\"width: 22.6796%; height: 24px;\"><span style=\"font-size: 12pt;\"><strong><span style=\"font-family: arial, helvetica, sans-serif;\">Exp\u00e9dition<\/span><\/strong><\/span><\/td>\n<td style=\"width: 77.3204%; height: 24px;\"><span style=\"font-family: arial, helvetica, sans-serif; font-size: 12pt;\">Air, Mer, Express<\/span><\/td>\n<\/tr>\n<\/tbody>\n<\/table>\n<p>&nbsp;<\/p>","protected":false},"featured_media":964,"comment_status":"open","ping_status":"closed","template":"","meta":[],"product_brand":[],"product_cat":[18,26],"product_tag":[],"class_list":{"0":"post-1001","1":"product","2":"type-product","3":"status-publish","4":"has-post-thumbnail","6":"product_cat-zipper-bags","7":"product_cat-food-packaging","9":"first","10":"instock","11":"shipping-taxable","12":"product-type-simple"},"_links":{"self":[{"href":"https:\/\/polysmarts.com\/fr\/wp-json\/wp\/v2\/product\/1001","targetHints":{"allow":["GET"]}}],"collection":[{"href":"https:\/\/polysmarts.com\/fr\/wp-json\/wp\/v2\/product"}],"about":[{"href":"https:\/\/polysmarts.com\/fr\/wp-json\/wp\/v2\/types\/product"}],"replies":[{"embeddable":true,"href":"https:\/\/polysmarts.com\/fr\/wp-json\/wp\/v2\/comments?post=1001"}],"version-history":[{"count":1,"href":"https:\/\/polysmarts.com\/fr\/wp-json\/wp\/v2\/product\/1001\/revisions"}],"predecessor-version":[{"id":1003,"href":"https:\/\/polysmarts.com\/fr\/wp-json\/wp\/v2\/product\/1001\/revisions\/1003"}],"wp:featuredmedia":[{"embeddable":true,"href":"https:\/\/polysmarts.com\/fr\/wp-json\/wp\/v2\/media\/964"}],"wp:attachment":[{"href":"https:\/\/polysmarts.com\/fr\/wp-json\/wp\/v2\/media?parent=1001"}],"wp:term":[{"taxonomy":"product_brand","embeddable":true,"href":"https:\/\/polysmarts.com\/fr\/wp-json\/wp\/v2\/product_brand?post=1001"},{"taxonomy":"product_cat","embeddable":true,"href":"https:\/\/polysmarts.com\/fr\/wp-json\/wp\/v2\/product_cat?post=1001"},{"taxonomy":"product_tag","embeddable":true,"href":"https:\/\/polysmarts.com\/fr\/wp-json\/wp\/v2\/product_tag?post=1001"}],"curies":[{"name":"wp","href":"https:\/\/api.w.org\/{rel}","templated":true}]}}