{"id":3,"date":"2023-09-13T06:37:15","date_gmt":"2023-09-13T06:37:15","guid":{"rendered":"http:\/\/box5468\/cgi\/addon_GT.cgi?s=GT::WP::Install::Cpanel+%28cyfwyzmy%29+-+127.0.0.1+%5Bnocaller%5D\/?page_id=3"},"modified":"2024-05-17T13:46:59","modified_gmt":"2024-05-17T13:46:59","slug":"politique-de-confidentialite","status":"publish","type":"page","link":"https:\/\/polysmarts.com\/fr\/privacy-policy\/","title":{"rendered":"Privacy Policy"},"content":{"rendered":"<div data-elementor-type=\"wp-page\" data-elementor-id=\"3\" class=\"elementor elementor-3\" data-elementor-post-type=\"page\">\n\t\t\t\t<div class=\"elementor-element elementor-element-d16c835 e-flex e-con-boxed e-con e-parent\" data-id=\"d16c835\" data-element_type=\"container\" data-e-type=\"container\" data-settings=\"{&quot;background_background&quot;:&quot;classic&quot;}\">\n\t\t\t\t\t<div class=\"e-con-inner\">\n\t\t\t\t<div class=\"elementor-element elementor-element-e7cc811 elementor-widget elementor-widget-heading\" data-id=\"e7cc811\" data-element_type=\"widget\" data-e-type=\"widget\" data-widget_type=\"heading.default\">\n\t\t\t\t<div class=\"elementor-widget-container\">\n\t\t\t\t\t<h1 class=\"elementor-heading-title elementor-size-default\">Privacy Policy<\/h1>\t\t\t\t<\/div>\n\t\t\t\t<\/div>\n\t\t\t\t\t<\/div>\n\t\t\t\t<\/div>\n\t\t<div class=\"elementor-element elementor-element-8252614 e-flex e-con-boxed e-con e-parent\" data-id=\"8252614\" data-element_type=\"container\" data-e-type=\"container\">\n\t\t\t\t\t<div class=\"e-con-inner\">\n\t\t<div class=\"elementor-element elementor-element-2427dcc e-con-full e-flex e-con e-child\" data-id=\"2427dcc\" data-element_type=\"container\" data-e-type=\"container\">\n\t\t\t\t<div class=\"elementor-element elementor-element-b198068 elementor-widget elementor-widget-text-editor\" data-id=\"b198068\" data-element_type=\"widget\" data-e-type=\"widget\" data-widget_type=\"text-editor.default\">\n\t\t\t\t<div class=\"elementor-widget-container\">\n\t\t\t\t\t\t\t\t\t<p>Bienvenue chez Polysmarts. Chez Polysmarts, nous accordons la priorit\u00e9 \u00e0 la confidentialit\u00e9 de nos utilisateurs et croyons au traitement des informations personnelles avec le plus grand soin et respect. Cette politique de confidentialit\u00e9 s&#039;applique \u00e0 Wicklow, Inc, op\u00e9rant sous le nom de Polysmarts (d\u00e9nomm\u00e9 \u00ab Polysmarts \u00bb, \u00ab nous \u00bb, \u00ab notre \u00bb ou \u00ab notre \u00bb).<\/p>\n<p>Nous avons \u00e9labor\u00e9 cette politique de confidentialit\u00e9 pour d\u00e9crire la mani\u00e8re dont nous collectons, utilisons, prot\u00e9geons et divulguons des informations et des donn\u00e9es lorsque vous utilisez les sites Web, les services et les applications mobiles de Polysmarts. Cette politique de confidentialit\u00e9 explique \u00e9galement vos options de gestion des pr\u00e9f\u00e9rences en mati\u00e8re d&#039;informations, y compris le refus de certaines utilisations de vos informations personnelles. En acc\u00e9dant ou en utilisant les sites Web, les applications mobiles ou les services de Polysmarts, vous acceptez cette politique de confidentialit\u00e9.<\/p>\t\t\t\t\t\t\t\t<\/div>\n\t\t\t\t<\/div>\n\t\t\t\t<\/div>\n\t\t<div class=\"elementor-element elementor-element-89748c5 e-con-full e-flex e-con e-child\" data-id=\"89748c5\" data-element_type=\"container\" data-e-type=\"container\">\n\t\t\t\t<div class=\"elementor-element elementor-element-73c568b elementor-widget elementor-widget-text-editor\" data-id=\"73c568b\" data-element_type=\"widget\" data-e-type=\"widget\" data-widget_type=\"text-editor.default\">\n\t\t\t\t<div class=\"elementor-widget-container\">\n\t\t\t\t\t\t\t\t\t<p>Pour toute demande de renseignements, plainte concernant notre politique ou nos pratiques de confidentialit\u00e9, ou pour obtenir de l&#039;aide pour exercer vos choix en vertu de cette politique de confidentialit\u00e9, veuillez nous contacter \u00e0 <a target=\"_new\">notification@polysmarts.com<\/a>.<\/p>\n<p>Cette politique s&#039;applique \u00e0 tous les clients Polysmarts actuels et anciens. Veuillez noter que pour utiliser nos services, vous devez \u00eatre \u00e2g\u00e9 de 18 ans ou plus.<\/p>\n<p>\u00c0 compter du 1er janvier 2020, la California Consumer Privacy Act (\u00ab CCPA \u00bb) peut offrir des droits et des protections sp\u00e9cifiques aux r\u00e9sidents de Californie. Si vous r\u00e9sidez en Californie, veuillez vous r\u00e9f\u00e9rer \u00e0 la section intitul\u00e9e \u00ab\u00a0Avis aux r\u00e9sidents de Californie\u00a0\u00bb ci-dessous pour plus de d\u00e9tails.<\/p>\t\t\t\t\t\t\t\t<\/div>\n\t\t\t\t<\/div>\n\t\t\t\t<\/div>\n\t\t\t\t\t<\/div>\n\t\t\t\t<\/div>\n\t\t<div class=\"elementor-element elementor-element-3017e68 e-flex e-con-boxed e-con e-parent\" data-id=\"3017e68\" data-element_type=\"container\" data-e-type=\"container\">\n\t\t\t\t\t<div class=\"e-con-inner\">\n\t\t\t\t<div class=\"elementor-element elementor-element-3d9d0e0 elementor-widget elementor-widget-text-editor\" data-id=\"3d9d0e0\" data-element_type=\"widget\" data-e-type=\"widget\" data-widget_type=\"text-editor.default\">\n\t\t\t\t<div class=\"elementor-widget-container\">\n\t\t\t\t\t\t\t\t\t<p style=\"text-align: center;\"><span style=\"font-size: 18pt;\"><strong>Informations que Polysmarts collecte sur vous<\/strong><\/span><\/p>\n<p><strong><span style=\"font-size: 14pt;\">Informations fournies par vous\u00a0:\u00a0<\/span><\/strong><\/p>\n<p>Nous collectons les informations personnelles que vous fournissez lors de l&#039;utilisation <a href=\"https:\/\/polysmarts.com\/fr\/\" target=\"_new\">https:\/\/polysmarts.com<\/a> ou tout site Web associ\u00e9, application de bureau ou mobile, ou plateforme de signature de documents (collectivement appel\u00e9es \u00ab plateforme Polysmarts \u00bb ou \u00ab sites Web Polysmarts \u00bb). La plupart de ces informations sont collect\u00e9es lors du processus d\u2019achat. Des informations suppl\u00e9mentaires peuvent \u00eatre collect\u00e9es lors de l&#039;utilisation ult\u00e9rieure des sites Web Polysmarts ou lorsque nous communiquons avec vous par t\u00e9l\u00e9phone, e-mail ou d&#039;autres moyens.<\/p>\n<p>Certaines informations personnelles doivent \u00eatre fournies lors du processus d&#039;achat pour vous fournir des biens et services. Les cat\u00e9gories d\u2019informations suivantes peuvent \u00eatre collect\u00e9es :<\/p>\n<ul>\n<li>Informations d&#039;identification de base\u00a0: nom, adresses de facturation et de livraison, e-mail, num\u00e9ros de t\u00e9l\u00e9phone et toute autre information personnelle que vous fournissez.<\/li>\n<li>De plus, nous collectons les noms, adresses e-mail et num\u00e9ros de t\u00e9l\u00e9phone des personnes qui nous contactent pour nous poser des questions, uniquement dans le but de r\u00e9pondre \u00e0 ces demandes.<\/li>\n<\/ul>\n<p><strong><span style=\"font-size: 14pt;\">Informations recueillies en fonction de votre activit\u00e9 sur la plateforme Polysmarts\u00a0:\u00a0<\/span><\/strong><\/p>\n<p>Pour fournir des services, am\u00e9liorer nos activit\u00e9s et conserver les enregistrements requis par la loi, Polysmarts collecte des informations sur vos transactions et activit\u00e9s. Cela inclut votre ordinateur et vos visites sur Polysmarts.com et d&#039;autres sites Web Polysmarts, tels que votre adresse IP, votre emplacement g\u00e9ographique, votre syst\u00e8me d&#039;exploitation, votre type de navigateur, la source de r\u00e9f\u00e9rence, l&#039;heure et la dur\u00e9e de la visite, les clics sur les boutons et\/ou les pages vues.<\/p>\n<p><span style=\"font-size: 14pt;\"><strong>Technologies de suivi\u00a0:<\/strong><\/span><\/p>\n<p>Polysmarts et nos partenaires utilisent des technologies telles que des cookies, des balises, des balises et des scripts pour analyser les tendances, administrer les sites Web Polysmarts, suivre les mouvements des utilisateurs et recueillir des informations sur notre base d&#039;utilisateurs. Vous pouvez contr\u00f4ler l&#039;utilisation des cookies dans votre navigateur Web.<\/p>\n<p><span style=\"font-size: 14pt;\"><strong>Donn\u00e9es d&#039;utilisation et activit\u00e9 du site\u00a0:<\/strong><\/span><\/p>\n<p>Polysmarts utilise \u00e9galement le stockage local, tel que HTML5, pour stocker les informations de contenu et les pr\u00e9f\u00e9rences.<\/p>\n<p><span style=\"font-size: 14pt;\"><strong>Technologies tierces\u00a0:<\/strong><\/span><\/p>\n<p>Nous collaborons avec des tiers pour g\u00e9rer nos services publicitaires sur d&#039;autres sites Web, \u00e9valuer les performances globales du site Web Polysmarts et collecter certaines informations lorsque vous interagissez avec les sites Web et services Polysmarts.<\/p>\n<p>Comment Polysmarts utilise vos informations<\/p>\n<p><span style=\"font-size: 14pt;\"><strong>Traitement de votre transaction\u00a0:<\/strong> <\/span><\/p>\n<p>Nous utilisons vos informations pour faciliter les transactions, notamment l&#039;ex\u00e9cution des commandes, l&#039;exp\u00e9dition, la mise en \u0153uvre d&#039;activit\u00e9s de collecte, la communication avec vous concernant les commandes, les comptes, les transactions et le r\u00e8glement des litiges.<\/p>\n<p><span style=\"font-size: 14pt;\"><strong>Analyse et optimisation des donn\u00e9es\u00a0:<\/strong> <\/span><\/p>\n<p>Vos informations nous aident \u00e0 effectuer des analyses li\u00e9es \u00e0 nos services, \u00e0 am\u00e9liorer la convivialit\u00e9 de nos services et \u00e0 \u00e9valuer le succ\u00e8s des campagnes marketing.<\/p>\n<p><span style=\"font-size: 14pt;\"><strong>Marketing et enqu\u00eates\u00a0:<\/strong> <\/span><\/p>\n<p>Nous pouvons utiliser vos informations personnelles pour vous s\u00e9lectionner pour des communications marketing, des newsletters, des enqu\u00eates et des demandes de commentaires.<\/p>\n<p><span style=\"font-size: 14pt;\"><strong>Communications marketing facultatives\u00a0:<\/strong> <\/span><\/p>\n<p>La r\u00e9ception de communications marketing par courrier \u00e9lectronique est volontaire. Vous pouvez vous d\u00e9sinscrire en nous contactant \u00e0 <a target=\"_new\">notification@polysmarts.com<\/a>.<\/p>\n<p style=\"text-align: center;\"><span style=\"font-size: 18pt;\"><strong>Comment Polysmarts partage vos informations<\/strong><\/span><\/p>\n<p><strong><span style=\"font-size: 14pt;\">Nous partageons vos informations personnelles avec des soci\u00e9t\u00e9s non affili\u00e9es et entre soci\u00e9t\u00e9s affili\u00e9es, dans la mesure permise par la loi. Ceci comprend:<\/span><\/strong><\/p>\n<ul>\n<li>Fournisseurs de services tiers\u00a0: nous partageons des informations avec des fournisseurs de services tiers pour mener des activit\u00e9s commerciales et marketing.<\/li>\n<li>Partenaires de r\u00e9f\u00e9rence\u00a0: les informations peuvent \u00eatre partag\u00e9es avec des partenaires de r\u00e9f\u00e9rence si n\u00e9cessaire pour honorer les accords et traiter les transactions.<\/li>\n<li>Affili\u00e9s\u00a0: les affili\u00e9s de Polysmarts peuvent partager des informations \u00e0 des fins d&#039;analyse commerciale ou de marketing cibl\u00e9.<\/li>\n<li>Votre consentement\u00a0: Nous pouvons partager vos informations personnelles avec des tiers avec votre consentement.<\/li>\n<li>Requ\u00eates l\u00e9gales et exigences r\u00e9glementaires\u00a0: les informations peuvent \u00eatre partag\u00e9es pour se conformer \u00e0 la loi, \u00e0 la r\u00e9glementation, \u00e0 la proc\u00e9dure judiciaire, \u00e0 la demande gouvernementale en vigueur ou pour limiter la fraude.<\/li>\n<\/ul>\n<p><span style=\"font-size: 14pt;\"><strong>Partage de donn\u00e9es anonymis\u00e9es\u00a0:<\/strong> <\/span><\/p>\n<p>Nous pouvons partager des ensembles de donn\u00e9es agr\u00e9g\u00e9es et anonymis\u00e9es avec des tiers.<\/p>\n<p><strong><span style=\"font-size: 18pt;\">Choix importants en mati\u00e8re de confidentialit\u00e9<\/span><\/strong><\/p>\n<p><span style=\"font-size: 14pt;\"><strong>Consentement au partage d&#039;informations avec des soci\u00e9t\u00e9s tierces (partenaires de r\u00e9f\u00e9rence)\u00a0:<\/strong><\/span><\/p>\n<p>En acceptant cette politique de confidentialit\u00e9, vous acceptez que Polysmarts puisse partager vos informations avec toute soci\u00e9t\u00e9 tierce qui vous a r\u00e9f\u00e9r\u00e9 \u00e0 Polysmarts. Vous pouvez r\u00e9voquer ce consentement \u00e0 tout moment en nous contactant \u00e0 <a target=\"_new\">notification@polysmarts.com<\/a>.<\/p>\n<p style=\"text-align: center;\"><strong><span style=\"font-size: 18pt;\">Informations Compl\u00e9mentaires:<\/span><\/strong><\/p>\n<p><strong><span style=\"font-size: 14pt;\"> Pour les r\u00e9sidents de Californie\u00a0:<\/span><\/strong><\/p>\n<p>Veuillez vous r\u00e9f\u00e9rer \u00e0 la section \u00ab\u00a0Avis aux r\u00e9sidents de Californie\u00a0\u00bb ci-dessous pour conna\u00eetre les droits et divulgations sp\u00e9cifiques en vertu du CCPA.<\/p>\n<p>Comment exercer vos droits en vertu du CCPA<\/p>\n<p>Les r\u00e9sidents de Californie ont le droit de demander les informations que nous avons collect\u00e9es, utilis\u00e9es, divulgu\u00e9es ou vendues au cours des 12 derniers mois. Pour exercer ces droits, veuillez nous contacter au <a target=\"_new\">notification@polysmarts.com<\/a> avec une br\u00e8ve description de votre demande. Veuillez noter que vous ne pouvez faire une demande de consommateur v\u00e9rifiable que deux fois sur une p\u00e9riode de 12 mois.<\/p>\n<p>Pour plus de d\u00e9tails concernant vos droits en vertu du CCPA, y compris le droit de demander la suppression et de refuser la vente de vos informations personnelles, veuillez vous r\u00e9f\u00e9rer \u00e0 la section CCPA ci-dessous.<\/p>\n<p><strong><span style=\"font-size: 14pt;\">Modifications de cette politique<\/span><\/strong><\/p>\n<p>Les mises \u00e0 jour de la politique de confidentialit\u00e9 deviennent effectives lorsqu&#039;elles sont publi\u00e9es sur les sites Web de Polysmarts. Les modifications importantes seront notifi\u00e9es par e-mail ou fournies dans votre compte. Votre utilisation continue de nos services apr\u00e8s les mises \u00e0 jour indique votre acceptation de la politique de confidentialit\u00e9 mise \u00e0 jour de Polysmarts.<\/p>\n<p>Pour plus d&#039;informations ou des demandes de renseignements concernant cette politique ou les pratiques de confidentialit\u00e9 de Polysmarts, veuillez nous contacter \u00e0 <a target=\"_new\">notification@polysmarts.com<\/a> ou visitez notre page Contactez-nous.<\/p>\n<p><strong><span style=\"font-size: 14pt;\">Avis aux r\u00e9sidents de Californie (CCPA)<\/span><\/strong><\/p>\n<p>Cette section d\u00e9crit les droits et divulgations sp\u00e9cifiques en vertu du CCPA pour les r\u00e9sidents de Californie\u00a0:<\/p>\n<ul>\n<li>Informations personnelles collect\u00e9es par Polysmarts\u00a0: informations sur vos interactions avec notre site Web, enqu\u00eates, questionnaires et informations obtenues aupr\u00e8s de tiers \u00e0 des fins de marketing.<\/li>\n<li>Comment Polysmarts divulgue les informations personnelles\u00a0:\u00a0Divulgation \u00e0 des prestataires de services tiers \u00e0 des fins commerciales.<\/li>\n<li>Vos droits en vertu du CCPA\u00a0: droit de conna\u00eetre\/d&#039;acc\u00e8s, de demande de suppression, de refus de la vente d&#039;informations personnelles et droit \u00e0 la non-discrimination.<\/li>\n<li>Comment exercer vos droits\u00a0: contactez-nous au <a target=\"_new\">notification@polysmarts.com<\/a> pour faire des demandes v\u00e9rifiables des consommateurs. La d\u00e9signation d&#039;un mandataire est possible selon des instructions pr\u00e9cises.<\/li>\n<\/ul>\n<h3 class=\"\" data-css=\"tve-u-5ffed9490ee3f0\"><span style=\"font-size: 14pt;\"><strong>Avis de confidentialit\u00e9 f\u00e9d\u00e9ral<\/strong><\/span><\/h3>\n<table style=\"border-collapse: collapse; width: 100%;\">\n<tbody>\n<tr>\n<td style=\"width: 33.3333%;\"><strong>Raisons pour lesquelles nous pouvons partager vos informations personnelles.<\/strong><\/td>\n<td style=\"width: 33.3333%;\"><strong>Est-ce qu&#039;on partage ?<\/strong><\/td>\n<td style=\"width: 33.3333%;\"><strong>Peux-tu limiter ce partage?<\/strong><\/td>\n<\/tr>\n<tr>\n<td style=\"width: 33.3333%;\"><span data-css=\"tve-u-176fbdf5e5a\">Pour nos besoins professionnels quotidiens<\/span>\u00a0\u2013 comme pour traiter vos transactions, g\u00e9rer votre (vos) compte(s), r\u00e9pondre aux ordonnances du tribunal et aux enqu\u00eates judiciaires, ou faire rapport aux agences d&#039;\u00e9valuation du cr\u00e9dit<\/td>\n<td style=\"width: 33.3333%;\">Oui<\/td>\n<td style=\"width: 33.3333%;\">Non<\/td>\n<\/tr>\n<tr>\n<td style=\"width: 33.3333%;\"><span data-css=\"tve-u-176fbe0360a\">\u00c0 nos fins de marketing<\/span>\u00a0\u2013 pour vous proposer nos produits et services<\/td>\n<td style=\"width: 33.3333%;\">Oui<\/td>\n<td style=\"width: 33.3333%;\">Non<\/td>\n<\/tr>\n<tr>\n<td style=\"width: 33.3333%;\"><strong>Pour une commercialisation conjointe avec d&#039;autres soci\u00e9t\u00e9s<\/strong><\/td>\n<td style=\"width: 33.3333%;\">Non<\/td>\n<td style=\"width: 33.3333%;\">Nous ne partageons pas<\/td>\n<\/tr>\n<tr>\n<td style=\"width: 33.3333%;\"><strong>Pour limiter nos partages<\/strong><strong><br \/><\/strong><\/td>\n<td style=\"width: 33.3333%;\" colspan=\"2\">Vous pouvez limiter notre partage d&#039;informations en nous envoyant un e-mail \u00e0 <a href=\"mailto:notification@polysmarts.com\" target=\"_new\">notification@polysmarts.com<\/a>. et nous vous aiderons \u00e0 d\u00e9sactiver ce partage d&#039;informations.<\/td>\n<\/tr>\n<tr>\n<td style=\"width: 33.3333%;\">Des questions?<strong><br \/><\/strong><\/td>\n<td style=\"width: 33.3333%;\" colspan=\"2\">Envoyez-nous un courriel \u00e0 <a href=\"mailto:notification@polysmarts.com\">notification@polysmarts.com.<\/a><\/td>\n<\/tr>\n<\/tbody>\n<\/table>\t\t\t\t\t\t\t\t<\/div>\n\t\t\t\t<\/div>\n\t\t\t\t\t<\/div>\n\t\t\t\t<\/div>\n\t\t\t\t<\/div>","protected":false},"excerpt":{"rendered":"<p>Welcome to Polysmarts. At Polysmarts, we prioritize the privacy of our users and believe in handling personal information with the utmost care and respect. This Privacy Policy applies to Wicklow, Inc, operating as Polysmarts (referred to as &#8220;Polysmarts&#8221;, &#8220;we&#8221;, &#8220;us&#8221;, or &#8220;our&#8221;). We have crafted this Privacy Policy to outline how we collect, use, protect, [&hellip;]<\/p>\n","protected":false},"author":1,"featured_media":0,"parent":0,"menu_order":0,"comment_status":"closed","ping_status":"open","template":"","meta":{"footnotes":""},"class_list":["post-3","page","type-page","status-publish","hentry"],"_links":{"self":[{"href":"https:\/\/polysmarts.com\/fr\/wp-json\/wp\/v2\/pages\/3","targetHints":{"allow":["GET"]}}],"collection":[{"href":"https:\/\/polysmarts.com\/fr\/wp-json\/wp\/v2\/pages"}],"about":[{"href":"https:\/\/polysmarts.com\/fr\/wp-json\/wp\/v2\/types\/page"}],"author":[{"embeddable":true,"href":"https:\/\/polysmarts.com\/fr\/wp-json\/wp\/v2\/users\/1"}],"replies":[{"embeddable":true,"href":"https:\/\/polysmarts.com\/fr\/wp-json\/wp\/v2\/comments?post=3"}],"version-history":[{"count":6,"href":"https:\/\/polysmarts.com\/fr\/wp-json\/wp\/v2\/pages\/3\/revisions"}],"predecessor-version":[{"id":3194,"href":"https:\/\/polysmarts.com\/fr\/wp-json\/wp\/v2\/pages\/3\/revisions\/3194"}],"wp:attachment":[{"href":"https:\/\/polysmarts.com\/fr\/wp-json\/wp\/v2\/media?parent=3"}],"curies":[{"name":"wp","href":"https:\/\/api.w.org\/{rel}","templated":true}]}}