{"id":2063,"date":"2024-03-21T08:56:37","date_gmt":"2024-03-21T08:56:37","guid":{"rendered":"https:\/\/polysmarts.com\/?page_id=2063"},"modified":"2024-03-26T11:36:58","modified_gmt":"2024-03-26T11:36:58","slug":"resume-dachat","status":"publish","type":"page","link":"https:\/\/polysmarts.com\/fr\/purchase-summary\/","title":{"rendered":"R\u00e9sum\u00e9 d&#039;achat"},"content":{"rendered":"<div data-elementor-type=\"wp-page\" data-elementor-id=\"2063\" class=\"elementor elementor-2063\" data-elementor-post-type=\"page\">\n\t\t\t\t<div class=\"elementor-element elementor-element-c319cdb e-con-full e-flex e-con e-parent\" data-id=\"c319cdb\" data-element_type=\"container\" data-e-type=\"container\" data-settings=\"{&quot;background_background&quot;:&quot;classic&quot;}\">\n\t\t\t\t<\/div>\n\t\t<div class=\"elementor-element elementor-element-463784d e-flex e-con-boxed e-con e-parent\" data-id=\"463784d\" data-element_type=\"container\" data-e-type=\"container\">\n\t\t\t\t\t<div class=\"e-con-inner\">\n\t\t\t\t\t<\/div>\n\t\t\t\t<\/div>\n\t\t\t\t<\/div>","protected":false},"excerpt":{"rendered":"<p>Bienvenue sur la page R\u00e9capitulatif d\u2019achat des sacs d\u2019emballage PolySmarts\u00a0! Ici, vous pouvez facilement consulter tous vos achats li\u00e9s aux sacs en un seul endroit. Que vous ayez command\u00e9 des sacs en poly\u00e9thyl\u00e8ne polyvalents, des sacs en papier durables ou des solutions d&#039;emballage sp\u00e9cialis\u00e9es, cette page fournit un aper\u00e7u complet de vos transactions li\u00e9es aux sacs.<\/p>","protected":false},"author":1,"featured_media":2090,"parent":0,"menu_order":0,"comment_status":"closed","ping_status":"closed","template":"","meta":{"footnotes":""},"class_list":["post-2063","page","type-page","status-publish","has-post-thumbnail","hentry"],"_links":{"self":[{"href":"https:\/\/polysmarts.com\/fr\/wp-json\/wp\/v2\/pages\/2063","targetHints":{"allow":["GET"]}}],"collection":[{"href":"https:\/\/polysmarts.com\/fr\/wp-json\/wp\/v2\/pages"}],"about":[{"href":"https:\/\/polysmarts.com\/fr\/wp-json\/wp\/v2\/types\/page"}],"author":[{"embeddable":true,"href":"https:\/\/polysmarts.com\/fr\/wp-json\/wp\/v2\/users\/1"}],"replies":[{"embeddable":true,"href":"https:\/\/polysmarts.com\/fr\/wp-json\/wp\/v2\/comments?post=2063"}],"version-history":[{"count":5,"href":"https:\/\/polysmarts.com\/fr\/wp-json\/wp\/v2\/pages\/2063\/revisions"}],"predecessor-version":[{"id":2276,"href":"https:\/\/polysmarts.com\/fr\/wp-json\/wp\/v2\/pages\/2063\/revisions\/2276"}],"wp:featuredmedia":[{"embeddable":true,"href":"https:\/\/polysmarts.com\/fr\/wp-json\/wp\/v2\/media\/2090"}],"wp:attachment":[{"href":"https:\/\/polysmarts.com\/fr\/wp-json\/wp\/v2\/media?parent=2063"}],"curies":[{"name":"wp","href":"https:\/\/api.w.org\/{rel}","templated":true}]}}