{"id":1974,"date":"2024-03-18T12:32:43","date_gmt":"2024-03-18T12:32:43","guid":{"rendered":"https:\/\/polysmarts.com\/?page_id=1974"},"modified":"2024-03-26T12:16:41","modified_gmt":"2024-03-26T12:16:41","slug":"mon-compte","status":"publish","type":"page","link":"https:\/\/polysmarts.com\/fr\/my-account\/","title":{"rendered":"My Account"},"content":{"rendered":"<div data-elementor-type=\"wp-page\" data-elementor-id=\"1974\" class=\"elementor elementor-1974\" data-elementor-post-type=\"page\">\n\t\t\t\t<div class=\"elementor-element elementor-element-31d9335 e-con-full e-flex e-con e-parent\" data-id=\"31d9335\" data-element_type=\"container\" data-e-type=\"container\" data-settings=\"{&quot;background_background&quot;:&quot;classic&quot;}\">\n\t\t\t\t<\/div>\n\t\t<div class=\"elementor-element elementor-element-e954803 e-flex e-con-boxed e-con e-parent\" data-id=\"e954803\" data-element_type=\"container\" data-e-type=\"container\" data-settings=\"{&quot;background_background&quot;:&quot;classic&quot;}\">\n\t\t\t\t\t<div class=\"e-con-inner\">\n\t\t\t\t<div class=\"elementor-element elementor-element-a74a18c e-my-account-tabs-vertical elementor-widget elementor-widget-woocommerce-my-account\" data-id=\"a74a18c\" data-element_type=\"widget\" data-e-type=\"widget\" data-widget_type=\"woocommerce-my-account.default\">\n\t\t\t\t<div class=\"elementor-widget-container\">\n\t\t\t\t\t<div class=\"e-my-account-tab e-my-account-tab__\">\t\t\t<div class=\"woocommerce\"><\/div>\t\t<\/div>\n\t\t\t\t\t\t<\/div>\n\t\t\t\t<\/div>\n\t\t\t\t\t<\/div>\n\t\t\t\t<\/div>\n\t\t\t\t<\/div>","protected":false},"excerpt":{"rendered":"<p>Bienvenue sur la page de votre compte sur PolySmarts Packaging\u00a0! En vous inscrivant chez nous, vous avez d\u00e9bloqu\u00e9 une passerelle pratique pour g\u00e9rer vos commandes de mani\u00e8re transparente. Connectez-vous pour acc\u00e9der \u00e0 un tableau de bord personnalis\u00e9 o\u00f9 vous pourrez suivre facilement vos commandes. Du suivi des statuts des commandes \u00e0 l&#039;affichage de l&#039;historique des commandes, notre page de compte vous permet de rester inform\u00e9 \u00e0 chaque \u00e9tape du processus. Rejoignez notre communaut\u00e9 de clients satisfaits et d\u00e9couvrez l\u2019efficacit\u00e9 de PolySmarts Packaging. Inscrivez-vous maintenant pour acc\u00e9der \u00e0 votre compte et rationaliser votre exp\u00e9rience d&#039;emballage.<\/p>","protected":false},"author":1,"featured_media":2080,"parent":0,"menu_order":0,"comment_status":"closed","ping_status":"closed","template":"","meta":{"footnotes":""},"class_list":["post-1974","page","type-page","status-publish","has-post-thumbnail","hentry"],"_links":{"self":[{"href":"https:\/\/polysmarts.com\/fr\/wp-json\/wp\/v2\/pages\/1974","targetHints":{"allow":["GET"]}}],"collection":[{"href":"https:\/\/polysmarts.com\/fr\/wp-json\/wp\/v2\/pages"}],"about":[{"href":"https:\/\/polysmarts.com\/fr\/wp-json\/wp\/v2\/types\/page"}],"author":[{"embeddable":true,"href":"https:\/\/polysmarts.com\/fr\/wp-json\/wp\/v2\/users\/1"}],"replies":[{"embeddable":true,"href":"https:\/\/polysmarts.com\/fr\/wp-json\/wp\/v2\/comments?post=1974"}],"version-history":[{"count":5,"href":"https:\/\/polysmarts.com\/fr\/wp-json\/wp\/v2\/pages\/1974\/revisions"}],"predecessor-version":[{"id":2292,"href":"https:\/\/polysmarts.com\/fr\/wp-json\/wp\/v2\/pages\/1974\/revisions\/2292"}],"wp:featuredmedia":[{"embeddable":true,"href":"https:\/\/polysmarts.com\/fr\/wp-json\/wp\/v2\/media\/2080"}],"wp:attachment":[{"href":"https:\/\/polysmarts.com\/fr\/wp-json\/wp\/v2\/media?parent=1974"}],"curies":[{"name":"wp","href":"https:\/\/api.w.org\/{rel}","templated":true}]}}