{"id":990,"date":"2023-11-28T07:18:16","date_gmt":"2023-11-28T07:18:16","guid":{"rendered":"https:\/\/polysmarts.com\/?post_type=product&#038;p=990"},"modified":"2023-11-28T07:18:17","modified_gmt":"2023-11-28T07:18:17","slug":"bolsas-con-cremallera-de-pie-mylar-de-cannabis","status":"publish","type":"product","link":"https:\/\/polysmarts.com\/es\/product\/cannabis-mylar-stand-up-zipper-bags\/","title":{"rendered":"Cannabis Mylar Stand Up Bolsas con cremallera"},"content":{"rendered":"<p><strong>Bolsas de Cannabis Mylar: mejore su empaque de CBD con practicidad y estilo<\/strong><\/p>\n<p>En el mercado de productos de CBD en constante expansi\u00f3n, destacar es crucial. CBD Packaging Store presenta Cannabis Mylar Bags como la soluci\u00f3n de embalaje definitiva, que combina practicidad, rentabilidad y un dise\u00f1o llamativo. He aqu\u00ed por qu\u00e9 estas bolsas dominan el mercado:<\/p>\n<p><strong>1. Rentabilidad y protecci\u00f3n adicional:<\/strong><br \/>\n\u2013 Las bolsas Mylar est\u00e1n fabricadas con un material asequible pero duradero, lo que garantiza un embalaje econ\u00f3mico sin comprometer la protecci\u00f3n del producto. El grosor \u00fanico tambi\u00e9n a\u00f1ade una capa adicional de protecci\u00f3n, lo que lo hace adecuado para productos de cannabis.<\/p>\n<p><strong>2. Ventaja a prueba de olores:<\/strong><br \/>\n\u2013 El material utilizado en las bolsas de mylar ofrece una caracter\u00edstica a prueba de olores, evitando cualquier alteraci\u00f3n del olor distintivo del cannabis en las tiendas. Esta ventaja se extiende a la creaci\u00f3n de un entorno de compras m\u00e1s discreto y atractivo.<\/p>\n<p><strong>3. Personalizaci\u00f3n para compatibilidad de marcas:<\/strong><br \/>\n\u2013 CBD Packaging Store ofrece soporte de dise\u00f1o y personalizaci\u00f3n gratuitos, lo que permite a los fabricantes de productos de CBD alinear sus bolsas de mylar con su marca. Dise\u00f1os personalizados para incorporar las \u00faltimas tendencias, asegurando que sus productos destaquen en los estantes.<\/p>\n<p><strong>4. Opciones de impresi\u00f3n para reconocimiento de marca:<\/strong><br \/>\n\u2013 Marque sus productos de manera efectiva eligiendo entre varias opciones de impresi\u00f3n. Muestre su marca y logotipo de manera destacada en estas bolsas de mylar, creando una identidad visual que resuene con su p\u00fablico objetivo.<\/p>\n<p><strong>5. Complementos y opciones de acabado:<\/strong><br \/>\n\u2013 Mejore su empaque con caracter\u00edsticas adicionales como relieve, grabado, punto UV, acabado mate y brillante, recubrimientos dorados y plateados, y m\u00e1s. Estas opciones a\u00f1aden un toque de lujo, ideal para productos de cannabis de alta gama.<\/p>","protected":false},"excerpt":{"rendered":"<table style=\"height: 360px; width: 99.8505%; border-collapse: collapse;\" border=\"2\">\n<tbody>\n<tr style=\"height: 40px;\">\n<td style=\"width: 22.6796%; height: 30px; background-color: #99ccff;\"><span style=\"font-family: arial, helvetica, sans-serif; font-size: 12pt;\"><strong>Dimensi\u00f3n y estilo<\/strong><\/span><\/td>\n<td style=\"width: 77.3204%; height: 30px; background-color: #99ccff;\"><span style=\"font-family: arial, helvetica, sans-serif; font-size: 12pt;\">Formas y tama\u00f1os personalizados<\/span><\/td>\n<\/tr>\n<tr style=\"height: 40px;\">\n<td style=\"width: 22.6796%; height: 34px; background-color: #ebebeb;\"><span style=\"font-size: 12pt;\"><strong><span style=\"font-family: arial, helvetica, sans-serif;\">Cantidad m\u00ednima de pedido<\/span><\/strong><\/span><\/td>\n<td style=\"width: 77.3204%; height: 34px; background-color: #ebebeb;\"><span style=\"font-family: arial, helvetica, sans-serif; font-size: 12pt;\">1000 unidades sin personalizaci\u00f3n, 10000 unidades para personalizaci\u00f3n<\/span><\/td>\n<\/tr>\n<tr style=\"height: 40px; background-color: #99ccff;\">\n<td style=\"width: 22.6796%; height: 24px;\"><span style=\"font-size: 12pt;\"><strong><span style=\"font-family: arial, helvetica, sans-serif;\">Tipo de embalaje<\/span><\/strong><\/span><\/td>\n<td style=\"width: 77.3204%; height: 24px;\"><span style=\"font-family: arial, helvetica, sans-serif; font-size: 12pt;\">Bolsa de pie<\/span><\/td>\n<\/tr>\n<tr style=\"height: 40px; background-color: #ebebeb;\">\n<td style=\"width: 22.6796%; height: 24px;\"><span style=\"font-size: 12pt;\"><strong><span style=\"font-family: arial, helvetica, sans-serif;\">Impresi\u00f3n<\/span><\/strong><\/span><\/td>\n<td style=\"width: 77.3204%; height: 24px;\"><span style=\"font-family: arial, helvetica, sans-serif; font-size: 12pt;\">CMYK (1 \u2013 10 colores), sin impresi\u00f3n (normal)<\/span><\/td>\n<\/tr>\n<tr style=\"height: 40px; background-color: #99ccff;\">\n<td style=\"width: 22.6796%; height: 24px;\"><span style=\"font-size: 12pt;\"><strong><span style=\"font-family: arial, helvetica, sans-serif;\">Refinamiento<\/span><\/strong><\/span><\/td>\n<td style=\"width: 77.3204%; height: 24px;\"><span style=\"font-family: arial, helvetica, sans-serif; font-size: 12pt;\">Laminaci\u00f3n brillante\/mate, impresi\u00f3n offset<\/span><\/td>\n<\/tr>\n<tr style=\"height: 40px; background-color: #ebebeb;\">\n<td style=\"width: 22.6796%; height: 24px;\"><span style=\"font-size: 12pt;\"><strong><span style=\"font-family: arial, helvetica, sans-serif;\">Opciones incluidas<\/span><\/strong><\/span><\/td>\n<td style=\"width: 77.3204%; height: 24px;\"><span style=\"font-family: arial, helvetica, sans-serif; font-size: 12pt;\">Troquelado, sellado t\u00e9rmico<\/span><\/td>\n<\/tr>\n<tr style=\"height: 40px; background-color: #99ccff;\">\n<td style=\"width: 22.6796%; height: 24px;\"><span style=\"font-size: 12pt;\"><strong><span style=\"font-family: arial, helvetica, sans-serif;\">Prueba<\/span><\/strong><\/span><\/td>\n<td style=\"width: 77.3204%; height: 24px;\"><span style=\"font-family: arial, helvetica, sans-serif; font-size: 12pt;\">Pruebas de olor\u00a0<\/span><\/td>\n<\/tr>\n<tr style=\"height: 40px; background-color: #ebebeb;\">\n<td style=\"width: 22.6796%; height: 24px;\"><span style=\"font-size: 12pt;\"><strong><span style=\"font-family: arial, helvetica, sans-serif;\">Tiempo de respuesta<\/span><\/strong><\/span><\/td>\n<td style=\"width: 77.3204%; height: 24px;\"><span style=\"font-family: arial, helvetica, sans-serif; font-size: 12pt;\">7 \u2013 15 d\u00edas h\u00e1biles, URGENTE<\/span><\/td>\n<\/tr>\n<tr style=\"height: 40px; background-color: #99ccff;\">\n<td style=\"width: 22.6796%; height: 24px;\"><span style=\"font-size: 12pt;\"><strong><span style=\"font-family: arial, helvetica, sans-serif;\">Env\u00edo<\/span><\/strong><\/span><\/td>\n<td style=\"width: 77.3204%; height: 24px;\"><span style=\"font-family: arial, helvetica, sans-serif; font-size: 12pt;\">Aire, Mar, Express<\/span><\/td>\n<\/tr>\n<\/tbody>\n<\/table>\n<p>&nbsp;<\/p>","protected":false},"featured_media":942,"comment_status":"open","ping_status":"closed","template":"","meta":[],"product_brand":[],"product_cat":[28,18],"product_tag":[],"class_list":{"0":"post-990","1":"product","2":"type-product","3":"status-publish","4":"has-post-thumbnail","6":"product_cat-cbd-packaging","7":"product_cat-zipper-bags","9":"first","10":"instock","11":"shipping-taxable","12":"product-type-simple"},"_links":{"self":[{"href":"https:\/\/polysmarts.com\/es\/wp-json\/wp\/v2\/product\/990","targetHints":{"allow":["GET"]}}],"collection":[{"href":"https:\/\/polysmarts.com\/es\/wp-json\/wp\/v2\/product"}],"about":[{"href":"https:\/\/polysmarts.com\/es\/wp-json\/wp\/v2\/types\/product"}],"replies":[{"embeddable":true,"href":"https:\/\/polysmarts.com\/es\/wp-json\/wp\/v2\/comments?post=990"}],"version-history":[{"count":1,"href":"https:\/\/polysmarts.com\/es\/wp-json\/wp\/v2\/product\/990\/revisions"}],"predecessor-version":[{"id":992,"href":"https:\/\/polysmarts.com\/es\/wp-json\/wp\/v2\/product\/990\/revisions\/992"}],"wp:featuredmedia":[{"embeddable":true,"href":"https:\/\/polysmarts.com\/es\/wp-json\/wp\/v2\/media\/942"}],"wp:attachment":[{"href":"https:\/\/polysmarts.com\/es\/wp-json\/wp\/v2\/media?parent=990"}],"wp:term":[{"taxonomy":"product_brand","embeddable":true,"href":"https:\/\/polysmarts.com\/es\/wp-json\/wp\/v2\/product_brand?post=990"},{"taxonomy":"product_cat","embeddable":true,"href":"https:\/\/polysmarts.com\/es\/wp-json\/wp\/v2\/product_cat?post=990"},{"taxonomy":"product_tag","embeddable":true,"href":"https:\/\/polysmarts.com\/es\/wp-json\/wp\/v2\/product_tag?post=990"}],"curies":[{"name":"gracias","href":"https:\/\/api.w.org\/{rel}","templated":true}]}}