{"id":918,"date":"2023-11-24T07:03:23","date_gmt":"2023-11-24T07:03:23","guid":{"rendered":"https:\/\/polysmarts.com\/?post_type=product&#038;p=918"},"modified":"2023-11-24T07:03:24","modified_gmt":"2023-11-24T07:03:24","slug":"bolsas-de-almacenamiento-de-alimentos-mylar-enmaranadas-coloridas-y-personalizadas","status":"publish","type":"product","link":"https:\/\/polysmarts.com\/es\/product\/custom-colorful-stand-up-matted-mylar-food-storage-bags\/","title":{"rendered":"Bolsos de almacenamiento de alimentos Mylar enmara\u00f1ados de pie coloridos personalizados"},"content":{"rendered":"<p>Descubra un nuevo est\u00e1ndar en frescura y comodidad con nuestras bolsas stand-up a prueba de olores en color negro mate. Fabricadas con papel de aluminio de alta calidad, estas bolsas de mylar resellables cuentan con una funci\u00f3n de cierre de cremallera de doble cara que no solo las hace f\u00e1ciles de abrir sino que tambi\u00e9n garantiza un cierre seguro. El cierre de cremallera se cierra herm\u00e9ticamente, proporcionando un nivel excepcional de sellado que mantiene a raya el agua, la humedad, el polvo y los olores.<\/p>\n<p>La reutilizaci\u00f3n de estas bolsas aumenta su practicidad, convirti\u00e9ndolas en una opci\u00f3n ecol\u00f3gica para los consumidores m\u00e1s exigentes. El dise\u00f1o de mylar va m\u00e1s all\u00e1 de la bolsa con cierre herm\u00e9tico normal, ya que mantiene fresco el contenido del interior durante un per\u00edodo prolongado, lo que la hace ideal para almacenar una amplia gama de art\u00edculos.<\/p>\n<p>Fabricadas con materia prima de polietileno, estas bolsas no solo son confiables sino tambi\u00e9n no t\u00f3xicas, lo que garantiza la seguridad de los art\u00edculos almacenados en su interior. La caracter\u00edstica termosellable agrega otra capa de versatilidad, permitiendo un cierre seguro para evitar fugas y garantizar una frescura duradera.<\/p>\n<p>Estas bolsas verticales a prueba de olores en color negro mate son perfectas para una variedad de art\u00edculos, desde productos secos, dulces y refrigerios hasta joyas, componentes electr\u00f3nicos y m\u00e1s. El elegante color negro a\u00f1ade un toque de sofisticaci\u00f3n, haci\u00e9ndolos adecuados para diversas aplicaciones.<\/p>\n<p>Disponibles en cantidades mayoristas, con un stock listo de 1000 unidades y opciones personalizables a partir de una cantidad m\u00ednima de pedido de 10 000 unidades, estas bolsas son la soluci\u00f3n ideal para las empresas que buscan una opci\u00f3n de embalaje confiable y elegante. Mejore la presentaci\u00f3n de su producto con estas bolsas stand-up a prueba de olores en color negro mate, donde la frescura se une a la funcionalidad en cada sello.<\/p>","protected":false},"excerpt":{"rendered":"<table style=\"height: 360px; width: 99.8505%; border-collapse: collapse;\" border=\"2\">\n<tbody>\n<tr style=\"height: 40px;\">\n<td style=\"width: 22.6796%; height: 30px; background-color: #99ccff;\"><span style=\"font-family: arial, helvetica, sans-serif; font-size: 12pt;\"><strong>Dimensi\u00f3n y estilo<\/strong><\/span><\/td>\n<td style=\"width: 77.3204%; height: 30px; background-color: #99ccff;\"><span style=\"font-family: arial, helvetica, sans-serif; font-size: 12pt;\">Formas y tama\u00f1os personalizados<\/span><\/td>\n<\/tr>\n<tr style=\"height: 40px;\">\n<td style=\"width: 22.6796%; height: 34px; background-color: #ebebeb;\"><span style=\"font-size: 12pt;\"><strong><span style=\"font-family: arial, helvetica, sans-serif;\">Cantidad m\u00ednima de pedido<\/span><\/strong><\/span><\/td>\n<td style=\"width: 77.3204%; height: 34px; background-color: #ebebeb;\"><span style=\"font-family: arial, helvetica, sans-serif; font-size: 12pt;\">1000 unidades sin personalizaci\u00f3n, 10000 unidades para personalizaci\u00f3n<\/span><\/td>\n<\/tr>\n<tr style=\"height: 40px; background-color: #99ccff;\">\n<td style=\"width: 22.6796%; height: 24px;\"><span style=\"font-size: 12pt;\"><strong><span style=\"font-family: arial, helvetica, sans-serif;\">Tipo de embalaje<\/span><\/strong><\/span><\/td>\n<td style=\"width: 77.3204%; height: 24px;\"><span style=\"font-family: arial, helvetica, sans-serif; font-size: 12pt;\">Bolsas de Mylar de pie<\/span><\/td>\n<\/tr>\n<tr style=\"height: 40px; background-color: #ebebeb;\">\n<td style=\"width: 22.6796%; height: 24px;\"><span style=\"font-size: 12pt;\"><strong><span style=\"font-family: arial, helvetica, sans-serif;\">Impresi\u00f3n<\/span><\/strong><\/span><\/td>\n<td style=\"width: 77.3204%; height: 24px;\"><span style=\"font-family: arial, helvetica, sans-serif; font-size: 12pt;\">CMYK (1 \u2013 10 colores), sin impresi\u00f3n (normal)<\/span><\/td>\n<\/tr>\n<tr style=\"height: 40px; background-color: #99ccff;\">\n<td style=\"width: 22.6796%; height: 24px;\"><span style=\"font-size: 12pt;\"><strong><span style=\"font-family: arial, helvetica, sans-serif;\">Refinamiento<\/span><\/strong><\/span><\/td>\n<td style=\"width: 77.3204%; height: 24px;\"><span style=\"font-family: arial, helvetica, sans-serif; font-size: 12pt;\">Laminaci\u00f3n brillante\/mate, impresi\u00f3n offset<\/span><\/td>\n<\/tr>\n<tr style=\"height: 40px; background-color: #ebebeb;\">\n<td style=\"width: 22.6796%; height: 24px;\"><span style=\"font-size: 12pt;\"><strong><span style=\"font-family: arial, helvetica, sans-serif;\">Opciones incluidas<\/span><\/strong><\/span><\/td>\n<td style=\"width: 77.3204%; height: 24px;\"><span style=\"font-family: arial, helvetica, sans-serif; font-size: 12pt;\">Troquelado, sellado t\u00e9rmico<\/span><\/td>\n<\/tr>\n<tr style=\"height: 40px; background-color: #99ccff;\">\n<td style=\"width: 22.6796%; height: 24px;\"><span style=\"font-size: 12pt;\"><strong><span style=\"font-family: arial, helvetica, sans-serif;\">Prueba<\/span><\/strong><\/span><\/td>\n<td style=\"width: 77.3204%; height: 24px;\"><span style=\"font-family: arial, helvetica, sans-serif; font-size: 12pt;\">Pruebas de olor\u00a0<\/span><\/td>\n<\/tr>\n<tr style=\"height: 40px; background-color: #ebebeb;\">\n<td style=\"width: 22.6796%; height: 24px;\"><span style=\"font-size: 12pt;\"><strong><span style=\"font-family: arial, helvetica, sans-serif;\">Tiempo de respuesta<\/span><\/strong><\/span><\/td>\n<td style=\"width: 77.3204%; height: 24px;\"><span style=\"font-family: arial, helvetica, sans-serif; font-size: 12pt;\">7 \u2013 15 d\u00edas h\u00e1biles, URGENTE<\/span><\/td>\n<\/tr>\n<tr style=\"height: 40px; background-color: #99ccff;\">\n<td style=\"width: 22.6796%; height: 24px;\"><span style=\"font-size: 12pt;\"><strong><span style=\"font-family: arial, helvetica, sans-serif;\">Env\u00edo<\/span><\/strong><\/span><\/td>\n<td style=\"width: 77.3204%; height: 24px;\"><span style=\"font-family: arial, helvetica, sans-serif; font-size: 12pt;\">Aire, Mar, Express<\/span><\/td>\n<\/tr>\n<\/tbody>\n<\/table>\n<p>&nbsp;<\/p>","protected":false},"featured_media":925,"comment_status":"open","ping_status":"closed","template":"","meta":[],"product_brand":[],"product_cat":[18,26],"product_tag":[],"class_list":{"0":"post-918","1":"product","2":"type-product","3":"status-publish","4":"has-post-thumbnail","6":"product_cat-zipper-bags","7":"product_cat-food-packaging","9":"first","10":"instock","11":"shipping-taxable","12":"product-type-simple"},"_links":{"self":[{"href":"https:\/\/polysmarts.com\/es\/wp-json\/wp\/v2\/product\/918","targetHints":{"allow":["GET"]}}],"collection":[{"href":"https:\/\/polysmarts.com\/es\/wp-json\/wp\/v2\/product"}],"about":[{"href":"https:\/\/polysmarts.com\/es\/wp-json\/wp\/v2\/types\/product"}],"replies":[{"embeddable":true,"href":"https:\/\/polysmarts.com\/es\/wp-json\/wp\/v2\/comments?post=918"}],"version-history":[{"count":1,"href":"https:\/\/polysmarts.com\/es\/wp-json\/wp\/v2\/product\/918\/revisions"}],"predecessor-version":[{"id":926,"href":"https:\/\/polysmarts.com\/es\/wp-json\/wp\/v2\/product\/918\/revisions\/926"}],"wp:featuredmedia":[{"embeddable":true,"href":"https:\/\/polysmarts.com\/es\/wp-json\/wp\/v2\/media\/925"}],"wp:attachment":[{"href":"https:\/\/polysmarts.com\/es\/wp-json\/wp\/v2\/media?parent=918"}],"wp:term":[{"taxonomy":"product_brand","embeddable":true,"href":"https:\/\/polysmarts.com\/es\/wp-json\/wp\/v2\/product_brand?post=918"},{"taxonomy":"product_cat","embeddable":true,"href":"https:\/\/polysmarts.com\/es\/wp-json\/wp\/v2\/product_cat?post=918"},{"taxonomy":"product_tag","embeddable":true,"href":"https:\/\/polysmarts.com\/es\/wp-json\/wp\/v2\/product_tag?post=918"}],"curies":[{"name":"gracias","href":"https:\/\/api.w.org\/{rel}","templated":true}]}}