{"id":882,"date":"2023-11-23T10:12:13","date_gmt":"2023-11-23T10:12:13","guid":{"rendered":"https:\/\/polysmarts.com\/?post_type=product&#038;p=882"},"modified":"2023-11-23T10:12:14","modified_gmt":"2023-11-23T10:12:14","slug":"rollos-de-relleno-de-sellado-de-vasos-de-plastico-personalizados-peliculas-de-sellado","status":"publish","type":"product","link":"https:\/\/polysmarts.com\/es\/product\/customized-plastic-cup-sealing-fill-rolls-sealing-films\/","title":{"rendered":"Pel\u00edculas de sellado de rollos de relleno de sellado de vasos de pl\u00e1stico personalizados"},"content":{"rendered":"<p>Pel\u00edcula en rollo para sellado de vasos de pl\u00e1stico personalizada, dise\u00f1ada para OPP, CPP y vasos de papel, perfecta para sellar bebidas y vasos de t\u00e9 con burbujas. Elaborado con precisi\u00f3n utilizando material PET\/EVA, este film alimentario destaca por su textura suave, transparencia y compromiso con el medio ambiente.<\/p>\n<p>La versatilidad se une a la est\u00e9tica con hasta 12 colores disponibles para personalizaci\u00f3n, lo que le permite adaptar la pel\u00edcula selladora de vasos a la identidad de su marca. El uso de la impresi\u00f3n en huecograbado garantiza un resultado visualmente atractivo y de alta calidad, haciendo que su producto destaque en los lineales.<\/p>\n<p>Suave pero duradera, esta pel\u00edcula para sellar vasos se crea mediante el proceso de moldeo por soplado, lo que garantiza una soluci\u00f3n de envasado confiable para sus bebidas. Polysmarts se enorgullece de ofrecer una opci\u00f3n respetuosa con el medio ambiente que no compromete el rendimiento.<\/p>\n<p>La marca Polysmarts es sin\u00f3nimo de calidad e innovaci\u00f3n. La pel\u00edcula selladora de copas est\u00e1 disponible en el tama\u00f1o de calibre 90\/95, para adaptarse a varias dimensiones de copas. Este rollo de pel\u00edcula est\u00e1 dise\u00f1ado para imprimir el sellado de vasos y agrega un toque profesional a la presentaci\u00f3n de su producto.<\/p>\n<p>Polysmarts hace un esfuerzo adicional al ofrecer muestras para su conveniencia, permiti\u00e9ndole experimentar la calidad de primera mano. Los pedidos personalizados se aceptan calurosamente, lo que garantiza que sus necesidades de embalaje se satisfagan con precisi\u00f3n y cuidado.<\/p>\n<p>Elija Polysmarts para obtener un rollo de pel\u00edcula para sellado de vasos que no solo protege su producto sino que tambi\u00e9n mejora su atractivo visual. Eleve su marca con una soluci\u00f3n de embalaje que no s\u00f3lo sea confiable sino tambi\u00e9n respetuosa con el medio ambiente. Experimente la combinaci\u00f3n perfecta de funcionalidad y estilo con la pel\u00edcula en rollo de sellado de vasos de pl\u00e1stico personalizada de Polysmarts.<\/p>","protected":false},"excerpt":{"rendered":"<table style=\"height: 360px; width: 99.8505%; border-collapse: collapse;\" border=\"2\">\n<tbody>\n<tr style=\"height: 40px;\">\n<td style=\"width: 22.6796%; height: 30px; background-color: #99ccff;\"><span style=\"font-family: arial, helvetica, sans-serif; font-size: 12pt;\"><strong>Dimensi\u00f3n y estilo<\/strong><\/span><\/td>\n<td style=\"width: 77.3204%; height: 30px; background-color: #99ccff;\"><span style=\"font-family: arial, helvetica, sans-serif; font-size: 12pt;\">Formas y tama\u00f1os personalizados<\/span><\/td>\n<\/tr>\n<tr style=\"height: 40px;\">\n<td style=\"width: 22.6796%; height: 34px; background-color: #ebebeb;\"><span style=\"font-size: 12pt;\"><strong><span style=\"font-family: arial, helvetica, sans-serif;\">Cantidad m\u00ednima de pedido<\/span><\/strong><\/span><\/td>\n<td style=\"width: 77.3204%; height: 34px; background-color: #ebebeb;\"><span style=\"font-family: arial, helvetica, sans-serif; font-size: 12pt;\">200 kilogramos<\/span><\/td>\n<\/tr>\n<tr style=\"height: 40px; background-color: #99ccff;\">\n<td style=\"width: 22.6796%; height: 24px;\"><span style=\"font-size: 12pt;\"><strong><span style=\"font-family: arial, helvetica, sans-serif;\">Tipo de embalaje<\/span><\/strong><\/span><\/td>\n<td style=\"width: 77.3204%; height: 24px;\"><span style=\"font-family: arial, helvetica, sans-serif; font-size: 12pt;\">Llenar rollos<\/span><\/td>\n<\/tr>\n<tr style=\"height: 40px; background-color: #ebebeb;\">\n<td style=\"width: 22.6796%; height: 24px;\"><span style=\"font-size: 12pt;\"><strong><span style=\"font-family: arial, helvetica, sans-serif;\">Impresi\u00f3n<\/span><\/strong><\/span><\/td>\n<td style=\"width: 77.3204%; height: 24px;\"><span style=\"font-family: arial, helvetica, sans-serif; font-size: 12pt;\">Impresi\u00f3n en huecograbado, seg\u00fan dise\u00f1o, hasta 10 colores.<\/span><\/td>\n<\/tr>\n<tr style=\"height: 40px; background-color: #99ccff;\">\n<td style=\"width: 22.6796%; height: 24px;\"><span style=\"font-size: 12pt;\"><strong><span style=\"font-family: arial, helvetica, sans-serif;\">Tama\u00f1o y espesor<\/span><\/strong><\/span><\/td>\n<td style=\"width: 77.3204%; height: 24px;\"><span style=\"font-family: arial, helvetica, sans-serif; font-size: 12pt;\">Varios tama\u00f1os y espesores disponibles<\/span><\/td>\n<\/tr>\n<tr style=\"height: 40px; background-color: #ebebeb;\">\n<td style=\"width: 22.6796%; height: 24px;\"><span style=\"font-size: 12pt;\"><strong><span style=\"font-family: arial, helvetica, sans-serif;\">Material<\/span><\/strong><\/span><\/td>\n<td style=\"width: 77.3204%; height: 24px;\"><span style=\"font-family: arial, helvetica, sans-serif; font-size: 12pt;\">PET\/VMPET\/PE, PET\/AL\/PE, OPP\/VMPET\/PE, OPP\/AL\/PE, etc.<\/span><\/td>\n<\/tr>\n<tr style=\"height: 40px; background-color: #99ccff;\">\n<td style=\"width: 22.6796%; height: 24px;\"><span style=\"font-size: 12pt;\"><strong><span style=\"font-family: arial, helvetica, sans-serif;\">Solicitud<\/span><\/strong><\/span><\/td>\n<td style=\"width: 77.3204%; height: 24px;\"><span style=\"font-family: arial, helvetica, sans-serif; font-size: 12pt;\">Chips\/t\u00e9\/caf\u00e9 en grano\/caf\u00e9 en polvo\/caf\u00e9 molido\/patatas fritas, etc.<\/span><\/td>\n<\/tr>\n<tr style=\"height: 40px; background-color: #ebebeb;\">\n<td style=\"width: 22.6796%; height: 24px;\"><span style=\"font-size: 12pt;\"><strong><span style=\"font-family: arial, helvetica, sans-serif;\">Tiempo de respuesta<\/span><\/strong><\/span><\/td>\n<td style=\"width: 77.3204%; height: 24px;\"><span style=\"font-family: arial, helvetica, sans-serif; font-size: 12pt;\">7 \u2013 15 d\u00edas h\u00e1biles, URGENTE<\/span><\/td>\n<\/tr>\n<tr style=\"height: 40px; background-color: #99ccff;\">\n<td style=\"width: 22.6796%; height: 24px;\"><span style=\"font-size: 12pt;\"><strong><span style=\"font-family: arial, helvetica, sans-serif;\">Env\u00edo<\/span><\/strong><\/span><\/td>\n<td style=\"width: 77.3204%; height: 24px;\"><span style=\"font-family: arial, helvetica, sans-serif; font-size: 12pt;\">Aire, Mar, Express<\/span><\/td>\n<\/tr>\n<\/tbody>\n<\/table>\n<p>&nbsp;<\/p>","protected":false},"featured_media":218,"comment_status":"open","ping_status":"closed","template":"","meta":[],"product_brand":[],"product_cat":[23],"product_tag":[],"class_list":{"0":"post-882","1":"product","2":"type-product","3":"status-publish","4":"has-post-thumbnail","6":"product_cat-film-rolls","8":"first","9":"instock","10":"shipping-taxable","11":"product-type-simple"},"_links":{"self":[{"href":"https:\/\/polysmarts.com\/es\/wp-json\/wp\/v2\/product\/882","targetHints":{"allow":["GET"]}}],"collection":[{"href":"https:\/\/polysmarts.com\/es\/wp-json\/wp\/v2\/product"}],"about":[{"href":"https:\/\/polysmarts.com\/es\/wp-json\/wp\/v2\/types\/product"}],"replies":[{"embeddable":true,"href":"https:\/\/polysmarts.com\/es\/wp-json\/wp\/v2\/comments?post=882"}],"version-history":[{"count":1,"href":"https:\/\/polysmarts.com\/es\/wp-json\/wp\/v2\/product\/882\/revisions"}],"predecessor-version":[{"id":890,"href":"https:\/\/polysmarts.com\/es\/wp-json\/wp\/v2\/product\/882\/revisions\/890"}],"wp:featuredmedia":[{"embeddable":true,"href":"https:\/\/polysmarts.com\/es\/wp-json\/wp\/v2\/media\/218"}],"wp:attachment":[{"href":"https:\/\/polysmarts.com\/es\/wp-json\/wp\/v2\/media?parent=882"}],"wp:term":[{"taxonomy":"product_brand","embeddable":true,"href":"https:\/\/polysmarts.com\/es\/wp-json\/wp\/v2\/product_brand?post=882"},{"taxonomy":"product_cat","embeddable":true,"href":"https:\/\/polysmarts.com\/es\/wp-json\/wp\/v2\/product_cat?post=882"},{"taxonomy":"product_tag","embeddable":true,"href":"https:\/\/polysmarts.com\/es\/wp-json\/wp\/v2\/product_tag?post=882"}],"curies":[{"name":"gracias","href":"https:\/\/api.w.org\/{rel}","templated":true}]}}