{"id":861,"date":"2023-11-23T09:15:17","date_gmt":"2023-11-23T09:15:17","guid":{"rendered":"https:\/\/polysmarts.com\/?post_type=product&#038;p=861"},"modified":"2023-11-23T09:15:18","modified_gmt":"2023-11-23T09:15:18","slug":"bolsa-de-envio-de-mensajeria-de-plastico-de-correo-expres-personalizado","status":"publish","type":"product","link":"https:\/\/polysmarts.com\/es\/product\/custom-poly-express-mailing-plastic-courier-shipping-bag\/","title":{"rendered":"Bolsa de env\u00edo de mensajer\u00eda de pl\u00e1stico de correo Poly Express personalizada"},"content":{"rendered":"<p>Las bolsas postales Polysmarts redefinen los est\u00e1ndares de seguridad y conveniencia del env\u00edo. Nuestro dise\u00f1o innovador incluye un forro interior negro, que proporciona una capa adicional de protecci\u00f3n de privacidad para sus pertenencias personales. La fuerte tira adhesiva autosellante no solo garantiza un cierre seguro sino que tambi\u00e9n act\u00faa como una caracter\u00edstica a prueba de manipulaciones, brind\u00e1ndole tranquilidad durante el tr\u00e1nsito.<\/p>\n<p>Fabricadas con los \u00faltimos materiales, nuestras bolsas postales cuentan con resistencia, impermeabilidad y resistencia al desgarro. El sellado reforzado de 4 cm en el borde garantiza que tus art\u00edculos lleguen a su destino de forma segura, independientemente del trayecto que emprendan.<\/p>\n<p>La versatilidad es el n\u00facleo de las bolsas postales Polysmarts. Disponibles en varios tama\u00f1os, estas bolsas se adaptan a diferentes necesidades, lo que las hace adecuadas para enviar una variedad de art\u00edculos, que incluyen ropa, libros, joyas, accesorios y m\u00e1s. Ya sea que sea propietario de un negocio o un particular que env\u00ede art\u00edculos personales, nuestras bolsas de correo brindan una soluci\u00f3n confiable.<\/p>\n<p>Lo que distingue a nuestras bolsas de env\u00edo autoselladas es su dise\u00f1o liviano y que ahorra espacio. D\u00edgale adi\u00f3s a la necesidad de materiales de embalaje adicionales: estas bolsas son eficientes y rentables, lo que le ayuda a ahorrar en gastos de env\u00edo y env\u00edo. Es la elecci\u00f3n perfecta para peque\u00f1as y medianas empresas que buscan soluciones de embalaje pr\u00e1cticas y econ\u00f3micas.<\/p>\n<p>Elija Polysmarts para disfrutar de una experiencia de env\u00edo perfecta, donde sus art\u00edculos no solo se env\u00edan sino que se env\u00edan de forma segura y eficiente. Conf\u00ede en nuestras bolsas de correo para obtener una combinaci\u00f3n de protecci\u00f3n de la privacidad, durabilidad y rentabilidad, garantizando que sus env\u00edos se manipulen con el cuidado que merecen.<\/p>","protected":false},"excerpt":{"rendered":"<table style=\"height: 360px; width: 99.8505%; border-collapse: collapse;\" border=\"2\">\n<tbody>\n<tr style=\"height: 40px;\">\n<td style=\"width: 22.6796%; height: 30px; background-color: #99ccff;\"><span style=\"font-family: arial, helvetica, sans-serif; font-size: 12pt;\"><strong>Dimensi\u00f3n y estilo<\/strong><\/span><\/td>\n<td style=\"width: 77.3204%; height: 30px; background-color: #99ccff;\"><span style=\"font-family: arial, helvetica, sans-serif; font-size: 12pt;\">Formas y tama\u00f1os personalizados<\/span><\/td>\n<\/tr>\n<tr style=\"height: 40px;\">\n<td style=\"width: 22.6796%; height: 34px; background-color: #ebebeb;\"><span style=\"font-size: 12pt;\"><strong><span style=\"font-family: arial, helvetica, sans-serif;\">Cantidad m\u00ednima de pedido<\/span><\/strong><\/span><\/td>\n<td style=\"width: 77.3204%; height: 34px; background-color: #ebebeb;\"><span style=\"font-family: arial, helvetica, sans-serif; font-size: 12pt;\">1000 unidades sin personalizaci\u00f3n, 10000 unidades para personalizaci\u00f3n<\/span><\/td>\n<\/tr>\n<tr style=\"height: 40px; background-color: #99ccff;\">\n<td style=\"width: 22.6796%; height: 24px;\"><span style=\"font-size: 12pt;\"><strong><span style=\"font-family: arial, helvetica, sans-serif;\">Tipo de embalaje<\/span><\/strong><\/span><\/td>\n<td style=\"width: 77.3204%; height: 24px;\"><span style=\"font-family: arial, helvetica, sans-serif; font-size: 12pt;\">Bolsas de correo de polietileno blanco<\/span><\/td>\n<\/tr>\n<tr style=\"height: 40px; background-color: #ebebeb;\">\n<td style=\"width: 22.6796%; height: 24px;\"><span style=\"font-size: 12pt;\"><strong><span style=\"font-family: arial, helvetica, sans-serif;\">Impresi\u00f3n<\/span><\/strong><\/span><\/td>\n<td style=\"width: 77.3204%; height: 24px;\"><span style=\"font-family: arial, helvetica, sans-serif; font-size: 12pt;\">CMYK (1 a 10 colores seg\u00fan sus requisitos), sin impresi\u00f3n (normal)<\/span><\/td>\n<\/tr>\n<tr style=\"height: 40px; background-color: #99ccff;\">\n<td style=\"width: 22.6796%; height: 24px;\"><span style=\"font-size: 12pt;\"><strong><span style=\"font-family: arial, helvetica, sans-serif;\">Refinamiento<\/span><\/strong><\/span><\/td>\n<td style=\"width: 77.3204%; height: 24px;\"><span style=\"font-family: arial, helvetica, sans-serif; font-size: 12pt;\">Laminaci\u00f3n brillante, impresi\u00f3n offset<\/span><\/td>\n<\/tr>\n<tr style=\"height: 40px; background-color: #ebebeb;\">\n<td style=\"width: 22.6796%; height: 24px;\"><span style=\"font-size: 12pt;\"><strong><span style=\"font-family: arial, helvetica, sans-serif;\">Material<\/span><\/strong><\/span><\/td>\n<td style=\"width: 77.3204%; height: 24px;\"><span style=\"font-family: arial, helvetica, sans-serif; font-size: 12pt;\">EDUCACI\u00d3N F\u00cdSICA<\/span><\/td>\n<\/tr>\n<tr style=\"height: 40px; background-color: #99ccff;\">\n<td style=\"width: 22.6796%; height: 24px;\"><span style=\"font-size: 12pt;\"><strong><span style=\"font-family: arial, helvetica, sans-serif;\">Caracter\u00edstica<\/span><\/strong><\/span><\/td>\n<td style=\"width: 77.3204%; height: 24px;\"><span style=\"font-family: arial, helvetica, sans-serif; font-size: 12pt;\">Ecol\u00f3gico y plegable<\/span><\/td>\n<\/tr>\n<tr style=\"height: 40px; background-color: #ebebeb;\">\n<td style=\"width: 22.6796%; height: 24px;\"><span style=\"font-size: 12pt;\"><strong><span style=\"font-family: arial, helvetica, sans-serif;\">Tiempo de respuesta<\/span><\/strong><\/span><\/td>\n<td style=\"width: 77.3204%; height: 24px;\"><span style=\"font-family: arial, helvetica, sans-serif; font-size: 12pt;\">7 \u2013 15 d\u00edas h\u00e1biles, URGENTE<\/span><\/td>\n<\/tr>\n<tr style=\"height: 40px; background-color: #99ccff;\">\n<td style=\"width: 22.6796%; height: 24px;\"><span style=\"font-size: 12pt;\"><strong><span style=\"font-family: arial, helvetica, sans-serif;\">Env\u00edo<\/span><\/strong><\/span><\/td>\n<td style=\"width: 77.3204%; height: 24px;\"><span style=\"font-family: arial, helvetica, sans-serif; font-size: 12pt;\">Aire, Mar, Express<\/span><\/td>\n<\/tr>\n<\/tbody>\n<\/table>\n<p>&nbsp;<\/p>","protected":false},"featured_media":868,"comment_status":"open","ping_status":"closed","template":"","meta":[],"product_brand":[],"product_cat":[24,21],"product_tag":[],"class_list":{"0":"post-861","1":"product","2":"type-product","3":"status-publish","4":"has-post-thumbnail","6":"product_cat-mailing-bag","7":"product_cat-opp-cpp-pe-cpe-single-material-bag","9":"first","10":"instock","11":"shipping-taxable","12":"product-type-simple"},"_links":{"self":[{"href":"https:\/\/polysmarts.com\/es\/wp-json\/wp\/v2\/product\/861","targetHints":{"allow":["GET"]}}],"collection":[{"href":"https:\/\/polysmarts.com\/es\/wp-json\/wp\/v2\/product"}],"about":[{"href":"https:\/\/polysmarts.com\/es\/wp-json\/wp\/v2\/types\/product"}],"replies":[{"embeddable":true,"href":"https:\/\/polysmarts.com\/es\/wp-json\/wp\/v2\/comments?post=861"}],"version-history":[{"count":1,"href":"https:\/\/polysmarts.com\/es\/wp-json\/wp\/v2\/product\/861\/revisions"}],"predecessor-version":[{"id":869,"href":"https:\/\/polysmarts.com\/es\/wp-json\/wp\/v2\/product\/861\/revisions\/869"}],"wp:featuredmedia":[{"embeddable":true,"href":"https:\/\/polysmarts.com\/es\/wp-json\/wp\/v2\/media\/868"}],"wp:attachment":[{"href":"https:\/\/polysmarts.com\/es\/wp-json\/wp\/v2\/media?parent=861"}],"wp:term":[{"taxonomy":"product_brand","embeddable":true,"href":"https:\/\/polysmarts.com\/es\/wp-json\/wp\/v2\/product_brand?post=861"},{"taxonomy":"product_cat","embeddable":true,"href":"https:\/\/polysmarts.com\/es\/wp-json\/wp\/v2\/product_cat?post=861"},{"taxonomy":"product_tag","embeddable":true,"href":"https:\/\/polysmarts.com\/es\/wp-json\/wp\/v2\/product_tag?post=861"}],"curies":[{"name":"gracias","href":"https:\/\/api.w.org\/{rel}","templated":true}]}}