{"id":840,"date":"2023-11-23T07:24:13","date_gmt":"2023-11-23T07:24:13","guid":{"rendered":"https:\/\/polysmarts.com\/?post_type=product&#038;p=840"},"modified":"2023-11-23T07:24:14","modified_gmt":"2023-11-23T07:24:14","slug":"bolsa-de-pie-de-papel-de-aluminio-de-colores-con-ventana-redonda","status":"publish","type":"product","link":"https:\/\/polysmarts.com\/es\/product\/colorful-aluminum-foil-stand-up-pouch-with-round-window\/","title":{"rendered":"Bolsa de pie de papel de aluminio colorido con ventana redonda"},"content":{"rendered":"<p>Descubra el siguiente nivel de almacenamiento de alimentos con nuestra bolsa Stand-Up Zip Lock, una soluci\u00f3n vers\u00e1til e innovadora dise\u00f1ada para mejorar su vida diaria. Elaborado con meticulosa atenci\u00f3n al detalle, este bolso es m\u00e1s que un simple contenedor; es un testimonio de funcionalidad y est\u00e9tica.<\/p>\n<p>El fondo de la bolsa est\u00e1 cuidadosamente engrosado y ensanchado, asegurando que el producto se mantenga en posici\u00f3n vertical sin esfuerzo. Esto no s\u00f3lo aumenta el atractivo visual sino que tambi\u00e9n hace que el llenado sea muy sencillo, proporcionando una presentaci\u00f3n hermosa y tridimensional.<\/p>\n<p>Nuestra avanzada tecnolog\u00eda de autosellado lleva la comodidad a un nivel completamente nuevo. El sello no solo es extremadamente herm\u00e9tico, lo que garantiza la frescura y la integridad de los art\u00edculos almacenados, sino que tambi\u00e9n est\u00e1 dise\u00f1ado para abrirse repetidamente. D\u00edgale adi\u00f3s a los problemas con los cierres tradicionales: nuestra funci\u00f3n de cierre con cremallera combina seguridad con facilidad de uso.<\/p>\n<p>El dise\u00f1o humanizado tiene en cuenta la seguridad con esquinas redondeadas, minimizando el riesgo de lesiones. Entendemos la importancia de un embalaje f\u00e1cil de usar y es por eso que nuestra bolsa est\u00e1 dise\u00f1ada para romperse f\u00e1cilmente despu\u00e9s del sellado t\u00e9rmico, lo que hace que el acceso a sus art\u00edculos almacenados sea conveniente y r\u00e1pido.<\/p>\n<p>Adopte la bolsa de color brillante que no solo protege su comida sino que tambi\u00e9n agrega un toque de estilo a su cocina. La bolsa Stand-Up Zip Lock no es solo una soluci\u00f3n de almacenamiento; es una mejora de estilo de vida. Mejore su experiencia en la cocina con una bolsa que combina a la perfecci\u00f3n practicidad, innovaci\u00f3n y est\u00e9tica.<\/p>\n<p>Haga una declaraci\u00f3n con una soluci\u00f3n de embalaje que destaca en el mundo del almacenamiento de alimentos. Elija la bolsa Stand-Up Zip Lock: donde la comodidad se une al estilo y la innovaci\u00f3n se une a la vida cotidiana.<\/p>","protected":false},"excerpt":{"rendered":"<table style=\"height: 360px; width: 99.8505%; border-collapse: collapse;\" border=\"2\">\n<tbody>\n<tr style=\"height: 40px;\">\n<td style=\"width: 22.6796%; height: 30px; background-color: #99ccff;\"><span style=\"font-family: arial, helvetica, sans-serif; font-size: 12pt;\"><strong>Dimensi\u00f3n y estilo<\/strong><\/span><\/td>\n<td style=\"width: 77.3204%; height: 30px; background-color: #99ccff;\"><span style=\"font-family: arial, helvetica, sans-serif; font-size: 12pt;\">Formas y tama\u00f1os personalizados<\/span><\/td>\n<\/tr>\n<tr style=\"height: 40px;\">\n<td style=\"width: 22.6796%; height: 34px; background-color: #ebebeb;\"><span style=\"font-size: 12pt;\"><strong><span style=\"font-family: arial, helvetica, sans-serif;\">Cantidad m\u00ednima de pedido<\/span><\/strong><\/span><\/td>\n<td style=\"width: 77.3204%; height: 34px; background-color: #ebebeb;\"><span style=\"font-family: arial, helvetica, sans-serif; font-size: 12pt;\">1000 unidades sin personalizaci\u00f3n, 10000 unidades para personalizaci\u00f3n<\/span><\/td>\n<\/tr>\n<tr style=\"height: 40px; background-color: #99ccff;\">\n<td style=\"width: 22.6796%; height: 24px;\"><span style=\"font-size: 12pt;\"><strong><span style=\"font-family: arial, helvetica, sans-serif;\">Tipo de embalaje<\/span><\/strong><\/span><\/td>\n<td style=\"width: 77.3204%; height: 24px;\"><span style=\"font-family: arial, helvetica, sans-serif; font-size: 12pt;\">Bolsas de papel de aluminio\u00a0<\/span><\/td>\n<\/tr>\n<tr style=\"height: 40px; background-color: #ebebeb;\">\n<td style=\"width: 22.6796%; height: 24px;\"><span style=\"font-size: 12pt;\"><strong><span style=\"font-family: arial, helvetica, sans-serif;\">Impresi\u00f3n<\/span><\/strong><\/span><\/td>\n<td style=\"width: 77.3204%; height: 24px;\"><span style=\"font-family: arial, helvetica, sans-serif; font-size: 12pt;\">CMYK (1 a 10 colores seg\u00fan sus requisitos), sin impresi\u00f3n (normal)<\/span><\/td>\n<\/tr>\n<tr style=\"height: 40px; background-color: #99ccff;\">\n<td style=\"width: 22.6796%; height: 24px;\"><span style=\"font-size: 12pt;\"><strong><span style=\"font-family: arial, helvetica, sans-serif;\">Refinamiento<\/span><\/strong><\/span><\/td>\n<td style=\"width: 77.3204%; height: 24px;\"><span style=\"font-family: arial, helvetica, sans-serif; font-size: 12pt;\">Laminaci\u00f3n brillante, impresi\u00f3n offset<\/span><\/td>\n<\/tr>\n<tr style=\"height: 40px; background-color: #ebebeb;\">\n<td style=\"width: 22.6796%; height: 24px;\"><span style=\"font-size: 12pt;\"><strong><span style=\"font-family: arial, helvetica, sans-serif;\">Material<\/span><\/strong><\/span><\/td>\n<td style=\"width: 77.3204%; height: 24px;\"><span style=\"font-family: arial, helvetica, sans-serif; font-size: 12pt;\">OPP+VMPET+l\u00e1mina de aluminio+PE<\/span><\/td>\n<\/tr>\n<tr style=\"height: 40px; background-color: #99ccff;\">\n<td style=\"width: 22.6796%; height: 24px;\"><span style=\"font-size: 12pt;\"><strong><span style=\"font-family: arial, helvetica, sans-serif;\">Caracter\u00edstica<\/span><\/strong><\/span><\/td>\n<td style=\"width: 77.3204%; height: 24px;\"><span style=\"font-family: arial, helvetica, sans-serif; font-size: 12pt;\">Impermeable y resellable<\/span><\/td>\n<\/tr>\n<tr style=\"height: 40px; background-color: #ebebeb;\">\n<td style=\"width: 22.6796%; height: 24px;\"><span style=\"font-size: 12pt;\"><strong><span style=\"font-family: arial, helvetica, sans-serif;\">Tiempo de respuesta<\/span><\/strong><\/span><\/td>\n<td style=\"width: 77.3204%; height: 24px;\"><span style=\"font-family: arial, helvetica, sans-serif; font-size: 12pt;\">7 \u2013 15 d\u00edas h\u00e1biles, URGENTE<\/span><\/td>\n<\/tr>\n<tr style=\"height: 40px; background-color: #99ccff;\">\n<td style=\"width: 22.6796%; height: 24px;\"><span style=\"font-size: 12pt;\"><strong><span style=\"font-family: arial, helvetica, sans-serif;\">Env\u00edo<\/span><\/strong><\/span><\/td>\n<td style=\"width: 77.3204%; height: 24px;\"><span style=\"font-family: arial, helvetica, sans-serif; font-size: 12pt;\">Aire, Mar, Express<\/span><\/td>\n<\/tr>\n<\/tbody>\n<\/table>\n<p>&nbsp;<\/p>","protected":false},"featured_media":846,"comment_status":"open","ping_status":"closed","template":"","meta":[],"product_brand":[],"product_cat":[26,18],"product_tag":[],"class_list":{"0":"post-840","1":"product","2":"type-product","3":"status-publish","4":"has-post-thumbnail","6":"product_cat-food-packaging","7":"product_cat-zipper-bags","9":"first","10":"instock","11":"shipping-taxable","12":"product-type-simple"},"_links":{"self":[{"href":"https:\/\/polysmarts.com\/es\/wp-json\/wp\/v2\/product\/840","targetHints":{"allow":["GET"]}}],"collection":[{"href":"https:\/\/polysmarts.com\/es\/wp-json\/wp\/v2\/product"}],"about":[{"href":"https:\/\/polysmarts.com\/es\/wp-json\/wp\/v2\/types\/product"}],"replies":[{"embeddable":true,"href":"https:\/\/polysmarts.com\/es\/wp-json\/wp\/v2\/comments?post=840"}],"version-history":[{"count":1,"href":"https:\/\/polysmarts.com\/es\/wp-json\/wp\/v2\/product\/840\/revisions"}],"predecessor-version":[{"id":852,"href":"https:\/\/polysmarts.com\/es\/wp-json\/wp\/v2\/product\/840\/revisions\/852"}],"wp:featuredmedia":[{"embeddable":true,"href":"https:\/\/polysmarts.com\/es\/wp-json\/wp\/v2\/media\/846"}],"wp:attachment":[{"href":"https:\/\/polysmarts.com\/es\/wp-json\/wp\/v2\/media?parent=840"}],"wp:term":[{"taxonomy":"product_brand","embeddable":true,"href":"https:\/\/polysmarts.com\/es\/wp-json\/wp\/v2\/product_brand?post=840"},{"taxonomy":"product_cat","embeddable":true,"href":"https:\/\/polysmarts.com\/es\/wp-json\/wp\/v2\/product_cat?post=840"},{"taxonomy":"product_tag","embeddable":true,"href":"https:\/\/polysmarts.com\/es\/wp-json\/wp\/v2\/product_tag?post=840"}],"curies":[{"name":"gracias","href":"https:\/\/api.w.org\/{rel}","templated":true}]}}