{"id":830,"date":"2023-11-21T15:23:52","date_gmt":"2023-11-21T15:23:52","guid":{"rendered":"https:\/\/polysmarts.com\/?post_type=product&#038;p=830"},"modified":"2024-10-04T02:39:49","modified_gmt":"2024-10-03T18:39:49","slug":"bolsas-de-embalaje-de-te-y-cafe-con-fondo-plano","status":"publish","type":"product","link":"https:\/\/polysmarts.com\/es\/product\/flat-stand-up-bottom-coffee-tea-packaging-bags\/","title":{"rendered":"Bolsas de embalaje de t\u00e9 y caf\u00e9 con fondo plano"},"content":{"rendered":"<p><strong>Introducci\u00f3n de la bolsa Ziplock octogonal de aluminio puro para almacenamiento de alimentos:<\/strong><\/p>\n<p><strong>Nombre:<\/strong> Bolsa Ziplock de ocho lados chapada en aluminio<\/p>\n<p><strong>Espesor:<\/strong> 20 cables (error \u00b11 cable)<\/p>\n<p><strong>Material:<\/strong> Pel\u00edcula compuesta de aluminio puro, nuevo material apto para uso alimentario.<\/p>\n<p><strong>Caracteristicas de dise\u00f1o:<\/strong><\/p>\n<ul>\n<li>Adoptar el dise\u00f1o de autosuficiencia de \u00f3rganos para una gran capacidad de producto.<\/li>\n<li>Dise\u00f1o de s\u00e1ndalo rojo dorado para una apariencia firme<\/li>\n<li>Cierre de cremallera autosellante para facilitar su uso<\/li>\n<li>Reciclable para la sostenibilidad<\/li>\n<li>Excelente efecto de sellado durante el transporte.<\/li>\n<li>Plegable sin ocupar espacio<\/li>\n<\/ul>\n<p><strong>Rendimiento del producto:<\/strong><\/p>\n<ol>\n<li>Pel\u00edcula CPP compuesta de papel de aluminio, que utiliza nuevo material apto para uso alimentario.<\/li>\n<li>Prolonga la duraci\u00f3n del almacenamiento de los alimentos para garantizar la calidad.<\/li>\n<li>Baja permeabilidad al aire, excelente rendimiento a prueba de humedad, sellado fuerte y resistente al envejecimiento.<\/li>\n<li>Ampliamente utilizado en el envasado de t\u00e9, frutos secos, dulces, alimentos, productos electr\u00f3nicos, etc.<\/li>\n<li>Excelente resistencia a bajas temperaturas, adecuado para alimentos\/cosm\u00e9ticos refrigerados y m\u00e1s.<\/li>\n<\/ol>\n<p><strong>Par\u00e1metros de especificaci\u00f3n de la bolsa Ziplock octogonal de aluminio puro para almacenamiento de alimentos:<\/strong><\/p>\n<p><em>Referencia de capacidad del sello de ocho lados de aluminio puro:<\/em><\/p>\n<ul>\n<li><strong>9\u00d718+6cm:<\/strong> Arroz (420 g), D\u00e1tiles rojos (150 g), T\u00e9 (60 g), Longan seco (100 g)<\/li>\n<li><strong>11\u00d720+6cm:<\/strong> Arroz (650 g), D\u00e1tiles rojos (190 g), T\u00e9 (95 g), Longan seco (145 g)<\/li>\n<li><strong>13\u00d722+6cm:<\/strong> Arroz (920 g), D\u00e1tiles rojos (355 g), T\u00e9 (150 g), Longan seco (215 g)<\/li>\n<li><strong>15\u00d724+8cm:<\/strong> Arroz (1450 g), D\u00e1tiles rojos (575 g), T\u00e9 (235 g), Longan seco (350 g)<\/li>\n<li><strong>17\u00d726+8cm:<\/strong> Arroz (2000 g), D\u00e1tiles rojos (850 g), T\u00e9 (355 g), Longan seco (490 g)<\/li>\n<li><strong>19\u00d728+8cm:<\/strong> Arroz (2500 g), D\u00e1tiles rojos (1100 g), T\u00e9 (510 g), Longan seco (530 g)<\/li>\n<\/ul>\n<p>Mejore el embalaje de sus alimentos con nuestra bolsa Ziplock octogonal de aluminio puro para almacenamiento de alimentos: una combinaci\u00f3n de dise\u00f1o, funcionalidad y capacidad que satisface diversas necesidades de almacenamiento.<\/p>","protected":false},"excerpt":{"rendered":"<table style=\"height: 360px; width: 99.8505%; border-collapse: collapse;\" border=\"2\">\n<tbody>\n<tr style=\"height: 40px;\">\n<td style=\"width: 22.6796%; height: 30px; background-color: #99ccff;\"><span style=\"font-family: arial, helvetica, sans-serif; font-size: 12pt;\"><strong>Dimensi\u00f3n y estilo<\/strong><\/span><\/td>\n<td style=\"width: 77.3204%; height: 30px; background-color: #99ccff;\"><span style=\"font-family: arial, helvetica, sans-serif; font-size: 12pt;\">Formas y tama\u00f1os personalizados<\/span><\/td>\n<\/tr>\n<tr style=\"height: 40px;\">\n<td style=\"width: 22.6796%; height: 34px; background-color: #ebebeb;\"><span style=\"font-size: 12pt;\"><strong><span style=\"font-family: arial, helvetica, sans-serif;\">Cantidad m\u00ednima de pedido<\/span><\/strong><\/span><\/td>\n<td style=\"width: 77.3204%; height: 34px; background-color: #ebebeb;\"><span style=\"font-family: arial, helvetica, sans-serif; font-size: 12pt;\">1000 unidades sin personalizaci\u00f3n, 10000 unidades para personalizaci\u00f3n<\/span><\/td>\n<\/tr>\n<tr style=\"height: 40px; background-color: #99ccff;\">\n<td style=\"width: 22.6796%; height: 24px;\"><span style=\"font-size: 12pt;\"><strong><span style=\"font-family: arial, helvetica, sans-serif;\">Tipo de embalaje<\/span><\/strong><\/span><\/td>\n<td style=\"width: 77.3204%; height: 24px;\"><span style=\"font-family: arial, helvetica, sans-serif; font-size: 12pt;\">Lev\u00e1ntese los bolsos planos de Bottlem\/los bolsos de empaquetado del caf\u00e9 con la v\u00e1lvula<\/span><\/td>\n<\/tr>\n<tr style=\"height: 40px; background-color: #ebebeb;\">\n<td style=\"width: 22.6796%; height: 24px;\"><span style=\"font-size: 12pt;\"><strong><span style=\"font-family: arial, helvetica, sans-serif;\">Impresi\u00f3n<\/span><\/strong><\/span><\/td>\n<td style=\"width: 77.3204%; height: 24px;\"><span style=\"font-family: arial, helvetica, sans-serif; font-size: 12pt;\">CMYK (1 a 10 colores seg\u00fan sus requisitos), sin impresi\u00f3n (normal)<\/span><\/td>\n<\/tr>\n<tr style=\"height: 40px; background-color: #99ccff;\">\n<td style=\"width: 22.6796%; height: 24px;\"><span style=\"font-size: 12pt;\"><strong><span style=\"font-family: arial, helvetica, sans-serif;\">Refinamiento<\/span><\/strong><\/span><\/td>\n<td style=\"width: 77.3204%; height: 24px;\"><span style=\"font-family: arial, helvetica, sans-serif; font-size: 12pt;\">Laminaci\u00f3n brillante, impresi\u00f3n offset<\/span><\/td>\n<\/tr>\n<tr style=\"height: 40px; background-color: #ebebeb;\">\n<td style=\"width: 22.6796%; height: 24px;\"><span style=\"font-size: 12pt;\"><strong><span style=\"font-family: arial, helvetica, sans-serif;\">Material<\/span><\/strong><\/span><\/td>\n<td style=\"width: 77.3204%; height: 24px;\"><span style=\"font-family: arial, helvetica, sans-serif; font-size: 12pt;\">OPP+VMPET+l\u00e1mina de aluminio+PE<\/span><\/td>\n<\/tr>\n<tr style=\"height: 40px; background-color: #99ccff;\">\n<td style=\"width: 22.6796%; height: 24px;\"><span style=\"font-size: 12pt;\"><strong><span style=\"font-family: arial, helvetica, sans-serif;\">Caracter\u00edstica<\/span><\/strong><\/span><\/td>\n<td style=\"width: 77.3204%; height: 24px;\"><span style=\"font-family: arial, helvetica, sans-serif; font-size: 12pt;\">Impermeable y resellable<\/span><\/td>\n<\/tr>\n<tr style=\"height: 40px; background-color: #ebebeb;\">\n<td style=\"width: 22.6796%; height: 24px;\"><span style=\"font-size: 12pt;\"><strong><span style=\"font-family: arial, helvetica, sans-serif;\">Tiempo de respuesta<\/span><\/strong><\/span><\/td>\n<td style=\"width: 77.3204%; height: 24px;\"><span style=\"font-family: arial, helvetica, sans-serif; font-size: 12pt;\">7 \u2013 15 d\u00edas h\u00e1biles, URGENTE<\/span><\/td>\n<\/tr>\n<tr style=\"height: 40px; background-color: #99ccff;\">\n<td style=\"width: 22.6796%; height: 24px;\"><span style=\"font-size: 12pt;\"><strong><span style=\"font-family: arial, helvetica, sans-serif;\">Env\u00edo<\/span><\/strong><\/span><\/td>\n<td style=\"width: 77.3204%; height: 24px;\"><span style=\"font-family: arial, helvetica, sans-serif; font-size: 12pt;\">Aire, Mar, Express<\/span><\/td>\n<\/tr>\n<\/tbody>\n<\/table>\n<p>&nbsp;<\/p>","protected":false},"featured_media":832,"comment_status":"open","ping_status":"closed","template":"","meta":[],"product_brand":[],"product_cat":[27,18],"product_tag":[],"class_list":{"0":"post-830","1":"product","2":"type-product","3":"status-publish","4":"has-post-thumbnail","6":"product_cat-coffee-and-tea-packaging","7":"product_cat-zipper-bags","9":"first","10":"instock","11":"shipping-taxable","12":"product-type-simple"},"_links":{"self":[{"href":"https:\/\/polysmarts.com\/es\/wp-json\/wp\/v2\/product\/830","targetHints":{"allow":["GET"]}}],"collection":[{"href":"https:\/\/polysmarts.com\/es\/wp-json\/wp\/v2\/product"}],"about":[{"href":"https:\/\/polysmarts.com\/es\/wp-json\/wp\/v2\/types\/product"}],"replies":[{"embeddable":true,"href":"https:\/\/polysmarts.com\/es\/wp-json\/wp\/v2\/comments?post=830"}],"version-history":[{"count":1,"href":"https:\/\/polysmarts.com\/es\/wp-json\/wp\/v2\/product\/830\/revisions"}],"predecessor-version":[{"id":838,"href":"https:\/\/polysmarts.com\/es\/wp-json\/wp\/v2\/product\/830\/revisions\/838"}],"wp:featuredmedia":[{"embeddable":true,"href":"https:\/\/polysmarts.com\/es\/wp-json\/wp\/v2\/media\/832"}],"wp:attachment":[{"href":"https:\/\/polysmarts.com\/es\/wp-json\/wp\/v2\/media?parent=830"}],"wp:term":[{"taxonomy":"product_brand","embeddable":true,"href":"https:\/\/polysmarts.com\/es\/wp-json\/wp\/v2\/product_brand?post=830"},{"taxonomy":"product_cat","embeddable":true,"href":"https:\/\/polysmarts.com\/es\/wp-json\/wp\/v2\/product_cat?post=830"},{"taxonomy":"product_tag","embeddable":true,"href":"https:\/\/polysmarts.com\/es\/wp-json\/wp\/v2\/product_tag?post=830"}],"curies":[{"name":"gracias","href":"https:\/\/api.w.org\/{rel}","templated":true}]}}