{"id":809,"date":"2023-11-21T14:41:22","date_gmt":"2023-11-21T14:41:22","guid":{"rendered":"https:\/\/polysmarts.com\/?post_type=product&#038;p=809"},"modified":"2023-11-21T14:43:20","modified_gmt":"2023-11-21T14:43:20","slug":"bolsas-con-cierre-de-cremallera-para-telefono-movil-color-blanco-transparente-con-orificio-para-colgar","status":"publish","type":"product","link":"https:\/\/polysmarts.com\/es\/product\/cell-phone-clear-white-zip-lock-bags-with-hang-hole\/","title":{"rendered":"Bolsos blancos claros con cierre de cremallera para tel\u00e9fono celular con orificio para colgar"},"content":{"rendered":"<p>Las bolsas con cremallera plana Pearl Film con ventana completa est\u00e1n dise\u00f1adas con un revestimiento Pearl Film, material OPP\/CPP, que garantiza una durabilidad superior y resistencia a pinchazos. Fabricadas con materiales de calidad alimentaria y sin BPA, estas bolsas brindan la m\u00e1xima protecci\u00f3n para sus productos.<\/p>\n<p><strong>Reutilizable:<\/strong> Obtenga valor por su dinero con nuestras bolsas reutilizables. Cada bolsa est\u00e1 equipada con un cierre herm\u00e9tico resistente, dise\u00f1ado para m\u00faltiples usos, lo que garantiza la longevidad y la sostenibilidad.<\/p>\n<p><strong>Sellado t\u00e9rmico y etiquetado:<\/strong> Elige la opci\u00f3n de sellado que m\u00e1s te convenga. Nuestras bolsas vienen con cierres zip para volver a sellarlas f\u00e1cilmente y, para un sellado m\u00e1s herm\u00e9tico, se pueden sellar con calor. Adem\u00e1s, si deseas etiquetar tus bolsos, no dudes en hacerlo; Nuestras bolsas no admiten etiquetas.<\/p>\n<p><strong>De m\u00faltiples fines:<\/strong> Versatilidad en su m\u00e1xima expresi\u00f3n. Las bolsas con cremallera plana Soonseal Pearl Film con ventana completa satisfacen una variedad de necesidades. Perfecto para envasar productos digitales, ropa, gafas, art\u00edculos de papeler\u00eda, fundas para tel\u00e9fonos, prote\u00edna en polvo y m\u00e1s.<\/p>\n<p><strong>Descripci\u00f3n:<\/strong> Estas bolsas, selladas por tres lados, ofrecen una soluci\u00f3n de embalaje econ\u00f3mica pero eficiente. Proporcionan una excelente protecci\u00f3n contra la luz ultravioleta, el ox\u00edgeno y los olores, extendiendo la vida \u00fatil de sus productos. Las opciones de impresi\u00f3n personalizadas mejoran el atractivo de su producto en los estantes y Soonseal ofrece personalizaci\u00f3n de vanguardia utilizando las \u00faltimas tecnolog\u00edas digitales, flexogr\u00e1ficas y de huecograbado. \u00bfEl resultado? Bolsas de embalaje de nivel profesional que se adaptan perfectamente a sus necesidades. Elija Soonseal por calidad y personalizaci\u00f3n en el embalaje.<\/p>\n<p><strong>Caracter\u00edsticas clave:<\/strong><\/p>\n<ul>\n<li><strong>Dimensi\u00f3n exterior:<\/strong> 8 cm * 14 cm<\/li>\n<li><strong>Dimensi\u00f3n interior:<\/strong> 7 cm * 11 cm (agujero redondo para colgar)<\/li>\n<li><strong>Agujero para colgar:<\/strong> Orificio redondo para colgar para una c\u00f3moda visualizaci\u00f3n.<\/li>\n<li><strong>Material:<\/strong> PP (pol\u00edmero de propeno) transparente de alta calidad.<\/li>\n<li><strong>Color:<\/strong> El frente es claro, la parte trasera es blanca.<\/li>\n<li><strong>Cierre:<\/strong> Ziplock impermeable y resellable para un almacenamiento seguro<\/li>\n<li><strong>Personalizaci\u00f3n:<\/strong> El embalaje de Polysmarts da la bienvenida a la personalizaci\u00f3n para satisfacer sus necesidades espec\u00edficas<\/li>\n<\/ul>\n<p><strong>Vers\u00e1til y pr\u00e1ctico:<\/strong><\/p>\n<ul>\n<li><strong>Impermeable y resellable:<\/strong> Garantiza protecci\u00f3n y f\u00e1cil acceso a los contenidos.<\/li>\n<li><strong>Material duradero:<\/strong> El PP transparente de alta calidad proporciona durabilidad y una visi\u00f3n clara del contenido.<\/li>\n<li><strong>Ziplock reciclable:<\/strong> F\u00e1cil de abrir y cerrar, fomentando la sostenibilidad mediante la reutilizaci\u00f3n.<\/li>\n<\/ul>\n<p><strong>Nota:<\/strong> El embalaje de Polysmarts admite la personalizaci\u00f3n para adaptar la bolsa a sus necesidades espec\u00edficas.<\/p>\n<p>Mejore la presentaci\u00f3n de su producto con nuestra bolsa de pl\u00e1stico nacarada: una exquisita combinaci\u00f3n de funcionalidad y estilo, dise\u00f1ada para realzar el atractivo de las fundas de su tel\u00e9fono y sus art\u00edculos peque\u00f1os.<\/p>","protected":false},"excerpt":{"rendered":"<table style=\"height: 360px; width: 99.8505%; border-collapse: collapse;\" border=\"2\">\n<tbody>\n<tr style=\"height: 40px;\">\n<td style=\"width: 22.6796%; height: 30px; background-color: #99ccff;\"><span style=\"font-family: arial, helvetica, sans-serif; font-size: 12pt;\"><strong>Dimensi\u00f3n y estilo<\/strong><\/span><\/td>\n<td style=\"width: 77.3204%; height: 30px; background-color: #99ccff;\"><span style=\"font-family: arial, helvetica, sans-serif; font-size: 12pt;\">Formas y tama\u00f1os personalizados<\/span><\/td>\n<\/tr>\n<tr style=\"height: 40px;\">\n<td style=\"width: 22.6796%; height: 34px; background-color: #ebebeb;\"><span style=\"font-size: 12pt;\"><strong><span style=\"font-family: arial, helvetica, sans-serif;\">Cantidad m\u00ednima de pedido<\/span><\/strong><\/span><\/td>\n<td style=\"width: 77.3204%; height: 34px; background-color: #ebebeb;\"><span style=\"font-family: arial, helvetica, sans-serif; font-size: 12pt;\">1000 unidades sin personalizaci\u00f3n, 10000 unidades para personalizaci\u00f3n<\/span><\/td>\n<\/tr>\n<tr style=\"height: 40px; background-color: #99ccff;\">\n<td style=\"width: 22.6796%; height: 24px;\"><span style=\"font-size: 12pt;\"><strong><span style=\"font-family: arial, helvetica, sans-serif;\">Tipo de embalaje<\/span><\/strong><\/span><\/td>\n<td style=\"width: 77.3204%; height: 24px;\"><span style=\"font-family: arial, helvetica, sans-serif; font-size: 12pt;\">Bolsas de embalaje con cremallera<\/span><\/td>\n<\/tr>\n<tr style=\"height: 40px; background-color: #ebebeb;\">\n<td style=\"width: 22.6796%; height: 24px;\"><span style=\"font-size: 12pt;\"><strong><span style=\"font-family: arial, helvetica, sans-serif;\">Impresi\u00f3n<\/span><\/strong><\/span><\/td>\n<td style=\"width: 77.3204%; height: 24px;\"><span style=\"font-family: arial, helvetica, sans-serif; font-size: 12pt;\">CMYK (1 a 10 colores seg\u00fan sus requisitos), sin impresi\u00f3n (normal)<\/span><\/td>\n<\/tr>\n<tr style=\"height: 40px; background-color: #99ccff;\">\n<td style=\"width: 22.6796%; height: 24px;\"><span style=\"font-size: 12pt;\"><strong><span style=\"font-family: arial, helvetica, sans-serif;\">Refinamiento<\/span><\/strong><\/span><\/td>\n<td style=\"width: 77.3204%; height: 24px;\"><span style=\"font-family: arial, helvetica, sans-serif; font-size: 12pt;\">Laminaci\u00f3n brillante, impresi\u00f3n offset<\/span><\/td>\n<\/tr>\n<tr style=\"height: 40px; background-color: #ebebeb;\">\n<td style=\"width: 22.6796%; height: 24px;\"><span style=\"font-size: 12pt;\"><strong><span style=\"font-family: arial, helvetica, sans-serif;\">Material<\/span><\/strong><\/span><\/td>\n<td style=\"width: 77.3204%; height: 24px;\"><span style=\"font-family: arial, helvetica, sans-serif; font-size: 12pt;\">OPP\/CPP\/pel\u00edcula nacarada<\/span><\/td>\n<\/tr>\n<tr style=\"height: 40px; background-color: #99ccff;\">\n<td style=\"width: 22.6796%; height: 24px;\"><span style=\"font-size: 12pt;\"><strong><span style=\"font-family: arial, helvetica, sans-serif;\">Caracter\u00edstica<\/span><\/strong><\/span><\/td>\n<td style=\"width: 77.3204%; height: 24px;\"><span style=\"font-family: arial, helvetica, sans-serif; font-size: 12pt;\">Impermeable y resellable<\/span><\/td>\n<\/tr>\n<tr style=\"height: 40px; background-color: #ebebeb;\">\n<td style=\"width: 22.6796%; height: 24px;\"><span style=\"font-size: 12pt;\"><strong><span style=\"font-family: arial, helvetica, sans-serif;\">Tiempo de respuesta<\/span><\/strong><\/span><\/td>\n<td style=\"width: 77.3204%; height: 24px;\"><span style=\"font-family: arial, helvetica, sans-serif; font-size: 12pt;\">7 \u2013 15 d\u00edas h\u00e1biles, URGENTE<\/span><\/td>\n<\/tr>\n<tr style=\"height: 40px; background-color: #99ccff;\">\n<td style=\"width: 22.6796%; height: 24px;\"><span style=\"font-size: 12pt;\"><strong><span style=\"font-family: arial, helvetica, sans-serif;\">Env\u00edo<\/span><\/strong><\/span><\/td>\n<td style=\"width: 77.3204%; height: 24px;\"><span style=\"font-family: arial, helvetica, sans-serif; font-size: 12pt;\">Aire, Mar, Express<\/span><\/td>\n<\/tr>\n<\/tbody>\n<\/table>\n<p>&nbsp;<\/p>","protected":false},"featured_media":823,"comment_status":"open","ping_status":"closed","template":"","meta":[],"product_brand":[],"product_cat":[32,18],"product_tag":[],"class_list":{"0":"post-809","1":"product","2":"type-product","3":"status-publish","4":"has-post-thumbnail","6":"product_cat-3c-packaging","7":"product_cat-zipper-bags","9":"first","10":"instock","11":"shipping-taxable","12":"product-type-simple"},"_links":{"self":[{"href":"https:\/\/polysmarts.com\/es\/wp-json\/wp\/v2\/product\/809","targetHints":{"allow":["GET"]}}],"collection":[{"href":"https:\/\/polysmarts.com\/es\/wp-json\/wp\/v2\/product"}],"about":[{"href":"https:\/\/polysmarts.com\/es\/wp-json\/wp\/v2\/types\/product"}],"replies":[{"embeddable":true,"href":"https:\/\/polysmarts.com\/es\/wp-json\/wp\/v2\/comments?post=809"}],"version-history":[{"count":1,"href":"https:\/\/polysmarts.com\/es\/wp-json\/wp\/v2\/product\/809\/revisions"}],"predecessor-version":[{"id":822,"href":"https:\/\/polysmarts.com\/es\/wp-json\/wp\/v2\/product\/809\/revisions\/822"}],"wp:featuredmedia":[{"embeddable":true,"href":"https:\/\/polysmarts.com\/es\/wp-json\/wp\/v2\/media\/823"}],"wp:attachment":[{"href":"https:\/\/polysmarts.com\/es\/wp-json\/wp\/v2\/media?parent=809"}],"wp:term":[{"taxonomy":"product_brand","embeddable":true,"href":"https:\/\/polysmarts.com\/es\/wp-json\/wp\/v2\/product_brand?post=809"},{"taxonomy":"product_cat","embeddable":true,"href":"https:\/\/polysmarts.com\/es\/wp-json\/wp\/v2\/product_cat?post=809"},{"taxonomy":"product_tag","embeddable":true,"href":"https:\/\/polysmarts.com\/es\/wp-json\/wp\/v2\/product_tag?post=809"}],"curies":[{"name":"gracias","href":"https:\/\/api.w.org\/{rel}","templated":true}]}}