{"id":779,"date":"2023-11-17T13:36:38","date_gmt":"2023-11-17T13:36:38","guid":{"rendered":"https:\/\/polysmarts.com\/?post_type=product&#038;p=779"},"modified":"2023-11-21T15:27:21","modified_gmt":"2023-11-21T15:27:21","slug":"bolsas-de-embalaje-de-bolsas-de-pie-para-bocadillos-y-dulces","status":"publish","type":"product","link":"https:\/\/polysmarts.com\/es\/product\/candy-snack-food-stand-up-pouch-packaging-bags\/","title":{"rendered":"Bolsas de embalaje de bolsa de pie para snacks y dulces"},"content":{"rendered":"<p>Una soluci\u00f3n vers\u00e1til dise\u00f1ada para satisfacer sus necesidades espec\u00edficas. Elaboradas con meticulosa atenci\u00f3n al detalle, estas bolsas ofrecen una combinaci\u00f3n perfecta de seguridad, funcionalidad y conciencia ecol\u00f3gica.<\/p>\n<h4><strong>Tama\u00f1o y espesor<\/strong><\/h4>\n<p>Nuestro tama\u00f1o personalizado, adaptado precisamente a sus necesidades, garantiza el ajuste perfecto para su producto. El grosor est\u00e1 optimizado para mayor durabilidad manteniendo la flexibilidad.<\/p>\n<h4><strong>Caracter\u00edsticas:<\/strong><\/h4>\n<ol>\n<li><strong>Seguridad e impresi\u00f3n perfecta:<\/strong> Fabricadas con materiales aptos para uso alimentario, nuestras bolsas priorizan la seguridad de sus productos. La impresi\u00f3n es impecable, lo que garantiza una presentaci\u00f3n visualmente atractiva.<\/li>\n<li><strong>Prevenci\u00f3n de fugas y a prueba de humedad:<\/strong> Con una capacidad excepcional para prevenir fugas y resistir la humedad, estas bolsas garantizan la integridad de sus productos, preservando la frescura y la calidad.<\/li>\n<li><strong>Fondo de sellado fuerte y cierre de cremallera duradero:<\/strong> Las bolsas est\u00e1n dise\u00f1adas para brindar comodidad y longevidad. El resistente fondo sellado garantiza la seguridad de sus art\u00edculos, mientras que el cierre de cremallera duradero a\u00f1ade un elemento pr\u00e1ctico al embalaje.<\/li>\n<\/ol>\n<p><strong>Material:<\/strong> Elija entre una variedad de materiales que incluyen PET\/AL\/PE, PET\/PE, BOPP\/papel kraft\/PE, etc. Cada material se selecciona por sus propiedades espec\u00edficas para mejorar la funcionalidad de la bolsa.<\/p>\n<p><strong>Capacidad:<\/strong> Seleccione el tama\u00f1o perfecto para sus necesidades, desde 200 g hasta 5 kg, o personalice la capacidad para adaptarla a sus necesidades espec\u00edficas. Ya sean nueces, alimentos, frutas secas, carne de res, refrigerios, caf\u00e9, t\u00e9, especias, dulces, alimentos para mascotas, detergente en polvo, sales de ba\u00f1o y m\u00e1s, lo tenemos cubierto.<\/p>\n<p><strong>Opciones de estilo:<\/strong> Adapte su empaque para que coincida con su marca con opciones de estilo como Stand UP, Fondo plano, Fuelle lateral, Parte superior con cremallera, Con o sin ventana, Euro Hole y m\u00e1s. Ofrecemos la flexibilidad de crear un dise\u00f1o que resuene con su p\u00fablico objetivo.<\/p>\n<p><strong>Control de calidad:<\/strong> Tenga la seguridad de nuestro compromiso con la calidad. Nuestro equipo avanzado y nuestro experimentado equipo de control de calidad verifican rigurosamente los materiales, productos semiacabados y terminados en cada paso, garantizando que solo lo mejor llegue a sus clientes.<\/p>\n<p>Mejore su embalaje con nuestro embalaje de alimentos personalizado, donde convergen la calidad, la personalizaci\u00f3n y la sostenibilidad.<\/p>","protected":false},"excerpt":{"rendered":"<table style=\"height: 360px; width: 99.8505%; border-collapse: collapse;\" border=\"2\">\n<tbody>\n<tr style=\"height: 40px;\">\n<td style=\"width: 22.6796%; height: 30px; background-color: #99ccff;\"><span style=\"font-family: arial, helvetica, sans-serif; font-size: 12pt;\"><strong>Dimensi\u00f3n y estilo<\/strong><\/span><\/td>\n<td style=\"width: 77.3204%; height: 30px; background-color: #99ccff;\"><span style=\"font-family: arial, helvetica, sans-serif; font-size: 12pt;\">Formas y tama\u00f1os personalizados<\/span><\/td>\n<\/tr>\n<tr style=\"height: 40px;\">\n<td style=\"width: 22.6796%; height: 34px; background-color: #ebebeb;\"><span style=\"font-size: 12pt;\"><strong><span style=\"font-family: arial, helvetica, sans-serif;\">Cantidad m\u00ednima de pedido<\/span><\/strong><\/span><\/td>\n<td style=\"width: 77.3204%; height: 34px; background-color: #ebebeb;\"><span style=\"font-family: arial, helvetica, sans-serif; font-size: 12pt;\">1000 unidades sin personalizaci\u00f3n, 10000 unidades para personalizaci\u00f3n<\/span><\/td>\n<\/tr>\n<tr style=\"height: 40px; background-color: #99ccff;\">\n<td style=\"width: 22.6796%; height: 24px;\"><span style=\"font-size: 12pt;\"><strong><span style=\"font-family: arial, helvetica, sans-serif;\">Tipo de embalaje<\/span><\/strong><\/span><\/td>\n<td style=\"width: 77.3204%; height: 24px;\"><span style=\"font-family: arial, helvetica, sans-serif; font-size: 12pt;\">Bolsa de pie<\/span><\/td>\n<\/tr>\n<tr style=\"height: 40px; background-color: #ebebeb;\">\n<td style=\"width: 22.6796%; height: 24px;\"><span style=\"font-size: 12pt;\"><strong><span style=\"font-family: arial, helvetica, sans-serif;\">Impresi\u00f3n<\/span><\/strong><\/span><\/td>\n<td style=\"width: 77.3204%; height: 24px;\"><span style=\"font-family: arial, helvetica, sans-serif; font-size: 12pt;\">CMYK (1 \u2013 10 colores), sin impresi\u00f3n (normal)<\/span><\/td>\n<\/tr>\n<tr style=\"height: 40px; background-color: #99ccff;\">\n<td style=\"width: 22.6796%; height: 24px;\"><span style=\"font-size: 12pt;\"><strong><span style=\"font-family: arial, helvetica, sans-serif;\">Refinamiento<\/span><\/strong><\/span><\/td>\n<td style=\"width: 77.3204%; height: 24px;\"><span style=\"font-family: arial, helvetica, sans-serif; font-size: 12pt;\">Laminaci\u00f3n brillante\/mate, impresi\u00f3n offset<\/span><\/td>\n<\/tr>\n<tr style=\"height: 40px; background-color: #ebebeb;\">\n<td style=\"width: 22.6796%; height: 24px;\"><span style=\"font-size: 12pt;\"><strong><span style=\"font-family: arial, helvetica, sans-serif;\">Opciones incluidas<\/span><\/strong><\/span><\/td>\n<td style=\"width: 77.3204%; height: 24px;\"><span style=\"font-family: arial, helvetica, sans-serif; font-size: 12pt;\">Troquelado, sellado t\u00e9rmico<\/span><\/td>\n<\/tr>\n<tr style=\"height: 40px; background-color: #99ccff;\">\n<td style=\"width: 22.6796%; height: 24px;\"><span style=\"font-size: 12pt;\"><strong><span style=\"font-family: arial, helvetica, sans-serif;\">Prueba<\/span><\/strong><\/span><\/td>\n<td style=\"width: 77.3204%; height: 24px;\"><span style=\"font-family: arial, helvetica, sans-serif; font-size: 12pt;\">Pruebas de olor\u00a0<\/span><\/td>\n<\/tr>\n<tr style=\"height: 40px; background-color: #ebebeb;\">\n<td style=\"width: 22.6796%; height: 24px;\"><span style=\"font-size: 12pt;\"><strong><span style=\"font-family: arial, helvetica, sans-serif;\">Tiempo de respuesta<\/span><\/strong><\/span><\/td>\n<td style=\"width: 77.3204%; height: 24px;\"><span style=\"font-family: arial, helvetica, sans-serif; font-size: 12pt;\">7 \u2013 15 d\u00edas h\u00e1biles, URGENTE<\/span><\/td>\n<\/tr>\n<tr style=\"height: 40px; background-color: #99ccff;\">\n<td style=\"width: 22.6796%; height: 24px;\"><span style=\"font-size: 12pt;\"><strong><span style=\"font-family: arial, helvetica, sans-serif;\">Env\u00edo<\/span><\/strong><\/span><\/td>\n<td style=\"width: 77.3204%; height: 24px;\"><span style=\"font-family: arial, helvetica, sans-serif; font-size: 12pt;\">Aire, Mar, Express<\/span><\/td>\n<\/tr>\n<\/tbody>\n<\/table>\n<p>&nbsp;<\/p>","protected":false},"featured_media":780,"comment_status":"open","ping_status":"closed","template":"","meta":[],"product_brand":[],"product_cat":[18,26],"product_tag":[],"class_list":{"0":"post-779","1":"product","2":"type-product","3":"status-publish","4":"has-post-thumbnail","6":"product_cat-zipper-bags","7":"product_cat-food-packaging","9":"first","10":"instock","11":"shipping-taxable","12":"product-type-simple"},"_links":{"self":[{"href":"https:\/\/polysmarts.com\/es\/wp-json\/wp\/v2\/product\/779","targetHints":{"allow":["GET"]}}],"collection":[{"href":"https:\/\/polysmarts.com\/es\/wp-json\/wp\/v2\/product"}],"about":[{"href":"https:\/\/polysmarts.com\/es\/wp-json\/wp\/v2\/types\/product"}],"replies":[{"embeddable":true,"href":"https:\/\/polysmarts.com\/es\/wp-json\/wp\/v2\/comments?post=779"}],"version-history":[{"count":5,"href":"https:\/\/polysmarts.com\/es\/wp-json\/wp\/v2\/product\/779\/revisions"}],"predecessor-version":[{"id":839,"href":"https:\/\/polysmarts.com\/es\/wp-json\/wp\/v2\/product\/779\/revisions\/839"}],"wp:featuredmedia":[{"embeddable":true,"href":"https:\/\/polysmarts.com\/es\/wp-json\/wp\/v2\/media\/780"}],"wp:attachment":[{"href":"https:\/\/polysmarts.com\/es\/wp-json\/wp\/v2\/media?parent=779"}],"wp:term":[{"taxonomy":"product_brand","embeddable":true,"href":"https:\/\/polysmarts.com\/es\/wp-json\/wp\/v2\/product_brand?post=779"},{"taxonomy":"product_cat","embeddable":true,"href":"https:\/\/polysmarts.com\/es\/wp-json\/wp\/v2\/product_cat?post=779"},{"taxonomy":"product_tag","embeddable":true,"href":"https:\/\/polysmarts.com\/es\/wp-json\/wp\/v2\/product_tag?post=779"}],"curies":[{"name":"gracias","href":"https:\/\/api.w.org\/{rel}","templated":true}]}}