{"id":761,"date":"2023-11-16T09:31:28","date_gmt":"2023-11-16T09:31:28","guid":{"rendered":"https:\/\/polysmarts.com\/?post_type=product&#038;p=761"},"modified":"2023-11-16T09:58:28","modified_gmt":"2023-11-16T09:58:28","slug":"bolsa-autoadhesiva-de-embalaje-de-polietileno-transparente-opp","status":"publish","type":"product","link":"https:\/\/polysmarts.com\/es\/product\/clear-poly-opp-packaging-self-adhesive-bag\/","title":{"rendered":"Bolsa autoadhesiva de embalaje Poly OPP transparente"},"content":{"rendered":"<p><span style=\"font-family: arial, helvetica, sans-serif;\">Bolsas transparentes de OPP con cierre adhesivo Ideal para camisetas, camisas de vestir y diversas prendas de vestir<\/span><\/p>\n<p><span style=\"font-family: arial, helvetica, sans-serif;\"><strong>Material: polipropileno OPP<\/strong> <strong>Espesor: 0,05 mm<\/strong><\/span><\/p>\n<ul>\n<li><span style=\"font-family: arial, helvetica, sans-serif;\">Las bolsas de violonchelo transparentes proporcionan una presentaci\u00f3n \u00f3ptima del producto.<\/span><\/li>\n<li><span style=\"font-family: arial, helvetica, sans-serif;\">Dise\u00f1ado espec\u00edficamente para empaquetar productos para env\u00edo y almacenamiento.<\/span><\/li>\n<\/ul>\n<p><span style=\"font-family: arial, helvetica, sans-serif; font-size: 14pt;\"><strong>Caracter\u00edsticas clave:<\/strong><\/span><\/p>\n<ol>\n<li><span style=\"font-family: arial, helvetica, sans-serif; font-size: 12pt;\"><strong>Cierre adhesivo autosellante:<\/strong> Garantiza un sello seguro para el embalaje; el sello no es permanente y se puede reutilizar.<\/span><\/li>\n<li><span style=\"font-family: arial, helvetica, sans-serif; font-size: 12pt;\"><strong>Calidad de los materiales:<\/strong> Estas bolsas est\u00e1n hechas de material OPP, no del t\u00edpico pl\u00e1stico blando PE\/polietileno.<\/span><\/li>\n<li><span style=\"font-family: arial, helvetica, sans-serif; font-size: 12pt;\"><strong>Alta claridad y cristalina:<\/strong> Ofrece una presentaci\u00f3n clara y n\u00edtida.<\/span><\/li>\n<li><span style=\"font-family: arial, helvetica, sans-serif; font-size: 12pt;\"><strong>Ligero con una sensaci\u00f3n arrugada:<\/strong> Proporciona una textura \u00fanica sin dejar de ser ligero.<\/span><\/li>\n<li><span style=\"font-family: arial, helvetica, sans-serif; font-size: 12pt;\"><strong>Resistente al desgarro, la deformaci\u00f3n y el ataque qu\u00edmico:<\/strong> Garantiza durabilidad y protecci\u00f3n para sus productos.<\/span><\/li>\n<li><span style=\"font-family: arial, helvetica, sans-serif; font-size: 12pt;\"><strong>Fiel al tama\u00f1o:<\/strong> Disponible en varios tama\u00f1os, permiti\u00e9ndote elegir seg\u00fan tus necesidades. Consulta la tabla de tallas para una selecci\u00f3n precisa.<\/span><\/li>\n<li><span style=\"font-family: arial, helvetica, sans-serif; font-size: 12pt;\"><strong>Tarea pesada:<\/strong> Fabricadas con polipropileno de alta calidad, estas bolsas son resistentes y duraderas, adecuadas para m\u00faltiples usos.<\/span><\/li>\n<li><span style=\"font-family: arial, helvetica, sans-serif; font-size: 12pt;\"><strong>Transparente:<\/strong> El material OPP transparente permite una f\u00e1cil visibilidad del contenido, lo que facilita la identificaci\u00f3n y localizaci\u00f3n de art\u00edculos r\u00e1pidamente\u201d.<\/span><\/li>\n<\/ol>\n<p><img fetchpriority=\"high\" decoding=\"async\" class=\"alignnone size-full wp-image-762\" src=\"https:\/\/polysmarts.com\/wp-content\/uploads\/2023\/11\/Detail-01-2.jpg\" alt=\"Bolsa autoadhesiva\" width=\"750\" height=\"876\" srcset=\"\/\/polysmarts.com\/wp-content\/uploads\/2023\/11\/Detail-01-2.jpg 750w, \/\/polysmarts.com\/wp-content\/uploads\/2023\/11\/Detail-01-2-600x701.jpg 600w, \/\/polysmarts.com\/wp-content\/uploads\/2023\/11\/Detail-01-2-257x300.jpg 257w\" sizes=\"(max-width: 750px) 100vw, 750px\" \/> <img decoding=\"async\" class=\"alignnone size-full wp-image-763\" src=\"https:\/\/polysmarts.com\/wp-content\/uploads\/2023\/11\/Detail-02-2.jpg\" alt=\"Bolsa autoadhesiva\" width=\"750\" height=\"701\" srcset=\"\/\/polysmarts.com\/wp-content\/uploads\/2023\/11\/Detail-02-2.jpg 750w, \/\/polysmarts.com\/wp-content\/uploads\/2023\/11\/Detail-02-2-600x561.jpg 600w, \/\/polysmarts.com\/wp-content\/uploads\/2023\/11\/Detail-02-2-300x280.jpg 300w\" sizes=\"(max-width: 750px) 100vw, 750px\" \/> <img decoding=\"async\" class=\"alignnone size-full wp-image-764\" src=\"https:\/\/polysmarts.com\/wp-content\/uploads\/2023\/11\/Detail-03-2.jpg\" alt=\"Bolsa autoadhesiva\" width=\"750\" height=\"927\" srcset=\"\/\/polysmarts.com\/wp-content\/uploads\/2023\/11\/Detail-03-2.jpg 750w, \/\/polysmarts.com\/wp-content\/uploads\/2023\/11\/Detail-03-2-600x742.jpg 600w, \/\/polysmarts.com\/wp-content\/uploads\/2023\/11\/Detail-03-2-243x300.jpg 243w\" sizes=\"(max-width: 750px) 100vw, 750px\" \/> <img loading=\"lazy\" decoding=\"async\" class=\"alignnone size-full wp-image-765\" src=\"https:\/\/polysmarts.com\/wp-content\/uploads\/2023\/11\/Detail-04.jpg\" alt=\"Bolsa autoadhesiva\" width=\"750\" height=\"1045\" srcset=\"\/\/polysmarts.com\/wp-content\/uploads\/2023\/11\/Detail-04.jpg 750w, \/\/polysmarts.com\/wp-content\/uploads\/2023\/11\/Detail-04-600x836.jpg 600w, \/\/polysmarts.com\/wp-content\/uploads\/2023\/11\/Detail-04-215x300.jpg 215w, \/\/polysmarts.com\/wp-content\/uploads\/2023\/11\/Detail-04-735x1024.jpg 735w\" sizes=\"(max-width: 750px) 100vw, 750px\" \/> <img loading=\"lazy\" decoding=\"async\" class=\"alignnone size-full wp-image-766\" src=\"https:\/\/polysmarts.com\/wp-content\/uploads\/2023\/11\/Detail-05.jpg\" alt=\"Bolsa autoadhesiva\" width=\"750\" height=\"755\" srcset=\"\/\/polysmarts.com\/wp-content\/uploads\/2023\/11\/Detail-05.jpg 750w, \/\/polysmarts.com\/wp-content\/uploads\/2023\/11\/Detail-05-100x100.jpg 100w, \/\/polysmarts.com\/wp-content\/uploads\/2023\/11\/Detail-05-600x604.jpg 600w, \/\/polysmarts.com\/wp-content\/uploads\/2023\/11\/Detail-05-298x300.jpg 298w, \/\/polysmarts.com\/wp-content\/uploads\/2023\/11\/Detail-05-150x150.jpg 150w\" sizes=\"(max-width: 750px) 100vw, 750px\" \/> <img loading=\"lazy\" decoding=\"async\" class=\"alignnone size-full wp-image-767\" src=\"https:\/\/polysmarts.com\/wp-content\/uploads\/2023\/11\/Detail-10.jpg\" alt=\"Bolsa autoadhesiva\" width=\"750\" height=\"935\" srcset=\"\/\/polysmarts.com\/wp-content\/uploads\/2023\/11\/Detail-10.jpg 750w, \/\/polysmarts.com\/wp-content\/uploads\/2023\/11\/Detail-10-600x748.jpg 600w, \/\/polysmarts.com\/wp-content\/uploads\/2023\/11\/Detail-10-241x300.jpg 241w\" sizes=\"(max-width: 750px) 100vw, 750px\" \/> <img loading=\"lazy\" decoding=\"async\" class=\"alignleft size-full wp-image-774\" src=\"https:\/\/polysmarts.com\/wp-content\/uploads\/2023\/11\/Detail-08.png\" alt=\"Bolsa autoadhesiva\" width=\"750\" height=\"930\" srcset=\"\/\/polysmarts.com\/wp-content\/uploads\/2023\/11\/Detail-08.png 750w, \/\/polysmarts.com\/wp-content\/uploads\/2023\/11\/Detail-08-600x744.png 600w, \/\/polysmarts.com\/wp-content\/uploads\/2023\/11\/Detail-08-242x300.png 242w\" sizes=\"(max-width: 750px) 100vw, 750px\" \/><\/p>\n<p>&nbsp;<\/p>","protected":false},"excerpt":{"rendered":"<table style=\"height: 360px; width: 100.741%; border-collapse: collapse; background-color: #ebebeb;\" border=\"2\">\n<tbody>\n<tr style=\"height: 40px;\">\n<td style=\"width: 22.6796%; height: 30px; background-color: #99ccff;\"><span style=\"font-family: arial, helvetica, sans-serif; font-size: 12pt;\"><strong>Dimensi\u00f3n y estilo<\/strong><\/span><\/td>\n<td style=\"width: 78.2121%; height: 30px; background-color: #99ccff;\"><span style=\"font-family: arial, helvetica, sans-serif; font-size: 12pt;\">Formas y tama\u00f1os personalizados<\/span><\/td>\n<\/tr>\n<tr style=\"height: 40px;\">\n<td style=\"width: 22.6796%; height: 34px; background-color: #ebebeb;\"><span style=\"font-size: 12pt;\"><strong><span style=\"font-family: arial, helvetica, sans-serif;\">Cantidad m\u00ednima de pedido<\/span><\/strong><\/span><\/td>\n<td style=\"width: 78.2121%; height: 34px; background-color: #ebebeb;\"><span style=\"font-family: arial, helvetica, sans-serif; font-size: 12pt;\">1000 unidades sin personalizaci\u00f3n, 10000 unidades para personalizaci\u00f3n<\/span><\/td>\n<\/tr>\n<tr style=\"height: 40px; background-color: #99ccff;\">\n<td style=\"width: 22.6796%; height: 24px;\"><span style=\"font-size: 12pt;\"><strong><span style=\"font-family: arial, helvetica, sans-serif;\">Tipo de embalaje<\/span><\/strong><\/span><\/td>\n<td style=\"width: 78.2121%; height: 24px;\"><span style=\"font-family: arial, helvetica, sans-serif; font-size: 12pt;\">Bolsa autoadhesiva OPP<\/span><\/td>\n<\/tr>\n<tr style=\"height: 40px; background-color: #ebebeb;\">\n<td style=\"width: 22.6796%; height: 24px;\"><span style=\"font-size: 12pt;\"><strong><span style=\"font-family: arial, helvetica, sans-serif;\">Impresi\u00f3n<\/span><\/strong><\/span><\/td>\n<td style=\"width: 78.2121%; height: 24px;\"><span style=\"font-family: arial, helvetica, sans-serif; font-size: 12pt;\">CMYK (1 \u2013 8 colores), Sin impresi\u00f3n (normal)<\/span><\/td>\n<\/tr>\n<tr style=\"height: 40px; background-color: #99ccff;\">\n<td style=\"width: 22.6796%; height: 24px;\"><span style=\"font-size: 12pt;\"><strong><span style=\"font-family: arial, helvetica, sans-serif;\">Manejo de superficies<\/span><\/strong><\/span><\/td>\n<td style=\"width: 78.2121%; height: 24px;\"><span style=\"font-family: arial, helvetica, sans-serif; font-size: 12pt;\">Impresi\u00f3n offset<\/span><\/td>\n<\/tr>\n<tr style=\"height: 40px; background-color: #ebebeb;\">\n<td style=\"width: 22.6796%; height: 24px;\"><span style=\"font-size: 12pt;\"><strong><span style=\"font-family: arial, helvetica, sans-serif;\">Material<\/span><\/strong><\/span><\/td>\n<td style=\"width: 78.2121%; height: 24px;\"><span style=\"font-family: arial, helvetica, sans-serif; font-size: 12pt;\">Papel de aluminio<\/span><\/td>\n<\/tr>\n<tr style=\"height: 40px; background-color: #99ccff;\">\n<td style=\"width: 22.6796%; height: 24px;\"><span style=\"font-size: 12pt;\"><strong><span style=\"font-family: arial, helvetica, sans-serif;\">Tama\u00f1o<\/span><\/strong><\/span><\/td>\n<td style=\"width: 78.2121%; height: 24px;\"><span style=\"font-family: arial, helvetica, sans-serif; font-size: 12pt;\">Consulte la hoja de tama\u00f1os de stock o personalizado<\/span><\/td>\n<\/tr>\n<tr style=\"height: 40px; background-color: #ebebeb;\">\n<td style=\"width: 22.6796%; height: 24px;\"><span style=\"font-size: 12pt;\"><strong><span style=\"font-family: arial, helvetica, sans-serif;\">Espesor<\/span><\/strong><\/span><\/td>\n<td style=\"width: 78.2121%; height: 24px;\"><span style=\"font-family: arial, helvetica, sans-serif; font-size: 12pt;\">60 micrones para lados dobles, espesor personalizado aceptado<\/span><\/td>\n<\/tr>\n<tr style=\"height: 40px; background-color: #99ccff;\">\n<td style=\"width: 22.6796%; height: 24px;\"><span style=\"font-size: 12pt;\"><strong><span style=\"font-family: arial, helvetica, sans-serif;\">Env\u00edo<\/span><\/strong><\/span><\/td>\n<td style=\"width: 78.2121%; height: 24px;\"><span style=\"font-family: arial, helvetica, sans-serif; font-size: 12pt;\">Aire, Mar, Express<\/span><\/td>\n<\/tr>\n<tr style=\"height: 40px; background-color: #ebebeb;\">\n<td style=\"width: 22.6796%; height: 24px;\"><span style=\"font-size: 12pt;\"><strong><span style=\"font-family: arial, helvetica, sans-serif;\">Tiempo de respuesta<\/span><\/strong><\/span><\/td>\n<td style=\"width: 78.2121%; height: 24px;\"><span style=\"font-family: arial, helvetica, sans-serif; font-size: 12pt;\">7 \u2013 15 d\u00edas h\u00e1biles, URGENTE<\/span><\/td>\n<\/tr>\n<\/tbody>\n<\/table>\n<p>&nbsp;<\/p>","protected":false},"featured_media":768,"comment_status":"open","ping_status":"closed","template":"","meta":[],"product_brand":[],"product_cat":[21,31],"product_tag":[],"class_list":{"0":"post-761","1":"product","2":"type-product","3":"status-publish","4":"has-post-thumbnail","6":"product_cat-opp-cpp-pe-cpe-single-material-bag","7":"product_cat-clothing-packaging","9":"first","10":"instock","11":"shipping-taxable","12":"product-type-simple"},"_links":{"self":[{"href":"https:\/\/polysmarts.com\/es\/wp-json\/wp\/v2\/product\/761","targetHints":{"allow":["GET"]}}],"collection":[{"href":"https:\/\/polysmarts.com\/es\/wp-json\/wp\/v2\/product"}],"about":[{"href":"https:\/\/polysmarts.com\/es\/wp-json\/wp\/v2\/types\/product"}],"replies":[{"embeddable":true,"href":"https:\/\/polysmarts.com\/es\/wp-json\/wp\/v2\/comments?post=761"}],"version-history":[{"count":1,"href":"https:\/\/polysmarts.com\/es\/wp-json\/wp\/v2\/product\/761\/revisions"}],"predecessor-version":[{"id":776,"href":"https:\/\/polysmarts.com\/es\/wp-json\/wp\/v2\/product\/761\/revisions\/776"}],"wp:featuredmedia":[{"embeddable":true,"href":"https:\/\/polysmarts.com\/es\/wp-json\/wp\/v2\/media\/768"}],"wp:attachment":[{"href":"https:\/\/polysmarts.com\/es\/wp-json\/wp\/v2\/media?parent=761"}],"wp:term":[{"taxonomy":"product_brand","embeddable":true,"href":"https:\/\/polysmarts.com\/es\/wp-json\/wp\/v2\/product_brand?post=761"},{"taxonomy":"product_cat","embeddable":true,"href":"https:\/\/polysmarts.com\/es\/wp-json\/wp\/v2\/product_cat?post=761"},{"taxonomy":"product_tag","embeddable":true,"href":"https:\/\/polysmarts.com\/es\/wp-json\/wp\/v2\/product_tag?post=761"}],"curies":[{"name":"gracias","href":"https:\/\/api.w.org\/{rel}","templated":true}]}}