{"id":748,"date":"2023-11-16T08:21:53","date_gmt":"2023-11-16T08:21:53","guid":{"rendered":"https:\/\/polysmarts.com\/?post_type=product&#038;p=748"},"modified":"2023-11-16T08:37:26","modified_gmt":"2023-11-16T08:37:26","slug":"bolsas-de-mylar-con-sellado-al-vacio-de-lamina-de-impresion-personalizada","status":"publish","type":"product","link":"https:\/\/polysmarts.com\/es\/product\/custom-printing-foil-vacuum-seal-mylar-bags\/","title":{"rendered":"Bolsas Mylar con sellado al vac\u00edo de l\u00e1mina de impresi\u00f3n personalizada"},"content":{"rendered":"<p><span style=\"font-size: 14pt;\"><strong><span style=\"font-family: arial, helvetica, sans-serif;\">Caracter\u00edsticas del producto:<\/span><\/strong><\/span><\/p>\n<p><span style=\"font-family: arial, helvetica, sans-serif;\"><strong>1. Almacenamiento seguro de alimentos fr\u00edos y calientes:<\/strong> Nuestras bolsas de mylar plateadas est\u00e1n dise\u00f1adas para almacenar de forma segura alimentos fr\u00edos y calientes con facilidad.<\/span><\/p>\n<p><span style=\"font-family: arial, helvetica, sans-serif;\"><strong>2. Espesor excepcional:<\/strong> Independientemente del tama\u00f1o que necesite, nuestras bolsas se destacan como las m\u00e1s gruesas disponibles y ofrecen un grosor robusto de 7,9 mil. Esto garantiza un excelente rendimiento a prueba de fugas, creando una barrera formidable contra el aire, la humedad, el moho, el vapor, los olores y la intrusi\u00f3n de luz. Tenga la seguridad de que estas bolsas conservar\u00e1n sus productos, manteni\u00e9ndolos seguros y frescos durante m\u00e1s de 20 a\u00f1os.<\/span><\/p>\n<p><span style=\"font-family: arial, helvetica, sans-serif;\"><strong>3. Capa de papel de aluminio para un sellado eficaz:<\/strong> Con una capa de papel de aluminio, estas bolsas de mylar plateadas bloquean eficazmente la invasi\u00f3n de agua y aire, logrando un alto nivel de rendimiento de sellado. Dile adi\u00f3s a las bolsas de mylar de baja calidad que comprometen tu tiempo y tu comida.<\/span><\/p>\n<p><img fetchpriority=\"high\" decoding=\"async\" class=\"size-full wp-image-736 alignleft\" src=\"https:\/\/polysmarts.com\/wp-content\/uploads\/2023\/11\/Detail-01-1.jpg\" alt=\"Bolsas con sellado t\u00e9rmico y parte superior abierta de l\u00e1mina de Mylar, 3 bolsas con sellado lateral\" width=\"750\" height=\"809\" srcset=\"\/\/polysmarts.com\/wp-content\/uploads\/2023\/11\/Detail-01-1.jpg 750w, \/\/polysmarts.com\/wp-content\/uploads\/2023\/11\/Detail-01-1-600x647.jpg 600w, \/\/polysmarts.com\/wp-content\/uploads\/2023\/11\/Detail-01-1-278x300.jpg 278w\" sizes=\"(max-width: 750px) 100vw, 750px\" \/> <img decoding=\"async\" class=\"size-full wp-image-737 alignleft\" src=\"https:\/\/polysmarts.com\/wp-content\/uploads\/2023\/11\/Detail-02-1.jpg\" alt=\"Bolsas con sellado t\u00e9rmico y parte superior abierta de l\u00e1mina de Mylar, 3 bolsas con sellado lateral\" width=\"750\" height=\"592\" srcset=\"\/\/polysmarts.com\/wp-content\/uploads\/2023\/11\/Detail-02-1.jpg 750w, \/\/polysmarts.com\/wp-content\/uploads\/2023\/11\/Detail-02-1-600x474.jpg 600w, \/\/polysmarts.com\/wp-content\/uploads\/2023\/11\/Detail-02-1-300x237.jpg 300w\" sizes=\"(max-width: 750px) 100vw, 750px\" \/> <img decoding=\"async\" class=\"size-full wp-image-738 alignleft\" src=\"https:\/\/polysmarts.com\/wp-content\/uploads\/2023\/11\/Detail-03-1.jpg\" alt=\"Bolsas con sellado t\u00e9rmico y parte superior abierta de l\u00e1mina de Mylar, 3 bolsas con sellado lateral\" width=\"750\" height=\"772\" srcset=\"\/\/polysmarts.com\/wp-content\/uploads\/2023\/11\/Detail-03-1.jpg 750w, \/\/polysmarts.com\/wp-content\/uploads\/2023\/11\/Detail-03-1-600x618.jpg 600w, \/\/polysmarts.com\/wp-content\/uploads\/2023\/11\/Detail-03-1-291x300.jpg 291w\" sizes=\"(max-width: 750px) 100vw, 750px\" \/> <img loading=\"lazy\" decoding=\"async\" class=\"size-full wp-image-739 alignleft\" src=\"https:\/\/polysmarts.com\/wp-content\/uploads\/2023\/11\/Detail-06-1.jpg\" alt=\"Bolsas con sellado t\u00e9rmico y parte superior abierta de l\u00e1mina de Mylar, 3 bolsas con sellado lateral\" width=\"750\" height=\"637\" srcset=\"\/\/polysmarts.com\/wp-content\/uploads\/2023\/11\/Detail-06-1.jpg 750w, \/\/polysmarts.com\/wp-content\/uploads\/2023\/11\/Detail-06-1-600x510.jpg 600w, \/\/polysmarts.com\/wp-content\/uploads\/2023\/11\/Detail-06-1-300x255.jpg 300w\" sizes=\"(max-width: 750px) 100vw, 750px\" \/> <img loading=\"lazy\" decoding=\"async\" class=\"size-full wp-image-741 alignleft\" src=\"https:\/\/polysmarts.com\/wp-content\/uploads\/2023\/11\/Detail-08.jpg\" alt=\"Bolsa de sellado t\u00e9rmico de 3 lados con sellado t\u00e9rmico superior abierto de l\u00e1mina de Mylar\" width=\"750\" height=\"727\" srcset=\"\/\/polysmarts.com\/wp-content\/uploads\/2023\/11\/Detail-08.jpg 750w, \/\/polysmarts.com\/wp-content\/uploads\/2023\/11\/Detail-08-600x582.jpg 600w, \/\/polysmarts.com\/wp-content\/uploads\/2023\/11\/Detail-08-300x291.jpg 300w\" sizes=\"(max-width: 750px) 100vw, 750px\" \/> <img loading=\"lazy\" decoding=\"async\" class=\"size-full wp-image-740 alignleft\" src=\"https:\/\/polysmarts.com\/wp-content\/uploads\/2023\/11\/Detail-07.jpg\" alt=\"Bolsas con sellado t\u00e9rmico y parte superior abierta de l\u00e1mina de Mylar, 3 bolsas con sellado lateral\" width=\"750\" height=\"817\" srcset=\"\/\/polysmarts.com\/wp-content\/uploads\/2023\/11\/Detail-07.jpg 750w, \/\/polysmarts.com\/wp-content\/uploads\/2023\/11\/Detail-07-600x654.jpg 600w, \/\/polysmarts.com\/wp-content\/uploads\/2023\/11\/Detail-07-275x300.jpg 275w\" sizes=\"(max-width: 750px) 100vw, 750px\" \/><\/p>","protected":false},"excerpt":{"rendered":"<table style=\"height: 360px; width: 100.741%; border-collapse: collapse; background-color: #ebebeb;\" border=\"2\">\n<tbody>\n<tr style=\"height: 40px;\">\n<td style=\"width: 22.6796%; height: 30px; background-color: #99ccff;\"><span style=\"font-family: arial, helvetica, sans-serif; font-size: 12pt;\"><strong>Dimensi\u00f3n y estilo<\/strong><\/span><\/td>\n<td style=\"width: 78.2121%; height: 30px; background-color: #99ccff;\"><span style=\"font-family: arial, helvetica, sans-serif; font-size: 12pt;\">Formas y tama\u00f1os personalizados<\/span><\/td>\n<\/tr>\n<tr style=\"height: 40px;\">\n<td style=\"width: 22.6796%; height: 34px; background-color: #ebebeb;\"><span style=\"font-size: 12pt;\"><strong><span style=\"font-family: arial, helvetica, sans-serif;\">Cantidad m\u00ednima de pedido<\/span><\/strong><\/span><\/td>\n<td style=\"width: 78.2121%; height: 34px; background-color: #ebebeb;\"><span style=\"font-family: arial, helvetica, sans-serif; font-size: 12pt;\">1000 unidades sin personalizaci\u00f3n, 10000 unidades para personalizaci\u00f3n<\/span><\/td>\n<\/tr>\n<tr style=\"height: 40px; background-color: #99ccff;\">\n<td style=\"width: 22.6796%; height: 24px;\"><span style=\"font-size: 12pt;\"><strong><span style=\"font-family: arial, helvetica, sans-serif;\">Tipo de embalaje<\/span><\/strong><\/span><\/td>\n<td style=\"width: 78.2121%; height: 24px;\"><span style=\"font-family: arial, helvetica, sans-serif; font-size: 12pt;\">3 bolsas con sello lateral<\/span><\/td>\n<\/tr>\n<tr style=\"height: 40px; background-color: #ebebeb;\">\n<td style=\"width: 22.6796%; height: 24px;\"><span style=\"font-size: 12pt;\"><strong><span style=\"font-family: arial, helvetica, sans-serif;\">Impresi\u00f3n<\/span><\/strong><\/span><\/td>\n<td style=\"width: 78.2121%; height: 24px;\"><span style=\"font-family: arial, helvetica, sans-serif; font-size: 12pt;\">CMYK (1 \u2013 8 colores), Sin impresi\u00f3n (normal)<\/span><\/td>\n<\/tr>\n<tr style=\"height: 40px; background-color: #99ccff;\">\n<td style=\"width: 22.6796%; height: 24px;\"><span style=\"font-size: 12pt;\"><strong><span style=\"font-family: arial, helvetica, sans-serif;\">Caracter\u00edstica<\/span><\/strong><\/span><\/td>\n<td style=\"width: 78.2121%; height: 24px;\"><span style=\"font-family: arial, helvetica, sans-serif; font-size: 12pt;\">Barrera de rendimiento excelente y a prueba de fugas contra la entrada de aire, humedad, moho, vapor, olores y luz.<\/span><\/td>\n<\/tr>\n<tr style=\"height: 40px; background-color: #ebebeb;\">\n<td style=\"width: 22.6796%; height: 24px;\"><span style=\"font-size: 12pt;\"><strong><span style=\"font-family: arial, helvetica, sans-serif;\">Material<\/span><\/strong><\/span><\/td>\n<td style=\"width: 78.2121%; height: 24px;\"><span style=\"font-family: arial, helvetica, sans-serif; font-size: 12pt;\">Aluminio puro<\/span><\/td>\n<\/tr>\n<tr style=\"height: 40px; background-color: #99ccff;\">\n<td style=\"width: 22.6796%; height: 24px;\"><span style=\"font-size: 12pt;\"><strong><span style=\"font-family: arial, helvetica, sans-serif;\">Tama\u00f1o<\/span><\/strong><\/span><\/td>\n<td style=\"width: 78.2121%; height: 24px;\"><span style=\"font-family: arial, helvetica, sans-serif; font-size: 12pt;\">Cont\u00e1ctenos para obtener la hoja de detalles de tama\u00f1os en stock y aceptar personalizaci\u00f3n de tama\u00f1os.<\/span><\/td>\n<\/tr>\n<tr style=\"height: 40px; background-color: #ebebeb;\">\n<td style=\"width: 22.6796%; height: 24px;\"><span style=\"font-size: 12pt;\"><strong><span style=\"font-family: arial, helvetica, sans-serif;\">Espesor<\/span><\/strong><\/span><\/td>\n<td style=\"width: 78.2121%; height: 24px;\"><span style=\"font-family: arial, helvetica, sans-serif; font-size: 12pt;\">200 micras (7,9 mil), se acepta personalizaci\u00f3n<\/span><\/td>\n<\/tr>\n<tr style=\"height: 40px; background-color: #99ccff;\">\n<td style=\"width: 22.6796%; height: 24px;\"><span style=\"font-size: 12pt;\"><strong><span style=\"font-family: arial, helvetica, sans-serif;\">Env\u00edo<\/span><\/strong><\/span><\/td>\n<td style=\"width: 78.2121%; height: 24px;\"><span style=\"font-family: arial, helvetica, sans-serif; font-size: 12pt;\">Aire, Mar, Express<\/span><\/td>\n<\/tr>\n<tr style=\"height: 40px; background-color: #ebebeb;\">\n<td style=\"width: 22.6796%; height: 24px;\"><span style=\"font-size: 12pt;\"><strong><span style=\"font-family: arial, helvetica, sans-serif;\">Tiempo de respuesta<\/span><\/strong><\/span><\/td>\n<td style=\"width: 78.2121%; height: 24px;\"><span style=\"font-family: arial, helvetica, sans-serif; font-size: 12pt;\">7 \u2013 15 d\u00edas h\u00e1biles, URGENTE<\/span><\/td>\n<\/tr>\n<\/tbody>\n<\/table>\n<p>&nbsp;<\/p>","protected":false},"featured_media":750,"comment_status":"open","ping_status":"closed","template":"","meta":[],"product_brand":[],"product_cat":[19,26],"product_tag":[],"class_list":{"0":"post-748","1":"product","2":"type-product","3":"status-publish","4":"has-post-thumbnail","6":"product_cat-heat-sealing-bag","7":"product_cat-food-packaging","9":"first","10":"instock","11":"shipping-taxable","12":"product-type-simple"},"_links":{"self":[{"href":"https:\/\/polysmarts.com\/es\/wp-json\/wp\/v2\/product\/748","targetHints":{"allow":["GET"]}}],"collection":[{"href":"https:\/\/polysmarts.com\/es\/wp-json\/wp\/v2\/product"}],"about":[{"href":"https:\/\/polysmarts.com\/es\/wp-json\/wp\/v2\/types\/product"}],"replies":[{"embeddable":true,"href":"https:\/\/polysmarts.com\/es\/wp-json\/wp\/v2\/comments?post=748"}],"version-history":[{"count":3,"href":"https:\/\/polysmarts.com\/es\/wp-json\/wp\/v2\/product\/748\/revisions"}],"predecessor-version":[{"id":756,"href":"https:\/\/polysmarts.com\/es\/wp-json\/wp\/v2\/product\/748\/revisions\/756"}],"wp:featuredmedia":[{"embeddable":true,"href":"https:\/\/polysmarts.com\/es\/wp-json\/wp\/v2\/media\/750"}],"wp:attachment":[{"href":"https:\/\/polysmarts.com\/es\/wp-json\/wp\/v2\/media?parent=748"}],"wp:term":[{"taxonomy":"product_brand","embeddable":true,"href":"https:\/\/polysmarts.com\/es\/wp-json\/wp\/v2\/product_brand?post=748"},{"taxonomy":"product_cat","embeddable":true,"href":"https:\/\/polysmarts.com\/es\/wp-json\/wp\/v2\/product_cat?post=748"},{"taxonomy":"product_tag","embeddable":true,"href":"https:\/\/polysmarts.com\/es\/wp-json\/wp\/v2\/product_tag?post=748"}],"curies":[{"name":"gracias","href":"https:\/\/api.w.org\/{rel}","templated":true}]}}