{"id":715,"date":"2023-11-15T15:42:15","date_gmt":"2023-11-15T15:42:15","guid":{"rendered":"https:\/\/polysmarts.com\/?post_type=product&#038;p=715"},"modified":"2023-11-15T15:42:16","modified_gmt":"2023-11-15T15:42:16","slug":"bolsas-deslizantes-para-ropa-trajes-y-prendas-recicladas","status":"publish","type":"product","link":"https:\/\/polysmarts.com\/es\/product\/recycled-garment-suit-clothes-slider-bags\/","title":{"rendered":"Bolsas deslizantes para ropa de traje de ropa reciclada"},"content":{"rendered":"<p><span style=\"font-family: arial, helvetica, sans-serif;\">La integraci\u00f3n de tecnolog\u00eda de vanguardia en nuestro proceso de fabricaci\u00f3n ha demostrado ser inmensamente beneficiosa. Nuestras bolsas de embalaje grandes de pl\u00e1stico CPE recicladas para ropa con logotipo personalizado, ropa interior, ropa para beb\u00e9s, ropa sellada, que presentan estabilidad y durabilidad, est\u00e1n dise\u00f1adas espec\u00edficamente para el sector de bolsas de pl\u00e1stico.<\/span><\/p>\n<p><span style=\"font-family: arial, helvetica, sans-serif;\">Nuestro compromiso con la investigaci\u00f3n y el desarrollo, junto con las actualizaciones tecnol\u00f3gicas continuas, ha dado resultados prometedores. Las ventajas de nuestro producto, incluida una tira de cremallera de sellado especial para mayor durabilidad y reutilizaci\u00f3n, la utilizaci\u00f3n de nueva materia prima de PE para mayor dureza y un cierre de cremallera para un acceso r\u00e1pido y conveniente, lo han posicionado como la opci\u00f3n preferida en la industria de las bolsas de pl\u00e1stico.<\/span><\/p>\n<p><span style=\"font-family: arial, helvetica, sans-serif;\">Dongguan Polysmarts Packing Co., Ltd, reconocida por sus productos de alta calidad y su reputaci\u00f3n estelar, se ha convertido en un nombre confiable en el campo. Nuestros continuos esfuerzos en innovaci\u00f3n y refinamiento tecnol\u00f3gico se reflejan en las caracter\u00edsticas del producto, como un dise\u00f1o f\u00e1cil de usar para abrir y cerrar r\u00e1pidamente y un dise\u00f1o de orificio de ventilaci\u00f3n para facilitar la circulaci\u00f3n de aire dentro del paquete.<\/span><\/p>\n<p><span style=\"font-family: arial, helvetica, sans-serif;\"><strong>Caracter\u00edsticas clave de nuestro producto:<\/strong><\/span><\/p>\n<ol>\n<li><span style=\"font-family: arial, helvetica, sans-serif;\"><strong>Tira de cremallera de sellado duradera:<\/strong> Especialmente dise\u00f1ada para bolsas con cremallera, esta tira garantiza reutilizaci\u00f3n, durabilidad y resistencia a da\u00f1os.<\/span><\/li>\n<li><span style=\"font-family: arial, helvetica, sans-serif;\"><strong>Materia prima de PE de primera calidad:<\/strong> Elaborado a partir de nueva materia prima de PE, nuestro producto cuenta con una resistencia y dureza excepcionales.<\/span><\/li>\n<li><span style=\"font-family: arial, helvetica, sans-serif;\"><strong>Cierre de cremallera con dise\u00f1o humanizado:<\/strong> El cierre de cremallera no s\u00f3lo es r\u00e1pido y conveniente, sino que tambi\u00e9n presenta un dise\u00f1o humanizado para una mayor facilidad de uso.<\/span><\/li>\n<li><span style=\"font-family: arial, helvetica, sans-serif;\"><strong>Apertura y cierre f\u00e1ciles de usar:<\/strong> El producto est\u00e1 dise\u00f1ado con un mecanismo de apertura y cierre r\u00e1pido y c\u00f3modo, priorizando la facilidad de uso.<\/span><\/li>\n<li><span style=\"font-family: arial, helvetica, sans-serif;\"><strong>Dise\u00f1o del orificio de ventilaci\u00f3n:<\/strong> Los orificios de ventilaci\u00f3n estrat\u00e9gicamente incorporados facilitan la circulaci\u00f3n del aire dentro del paquete, asegurando un escape eficiente y preservando el contenido.<img fetchpriority=\"high\" decoding=\"async\" class=\"size-full wp-image-717 alignleft\" src=\"https:\/\/polysmarts.com\/wp-content\/uploads\/2023\/11\/Detail-01.jpg\" alt=\"Bolsas con cierre deslizante Polysmarts\" width=\"750\" height=\"811\" srcset=\"\/\/polysmarts.com\/wp-content\/uploads\/2023\/11\/Detail-01.jpg 750w, \/\/polysmarts.com\/wp-content\/uploads\/2023\/11\/Detail-01-600x649.jpg 600w, \/\/polysmarts.com\/wp-content\/uploads\/2023\/11\/Detail-01-277x300.jpg 277w\" sizes=\"(max-width: 750px) 100vw, 750px\" \/> <img decoding=\"async\" class=\"size-full wp-image-718 alignleft\" src=\"https:\/\/polysmarts.com\/wp-content\/uploads\/2023\/11\/Detail-02.jpg\" alt=\"Bolsas con cierre deslizante Polysmarts\" width=\"750\" height=\"1206\" srcset=\"\/\/polysmarts.com\/wp-content\/uploads\/2023\/11\/Detail-02.jpg 750w, \/\/polysmarts.com\/wp-content\/uploads\/2023\/11\/Detail-02-600x965.jpg 600w, \/\/polysmarts.com\/wp-content\/uploads\/2023\/11\/Detail-02-187x300.jpg 187w, \/\/polysmarts.com\/wp-content\/uploads\/2023\/11\/Detail-02-637x1024.jpg 637w\" sizes=\"(max-width: 750px) 100vw, 750px\" \/><\/span>\n<p><figure id=\"attachment_719\" aria-describedby=\"caption-attachment-719\" style=\"width: 750px\" class=\"wp-caption alignleft\"><img decoding=\"async\" class=\"size-full wp-image-719\" src=\"https:\/\/polysmarts.com\/wp-content\/uploads\/2023\/11\/Detail-03.jpg\" alt=\"Bolsas con cierre deslizante Polysmarts\" width=\"750\" height=\"893\" srcset=\"\/\/polysmarts.com\/wp-content\/uploads\/2023\/11\/Detail-03.jpg 750w, \/\/polysmarts.com\/wp-content\/uploads\/2023\/11\/Detail-03-600x714.jpg 600w, \/\/polysmarts.com\/wp-content\/uploads\/2023\/11\/Detail-03-252x300.jpg 252w\" sizes=\"(max-width: 750px) 100vw, 750px\" \/><figcaption id=\"caption-attachment-719\" class=\"wp-caption-text\">Bolsas con cierre deslizante Polysmarts<\/figcaption><\/figure><\/li>\n<\/ol>","protected":false},"excerpt":{"rendered":"<table style=\"height: 360px; width: 100.741%; border-collapse: collapse; background-color: #ebebeb;\" border=\"2\">\n<tbody>\n<tr style=\"height: 40px;\">\n<td style=\"width: 22.6796%; height: 30px; background-color: #99ccff;\"><span style=\"font-family: arial, helvetica, sans-serif; font-size: 12pt;\"><strong>Dimensi\u00f3n y estilo<\/strong><\/span><\/td>\n<td style=\"width: 78.2121%; height: 30px; background-color: #99ccff;\"><span style=\"font-family: arial, helvetica, sans-serif; font-size: 12pt;\">Formas y tama\u00f1os personalizados<\/span><\/td>\n<\/tr>\n<tr style=\"height: 40px;\">\n<td style=\"width: 22.6796%; height: 34px; background-color: #ebebeb;\"><span style=\"font-size: 12pt;\"><strong><span style=\"font-family: arial, helvetica, sans-serif;\">Cantidad m\u00ednima de pedido<\/span><\/strong><\/span><\/td>\n<td style=\"width: 78.2121%; height: 34px; background-color: #ebebeb;\"><span style=\"font-family: arial, helvetica, sans-serif; font-size: 12pt;\">1000 unidades sin personalizaci\u00f3n, 10000 unidades para personalizaci\u00f3n<\/span><\/td>\n<\/tr>\n<tr style=\"height: 40px; background-color: #99ccff;\">\n<td style=\"width: 22.6796%; height: 24px;\"><span style=\"font-size: 12pt;\"><strong><span style=\"font-family: arial, helvetica, sans-serif;\">Tipo de embalaje<\/span><\/strong><\/span><\/td>\n<td style=\"width: 78.2121%; height: 24px;\"><span style=\"font-family: arial, helvetica, sans-serif; font-size: 12pt;\">Bolsas con cierre deslizante CPE<\/span><\/td>\n<\/tr>\n<tr style=\"height: 40px; background-color: #ebebeb;\">\n<td style=\"width: 22.6796%; height: 24px;\"><span style=\"font-size: 12pt;\"><strong><span style=\"font-family: arial, helvetica, sans-serif;\">Impresi\u00f3n<\/span><\/strong><\/span><\/td>\n<td style=\"width: 78.2121%; height: 24px;\"><span style=\"font-family: arial, helvetica, sans-serif; font-size: 12pt;\">CMYK (1 \u2013 8 colores), Sin impresi\u00f3n (normal)<\/span><\/td>\n<\/tr>\n<tr style=\"height: 40px; background-color: #99ccff;\">\n<td style=\"width: 22.6796%; height: 24px;\"><span style=\"font-size: 12pt;\"><strong><span style=\"font-family: arial, helvetica, sans-serif;\">Manejo de superficies<\/span><\/strong><\/span><\/td>\n<td style=\"width: 78.2121%; height: 24px;\"><span style=\"font-family: arial, helvetica, sans-serif; font-size: 12pt;\">Impresi\u00f3n offset<\/span><\/td>\n<\/tr>\n<tr style=\"height: 40px; background-color: #ebebeb;\">\n<td style=\"width: 22.6796%; height: 24px;\"><span style=\"font-size: 12pt;\"><strong><span style=\"font-family: arial, helvetica, sans-serif;\">Material<\/span><\/strong><\/span><\/td>\n<td style=\"width: 78.2121%; height: 24px;\"><span style=\"font-family: arial, helvetica, sans-serif; font-size: 12pt;\">EPI, EPI<\/span><\/td>\n<\/tr>\n<tr style=\"height: 40px; background-color: #99ccff;\">\n<td style=\"width: 22.6796%; height: 24px;\"><span style=\"font-size: 12pt;\"><strong><span style=\"font-family: arial, helvetica, sans-serif;\">Tama\u00f1o<\/span><\/strong><\/span><\/td>\n<td style=\"width: 78.2121%; height: 24px;\"><span style=\"font-family: arial, helvetica, sans-serif; font-size: 12pt;\">20*26cm, 24*34cm, 28*28cm, 30*40cm, 36*46cm, 40*45cm, 45*55cm, o personalizado<\/span><\/td>\n<\/tr>\n<tr style=\"height: 40px; background-color: #ebebeb;\">\n<td style=\"width: 22.6796%; height: 24px;\"><span style=\"font-size: 12pt;\"><strong><span style=\"font-family: arial, helvetica, sans-serif;\">Espesor<\/span><\/strong><\/span><\/td>\n<td style=\"width: 78.2121%; height: 24px;\"><span style=\"font-family: arial, helvetica, sans-serif; font-size: 12pt;\">120 micras para lados dobles, espesor personalizado aceptado<\/span><\/td>\n<\/tr>\n<tr style=\"height: 40px; background-color: #99ccff;\">\n<td style=\"width: 22.6796%; height: 24px;\"><span style=\"font-size: 12pt;\"><strong><span style=\"font-family: arial, helvetica, sans-serif;\">Env\u00edo<\/span><\/strong><\/span><\/td>\n<td style=\"width: 78.2121%; height: 24px;\"><span style=\"font-family: arial, helvetica, sans-serif; font-size: 12pt;\">Aire, Mar, Express<\/span><\/td>\n<\/tr>\n<tr style=\"height: 40px; background-color: #ebebeb;\">\n<td style=\"width: 22.6796%; height: 24px;\"><span style=\"font-size: 12pt;\"><strong><span style=\"font-family: arial, helvetica, sans-serif;\">Tiempo de respuesta<\/span><\/strong><\/span><\/td>\n<td style=\"width: 78.2121%; height: 24px;\"><span style=\"font-family: arial, helvetica, sans-serif; font-size: 12pt;\">7 \u2013 15 d\u00edas h\u00e1biles, URGENTE<\/span><\/td>\n<\/tr>\n<\/tbody>\n<\/table>\n<p>&nbsp;<\/p>","protected":false},"featured_media":721,"comment_status":"open","ping_status":"closed","template":"","meta":[],"product_brand":[],"product_cat":[31,21,18],"product_tag":[],"class_list":{"0":"post-715","1":"product","2":"type-product","3":"status-publish","4":"has-post-thumbnail","6":"product_cat-clothing-packaging","7":"product_cat-opp-cpp-pe-cpe-single-material-bag","8":"product_cat-zipper-bags","10":"first","11":"instock","12":"shipping-taxable","13":"product-type-simple"},"_links":{"self":[{"href":"https:\/\/polysmarts.com\/es\/wp-json\/wp\/v2\/product\/715","targetHints":{"allow":["GET"]}}],"collection":[{"href":"https:\/\/polysmarts.com\/es\/wp-json\/wp\/v2\/product"}],"about":[{"href":"https:\/\/polysmarts.com\/es\/wp-json\/wp\/v2\/types\/product"}],"replies":[{"embeddable":true,"href":"https:\/\/polysmarts.com\/es\/wp-json\/wp\/v2\/comments?post=715"}],"version-history":[{"count":1,"href":"https:\/\/polysmarts.com\/es\/wp-json\/wp\/v2\/product\/715\/revisions"}],"predecessor-version":[{"id":727,"href":"https:\/\/polysmarts.com\/es\/wp-json\/wp\/v2\/product\/715\/revisions\/727"}],"wp:featuredmedia":[{"embeddable":true,"href":"https:\/\/polysmarts.com\/es\/wp-json\/wp\/v2\/media\/721"}],"wp:attachment":[{"href":"https:\/\/polysmarts.com\/es\/wp-json\/wp\/v2\/media?parent=715"}],"wp:term":[{"taxonomy":"product_brand","embeddable":true,"href":"https:\/\/polysmarts.com\/es\/wp-json\/wp\/v2\/product_brand?post=715"},{"taxonomy":"product_cat","embeddable":true,"href":"https:\/\/polysmarts.com\/es\/wp-json\/wp\/v2\/product_cat?post=715"},{"taxonomy":"product_tag","embeddable":true,"href":"https:\/\/polysmarts.com\/es\/wp-json\/wp\/v2\/product_tag?post=715"}],"curies":[{"name":"gracias","href":"https:\/\/api.w.org\/{rel}","templated":true}]}}