{"id":5854,"date":"2026-05-12T17:27:43","date_gmt":"2026-05-12T09:27:43","guid":{"rendered":"https:\/\/polysmarts.com\/?post_type=product&#038;p=5854"},"modified":"2026-05-12T17:38:19","modified_gmt":"2026-05-12T09:38:19","slug":"bolsas-de-palomitas-de-maiz-personalizadas-a-medida-pedido-minimo-pequeno-envase-apto-para-alimentos","status":"publish","type":"product","link":"https:\/\/polysmarts.com\/es\/product\/custom-personalized-popcorn-bags-small-moq-food-grade-packaging\/","title":{"rendered":"Bolsas de palomitas de ma\u00edz personalizadas | Cantidad m\u00ednima de pedido baja | Envases aptos para alimentos"},"content":{"rendered":"<h1><strong><span style=\"font-size: 18pt;\"><b data-path-to-node=\"6\" data-index-in-node=\"3\">Mejora cada bocado: Bolsas de palomitas de ma\u00edz personalizadas<\/b><\/span><\/strong><\/h1>\n<p data-path-to-node=\"7\">En el competitivo mercado de los snacks, su empaque es su primer apret\u00f3n de manos con el cliente. <b data-path-to-node=\"7\" data-index-in-node=\"94\">Polysmarts<\/b>, Nos especializamos en alto rendimiento. <b data-path-to-node=\"7\" data-index-in-node=\"140\">Bolsas de palomitas de ma\u00edz personalizadas<\/b> que combinan una protecci\u00f3n superior para los alimentos con una est\u00e9tica atractiva. Ya sea que seas una marca de palomitas de ma\u00edz gourmet, un cine o est\u00e9s organizando un gran evento corporativo, nuestras bolsas personalizadas garantizan que tu producto se mantenga fresco y luzca profesional.<\/p>\n<hr data-path-to-node=\"8\" \/>\n<h3 data-path-to-node=\"9\"><b data-path-to-node=\"9\" data-index-in-node=\"0\">Caracter\u00edsticas y beneficios clave<\/b><\/h3>\n<ul data-path-to-node=\"10\">\n<li>\n<p data-path-to-node=\"10,0,0\"><b data-path-to-node=\"10,0,0\" data-index-in-node=\"0\">Estructura de materiales de primera calidad:<\/b> Utilizamos una estructura laminada multicapa de alta barrera (MOPP\/VMPET\/PE) para proporcionar una excelente barrera contra la humedad y el ox\u00edgeno, lo que prolonga significativamente la vida \u00fatil de sus aperitivos.<\/p>\n<\/li>\n<li>\n<p data-path-to-node=\"10,1,0\"><b data-path-to-node=\"10,1,0\" data-index-in-node=\"0\">Resistente a la grasa y apto para uso alimentario:<\/b> Todos los materiales son aptos para uso alimentario (certificaci\u00f3n 100%) y cumplen con la normativa de la FDA. El revestimiento interior est\u00e1 dise\u00f1ado espec\u00edficamente para resistir la filtraci\u00f3n de aceite de las palomitas de ma\u00edz con mantequilla o saborizantes, manteniendo el exterior impecable.<\/p>\n<\/li>\n<li>\n<p data-path-to-node=\"10,2,0\"><b data-path-to-node=\"10,2,0\" data-index-in-node=\"0\">Personalizaci\u00f3n flexible:<\/b> De <b data-path-to-node=\"10,2,0\" data-index-in-node=\"29\">Impresi\u00f3n digital<\/b> para lotes peque\u00f1os (cantidad m\u00ednima de pedido: 500 unidades) <b data-path-to-node=\"10,2,0\" data-index-in-node=\"80\">Serigraf\u00eda<\/b>, Damos vida a su logotipo y a los colores de su marca con una claridad de alta definici\u00f3n y acabados vibrantes.<\/p>\n<\/li>\n<li>\n<p data-path-to-node=\"10,3,0\"><b data-path-to-node=\"10,3,0\" data-index-in-node=\"0\">Dise\u00f1o centrado en el usuario:<\/b> Caracter\u00edsticas como <b data-path-to-node=\"10,3,0\" data-index-in-node=\"35\">cremalleras resellables<\/b>, <b data-path-to-node=\"10,3,0\" data-index-in-node=\"55\">muescas de l\u00e1grima<\/b>, y <b data-path-to-node=\"10,3,0\" data-index-in-node=\"73\">fuelles verticales<\/b> Nuestras bolsas son pr\u00e1cticas para los consumidores y perfectas para su exhibici\u00f3n en estanter\u00edas de alta gama.<\/p>\n<\/li>\n<\/ul>","protected":false},"excerpt":{"rendered":"<table style=\"height: 280px; width: 99.8505%; border-collapse: collapse;\" border=\"2\">\n<tbody>\n<tr style=\"height: 28px; background-color: #dbdbdb;\">\n<td style=\"width: 22.6796%; background-color: #ebebeb; height: 28px;\"><span style=\"font-family: arial, helvetica, sans-serif; font-size: 12pt;\"><strong>Elementos<\/strong><\/span><\/td>\n<td style=\"width: 77.3204%; background-color: #ebebeb; height: 28px;\"><span style=\"font-family: arial, helvetica, sans-serif; font-size: 12pt;\">Bolsas de palomitas de ma\u00edz personalizadas<\/span><\/td>\n<\/tr>\n<tr style=\"height: 40px;\">\n<td style=\"width: 22.6796%; height: 30px; background-color: #99ccff;\"><span style=\"font-family: arial, helvetica, sans-serif; font-size: 12pt;\"><strong>Dimensi\u00f3n y estilo<\/strong><\/span><\/td>\n<td style=\"width: 77.3204%; height: 30px; background-color: #99ccff;\"><span style=\"font-family: arial, helvetica, sans-serif; font-size: 12pt;\">Formas y tama\u00f1os personalizados<\/span><\/td>\n<\/tr>\n<tr style=\"height: 40px;\">\n<td style=\"width: 22.6796%; height: 34px; background-color: #ebebeb;\"><span style=\"font-size: 12pt;\"><strong><span style=\"font-family: arial, helvetica, sans-serif;\">Cantidad m\u00ednima de pedido<\/span><\/strong><\/span><\/td>\n<td style=\"width: 77.3204%; height: 34px; background-color: #ebebeb;\"><span style=\"font-family: arial, helvetica, sans-serif; font-size: 12pt;\">100 piezas sin personalizaci\u00f3n, 5000 piezas para personalizaci\u00f3n -Impresi\u00f3n digital: 1000 piezas<\/span><\/td>\n<\/tr>\n<tr style=\"height: 40px; background-color: #99ccff;\">\n<td style=\"width: 22.6796%; height: 24px;\"><span style=\"font-size: 12pt;\"><strong><span style=\"font-family: arial, helvetica, sans-serif;\">Tipo de embalaje<\/span><\/strong><\/span><\/td>\n<td style=\"width: 77.3204%; height: 24px;\"><strong><a href=\"https:\/\/polysmarts.com\/es\/bolsas-de-pie-embalaje-de-bolsa-de-pie-personalizado\/\"><span style=\"font-family: arial, helvetica, sans-serif; font-size: 12pt;\">Bolsa de pie<\/span><\/a><\/strong><\/td>\n<\/tr>\n<tr style=\"height: 40px; background-color: #ebebeb;\">\n<td style=\"width: 22.6796%; height: 24px;\"><span style=\"font-size: 12pt;\"><strong><span style=\"font-family: arial, helvetica, sans-serif;\">Impresi\u00f3n<\/span><\/strong><\/span><\/td>\n<td style=\"width: 77.3204%; height: 24px;\"><span style=\"font-family: arial, helvetica, sans-serif; font-size: 12pt;\">CMYK (1 \u2013 10 colores), Sin impresi\u00f3n (normal), Impresi\u00f3n digital<\/span><\/td>\n<\/tr>\n<tr style=\"height: 40px; background-color: #99ccff;\">\n<td style=\"width: 22.6796%; height: 24px;\"><span style=\"font-size: 12pt;\"><strong><span style=\"font-family: arial, helvetica, sans-serif;\">Material<\/span><\/strong><\/span><\/td>\n<td style=\"width: 77.3204%; height: 24px;\"><span style=\"font-family: arial, helvetica, sans-serif; font-size: 12pt;\">Material laminado, MOPP+VMPET+PE<\/span><\/td>\n<\/tr>\n<tr style=\"height: 40px; background-color: #ebebeb;\">\n<td style=\"width: 22.6796%; height: 24px;\"><span style=\"font-size: 12pt;\"><strong><span style=\"font-family: arial, helvetica, sans-serif;\">Opciones incluidas<\/span><\/strong><\/span><\/td>\n<td style=\"width: 77.3204%; height: 24px;\"><span style=\"font-family: arial, helvetica, sans-serif; font-size: 12pt;\">Troquelado, sellado t\u00e9rmico<\/span><\/td>\n<\/tr>\n<tr style=\"height: 40px; background-color: #99ccff;\">\n<td style=\"width: 22.6796%; height: 24px;\"><span style=\"font-size: 12pt;\"><strong><span style=\"font-family: arial, helvetica, sans-serif;\">Caracter\u00edstica<\/span><\/strong><\/span><\/td>\n<td style=\"width: 77.3204%; height: 24px;\"><span style=\"font-family: arial, helvetica, sans-serif; font-size: 12pt;\">A prueba de humedad\/Grado alimenticio\/Impermeable<\/span><\/td>\n<\/tr>\n<tr style=\"height: 40px; background-color: #ebebeb;\">\n<td style=\"width: 22.6796%; height: 24px;\"><span style=\"font-size: 12pt;\"><strong><span style=\"font-family: arial, helvetica, sans-serif;\">Tiempo de respuesta<\/span><\/strong><\/span><\/td>\n<td style=\"width: 77.3204%; height: 24px;\"><span style=\"font-family: arial, helvetica, sans-serif; font-size: 12pt;\">7 \u2013 15 d\u00edas h\u00e1biles, URGENTE<\/span><\/td>\n<\/tr>\n<tr style=\"height: 40px; background-color: #99ccff;\">\n<td style=\"width: 22.6796%; height: 24px;\"><span style=\"font-size: 12pt;\"><strong><span style=\"font-family: arial, helvetica, sans-serif;\">Env\u00edo<\/span><\/strong><\/span><\/td>\n<td style=\"width: 77.3204%; height: 24px;\"><span style=\"font-family: arial, helvetica, sans-serif; font-size: 12pt;\">Aire, Mar, Express<\/span><\/td>\n<\/tr>\n<\/tbody>\n<\/table>\n<p>&nbsp;<\/p>","protected":false},"featured_media":5848,"comment_status":"open","ping_status":"closed","template":"","meta":[],"product_brand":[],"product_cat":[26,35,18],"product_tag":[],"class_list":{"0":"post-5854","1":"product","2":"type-product","3":"status-publish","4":"has-post-thumbnail","6":"product_cat-food-packaging","7":"product_cat-mylar-bags","8":"product_cat-zipper-bags","10":"first","11":"instock","12":"shipping-taxable","13":"purchasable","14":"product-type-variable"},"_links":{"self":[{"href":"https:\/\/polysmarts.com\/es\/wp-json\/wp\/v2\/product\/5854","targetHints":{"allow":["GET"]}}],"collection":[{"href":"https:\/\/polysmarts.com\/es\/wp-json\/wp\/v2\/product"}],"about":[{"href":"https:\/\/polysmarts.com\/es\/wp-json\/wp\/v2\/types\/product"}],"replies":[{"embeddable":true,"href":"https:\/\/polysmarts.com\/es\/wp-json\/wp\/v2\/comments?post=5854"}],"version-history":[{"count":1,"href":"https:\/\/polysmarts.com\/es\/wp-json\/wp\/v2\/product\/5854\/revisions"}],"predecessor-version":[{"id":5858,"href":"https:\/\/polysmarts.com\/es\/wp-json\/wp\/v2\/product\/5854\/revisions\/5858"}],"wp:featuredmedia":[{"embeddable":true,"href":"https:\/\/polysmarts.com\/es\/wp-json\/wp\/v2\/media\/5848"}],"wp:attachment":[{"href":"https:\/\/polysmarts.com\/es\/wp-json\/wp\/v2\/media?parent=5854"}],"wp:term":[{"taxonomy":"product_brand","embeddable":true,"href":"https:\/\/polysmarts.com\/es\/wp-json\/wp\/v2\/product_brand?post=5854"},{"taxonomy":"product_cat","embeddable":true,"href":"https:\/\/polysmarts.com\/es\/wp-json\/wp\/v2\/product_cat?post=5854"},{"taxonomy":"product_tag","embeddable":true,"href":"https:\/\/polysmarts.com\/es\/wp-json\/wp\/v2\/product_tag?post=5854"}],"curies":[{"name":"gracias","href":"https:\/\/api.w.org\/{rel}","templated":true}]}}