{"id":5842,"date":"2026-05-11T14:42:46","date_gmt":"2026-05-11T06:42:46","guid":{"rendered":"https:\/\/polysmarts.com\/?post_type=product&#038;p=5842"},"modified":"2026-05-11T15:27:36","modified_gmt":"2026-05-11T07:27:36","slug":"bolsas-personalizadas-a-prueba-de-olores-para-marihuana-envases-de-mylar-a-prueba-de-olores","status":"publish","type":"product","link":"https:\/\/polysmarts.com\/es\/product\/custom-odor-proof-bags-for-weed-mylar-smell-proof-packaging\/","title":{"rendered":"Bolsas personalizadas a prueba de olores para marihuana | Envases de Mylar a prueba de olores"},"content":{"rendered":"<h2><span style=\"font-size: 18pt;\"><strong>Bolsas personalizadas a prueba de olores para marihuana (embalaje de Mylar a prueba de olores)<\/strong><\/span><\/h2>\n<p>Polysmarts fabrica productos de primera calidad. <strong>Bolsas a prueba de olores para marihuana<\/strong>, Dise\u00f1adas para mantener los productos de cannabis frescos, discretos y protegidos. Nuestras bolsas utilizan pel\u00edculas de Mylar multicapa de alta barrera que bloquean eficazmente la fuga de olores, a la vez que conservan la potencia, el aroma y los niveles de humedad de las flores, los porros pre-enrollados y los comestibles de cannabis.<\/p>\n<p>Ofrecemos tama\u00f1os est\u00e1ndar, incluyendo <strong>3,5 g, 7 g, 14 g y 28 g<\/strong>, as\u00ed como dimensiones y opciones de impresi\u00f3n totalmente personalizables. Para mercados regulados, tambi\u00e9n ofrecemos <strong>estructuras de cremallera a prueba de ni\u00f1os (CR)<\/strong> que cumplen con los requisitos de cumplimiento en Norteam\u00e9rica.<\/p>\n<h3><strong><span style=\"font-size: 14pt;\">Caracter\u00edsticas principales<\/span><\/strong><\/h3>\n<ul>\n<li><strong>Barrera a prueba de olores<\/strong> \u2013 La pel\u00edcula multicapa de Mylar evita que se escape el olor a marihuana.<\/li>\n<li><strong>Impresi\u00f3n personalizada<\/strong> \u2013 Impresi\u00f3n en huecograbado de alta resoluci\u00f3n con acabados mate, brillante, met\u00e1lico u hologr\u00e1fico.<\/li>\n<li><strong>Duradero y protector<\/strong> \u2013 Protege el cannabis de la humedad, el ox\u00edgeno y la exposici\u00f3n a los rayos UV.<\/li>\n<li><strong>Cremallera resellable<\/strong> \u2013 Mantiene la frescura y la comodidad para el consumidor.<\/li>\n<li><strong>Cremallera de seguridad para ni\u00f1os (opcional)<\/strong> \u2013 Apto para dispensarios y mercados regulados.<\/li>\n<li><strong>Sellado t\u00e9rmico + muesca de f\u00e1cil apertura<\/strong> \u2013 Garantiza un embalaje a prueba de manipulaciones.<\/li>\n<li><strong>MOQ bajo y producci\u00f3n r\u00e1pida<\/strong> \u2013 Ideal tanto para nuevas marcas de cannabis como para grandes distribuidores.<\/li>\n<\/ul>\n<h3><span style=\"font-size: 14pt;\"><strong>Aplicaciones<\/strong><\/span><\/h3>\n<ul>\n<li>Flor de cannabis (3,5 g\u201328 g)<\/li>\n<li>Pre-rolls y multipacks<\/li>\n<li>Comestibles, gomitas y snacks con infusi\u00f3n<\/li>\n<li>Concentrados y extractos<\/li>\n<li>L\u00edneas de productos de CBD\/THC<\/li>\n<\/ul>\n<p>Gracias a sus avanzadas capacidades de fabricaci\u00f3n y a un estricto control de calidad, Polysmarts ofrece envases para cannabis fiables y a prueba de olores que mejoran la imagen de marca y cumplen con los est\u00e1ndares de la industria.<\/p>","protected":false},"excerpt":{"rendered":"<table style=\"height: 294px; width: 99.8505%; border-collapse: collapse;\" border=\"2\">\n<tbody>\n<tr style=\"height: 28px; background-color: #dbdbdb;\">\n<td style=\"width: 22.6796%; background-color: #ebebeb; height: 31px;\"><span style=\"font-family: arial, helvetica, sans-serif; font-size: 12pt;\"><strong>Elementos<\/strong><\/span><\/td>\n<td style=\"width: 77.3204%; background-color: #ebebeb; height: 31px;\"><span style=\"font-family: arial, helvetica, sans-serif; font-size: 12pt;\"><strong><a href=\"https:\/\/polysmarts.com\/es\/soluciones-de-embalaje-de-cannabis-personalizadas-fabricante-de-bolsas-de-marihuana-personalizadas\/\">Bolsas a prueba de olores para marihuana<\/a><\/strong><\/span><\/td>\n<\/tr>\n<tr style=\"height: 40px;\">\n<td style=\"width: 22.6796%; height: 30px; background-color: #99ccff;\"><span style=\"font-family: arial, helvetica, sans-serif; font-size: 12pt;\"><strong>Dimensi\u00f3n y estilo<\/strong><\/span><\/td>\n<td style=\"width: 77.3204%; height: 30px; background-color: #99ccff;\"><span style=\"font-family: arial, helvetica, sans-serif; font-size: 12pt;\">Formas y tama\u00f1os personalizados<\/span><\/td>\n<\/tr>\n<tr style=\"height: 40px;\">\n<td style=\"width: 22.6796%; height: 34px; background-color: #ebebeb;\"><span style=\"font-size: 12pt;\"><strong><span style=\"font-family: arial, helvetica, sans-serif;\">Cantidad m\u00ednima de pedido<\/span><\/strong><\/span><\/td>\n<td style=\"width: 77.3204%; height: 34px; background-color: #ebebeb;\"><span style=\"font-family: arial, helvetica, sans-serif; font-size: 12pt;\">100 piezas sin personalizaci\u00f3n, 10 000 piezas para personalizaci\u00f3n<\/span><\/td>\n<\/tr>\n<tr style=\"height: 40px; background-color: #99ccff;\">\n<td style=\"width: 22.6796%; height: 32px;\"><span style=\"font-size: 12pt;\"><strong><span style=\"font-family: arial, helvetica, sans-serif;\">Tipo de embalaje<\/span><\/strong><\/span><\/td>\n<td style=\"width: 77.3204%; height: 32px;\"><span style=\"font-family: arial, helvetica, sans-serif; font-size: 12pt;\"><a href=\"https:\/\/polysmarts.com\/es\/bolsas-de-pie-embalaje-de-bolsa-de-pie-personalizado\/\"><strong>Bolsa de pie<\/strong><\/a> con cremallera, <a href=\"https:\/\/polysmarts.com\/es\/categoria-de-producto\/por-tipo-2\/bolsas-de-mylar\/\"><strong>Mylar Bags<\/strong><\/a><\/span><\/td>\n<\/tr>\n<tr style=\"height: 40px; background-color: #ebebeb;\">\n<td style=\"width: 22.6796%; height: 24px;\"><span style=\"font-size: 12pt;\"><strong><span style=\"font-family: arial, helvetica, sans-serif;\">Impresi\u00f3n<\/span><\/strong><\/span><\/td>\n<td style=\"width: 77.3204%; height: 24px;\"><span style=\"font-family: arial, helvetica, sans-serif; font-size: 12pt;\">CMYK (1 \u2013 10 colores), Sin impresi\u00f3n (normal), Impresi\u00f3n digital<\/span><\/td>\n<\/tr>\n<tr style=\"height: 40px; background-color: #99ccff;\">\n<td style=\"width: 22.6796%; height: 32px;\"><span style=\"font-size: 12pt;\"><strong><span style=\"font-family: arial, helvetica, sans-serif;\">Material<\/span><\/strong><\/span><\/td>\n<td style=\"width: 77.3204%; height: 32px;\"><span style=\"font-family: arial, helvetica, sans-serif; font-size: 12pt;\">Material laminado, MOPP+VMPET+PE<\/span><\/td>\n<\/tr>\n<tr style=\"height: 40px; background-color: #ebebeb;\">\n<td style=\"width: 22.6796%; height: 33px;\"><span style=\"font-size: 12pt;\"><strong><span style=\"font-family: arial, helvetica, sans-serif;\">Opciones incluidas<\/span><\/strong><\/span><\/td>\n<td style=\"width: 77.3204%; height: 33px;\"><span style=\"font-family: arial, helvetica, sans-serif; font-size: 12pt;\">Troquelado, sellado t\u00e9rmico, <strong>Bolsas a prueba de olores<\/strong><\/span><\/td>\n<\/tr>\n<tr style=\"height: 40px; background-color: #99ccff;\">\n<td style=\"width: 22.6796%; height: 30px;\"><span style=\"font-size: 12pt;\"><strong><span style=\"font-family: arial, helvetica, sans-serif;\">Caracter\u00edstica<\/span><\/strong><\/span><\/td>\n<td style=\"width: 77.3204%; height: 30px;\"><span style=\"font-family: arial, helvetica, sans-serif; font-size: 12pt;\">A prueba de olores, a prueba de humedad, aislamiento de ox\u00edgeno, sombreado, resistencia a altas temperaturas y material de grado alimenticio.<\/span><\/td>\n<\/tr>\n<tr style=\"height: 40px; background-color: #ebebeb;\">\n<td style=\"width: 22.6796%; height: 24px;\"><span style=\"font-size: 12pt;\"><strong><span style=\"font-family: arial, helvetica, sans-serif;\">Tiempo de respuesta<\/span><\/strong><\/span><\/td>\n<td style=\"width: 77.3204%; height: 24px;\"><span style=\"font-family: arial, helvetica, sans-serif; font-size: 12pt;\">7 \u2013 15 d\u00edas h\u00e1biles, URGENTE<\/span><\/td>\n<\/tr>\n<tr style=\"height: 40px; background-color: #99ccff;\">\n<td style=\"width: 22.6796%; height: 24px;\"><span style=\"font-size: 12pt;\"><strong><span style=\"font-family: arial, helvetica, sans-serif;\">Env\u00edo<\/span><\/strong><\/span><\/td>\n<td style=\"width: 77.3204%; height: 24px;\"><span style=\"font-family: arial, helvetica, sans-serif; font-size: 12pt;\">Aire, Mar, Express<\/span><\/td>\n<\/tr>\n<\/tbody>\n<\/table>","protected":false},"featured_media":5836,"comment_status":"open","ping_status":"closed","template":"","meta":[],"product_brand":[],"product_cat":[26,28,35,18],"product_tag":[],"class_list":{"0":"post-5842","1":"product","2":"type-product","3":"status-publish","4":"has-post-thumbnail","6":"product_cat-food-packaging","7":"product_cat-cbd-packaging","8":"product_cat-mylar-bags","9":"product_cat-zipper-bags","11":"first","12":"instock","13":"shipping-taxable","14":"purchasable","15":"product-type-variable"},"_links":{"self":[{"href":"https:\/\/polysmarts.com\/es\/wp-json\/wp\/v2\/product\/5842","targetHints":{"allow":["GET"]}}],"collection":[{"href":"https:\/\/polysmarts.com\/es\/wp-json\/wp\/v2\/product"}],"about":[{"href":"https:\/\/polysmarts.com\/es\/wp-json\/wp\/v2\/types\/product"}],"replies":[{"embeddable":true,"href":"https:\/\/polysmarts.com\/es\/wp-json\/wp\/v2\/comments?post=5842"}],"version-history":[{"count":2,"href":"https:\/\/polysmarts.com\/es\/wp-json\/wp\/v2\/product\/5842\/revisions"}],"predecessor-version":[{"id":5847,"href":"https:\/\/polysmarts.com\/es\/wp-json\/wp\/v2\/product\/5842\/revisions\/5847"}],"wp:featuredmedia":[{"embeddable":true,"href":"https:\/\/polysmarts.com\/es\/wp-json\/wp\/v2\/media\/5836"}],"wp:attachment":[{"href":"https:\/\/polysmarts.com\/es\/wp-json\/wp\/v2\/media?parent=5842"}],"wp:term":[{"taxonomy":"product_brand","embeddable":true,"href":"https:\/\/polysmarts.com\/es\/wp-json\/wp\/v2\/product_brand?post=5842"},{"taxonomy":"product_cat","embeddable":true,"href":"https:\/\/polysmarts.com\/es\/wp-json\/wp\/v2\/product_cat?post=5842"},{"taxonomy":"product_tag","embeddable":true,"href":"https:\/\/polysmarts.com\/es\/wp-json\/wp\/v2\/product_tag?post=5842"}],"curies":[{"name":"gracias","href":"https:\/\/api.w.org\/{rel}","templated":true}]}}