{"id":5768,"date":"2026-04-23T11:12:58","date_gmt":"2026-04-23T03:12:58","guid":{"rendered":"https:\/\/polysmarts.com\/?post_type=product&#038;p=5768"},"modified":"2026-04-23T11:27:30","modified_gmt":"2026-04-23T03:27:30","slug":"bolsas-de-plastico-personalizadas-con-logo-bolsas-de-polietileno-al-por-mayor","status":"publish","type":"product","link":"https:\/\/polysmarts.com\/es\/product\/custom-plastic-bags-with-logo-poly-bags-wholesale\/","title":{"rendered":"Bolsas de pl\u00e1stico personalizadas con logotipo, bolsas de polietileno al por mayor"},"content":{"rendered":"<h2 data-path-to-node=\"4\"><span style=\"font-size: 14pt;\"><strong>Mejora el empaque de tu marca con bolsas de pl\u00e1stico personalizadas con tu logotipo.<\/strong><\/span><\/h2>\n<p data-path-to-node=\"5\">Causa una impresi\u00f3n duradera en tus clientes con las soluciones de empaque premium de Polysmarts. Nos especializamos en la fabricaci\u00f3n de bolsas con base de alta calidad dise\u00f1adas para exhibir tus productos de manera atractiva, manteni\u00e9ndolos frescos y seguros. Ya sea que empaques alimentos especiales, cosm\u00e9ticos o productos minoristas, nuestra <b data-path-to-node=\"6\" data-index-in-node=\"314\">Bolsas de pl\u00e1stico personalizadas con logotipo<\/b> Ofrecen la combinaci\u00f3n perfecta de durabilidad, funcionalidad y visibilidad de marca.<\/p>\n<p data-path-to-node=\"5\"><b data-path-to-node=\"9,0,0\" data-index-in-node=\"0\">Bolsas vers\u00e1tiles con base plana:<\/b> Dise\u00f1adas para una \u00f3ptima presentaci\u00f3n en los puntos de venta, estas bolsas se mantienen de pie por s\u00ed solas, maximizando su visibilidad en el estante y captando la atenci\u00f3n del consumidor.<\/p>\n<p data-path-to-node=\"5\"><b data-path-to-node=\"9,1,0\" data-index-in-node=\"0\">Soluciones totalmente personalizables:<\/b> Si bien las bolsas con base plana son nuestra especialidad, con gusto aceptamos y fabricamos muchos tipos diferentes de bolsas de pl\u00e1stico personalizadas para que se ajusten perfectamente a las dimensiones y requisitos \u00fanicos de su producto.<\/p>\n<p data-path-to-node=\"5\"><b data-path-to-node=\"9,2,0\" data-index-in-node=\"0\">Protecci\u00f3n Premium:<\/b> Fabricado con materiales duraderos de m\u00faltiples capas para proteger su contenido contra la humedad, el aire y la luz, lo que garantiza una mayor vida \u00fatil.<\/p>\n<p data-path-to-node=\"5\"><b data-path-to-node=\"9,3,0\" data-index-in-node=\"0\">M\u00e1ximo impacto de marca:<\/b> Un logotipo vibrante impreso profesionalmente en su empaque garantiza que su marca sea reconocida, genere confianza y sea recordada instant\u00e1neamente por su p\u00fablico objetivo.<\/p>\n<p data-path-to-node=\"5\">\u00bfListo para mejorar la presentaci\u00f3n de tus productos? \u00a1Contacta hoy mismo con Polysmarts para dise\u00f1ar tus bolsas personalizadas y deja que tu empaque hable por s\u00ed solo sobre la calidad de tu marca!<\/p>","protected":false},"excerpt":{"rendered":"<table style=\"height: 294px; width: 99.8505%; border-collapse: collapse;\" border=\"2\">\n<tbody>\n<tr style=\"height: 28px; background-color: #dbdbdb;\">\n<td style=\"width: 22.6796%; background-color: #ebebeb; height: 31px;\"><span style=\"font-family: arial, helvetica, sans-serif; font-size: 12pt;\"><strong>Elementos<\/strong><\/span><\/td>\n<td style=\"width: 77.3204%; background-color: #ebebeb; height: 31px;\"><span style=\"font-family: arial, helvetica, sans-serif; font-size: 12pt;\"><strong> Bolsas de pl\u00e1stico personalizadas con logotipo<\/strong>, <strong><a href=\"https:\/\/polysmarts.com\/es\/categoria-de-producto\/por-tipo-2\/bolsas-de-mylar\/\">Mylar Bags<\/a><\/strong> , Bolsas con base<\/span><\/td>\n<\/tr>\n<tr style=\"height: 40px;\">\n<td style=\"width: 22.6796%; height: 30px; background-color: #99ccff;\"><span style=\"font-family: arial, helvetica, sans-serif; font-size: 12pt;\"><strong>Dimensi\u00f3n y estilo<\/strong><\/span><\/td>\n<td style=\"width: 77.3204%; height: 30px; background-color: #99ccff;\"><span style=\"font-family: arial, helvetica, sans-serif; font-size: 12pt;\">Formas y tama\u00f1os personalizados<\/span><\/td>\n<\/tr>\n<tr style=\"height: 40px;\">\n<td style=\"width: 22.6796%; height: 34px; background-color: #ebebeb;\"><span style=\"font-size: 12pt;\"><strong><span style=\"font-family: arial, helvetica, sans-serif;\">Cantidad m\u00ednima de pedido<\/span><\/strong><\/span><\/td>\n<td style=\"width: 77.3204%; height: 34px; background-color: #ebebeb;\"><span style=\"font-family: arial, helvetica, sans-serif; font-size: 12pt;\">100 piezas sin personalizaci\u00f3n, 10 000 piezas para personalizaci\u00f3n<\/span><\/td>\n<\/tr>\n<tr style=\"height: 40px; background-color: #99ccff;\">\n<td style=\"width: 22.6796%; height: 32px;\"><span style=\"font-size: 12pt;\"><strong><span style=\"font-family: arial, helvetica, sans-serif;\">Tipo de embalaje<\/span><\/strong><\/span><\/td>\n<td style=\"width: 77.3204%; height: 32px;\"><span style=\"font-family: arial, helvetica, sans-serif; font-size: 12pt;\"><a href=\"https:\/\/polysmarts.com\/es\/bolsas-de-pie-embalaje-de-bolsa-de-pie-personalizado\/\"><strong>Bolsa de pie<\/strong><\/a> con cremallera<\/span><\/td>\n<\/tr>\n<tr style=\"height: 40px; background-color: #ebebeb;\">\n<td style=\"width: 22.6796%; height: 24px;\"><span style=\"font-size: 12pt;\"><strong><span style=\"font-family: arial, helvetica, sans-serif;\">Impresi\u00f3n<\/span><\/strong><\/span><\/td>\n<td style=\"width: 77.3204%; height: 24px;\"><span style=\"font-family: arial, helvetica, sans-serif; font-size: 12pt;\">CMYK (1 \u2013 10 colores), Sin impresi\u00f3n (normal), Impresi\u00f3n digital<\/span><\/td>\n<\/tr>\n<tr style=\"height: 40px; background-color: #99ccff;\">\n<td style=\"width: 22.6796%; height: 32px;\"><span style=\"font-size: 12pt;\"><strong><span style=\"font-family: arial, helvetica, sans-serif;\">Material<\/span><\/strong><\/span><\/td>\n<td style=\"width: 77.3204%; height: 32px;\"><span style=\"font-family: arial, helvetica, sans-serif; font-size: 12pt;\">Material laminado, MOPP+VMPET+PE<\/span><\/td>\n<\/tr>\n<tr style=\"height: 40px; background-color: #ebebeb;\">\n<td style=\"width: 22.6796%; height: 33px;\"><span style=\"font-size: 12pt;\"><strong><span style=\"font-family: arial, helvetica, sans-serif;\">Opciones incluidas<\/span><\/strong><\/span><\/td>\n<td style=\"width: 77.3204%; height: 33px;\"><span style=\"font-family: arial, helvetica, sans-serif; font-size: 12pt;\">Troquelado, sellado t\u00e9rmico<\/span><\/td>\n<\/tr>\n<tr style=\"height: 40px; background-color: #99ccff;\">\n<td style=\"width: 22.6796%; height: 30px;\"><span style=\"font-size: 12pt;\"><strong><span style=\"font-family: arial, helvetica, sans-serif;\">Caracter\u00edstica<\/span><\/strong><\/span><\/td>\n<td style=\"width: 77.3204%; height: 30px;\"><span style=\"font-family: arial, helvetica, sans-serif; font-size: 12pt;\">A prueba de olores, a prueba de humedad, aislamiento de ox\u00edgeno, sombreado, resistencia a altas temperaturas y material de grado alimenticio.<\/span><\/td>\n<\/tr>\n<tr style=\"height: 40px; background-color: #ebebeb;\">\n<td style=\"width: 22.6796%; height: 24px;\"><span style=\"font-size: 12pt;\"><strong><span style=\"font-family: arial, helvetica, sans-serif;\">Tiempo de respuesta<\/span><\/strong><\/span><\/td>\n<td style=\"width: 77.3204%; height: 24px;\"><span style=\"font-family: arial, helvetica, sans-serif; font-size: 12pt;\">7 \u2013 15 d\u00edas h\u00e1biles, URGENTE<\/span><\/td>\n<\/tr>\n<tr style=\"height: 40px; background-color: #99ccff;\">\n<td style=\"width: 22.6796%; height: 24px;\"><span style=\"font-size: 12pt;\"><strong><span style=\"font-family: arial, helvetica, sans-serif;\">Env\u00edo<\/span><\/strong><\/span><\/td>\n<td style=\"width: 77.3204%; height: 24px;\"><span style=\"font-family: arial, helvetica, sans-serif; font-size: 12pt;\">Aire, Mar, Express<\/span><\/td>\n<\/tr>\n<\/tbody>\n<\/table>\n<p>&nbsp;<\/p>","protected":false},"featured_media":5767,"comment_status":"open","ping_status":"closed","template":"","meta":[],"product_brand":[],"product_cat":[26,35,18],"product_tag":[],"class_list":{"0":"post-5768","1":"product","2":"type-product","3":"status-publish","4":"has-post-thumbnail","6":"product_cat-food-packaging","7":"product_cat-mylar-bags","8":"product_cat-zipper-bags","10":"first","11":"instock","12":"shipping-taxable","13":"purchasable","14":"product-type-variable"},"_links":{"self":[{"href":"https:\/\/polysmarts.com\/es\/wp-json\/wp\/v2\/product\/5768","targetHints":{"allow":["GET"]}}],"collection":[{"href":"https:\/\/polysmarts.com\/es\/wp-json\/wp\/v2\/product"}],"about":[{"href":"https:\/\/polysmarts.com\/es\/wp-json\/wp\/v2\/types\/product"}],"replies":[{"embeddable":true,"href":"https:\/\/polysmarts.com\/es\/wp-json\/wp\/v2\/comments?post=5768"}],"version-history":[{"count":2,"href":"https:\/\/polysmarts.com\/es\/wp-json\/wp\/v2\/product\/5768\/revisions"}],"predecessor-version":[{"id":5773,"href":"https:\/\/polysmarts.com\/es\/wp-json\/wp\/v2\/product\/5768\/revisions\/5773"}],"wp:featuredmedia":[{"embeddable":true,"href":"https:\/\/polysmarts.com\/es\/wp-json\/wp\/v2\/media\/5767"}],"wp:attachment":[{"href":"https:\/\/polysmarts.com\/es\/wp-json\/wp\/v2\/media?parent=5768"}],"wp:term":[{"taxonomy":"product_brand","embeddable":true,"href":"https:\/\/polysmarts.com\/es\/wp-json\/wp\/v2\/product_brand?post=5768"},{"taxonomy":"product_cat","embeddable":true,"href":"https:\/\/polysmarts.com\/es\/wp-json\/wp\/v2\/product_cat?post=5768"},{"taxonomy":"product_tag","embeddable":true,"href":"https:\/\/polysmarts.com\/es\/wp-json\/wp\/v2\/product_tag?post=5768"}],"curies":[{"name":"gracias","href":"https:\/\/api.w.org\/{rel}","templated":true}]}}