{"id":5637,"date":"2026-02-25T13:07:12","date_gmt":"2026-02-25T05:07:12","guid":{"rendered":"https:\/\/polysmarts.com\/?post_type=product&#038;p=5637"},"modified":"2026-02-25T14:45:38","modified_gmt":"2026-02-25T06:45:38","slug":"bolsas-de-mylar-transparentes-y-blancas-embalaje-personalizado-al-por-mayor","status":"publish","type":"product","link":"https:\/\/polysmarts.com\/es\/product\/clear-and-white-mylar-bags-custom-wholesale-packaging\/","title":{"rendered":"Bolsas de Mylar transparentes y blancas | Embalaje personalizado y al por mayor"},"content":{"rendered":"<p data-start=\"1174\" data-end=\"1500\">Nuestro <strong data-start=\"1178\" data-end=\"1208\">bolsas de mylar transparentes y blancas<\/strong> Est\u00e1n dise\u00f1adas para brindar una barrera de protecci\u00f3n superior, manteniendo una apariencia limpia y profesional. Combinando un frente transparente con un reverso blanco s\u00f3lido (o una opci\u00f3n totalmente blanca), estas bolsas de mylar son ideales para exhibir productos y protegerlos de la humedad, el ox\u00edgeno y la luz.<\/p>\n<p data-start=\"1502\" data-end=\"1662\">Fabricadas con materiales laminados de alta calidad, nuestras bolsas de mylar transparentes y blancas ofrecen una excelente durabilidad y resistencia a la perforaci\u00f3n. Se utilizan ampliamente para:<\/p>\n<ul data-start=\"1664\" data-end=\"1800\">\n<li data-start=\"1664\" data-end=\"1694\">\n<p data-start=\"1666\" data-end=\"1694\">Envases de cannabis y CBD<\/p>\n<\/li>\n<li data-start=\"1695\" data-end=\"1722\">\n<p data-start=\"1697\" data-end=\"1722\">Almacenamiento de alimentos y refrigerios<\/p>\n<\/li>\n<li data-start=\"1723\" data-end=\"1751\">\n<p data-start=\"1725\" data-end=\"1751\">Envases de caf\u00e9 y t\u00e9<\/p>\n<\/li>\n<li data-start=\"1752\" data-end=\"1775\">\n<p data-start=\"1754\" data-end=\"1775\">Suplementos diet\u00e9ticos<\/p>\n<\/li>\n<li data-start=\"1776\" data-end=\"1800\">\n<p data-start=\"1778\" data-end=\"1800\">Polvos y productos secos<\/p>\n<\/li>\n<\/ul>\n<p data-start=\"1802\" data-end=\"2005\">La ventana transparente mejora la visibilidad del producto, lo que contribuye a aumentar la confianza del cliente y la seguridad de compra. El reverso blanco proporciona una superficie limpia para la marca, las etiquetas de ingredientes y la informaci\u00f3n de cumplimiento normativo.<\/p>\n<p data-start=\"2007\" data-end=\"2053\">Ofrecemos opciones totalmente personalizables que incluyen:<\/p>\n<ul data-start=\"2055\" data-end=\"2198\">\n<li data-start=\"2055\" data-end=\"2085\">\n<p data-start=\"2057\" data-end=\"2085\">Tama\u00f1os y espesores personalizados<\/p>\n<\/li>\n<li data-start=\"2086\" data-end=\"2112\">\n<p data-start=\"2088\" data-end=\"2112\">Acabado mate o brillante<\/p>\n<\/li>\n<li data-start=\"2113\" data-end=\"2144\">\n<p data-start=\"2115\" data-end=\"2144\">Cierres ziplock resellables<\/p>\n<\/li>\n<li data-start=\"2145\" data-end=\"2173\">\n<p data-start=\"2147\" data-end=\"2173\">Muesca de desgarro y orificio para colgar<\/p>\n<\/li>\n<li data-start=\"2174\" data-end=\"2198\">\n<p data-start=\"2176\" data-end=\"2198\">Impresi\u00f3n de logotipos personalizados<\/p>\n<\/li>\n<\/ul>\n<p data-start=\"2200\" data-end=\"2360\">Ya sea que sea una marca nueva o un distribuidor establecido, nuestras bolsas de mylar blancas y transparentes al por mayor brindan una soluci\u00f3n de empaque premium y rentable.<\/p>","protected":false},"excerpt":{"rendered":"<table style=\"height: 294px; width: 99.8505%; border-collapse: collapse;\" border=\"2\">\n<tbody>\n<tr style=\"height: 28px; background-color: #dbdbdb;\">\n<td style=\"width: 22.6796%; background-color: #ebebeb; height: 31px;\"><span style=\"font-family: arial, helvetica, sans-serif; font-size: 12pt;\"><strong>Elementos<\/strong><\/span><\/td>\n<td style=\"width: 77.3204%; background-color: #ebebeb; height: 31px;\"><span style=\"font-family: arial, helvetica, sans-serif; font-size: 12pt;\"><strong><a href=\"https:\/\/polysmarts.com\/es\/categoria-de-producto\/por-tipo-2\/bolsas-de-mylar\/\">Bolsas de Mylar personalizadas al por mayor<\/a><\/strong>\u00a0<\/span><\/td>\n<\/tr>\n<tr style=\"height: 40px;\">\n<td style=\"width: 22.6796%; height: 30px; background-color: #99ccff;\"><span style=\"font-family: arial, helvetica, sans-serif; font-size: 12pt;\"><strong>Dimensi\u00f3n y estilo<\/strong><\/span><\/td>\n<td style=\"width: 77.3204%; height: 30px; background-color: #99ccff;\"><span style=\"font-family: arial, helvetica, sans-serif; font-size: 12pt;\">Formas y tama\u00f1os personalizados<\/span><\/td>\n<\/tr>\n<tr style=\"height: 40px;\">\n<td style=\"width: 22.6796%; height: 34px; background-color: #ebebeb;\"><span style=\"font-size: 12pt;\"><strong><span style=\"font-family: arial, helvetica, sans-serif;\">Cantidad m\u00ednima de pedido<\/span><\/strong><\/span><\/td>\n<td style=\"width: 77.3204%; height: 34px; background-color: #ebebeb;\"><span style=\"font-family: arial, helvetica, sans-serif; font-size: 12pt;\">100 piezas sin personalizaci\u00f3n, 10 000 piezas para personalizaci\u00f3n<\/span><\/td>\n<\/tr>\n<tr style=\"height: 40px; background-color: #99ccff;\">\n<td style=\"width: 22.6796%; height: 32px;\"><span style=\"font-size: 12pt;\"><strong><span style=\"font-family: arial, helvetica, sans-serif;\">Tipo de embalaje<\/span><\/strong><\/span><\/td>\n<td style=\"width: 77.3204%; height: 32px;\"><span style=\"font-family: arial, helvetica, sans-serif; font-size: 12pt;\"><a href=\"https:\/\/polysmarts.com\/es\/bolsas-de-pie-embalaje-de-bolsa-de-pie-personalizado\/\"><strong>Bolsa de pie<\/strong><\/a> con cremallera<\/span><\/td>\n<\/tr>\n<tr style=\"height: 40px; background-color: #ebebeb;\">\n<td style=\"width: 22.6796%; height: 24px;\"><span style=\"font-size: 12pt;\"><strong><span style=\"font-family: arial, helvetica, sans-serif;\">Impresi\u00f3n<\/span><\/strong><\/span><\/td>\n<td style=\"width: 77.3204%; height: 24px;\"><span style=\"font-family: arial, helvetica, sans-serif; font-size: 12pt;\">CMYK (1 \u2013 10 colores), Sin impresi\u00f3n (normal), Impresi\u00f3n digital<\/span><\/td>\n<\/tr>\n<tr style=\"height: 40px; background-color: #99ccff;\">\n<td style=\"width: 22.6796%; height: 32px;\"><span style=\"font-size: 12pt;\"><strong><span style=\"font-family: arial, helvetica, sans-serif;\">Material<\/span><\/strong><\/span><\/td>\n<td style=\"width: 77.3204%; height: 32px;\"><span style=\"font-family: arial, helvetica, sans-serif; font-size: 12pt;\">Material laminado, MOPP+VMPET+PE<\/span><\/td>\n<\/tr>\n<tr style=\"height: 40px; background-color: #ebebeb;\">\n<td style=\"width: 22.6796%; height: 33px;\"><span style=\"font-size: 12pt;\"><strong><span style=\"font-family: arial, helvetica, sans-serif;\">Opciones incluidas<\/span><\/strong><\/span><\/td>\n<td style=\"width: 77.3204%; height: 33px;\"><span style=\"font-family: arial, helvetica, sans-serif; font-size: 12pt;\">Troquelado, sellado t\u00e9rmico<\/span><\/td>\n<\/tr>\n<tr style=\"height: 40px; background-color: #99ccff;\">\n<td style=\"width: 22.6796%; height: 30px;\"><span style=\"font-size: 12pt;\"><strong><span style=\"font-family: arial, helvetica, sans-serif;\">Caracter\u00edstica<\/span><\/strong><\/span><\/td>\n<td style=\"width: 77.3204%; height: 30px;\"><span style=\"font-family: arial, helvetica, sans-serif; font-size: 12pt;\">A prueba de olores, a prueba de humedad, aislamiento de ox\u00edgeno, sombreado, resistencia a altas temperaturas y material de grado alimenticio.<\/span><\/td>\n<\/tr>\n<tr style=\"height: 40px; background-color: #ebebeb;\">\n<td style=\"width: 22.6796%; height: 24px;\"><span style=\"font-size: 12pt;\"><strong><span style=\"font-family: arial, helvetica, sans-serif;\">Tiempo de respuesta<\/span><\/strong><\/span><\/td>\n<td style=\"width: 77.3204%; height: 24px;\"><span style=\"font-family: arial, helvetica, sans-serif; font-size: 12pt;\">7 \u2013 15 d\u00edas h\u00e1biles, URGENTE<\/span><\/td>\n<\/tr>\n<tr style=\"height: 40px; background-color: #99ccff;\">\n<td style=\"width: 22.6796%; height: 24px;\"><span style=\"font-size: 12pt;\"><strong><span style=\"font-family: arial, helvetica, sans-serif;\">Env\u00edo<\/span><\/strong><\/span><\/td>\n<td style=\"width: 77.3204%; height: 24px;\"><span style=\"font-family: arial, helvetica, sans-serif; font-size: 12pt;\">Aire, Mar, Express<\/span><\/td>\n<\/tr>\n<\/tbody>\n<\/table>","protected":false},"featured_media":5630,"comment_status":"open","ping_status":"closed","template":"","meta":[],"product_brand":[],"product_cat":[26,28,35,18],"product_tag":[],"class_list":{"0":"post-5637","1":"product","2":"type-product","3":"status-publish","4":"has-post-thumbnail","6":"product_cat-food-packaging","7":"product_cat-cbd-packaging","8":"product_cat-mylar-bags","9":"product_cat-zipper-bags","11":"first","12":"instock","13":"shipping-taxable","14":"purchasable","15":"product-type-variable"},"_links":{"self":[{"href":"https:\/\/polysmarts.com\/es\/wp-json\/wp\/v2\/product\/5637","targetHints":{"allow":["GET"]}}],"collection":[{"href":"https:\/\/polysmarts.com\/es\/wp-json\/wp\/v2\/product"}],"about":[{"href":"https:\/\/polysmarts.com\/es\/wp-json\/wp\/v2\/types\/product"}],"replies":[{"embeddable":true,"href":"https:\/\/polysmarts.com\/es\/wp-json\/wp\/v2\/comments?post=5637"}],"version-history":[{"count":3,"href":"https:\/\/polysmarts.com\/es\/wp-json\/wp\/v2\/product\/5637\/revisions"}],"predecessor-version":[{"id":5643,"href":"https:\/\/polysmarts.com\/es\/wp-json\/wp\/v2\/product\/5637\/revisions\/5643"}],"wp:featuredmedia":[{"embeddable":true,"href":"https:\/\/polysmarts.com\/es\/wp-json\/wp\/v2\/media\/5630"}],"wp:attachment":[{"href":"https:\/\/polysmarts.com\/es\/wp-json\/wp\/v2\/media?parent=5637"}],"wp:term":[{"taxonomy":"product_brand","embeddable":true,"href":"https:\/\/polysmarts.com\/es\/wp-json\/wp\/v2\/product_brand?post=5637"},{"taxonomy":"product_cat","embeddable":true,"href":"https:\/\/polysmarts.com\/es\/wp-json\/wp\/v2\/product_cat?post=5637"},{"taxonomy":"product_tag","embeddable":true,"href":"https:\/\/polysmarts.com\/es\/wp-json\/wp\/v2\/product_tag?post=5637"}],"curies":[{"name":"gracias","href":"https:\/\/api.w.org\/{rel}","templated":true}]}}