{"id":5617,"date":"2026-02-06T16:05:28","date_gmt":"2026-02-06T08:05:28","guid":{"rendered":"https:\/\/polysmarts.com\/?post_type=product&#038;p=5617"},"modified":"2026-02-06T18:17:19","modified_gmt":"2026-02-06T10:17:19","slug":"bolsas-de-embalaje-de-cannabis-personalizadas-de-polysmarts-soluciones-ecologicas-y-duraderas","status":"publish","type":"product","link":"https:\/\/polysmarts.com\/es\/product\/custom-cannabis-packaging-bags-polysmarts-durable-eco-friendly-solutions\/","title":{"rendered":"Bolsas personalizadas para empaquetar cannabis | Polysmarts: soluciones duraderas y ecol\u00f3gicas"},"content":{"rendered":"<h2><strong><span style=\"font-size: 14pt;\">Bolsas de embalaje de cannabis personalizadas para su marca: duraderas, ecol\u00f3gicas y conformes<\/span><\/strong><\/h2>\n<p data-start=\"658\" data-end=\"928\">En <strong data-start=\"661\" data-end=\"675\">Polysmarts<\/strong>, Nos especializamos en la fabricaci\u00f3n <strong data-start=\"708\" data-end=\"742\">bolsas de embalaje de cannabis personalizadas<\/strong> Combinan durabilidad, cumplimiento normativo y sostenibilidad. Nuestras soluciones de envasado est\u00e1n dise\u00f1adas para preservar la frescura de sus productos de cannabis, cumpliendo con los est\u00e1ndares de la industria.<\/p>\n<p data-start=\"930\" data-end=\"1268\">Ya sea que sea un dispensario, una marca o un productor, nuestro <strong data-start=\"983\" data-end=\"1007\">bolsas de cannabis personalizadas<\/strong> Se adaptan a sus necesidades espec\u00edficas, con una variedad de tama\u00f1os, materiales y opciones de dise\u00f1o. Con \u00e9nfasis en el respeto al medio ambiente, nuestras opciones de empaque no solo protegen su producto, sino que tambi\u00e9n se alinean con el compromiso de su marca con la sostenibilidad.<\/p>\n<p data-start=\"1270\" data-end=\"1302\">Nuestro <strong data-start=\"1274\" data-end=\"1294\">embalaje personalizado<\/strong> ofertas:<\/p>\n<ul data-start=\"1303\" data-end=\"1705\">\n<li data-start=\"1303\" data-end=\"1407\">\n<p data-start=\"1305\" data-end=\"1407\"><strong data-start=\"1305\" data-end=\"1319\">Durabilidad<\/strong>:Materiales resistentes y de alta calidad para proteger tu cannabis de la humedad, la luz y el aire.<\/p>\n<\/li>\n<li data-start=\"1408\" data-end=\"1487\">\n<p data-start=\"1410\" data-end=\"1487\"><strong data-start=\"1410\" data-end=\"1424\">Cumplimiento<\/strong>:Envase que cumple con la normativa legal para productos de cannabis.<\/p>\n<\/li>\n<li data-start=\"1488\" data-end=\"1588\">\n<p data-start=\"1490\" data-end=\"1588\"><strong data-start=\"1490\" data-end=\"1514\">Opciones ecol\u00f3gicas<\/strong>:Materiales respetuosos con el medio ambiente que minimizan su huella de carbono.<\/p>\n<\/li>\n<li data-start=\"1589\" data-end=\"1705\">\n<p data-start=\"1591\" data-end=\"1705\"><strong data-start=\"1591\" data-end=\"1610\">Marca personalizada<\/strong>:Dise\u00f1e sus bolsos para reflejar su identidad de marca \u00fanica con nuestras t\u00e9cnicas de impresi\u00f3n avanzadas.<\/p>\n<\/li>\n<\/ul>\n<p data-start=\"1707\" data-end=\"1761\"><strong data-start=\"1707\" data-end=\"1761\">\u00bfPor qu\u00e9 elegir Polysmarts para su embalaje de cannabis?<\/strong><\/p>\n<ul data-start=\"1763\" data-end=\"2153\">\n<li data-start=\"1763\" data-end=\"1876\">\n<p data-start=\"1765\" data-end=\"1876\"><strong data-start=\"1765\" data-end=\"1796\">Embalaje confiable y seguro<\/strong>:Garantizamos la seguridad e integridad de su producto desde la producci\u00f3n hasta la entrega.<\/p>\n<\/li>\n<li data-start=\"1877\" data-end=\"1998\">\n<p data-start=\"1879\" data-end=\"1998\"><strong data-start=\"1879\" data-end=\"1901\">Experiencia en la industria<\/strong>:A\u00f1os de experiencia en la industria del embalaje personalizado, especialmente para productos relacionados con el cannabis.<\/p>\n<\/li>\n<li data-start=\"1999\" data-end=\"2153\">\n<p data-start=\"2001\" data-end=\"2153\"><strong data-start=\"2001\" data-end=\"2020\">Entrega r\u00e1pida<\/strong>Entendemos la urgencia de llevar su producto al mercado a tiempo, y nuestro proceso de producci\u00f3n est\u00e1 dise\u00f1ado para cumplir con sus plazos.<\/p>\n<\/li>\n<\/ul>\n<p data-start=\"2155\" data-end=\"2459\">Ya sea que est\u00e9 buscando empaquetar flores, comestibles, concentrados o cualquier otro producto de cannabis, <strong data-start=\"2252\" data-end=\"2266\">Polysmarts<\/strong> es su fuente de referencia para <strong data-start=\"2292\" data-end=\"2326\">bolsas de embalaje de cannabis personalizadas<\/strong>. Conf\u00ede en nosotros para ofrecerle embalajes de alta calidad, compatibles y sostenibles que mantendr\u00e1n sus productos frescos y su marca con un aspecto excelente.<\/p>","protected":false},"excerpt":{"rendered":"<table style=\"height: 294px; width: 99.8505%; border-collapse: collapse;\" border=\"2\">\n<tbody>\n<tr style=\"height: 28px; background-color: #dbdbdb;\">\n<td style=\"width: 22.6796%; background-color: #ebebeb; height: 31px;\"><span style=\"font-family: arial, helvetica, sans-serif; font-size: 12pt;\"><strong>Elementos<\/strong><\/span><\/td>\n<td style=\"width: 77.3204%; background-color: #ebebeb; height: 31px;\"><span style=\"font-family: arial, helvetica, sans-serif; font-size: 12pt;\"><strong><a href=\"https:\/\/polysmarts.com\/es\/categoria-de-producto\/por-tipo-2\/bolsas-de-mylar\/\">Bolsas de Mylar personalizadas al por mayor<\/a><\/strong>\u00a0<\/span><\/td>\n<\/tr>\n<tr style=\"height: 40px;\">\n<td style=\"width: 22.6796%; height: 30px; background-color: #99ccff;\"><span style=\"font-family: arial, helvetica, sans-serif; font-size: 12pt;\"><strong>Dimensi\u00f3n y estilo<\/strong><\/span><\/td>\n<td style=\"width: 77.3204%; height: 30px; background-color: #99ccff;\"><span style=\"font-family: arial, helvetica, sans-serif; font-size: 12pt;\">Formas y tama\u00f1os personalizados<\/span><\/td>\n<\/tr>\n<tr style=\"height: 40px;\">\n<td style=\"width: 22.6796%; height: 34px; background-color: #ebebeb;\"><span style=\"font-size: 12pt;\"><strong><span style=\"font-family: arial, helvetica, sans-serif;\">Cantidad m\u00ednima de pedido<\/span><\/strong><\/span><\/td>\n<td style=\"width: 77.3204%; height: 34px; background-color: #ebebeb;\"><span style=\"font-family: arial, helvetica, sans-serif; font-size: 12pt;\">100 piezas sin personalizaci\u00f3n, 10 000 piezas para personalizaci\u00f3n<\/span><\/td>\n<\/tr>\n<tr style=\"height: 40px; background-color: #99ccff;\">\n<td style=\"width: 22.6796%; height: 32px;\"><span style=\"font-size: 12pt;\"><strong><span style=\"font-family: arial, helvetica, sans-serif;\">Tipo de embalaje<\/span><\/strong><\/span><\/td>\n<td style=\"width: 77.3204%; height: 32px;\"><span style=\"font-family: arial, helvetica, sans-serif; font-size: 12pt;\"><a href=\"https:\/\/polysmarts.com\/es\/bolsas-de-pie-embalaje-de-bolsa-de-pie-personalizado\/\"><strong>Bolsa de pie<\/strong><\/a> con cremallera<\/span><\/td>\n<\/tr>\n<tr style=\"height: 40px; background-color: #ebebeb;\">\n<td style=\"width: 22.6796%; height: 24px;\"><span style=\"font-size: 12pt;\"><strong><span style=\"font-family: arial, helvetica, sans-serif;\">Impresi\u00f3n<\/span><\/strong><\/span><\/td>\n<td style=\"width: 77.3204%; height: 24px;\"><span style=\"font-family: arial, helvetica, sans-serif; font-size: 12pt;\">CMYK (1 \u2013 10 colores), Sin impresi\u00f3n (normal), Impresi\u00f3n digital<\/span><\/td>\n<\/tr>\n<tr style=\"height: 40px; background-color: #99ccff;\">\n<td style=\"width: 22.6796%; height: 32px;\"><span style=\"font-size: 12pt;\"><strong><span style=\"font-family: arial, helvetica, sans-serif;\">Material<\/span><\/strong><\/span><\/td>\n<td style=\"width: 77.3204%; height: 32px;\"><span style=\"font-family: arial, helvetica, sans-serif; font-size: 12pt;\">Material laminado, MOPP+VMPET+PE<\/span><\/td>\n<\/tr>\n<tr style=\"height: 40px; background-color: #ebebeb;\">\n<td style=\"width: 22.6796%; height: 33px;\"><span style=\"font-size: 12pt;\"><strong><span style=\"font-family: arial, helvetica, sans-serif;\">Opciones incluidas<\/span><\/strong><\/span><\/td>\n<td style=\"width: 77.3204%; height: 33px;\"><span style=\"font-family: arial, helvetica, sans-serif; font-size: 12pt;\">Troquelado, sellado t\u00e9rmico<\/span><\/td>\n<\/tr>\n<tr style=\"height: 40px; background-color: #99ccff;\">\n<td style=\"width: 22.6796%; height: 30px;\"><span style=\"font-size: 12pt;\"><strong><span style=\"font-family: arial, helvetica, sans-serif;\">Caracter\u00edstica<\/span><\/strong><\/span><\/td>\n<td style=\"width: 77.3204%; height: 30px;\"><span style=\"font-family: arial, helvetica, sans-serif; font-size: 12pt;\">A prueba de olores, a prueba de humedad, aislamiento de ox\u00edgeno, sombreado, resistencia a altas temperaturas y material de grado alimenticio.<\/span><\/td>\n<\/tr>\n<tr style=\"height: 40px; background-color: #ebebeb;\">\n<td style=\"width: 22.6796%; height: 24px;\"><span style=\"font-size: 12pt;\"><strong><span style=\"font-family: arial, helvetica, sans-serif;\">Tiempo de respuesta<\/span><\/strong><\/span><\/td>\n<td style=\"width: 77.3204%; height: 24px;\"><span style=\"font-family: arial, helvetica, sans-serif; font-size: 12pt;\">7 \u2013 15 d\u00edas h\u00e1biles, URGENTE<\/span><\/td>\n<\/tr>\n<tr style=\"height: 40px; background-color: #99ccff;\">\n<td style=\"width: 22.6796%; height: 24px;\"><span style=\"font-size: 12pt;\"><strong><span style=\"font-family: arial, helvetica, sans-serif;\">Env\u00edo<\/span><\/strong><\/span><\/td>\n<td style=\"width: 77.3204%; height: 24px;\"><span style=\"font-family: arial, helvetica, sans-serif; font-size: 12pt;\">Aire, Mar, Express<\/span><\/td>\n<\/tr>\n<\/tbody>\n<\/table>\n<p>\u00a0<\/p>","protected":false},"featured_media":5621,"comment_status":"open","ping_status":"closed","template":"","meta":[],"product_brand":[],"product_cat":[26,28,35,18],"product_tag":[],"class_list":{"0":"post-5617","1":"product","2":"type-product","3":"status-publish","4":"has-post-thumbnail","6":"product_cat-food-packaging","7":"product_cat-cbd-packaging","8":"product_cat-mylar-bags","9":"product_cat-zipper-bags","11":"first","12":"instock","13":"shipping-taxable","14":"purchasable","15":"product-type-variable"},"_links":{"self":[{"href":"https:\/\/polysmarts.com\/es\/wp-json\/wp\/v2\/product\/5617","targetHints":{"allow":["GET"]}}],"collection":[{"href":"https:\/\/polysmarts.com\/es\/wp-json\/wp\/v2\/product"}],"about":[{"href":"https:\/\/polysmarts.com\/es\/wp-json\/wp\/v2\/types\/product"}],"replies":[{"embeddable":true,"href":"https:\/\/polysmarts.com\/es\/wp-json\/wp\/v2\/comments?post=5617"}],"version-history":[{"count":1,"href":"https:\/\/polysmarts.com\/es\/wp-json\/wp\/v2\/product\/5617\/revisions"}],"predecessor-version":[{"id":5627,"href":"https:\/\/polysmarts.com\/es\/wp-json\/wp\/v2\/product\/5617\/revisions\/5627"}],"wp:featuredmedia":[{"embeddable":true,"href":"https:\/\/polysmarts.com\/es\/wp-json\/wp\/v2\/media\/5621"}],"wp:attachment":[{"href":"https:\/\/polysmarts.com\/es\/wp-json\/wp\/v2\/media?parent=5617"}],"wp:term":[{"taxonomy":"product_brand","embeddable":true,"href":"https:\/\/polysmarts.com\/es\/wp-json\/wp\/v2\/product_brand?post=5617"},{"taxonomy":"product_cat","embeddable":true,"href":"https:\/\/polysmarts.com\/es\/wp-json\/wp\/v2\/product_cat?post=5617"},{"taxonomy":"product_tag","embeddable":true,"href":"https:\/\/polysmarts.com\/es\/wp-json\/wp\/v2\/product_tag?post=5617"}],"curies":[{"name":"gracias","href":"https:\/\/api.w.org\/{rel}","templated":true}]}}