{"id":5610,"date":"2026-02-03T14:30:38","date_gmt":"2026-02-03T06:30:38","guid":{"rendered":"https:\/\/polysmarts.com\/?post_type=product&#038;p=5610"},"modified":"2026-02-03T14:35:42","modified_gmt":"2026-02-03T06:35:42","slug":"fabricante-mayorista-de-bolsas-de-mylar-personalizadas","status":"publish","type":"product","link":"https:\/\/polysmarts.com\/es\/product\/custom-mylar-bags-wholesale-manufacturer-factory\/","title":{"rendered":"Bolsas de Mylar personalizadas al por mayor | Fabricante y f\u00e1brica"},"content":{"rendered":"<p data-start=\"517\" data-end=\"811\">Polysmarts es un profesional <strong data-start=\"546\" data-end=\"584\">fabricante de bolsas de embalaje personalizadas<\/strong>, especializada en <strong data-start=\"602\" data-end=\"633\">Bolsas de mylar personalizadas al por mayor<\/strong> Para marcas, distribuidores y empresas de todo el mundo. Ofrecemos precios directos de f\u00e1brica, capacidad de producci\u00f3n estable y soluciones totalmente personalizadas adaptadas a sus necesidades de embalaje.<\/p>\n<p data-start=\"813\" data-end=\"1103\">Nuestras bolsas de mylar personalizadas se utilizan ampliamente para cannabis, alimentos, suplementos, cosm\u00e9ticos y productos minoristas. Fabricadas con materiales multicapa de alta calidad, ofrecen una excelente barrera de protecci\u00f3n contra la humedad, el ox\u00edgeno, la luz y los olores, manteniendo los productos frescos, seguros y visualmente atractivos.<\/p>\n<p><strong><span style=\"font-size: 14pt;\">\u00bfPor qu\u00e9 elegir Polysmarts para la venta al por mayor de bolsas Mylar personalizadas?<\/span><\/strong><\/p>\n<ul data-start=\"1165\" data-end=\"1888\">\n<li data-start=\"1165\" data-end=\"1321\">\n<p data-start=\"1167\" data-end=\"1321\"><strong data-start=\"1167\" data-end=\"1203\">Precios de venta al por mayor directos de f\u00e1brica<\/strong><br data-start=\"1203\" data-end=\"1206\" \/>Como fabricante, eliminamos intermediarios para ofrecer precios mayoristas competitivos y un control de calidad constante.<\/p>\n<\/li>\n<li data-start=\"1323\" data-end=\"1486\">\n<p data-start=\"1325\" data-end=\"1486\"><strong data-start=\"1325\" data-end=\"1355\">Opciones de personalizaci\u00f3n completas<\/strong><br data-start=\"1355\" data-end=\"1358\" \/>Personalice el tama\u00f1o, el grosor, la estructura del material, los acabados (mate, brillante, suave al tacto), los estilos de cremallera, las muescas de rasgado y la impresi\u00f3n.<\/p>\n<\/li>\n<li data-start=\"1488\" data-end=\"1623\">\n<p data-start=\"1490\" data-end=\"1623\"><strong data-start=\"1490\" data-end=\"1522\">Tecnolog\u00eda de impresi\u00f3n avanzada<\/strong><br data-start=\"1522\" data-end=\"1525\" \/>La impresi\u00f3n de alta resoluci\u00f3n garantiza gr\u00e1ficos n\u00edtidos, colores vibrantes y una apariencia de marca premium.<\/p>\n<\/li>\n<li data-start=\"1625\" data-end=\"1765\">\n<p data-start=\"1627\" data-end=\"1765\"><strong data-start=\"1627\" data-end=\"1661\">Materiales duraderos y a prueba de olores<\/strong><br data-start=\"1661\" data-end=\"1664\" \/>Nuestras bolsas de mylar est\u00e1n dise\u00f1adas con un fuerte rendimiento de sellado y excelentes propiedades de bloqueo de olores.<\/p>\n<\/li>\n<li data-start=\"1767\" data-end=\"1888\">\n<p data-start=\"1769\" data-end=\"1888\"><strong data-start=\"1769\" data-end=\"1798\">MOQ bajo y producci\u00f3n r\u00e1pida<\/strong><br data-start=\"1798\" data-end=\"1801\" \/>Las cantidades m\u00ednimas de pedido flexibles ayudan a las empresas emergentes y a las marcas en crecimiento a escalar de manera eficiente.<\/p>\n<\/li>\n<\/ul>\n<h3 data-start=\"1890\" data-end=\"1931\"><span style=\"font-size: 14pt;\"><strong>Aplicaciones de nuestras bolsas Mylar personalizadas<\/strong><\/span><\/h3>\n<ul data-start=\"1933\" data-end=\"2087\">\n<li data-start=\"1933\" data-end=\"1961\">\n<p data-start=\"1935\" data-end=\"1961\">Productos de cannabis y c\u00e1\u00f1amo<\/p>\n<\/li>\n<li data-start=\"1962\" data-end=\"1990\">\n<p data-start=\"1964\" data-end=\"1990\">Comestibles y envases de alimentos<\/p>\n<\/li>\n<li data-start=\"1991\" data-end=\"2015\">\n<p data-start=\"1993\" data-end=\"2015\">Caf\u00e9, t\u00e9 y snacks<\/p>\n<\/li>\n<li data-start=\"2016\" data-end=\"2048\">\n<p data-start=\"2018\" data-end=\"2048\">Suplementos y nutrac\u00e9uticos<\/p>\n<\/li>\n<li data-start=\"2049\" data-end=\"2087\">\n<p data-start=\"2051\" data-end=\"2087\">Cosm\u00e9ticos y productos de cuidado personal<\/p>\n<\/li>\n<\/ul>\n<p data-start=\"2089\" data-end=\"2283\">Ya sea que est\u00e9 lanzando una nueva marca o ampliando su negocio, Polysmarts ofrece un servicio confiable <strong data-start=\"2181\" data-end=\"2212\">Bolsas de mylar personalizadas al por mayor<\/strong> Soluciones que combinan funcionalidad, est\u00e9tica y rentabilidad.<\/p>\n<p data-start=\"2089\" data-end=\"2283\"><a href=\"https:\/\/polysmarts.com\/es\/contactenos\/\"><strong data-start=\"2288\" data-end=\"2316\">Contacte con Polysmarts hoy<\/strong><\/a> para obtener una cotizaci\u00f3n personalizada y comenzar su proyecto de bolsas de mylar al por mayor con un fabricante de embalajes confiable.<\/p>","protected":false},"excerpt":{"rendered":"<table style=\"height: 294px; width: 99.8505%; border-collapse: collapse;\" border=\"2\">\n<tbody>\n<tr style=\"height: 28px; background-color: #dbdbdb;\">\n<td style=\"width: 22.6796%; background-color: #ebebeb; height: 31px;\"><span style=\"font-family: arial, helvetica, sans-serif; font-size: 12pt;\"><strong>Elementos<\/strong><\/span><\/td>\n<td style=\"width: 77.3204%; background-color: #ebebeb; height: 31px;\"><span style=\"font-family: arial, helvetica, sans-serif; font-size: 12pt;\"><strong><a href=\"https:\/\/polysmarts.com\/es\/categoria-de-producto\/por-tipo-2\/bolsas-de-mylar\/\">Bolsas de Mylar personalizadas al por mayor<\/a><\/strong>\u00a0<\/span><\/td>\n<\/tr>\n<tr style=\"height: 40px;\">\n<td style=\"width: 22.6796%; height: 30px; background-color: #99ccff;\"><span style=\"font-family: arial, helvetica, sans-serif; font-size: 12pt;\"><strong>Dimensi\u00f3n y estilo<\/strong><\/span><\/td>\n<td style=\"width: 77.3204%; height: 30px; background-color: #99ccff;\"><span style=\"font-family: arial, helvetica, sans-serif; font-size: 12pt;\">Formas y tama\u00f1os personalizados<\/span><\/td>\n<\/tr>\n<tr style=\"height: 40px;\">\n<td style=\"width: 22.6796%; height: 34px; background-color: #ebebeb;\"><span style=\"font-size: 12pt;\"><strong><span style=\"font-family: arial, helvetica, sans-serif;\">Cantidad m\u00ednima de pedido<\/span><\/strong><\/span><\/td>\n<td style=\"width: 77.3204%; height: 34px; background-color: #ebebeb;\"><span style=\"font-family: arial, helvetica, sans-serif; font-size: 12pt;\">100 piezas sin personalizaci\u00f3n, 10 000 piezas para personalizaci\u00f3n<\/span><\/td>\n<\/tr>\n<tr style=\"height: 40px; background-color: #99ccff;\">\n<td style=\"width: 22.6796%; height: 32px;\"><span style=\"font-size: 12pt;\"><strong><span style=\"font-family: arial, helvetica, sans-serif;\">Tipo de embalaje<\/span><\/strong><\/span><\/td>\n<td style=\"width: 77.3204%; height: 32px;\"><span style=\"font-family: arial, helvetica, sans-serif; font-size: 12pt;\"><a href=\"https:\/\/polysmarts.com\/es\/bolsas-de-pie-embalaje-de-bolsa-de-pie-personalizado\/\"><strong>Bolsa de pie<\/strong><\/a> con cremallera<\/span><\/td>\n<\/tr>\n<tr style=\"height: 40px; background-color: #ebebeb;\">\n<td style=\"width: 22.6796%; height: 24px;\"><span style=\"font-size: 12pt;\"><strong><span style=\"font-family: arial, helvetica, sans-serif;\">Impresi\u00f3n<\/span><\/strong><\/span><\/td>\n<td style=\"width: 77.3204%; height: 24px;\"><span style=\"font-family: arial, helvetica, sans-serif; font-size: 12pt;\">CMYK (1 \u2013 10 colores), Sin impresi\u00f3n (normal), Impresi\u00f3n digital<\/span><\/td>\n<\/tr>\n<tr style=\"height: 40px; background-color: #99ccff;\">\n<td style=\"width: 22.6796%; height: 32px;\"><span style=\"font-size: 12pt;\"><strong><span style=\"font-family: arial, helvetica, sans-serif;\">Material<\/span><\/strong><\/span><\/td>\n<td style=\"width: 77.3204%; height: 32px;\"><span style=\"font-family: arial, helvetica, sans-serif; font-size: 12pt;\">Material laminado, MOPP+VMPET+PE<\/span><\/td>\n<\/tr>\n<tr style=\"height: 40px; background-color: #ebebeb;\">\n<td style=\"width: 22.6796%; height: 33px;\"><span style=\"font-size: 12pt;\"><strong><span style=\"font-family: arial, helvetica, sans-serif;\">Opciones incluidas<\/span><\/strong><\/span><\/td>\n<td style=\"width: 77.3204%; height: 33px;\"><span style=\"font-family: arial, helvetica, sans-serif; font-size: 12pt;\">Troquelado, sellado t\u00e9rmico<\/span><\/td>\n<\/tr>\n<tr style=\"height: 40px; background-color: #99ccff;\">\n<td style=\"width: 22.6796%; height: 30px;\"><span style=\"font-size: 12pt;\"><strong><span style=\"font-family: arial, helvetica, sans-serif;\">Caracter\u00edstica<\/span><\/strong><\/span><\/td>\n<td style=\"width: 77.3204%; height: 30px;\"><span style=\"font-family: arial, helvetica, sans-serif; font-size: 12pt;\">A prueba de olores, a prueba de humedad, aislamiento de ox\u00edgeno, sombreado, resistencia a altas temperaturas y material de grado alimenticio.<\/span><\/td>\n<\/tr>\n<tr style=\"height: 40px; background-color: #ebebeb;\">\n<td style=\"width: 22.6796%; height: 24px;\"><span style=\"font-size: 12pt;\"><strong><span style=\"font-family: arial, helvetica, sans-serif;\">Tiempo de respuesta<\/span><\/strong><\/span><\/td>\n<td style=\"width: 77.3204%; height: 24px;\"><span style=\"font-family: arial, helvetica, sans-serif; font-size: 12pt;\">7 \u2013 15 d\u00edas h\u00e1biles, URGENTE<\/span><\/td>\n<\/tr>\n<tr style=\"height: 40px; background-color: #99ccff;\">\n<td style=\"width: 22.6796%; height: 24px;\"><span style=\"font-size: 12pt;\"><strong><span style=\"font-family: arial, helvetica, sans-serif;\">Env\u00edo<\/span><\/strong><\/span><\/td>\n<td style=\"width: 77.3204%; height: 24px;\"><span style=\"font-family: arial, helvetica, sans-serif; font-size: 12pt;\">Aire, Mar, Express<\/span><\/td>\n<\/tr>\n<\/tbody>\n<\/table>\n<p>&nbsp;<\/p>","protected":false},"featured_media":5604,"comment_status":"open","ping_status":"closed","template":"","meta":[],"product_brand":[],"product_cat":[26,28,35,18],"product_tag":[],"class_list":{"0":"post-5610","1":"product","2":"type-product","3":"status-publish","4":"has-post-thumbnail","6":"product_cat-food-packaging","7":"product_cat-cbd-packaging","8":"product_cat-mylar-bags","9":"product_cat-zipper-bags","11":"first","12":"instock","13":"shipping-taxable","14":"purchasable","15":"product-type-variable"},"_links":{"self":[{"href":"https:\/\/polysmarts.com\/es\/wp-json\/wp\/v2\/product\/5610","targetHints":{"allow":["GET"]}}],"collection":[{"href":"https:\/\/polysmarts.com\/es\/wp-json\/wp\/v2\/product"}],"about":[{"href":"https:\/\/polysmarts.com\/es\/wp-json\/wp\/v2\/types\/product"}],"replies":[{"embeddable":true,"href":"https:\/\/polysmarts.com\/es\/wp-json\/wp\/v2\/comments?post=5610"}],"version-history":[{"count":2,"href":"https:\/\/polysmarts.com\/es\/wp-json\/wp\/v2\/product\/5610\/revisions"}],"predecessor-version":[{"id":5615,"href":"https:\/\/polysmarts.com\/es\/wp-json\/wp\/v2\/product\/5610\/revisions\/5615"}],"wp:featuredmedia":[{"embeddable":true,"href":"https:\/\/polysmarts.com\/es\/wp-json\/wp\/v2\/media\/5604"}],"wp:attachment":[{"href":"https:\/\/polysmarts.com\/es\/wp-json\/wp\/v2\/media?parent=5610"}],"wp:term":[{"taxonomy":"product_brand","embeddable":true,"href":"https:\/\/polysmarts.com\/es\/wp-json\/wp\/v2\/product_brand?post=5610"},{"taxonomy":"product_cat","embeddable":true,"href":"https:\/\/polysmarts.com\/es\/wp-json\/wp\/v2\/product_cat?post=5610"},{"taxonomy":"product_tag","embeddable":true,"href":"https:\/\/polysmarts.com\/es\/wp-json\/wp\/v2\/product_tag?post=5610"}],"curies":[{"name":"gracias","href":"https:\/\/api.w.org\/{rel}","templated":true}]}}