{"id":5589,"date":"2026-02-03T12:26:51","date_gmt":"2026-02-03T04:26:51","guid":{"rendered":"https:\/\/polysmarts.com\/?post_type=product&#038;p=5589"},"modified":"2026-02-03T12:36:47","modified_gmt":"2026-02-03T04:36:47","slug":"bolsas-premium-a-prueba-de-olores-para-marihuana-empaque-personalizado-de-polysmarts","status":"publish","type":"product","link":"https:\/\/polysmarts.com\/es\/product\/premium-smell-proof-weed-bags-custom-packaging-by-polysmarts\/","title":{"rendered":"Bolsas premium antiolores para marihuana | Empaques personalizados de Polysmarts"},"content":{"rendered":"<p data-start=\"383\" data-end=\"784\">En Polysmarts, nos especializamos en crear soluciones de embalaje personalizadas y de alta calidad para la industria del cannabis. <strong data-start=\"523\" data-end=\"548\">bolsas de marihuana a prueba de olores<\/strong> Est\u00e1n dise\u00f1adas para proporcionar un control \u00f3ptimo de olores, manteniendo la durabilidad y la discreci\u00f3n. Ya sea que necesite empaque para uso personal o para pedidos al por mayor, nuestras bolsas antiolor ofrecen una soluci\u00f3n confiable para mantener sus productos frescos y seguros.<\/p>\n<p data-start=\"786\" data-end=\"1055\">Fabricadas con materiales de primera calidad, nuestras bolsas antiolor incorporan tecnolog\u00eda de vanguardia que retiene eficazmente los olores y protege sus productos de cannabis. Disponibles en varios tama\u00f1os y estilos, nuestras opciones de empaquetado personalizadas se adaptan a las necesidades espec\u00edficas de su marca.<\/p>\n<p data-start=\"1057\" data-end=\"1102\">\u00bfPor qu\u00e9 elegir las bolsas para marihuana a prueba de olores de Polysmarts?<\/p>\n<ul data-start=\"1104\" data-end=\"1510\">\n<li data-start=\"1104\" data-end=\"1190\">\n<p data-start=\"1106\" data-end=\"1190\"><strong data-start=\"1106\" data-end=\"1126\">Protecci\u00f3n contra olores:<\/strong> Tecnolog\u00eda avanzada de bloqueo de olores que garantiza que no se escape ning\u00fan olor.<\/p>\n<\/li>\n<li data-start=\"1191\" data-end=\"1299\">\n<p data-start=\"1193\" data-end=\"1299\"><strong data-start=\"1193\" data-end=\"1218\">Dise\u00f1os personalizables:<\/strong> Totalmente personalizable para combinar con su marca con una variedad de materiales y tama\u00f1os.<\/p>\n<\/li>\n<li data-start=\"1300\" data-end=\"1400\">\n<p data-start=\"1302\" data-end=\"1400\"><strong data-start=\"1302\" data-end=\"1327\">Opciones ecol\u00f3gicas:<\/strong> Ofrecemos opciones de embalaje sostenibles que respetan el medio ambiente.<\/p>\n<\/li>\n<li data-start=\"1401\" data-end=\"1510\">\n<p data-start=\"1403\" data-end=\"1510\"><strong data-start=\"1403\" data-end=\"1430\">Materiales de alta calidad:<\/strong> Durable, resellable y a prueba de fugas para garantizar la m\u00e1xima frescura y protecci\u00f3n.<\/p>\n<\/li>\n<\/ul>\n<p data-start=\"1512\" data-end=\"1721\">Ya sea dispensario, productor o consumidor, conf\u00ede en Polysmarts para obtener las mejores bolsas antiolor para marihuana que se ajusten a sus necesidades. Proteja sus productos y mejore su marca con nuestras soluciones de empaque premium.<\/p>","protected":false},"excerpt":{"rendered":"<table style=\"height: 294px; width: 99.8505%; border-collapse: collapse;\" border=\"2\">\n<tbody>\n<tr style=\"height: 28px; background-color: #dbdbdb;\">\n<td style=\"width: 22.6796%; background-color: #ebebeb; height: 31px;\"><span style=\"font-family: arial, helvetica, sans-serif; font-size: 12pt;\"><strong>Elementos<\/strong><\/span><\/td>\n<td style=\"width: 77.3204%; background-color: #ebebeb; height: 31px;\"><span style=\"font-family: arial, helvetica, sans-serif; font-size: 12pt;\"><strong><a href=\"https:\/\/polysmarts.com\/es\/categoria-de-producto\/por-mercados\/embalaje-de-cbd\/\">Bolsas de CBD <\/a><\/strong>, <strong><a href=\"https:\/\/polysmarts.com\/es\/categoria-de-producto\/por-tipo-2\/bolsas-de-mylar\/\">Mylar Bags<\/a><\/strong>\u00a0 Bolsas para marihuana a prueba de olores<\/span><\/td>\n<\/tr>\n<tr style=\"height: 40px;\">\n<td style=\"width: 22.6796%; height: 30px; background-color: #99ccff;\"><span style=\"font-family: arial, helvetica, sans-serif; font-size: 12pt;\"><strong>Dimensi\u00f3n y estilo<\/strong><\/span><\/td>\n<td style=\"width: 77.3204%; height: 30px; background-color: #99ccff;\"><span style=\"font-family: arial, helvetica, sans-serif; font-size: 12pt;\">Formas y tama\u00f1os personalizados<\/span><\/td>\n<\/tr>\n<tr style=\"height: 40px;\">\n<td style=\"width: 22.6796%; height: 34px; background-color: #ebebeb;\"><span style=\"font-size: 12pt;\"><strong><span style=\"font-family: arial, helvetica, sans-serif;\">Cantidad m\u00ednima de pedido<\/span><\/strong><\/span><\/td>\n<td style=\"width: 77.3204%; height: 34px; background-color: #ebebeb;\"><span style=\"font-family: arial, helvetica, sans-serif; font-size: 12pt;\">100 piezas sin personalizaci\u00f3n, 10 000 piezas para personalizaci\u00f3n<\/span><\/td>\n<\/tr>\n<tr style=\"height: 40px; background-color: #99ccff;\">\n<td style=\"width: 22.6796%; height: 32px;\"><span style=\"font-size: 12pt;\"><strong><span style=\"font-family: arial, helvetica, sans-serif;\">Tipo de embalaje<\/span><\/strong><\/span><\/td>\n<td style=\"width: 77.3204%; height: 32px;\"><span style=\"font-family: arial, helvetica, sans-serif; font-size: 12pt;\"><a href=\"https:\/\/polysmarts.com\/es\/bolsas-de-pie-embalaje-de-bolsa-de-pie-personalizado\/\"><strong>Bolsa de pie<\/strong><\/a> con cremallera<\/span><\/td>\n<\/tr>\n<tr style=\"height: 40px; background-color: #ebebeb;\">\n<td style=\"width: 22.6796%; height: 24px;\"><span style=\"font-size: 12pt;\"><strong><span style=\"font-family: arial, helvetica, sans-serif;\">Impresi\u00f3n<\/span><\/strong><\/span><\/td>\n<td style=\"width: 77.3204%; height: 24px;\"><span style=\"font-family: arial, helvetica, sans-serif; font-size: 12pt;\">CMYK (1 \u2013 10 colores), Sin impresi\u00f3n (normal), Impresi\u00f3n digital<\/span><\/td>\n<\/tr>\n<tr style=\"height: 40px; background-color: #99ccff;\">\n<td style=\"width: 22.6796%; height: 32px;\"><span style=\"font-size: 12pt;\"><strong><span style=\"font-family: arial, helvetica, sans-serif;\">Material<\/span><\/strong><\/span><\/td>\n<td style=\"width: 77.3204%; height: 32px;\"><span style=\"font-family: arial, helvetica, sans-serif; font-size: 12pt;\">Material laminado, MOPP+VMPET+PE<\/span><\/td>\n<\/tr>\n<tr style=\"height: 40px; background-color: #ebebeb;\">\n<td style=\"width: 22.6796%; height: 33px;\"><span style=\"font-size: 12pt;\"><strong><span style=\"font-family: arial, helvetica, sans-serif;\">Opciones incluidas<\/span><\/strong><\/span><\/td>\n<td style=\"width: 77.3204%; height: 33px;\"><span style=\"font-family: arial, helvetica, sans-serif; font-size: 12pt;\">Troquelado, sellado t\u00e9rmico<\/span><\/td>\n<\/tr>\n<tr style=\"height: 40px; background-color: #99ccff;\">\n<td style=\"width: 22.6796%; height: 30px;\"><span style=\"font-size: 12pt;\"><strong><span style=\"font-family: arial, helvetica, sans-serif;\">Caracter\u00edstica<\/span><\/strong><\/span><\/td>\n<td style=\"width: 77.3204%; height: 30px;\"><span style=\"font-family: arial, helvetica, sans-serif; font-size: 12pt;\">A prueba de olores, a prueba de humedad, aislamiento de ox\u00edgeno, sombreado, resistencia a altas temperaturas y material de grado alimenticio.<\/span><\/td>\n<\/tr>\n<tr style=\"height: 40px; background-color: #ebebeb;\">\n<td style=\"width: 22.6796%; height: 24px;\"><span style=\"font-size: 12pt;\"><strong><span style=\"font-family: arial, helvetica, sans-serif;\">Tiempo de respuesta<\/span><\/strong><\/span><\/td>\n<td style=\"width: 77.3204%; height: 24px;\"><span style=\"font-family: arial, helvetica, sans-serif; font-size: 12pt;\">7 \u2013 15 d\u00edas h\u00e1biles, URGENTE<\/span><\/td>\n<\/tr>\n<tr style=\"height: 40px; background-color: #99ccff;\">\n<td style=\"width: 22.6796%; height: 24px;\"><span style=\"font-size: 12pt;\"><strong><span style=\"font-family: arial, helvetica, sans-serif;\">Env\u00edo<\/span><\/strong><\/span><\/td>\n<td style=\"width: 77.3204%; height: 24px;\"><span style=\"font-family: arial, helvetica, sans-serif; font-size: 12pt;\">Aire, Mar, Express<\/span><\/td>\n<\/tr>\n<\/tbody>\n<\/table>\n<p>&nbsp;<\/p>","protected":false},"featured_media":5583,"comment_status":"open","ping_status":"closed","template":"","meta":[],"product_brand":[],"product_cat":[26,28,35,18],"product_tag":[],"class_list":{"0":"post-5589","1":"product","2":"type-product","3":"status-publish","4":"has-post-thumbnail","6":"product_cat-food-packaging","7":"product_cat-cbd-packaging","8":"product_cat-mylar-bags","9":"product_cat-zipper-bags","11":"first","12":"instock","13":"shipping-taxable","14":"purchasable","15":"product-type-variable"},"_links":{"self":[{"href":"https:\/\/polysmarts.com\/es\/wp-json\/wp\/v2\/product\/5589","targetHints":{"allow":["GET"]}}],"collection":[{"href":"https:\/\/polysmarts.com\/es\/wp-json\/wp\/v2\/product"}],"about":[{"href":"https:\/\/polysmarts.com\/es\/wp-json\/wp\/v2\/types\/product"}],"replies":[{"embeddable":true,"href":"https:\/\/polysmarts.com\/es\/wp-json\/wp\/v2\/comments?post=5589"}],"version-history":[{"count":1,"href":"https:\/\/polysmarts.com\/es\/wp-json\/wp\/v2\/product\/5589\/revisions"}],"predecessor-version":[{"id":5593,"href":"https:\/\/polysmarts.com\/es\/wp-json\/wp\/v2\/product\/5589\/revisions\/5593"}],"wp:featuredmedia":[{"embeddable":true,"href":"https:\/\/polysmarts.com\/es\/wp-json\/wp\/v2\/media\/5583"}],"wp:attachment":[{"href":"https:\/\/polysmarts.com\/es\/wp-json\/wp\/v2\/media?parent=5589"}],"wp:term":[{"taxonomy":"product_brand","embeddable":true,"href":"https:\/\/polysmarts.com\/es\/wp-json\/wp\/v2\/product_brand?post=5589"},{"taxonomy":"product_cat","embeddable":true,"href":"https:\/\/polysmarts.com\/es\/wp-json\/wp\/v2\/product_cat?post=5589"},{"taxonomy":"product_tag","embeddable":true,"href":"https:\/\/polysmarts.com\/es\/wp-json\/wp\/v2\/product_tag?post=5589"}],"curies":[{"name":"gracias","href":"https:\/\/api.w.org\/{rel}","templated":true}]}}