{"id":5576,"date":"2026-02-02T17:38:57","date_gmt":"2026-02-02T09:38:57","guid":{"rendered":"https:\/\/polysmarts.com\/?post_type=product&#038;p=5576"},"modified":"2026-02-02T17:47:11","modified_gmt":"2026-02-02T09:47:11","slug":"bolsas-de-embalaje-de-marihuana-personalizadas-soluciones-de-mylar-de-alta-calidad","status":"publish","type":"product","link":"https:\/\/polysmarts.com\/es\/product\/custom-marijuana-packaging-bags-high-quality-mylar-solutions\/","title":{"rendered":"Bolsas personalizadas para empaquetar marihuana | Soluciones de Mylar de alta calidad"},"content":{"rendered":"<h3 data-start=\"558\" data-end=\"613\"><span style=\"font-size: 14pt;\">Bolsas de embalaje de marihuana personalizadas con material Mylar<\/span><\/h3>\n<p data-start=\"615\" data-end=\"1057\">Cuando se trata de empaquetar cannabis, necesita soluciones que garanticen la frescura, la seguridad y el cumplimiento normativo del producto. Nuestras bolsas personalizadas para empaquetar marihuana est\u00e1n fabricadas con Mylar de alta calidad, lo que ofrece una soluci\u00f3n confiable y econ\u00f3mica para sus productos de cannabis. Dise\u00f1adas para una protecci\u00f3n \u00f3ptima, estas bolsas conservan la potencia, el aroma y la calidad de sus productos de marihuana, a la vez que ofrecen durabilidad y precinto de seguridad.<\/p>\n<p data-start=\"1059\" data-end=\"1401\">Nuestro embalaje de Mylar para marihuana es perfecto para todo tipo de cannabis, incluyendo flores, comestibles y concentrados. La resistencia del material a la humedad, la luz y el aire lo convierte en la opci\u00f3n ideal para mantener sus productos frescos durante m\u00e1s tiempo. Elija entre una amplia gama de tama\u00f1os y dise\u00f1os personalizables para adaptarse a las necesidades de su marca y producto.<\/p>\n<h4 data-start=\"1403\" data-end=\"1449\"><span style=\"font-size: 12pt;\">\u00bfPor qu\u00e9 elegir el embalaje de marihuana personalizado de Polysmarts?<\/span><\/h4>\n<ul data-start=\"1450\" data-end=\"1982\">\n<li data-start=\"1450\" data-end=\"1588\">\n<p data-start=\"1452\" data-end=\"1588\"><strong data-start=\"1452\" data-end=\"1476\">Protecci\u00f3n superior:<\/strong> La durabilidad de Mylar garantiza que sus productos de cannabis se mantengan frescos, seguros y protegidos de los factores ambientales.<\/p>\n<\/li>\n<li data-start=\"1589\" data-end=\"1721\">\n<p data-start=\"1591\" data-end=\"1721\"><strong data-start=\"1591\" data-end=\"1612\">Listo para el cumplimiento:<\/strong> Dise\u00f1adas para cumplir con los est\u00e1ndares de la industria, nuestras bolsas se adhieren a las regulaciones de embalaje en varios estados y regiones.<\/p>\n<\/li>\n<li data-start=\"1722\" data-end=\"1860\">\n<p data-start=\"1724\" data-end=\"1860\"><strong data-start=\"1724\" data-end=\"1748\">Dise\u00f1o personalizable:<\/strong> Mejore la visibilidad de su marca con dise\u00f1os, logotipos y textos personalizados. Ofrecemos opciones de impresi\u00f3n para cada necesidad.<\/p>\n<\/li>\n<li data-start=\"1861\" data-end=\"1982\">\n<p data-start=\"1863\" data-end=\"1982\"><strong data-start=\"1863\" data-end=\"1880\">Respetuoso del medio ambiente:<\/strong> Ofrecemos soluciones de embalaje sostenibles que no s\u00f3lo son eficaces sino tambi\u00e9n responsables con el medio ambiente.<\/p>\n<\/li>\n<\/ul>\n<p data-start=\"1984\" data-end=\"2208\">Ya sea dispensario, cultivador o distribuidor, nuestras soluciones de empaquetado personalizadas para marihuana son la opci\u00f3n perfecta para proteger sus productos de cannabis. \u00a1P\u00eddalas hoy mismo para mejorar el empaquetado de su marca y la experiencia del cliente!<\/p>","protected":false},"excerpt":{"rendered":"<table style=\"height: 294px; width: 99.8505%; border-collapse: collapse;\" border=\"2\">\n<tbody>\n<tr style=\"height: 28px; background-color: #dbdbdb;\">\n<td style=\"width: 22.6796%; background-color: #ebebeb; height: 31px;\"><span style=\"font-family: arial, helvetica, sans-serif; font-size: 12pt;\"><strong>Elementos<\/strong><\/span><\/td>\n<td style=\"width: 77.3204%; background-color: #ebebeb; height: 31px;\"><span style=\"font-family: arial, helvetica, sans-serif; font-size: 12pt;\"><strong><a href=\"https:\/\/polysmarts.com\/es\/categoria-de-producto\/por-mercados\/embalaje-de-cbd\/\">Bolsas de CBD <\/a><\/strong>, <strong><a href=\"https:\/\/polysmarts.com\/es\/categoria-de-producto\/por-tipo-2\/bolsas-de-mylar\/\">Mylar Bags<\/a><\/strong> para envases de marihuana<\/span><\/td>\n<\/tr>\n<tr style=\"height: 40px;\">\n<td style=\"width: 22.6796%; height: 30px; background-color: #99ccff;\"><span style=\"font-family: arial, helvetica, sans-serif; font-size: 12pt;\"><strong>Dimensi\u00f3n y estilo<\/strong><\/span><\/td>\n<td style=\"width: 77.3204%; height: 30px; background-color: #99ccff;\"><span style=\"font-family: arial, helvetica, sans-serif; font-size: 12pt;\">Formas y tama\u00f1os personalizados<\/span><\/td>\n<\/tr>\n<tr style=\"height: 40px;\">\n<td style=\"width: 22.6796%; height: 34px; background-color: #ebebeb;\"><span style=\"font-size: 12pt;\"><strong><span style=\"font-family: arial, helvetica, sans-serif;\">Cantidad m\u00ednima de pedido<\/span><\/strong><\/span><\/td>\n<td style=\"width: 77.3204%; height: 34px; background-color: #ebebeb;\"><span style=\"font-family: arial, helvetica, sans-serif; font-size: 12pt;\">100 piezas sin personalizaci\u00f3n, 10 000 piezas para personalizaci\u00f3n<\/span><\/td>\n<\/tr>\n<tr style=\"height: 40px; background-color: #99ccff;\">\n<td style=\"width: 22.6796%; height: 32px;\"><span style=\"font-size: 12pt;\"><strong><span style=\"font-family: arial, helvetica, sans-serif;\">Tipo de embalaje<\/span><\/strong><\/span><\/td>\n<td style=\"width: 77.3204%; height: 32px;\"><span style=\"font-family: arial, helvetica, sans-serif; font-size: 12pt;\"><a href=\"https:\/\/polysmarts.com\/es\/bolsas-de-pie-embalaje-de-bolsa-de-pie-personalizado\/\"><strong>Bolsa de pie<\/strong><\/a> con cremallera<\/span><\/td>\n<\/tr>\n<tr style=\"height: 40px; background-color: #ebebeb;\">\n<td style=\"width: 22.6796%; height: 24px;\"><span style=\"font-size: 12pt;\"><strong><span style=\"font-family: arial, helvetica, sans-serif;\">Impresi\u00f3n<\/span><\/strong><\/span><\/td>\n<td style=\"width: 77.3204%; height: 24px;\"><span style=\"font-family: arial, helvetica, sans-serif; font-size: 12pt;\">CMYK (1 \u2013 10 colores), Sin impresi\u00f3n (normal), Impresi\u00f3n digital<\/span><\/td>\n<\/tr>\n<tr style=\"height: 40px; background-color: #99ccff;\">\n<td style=\"width: 22.6796%; height: 32px;\"><span style=\"font-size: 12pt;\"><strong><span style=\"font-family: arial, helvetica, sans-serif;\">Material<\/span><\/strong><\/span><\/td>\n<td style=\"width: 77.3204%; height: 32px;\"><span style=\"font-family: arial, helvetica, sans-serif; font-size: 12pt;\">Material laminado, MOPP+VMPET+PE<\/span><\/td>\n<\/tr>\n<tr style=\"height: 40px; background-color: #ebebeb;\">\n<td style=\"width: 22.6796%; height: 33px;\"><span style=\"font-size: 12pt;\"><strong><span style=\"font-family: arial, helvetica, sans-serif;\">Opciones incluidas<\/span><\/strong><\/span><\/td>\n<td style=\"width: 77.3204%; height: 33px;\"><span style=\"font-family: arial, helvetica, sans-serif; font-size: 12pt;\">Troquelado, sellado t\u00e9rmico<\/span><\/td>\n<\/tr>\n<tr style=\"height: 40px; background-color: #99ccff;\">\n<td style=\"width: 22.6796%; height: 30px;\"><span style=\"font-size: 12pt;\"><strong><span style=\"font-family: arial, helvetica, sans-serif;\">Caracter\u00edstica<\/span><\/strong><\/span><\/td>\n<td style=\"width: 77.3204%; height: 30px;\"><span style=\"font-family: arial, helvetica, sans-serif; font-size: 12pt;\">Resistente a la humedad, aislamiento de ox\u00edgeno, sombreado, resistencia a altas temperaturas y material de calidad alimentaria.<\/span><\/td>\n<\/tr>\n<tr style=\"height: 40px; background-color: #ebebeb;\">\n<td style=\"width: 22.6796%; height: 24px;\"><span style=\"font-size: 12pt;\"><strong><span style=\"font-family: arial, helvetica, sans-serif;\">Tiempo de respuesta<\/span><\/strong><\/span><\/td>\n<td style=\"width: 77.3204%; height: 24px;\"><span style=\"font-family: arial, helvetica, sans-serif; font-size: 12pt;\">7 \u2013 15 d\u00edas h\u00e1biles, URGENTE<\/span><\/td>\n<\/tr>\n<tr style=\"height: 40px; background-color: #99ccff;\">\n<td style=\"width: 22.6796%; height: 24px;\"><span style=\"font-size: 12pt;\"><strong><span style=\"font-family: arial, helvetica, sans-serif;\">Env\u00edo<\/span><\/strong><\/span><\/td>\n<td style=\"width: 77.3204%; height: 24px;\"><span style=\"font-family: arial, helvetica, sans-serif; font-size: 12pt;\">Aire, Mar, Express<\/span><\/td>\n<\/tr>\n<\/tbody>\n<\/table>\n<p>&nbsp;<\/p>","protected":false},"featured_media":5575,"comment_status":"open","ping_status":"closed","template":"","meta":[],"product_brand":[],"product_cat":[26,28,35,18],"product_tag":[],"class_list":{"0":"post-5576","1":"product","2":"type-product","3":"status-publish","4":"has-post-thumbnail","6":"product_cat-food-packaging","7":"product_cat-cbd-packaging","8":"product_cat-mylar-bags","9":"product_cat-zipper-bags","11":"first","12":"instock","13":"shipping-taxable","14":"purchasable","15":"product-type-variable"},"_links":{"self":[{"href":"https:\/\/polysmarts.com\/es\/wp-json\/wp\/v2\/product\/5576","targetHints":{"allow":["GET"]}}],"collection":[{"href":"https:\/\/polysmarts.com\/es\/wp-json\/wp\/v2\/product"}],"about":[{"href":"https:\/\/polysmarts.com\/es\/wp-json\/wp\/v2\/types\/product"}],"replies":[{"embeddable":true,"href":"https:\/\/polysmarts.com\/es\/wp-json\/wp\/v2\/comments?post=5576"}],"version-history":[{"count":3,"href":"https:\/\/polysmarts.com\/es\/wp-json\/wp\/v2\/product\/5576\/revisions"}],"predecessor-version":[{"id":5582,"href":"https:\/\/polysmarts.com\/es\/wp-json\/wp\/v2\/product\/5576\/revisions\/5582"}],"wp:featuredmedia":[{"embeddable":true,"href":"https:\/\/polysmarts.com\/es\/wp-json\/wp\/v2\/media\/5575"}],"wp:attachment":[{"href":"https:\/\/polysmarts.com\/es\/wp-json\/wp\/v2\/media?parent=5576"}],"wp:term":[{"taxonomy":"product_brand","embeddable":true,"href":"https:\/\/polysmarts.com\/es\/wp-json\/wp\/v2\/product_brand?post=5576"},{"taxonomy":"product_cat","embeddable":true,"href":"https:\/\/polysmarts.com\/es\/wp-json\/wp\/v2\/product_cat?post=5576"},{"taxonomy":"product_tag","embeddable":true,"href":"https:\/\/polysmarts.com\/es\/wp-json\/wp\/v2\/product_tag?post=5576"}],"curies":[{"name":"gracias","href":"https:\/\/api.w.org\/{rel}","templated":true}]}}