{"id":5555,"date":"2026-01-09T17:58:47","date_gmt":"2026-01-09T09:58:47","guid":{"rendered":"https:\/\/polysmarts.com\/?post_type=product&#038;p=5555"},"modified":"2026-01-11T17:41:37","modified_gmt":"2026-01-11T09:41:37","slug":"bolsas-de-marihuana-personalizadas-con-la-marca-de-mylar-para-empaquetar-cannabis","status":"publish","type":"product","link":"https:\/\/polysmarts.com\/es\/product\/custom-weed-bags-branded-mylar-cannabis-packaging\/","title":{"rendered":"Bolsas de marihuana personalizadas | Envases de cannabis de Mylar con marca"},"content":{"rendered":"<h3><span style=\"font-size: 14pt;\"><strong>Fabricante de bolsas de marihuana personalizadas que ofrece empaques de cannabis mylar impresos, materiales de barrera contra olores, cremalleras resellables, acabados de primera calidad y soluciones opcionales a prueba de ni\u00f1os.<\/strong><\/span><\/h3>\n<p>Plysmarts fabrica <strong>bolsas de marihuana personalizadas<\/strong> Para marcas de cannabis, dispensarios y productos de marca blanca. Producimos <strong>bolsas de envasado de cannabis de alta barrera<\/strong> Dise\u00f1ado para ayudar a proteger la frescura, reducir la fuga de olores y presentar su marca con un atractivo premium en el estante. <strong>Bolsas de mylar para marihuana con impresi\u00f3n personalizada<\/strong> Desde bolsas con cierre resellable hasta acabados especiales, ofrecemos soluciones de embalaje flexible para diferentes tipos de productos y necesidades de cumplimiento.<\/p>\n<p>Nuestras opciones personalizadas incluyen <strong>Personalizaci\u00f3n de tama\u00f1o, impresi\u00f3n de ilustraciones personalizadas, acabados mate o brillante, laminaci\u00f3n suave al tacto, UV localizado, efectos met\u00e1licos, ventanas, muescas de rasgado, orificios para colgar y m\u00faltiples estilos de cremallera.<\/strong>. Para las marcas que requieren est\u00e1ndares de seguridad m\u00e1s altos, podemos proporcionar <strong>Opciones de cierre a prueba de ni\u00f1os (CR)<\/strong> cuando sea aplicable, as\u00ed como pel\u00edculas de barrera fuertes para ayudar a proteger contra la humedad y el ox\u00edgeno.<\/p>\n<p>Ya sea que est\u00e9 lanzando un nuevo SKU o actualizando un embalaje existente, nuestro equipo respalda su proyecto desde <strong>Selecci\u00f3n de materiales y recomendaciones de estructura<\/strong> a <strong>Pruebas de preproducci\u00f3n y fabricaci\u00f3n en masa<\/strong>. Cont\u00e1ctenos con el tama\u00f1o, la cantidad y los requisitos de dise\u00f1o de su bolsa: Plysmarts le ayudar\u00e1 a construir bolsas confiables y de alta calidad. <strong>bolsas de marihuana personalizadas<\/strong> a precio directo de f\u00e1brica.<\/p>\n<h3><span style=\"font-size: 14pt;\"><strong>FAQ<\/strong><\/span><\/h3>\n<p><strong>P1: \u00bfQu\u00e9 materiales se utilizan para las bolsas de marihuana?<\/strong><br \/>\nR: La mayor\u00eda de las bolsas de marihuana utilizan pel\u00edculas de barrera laminadas (a menudo, estructuras de estilo mylar) para ayudar a bloquear la humedad, el ox\u00edgeno y el olor y, al mismo tiempo, mejorar la durabilidad.<\/p>\n<p><strong>P2: \u00bfPuedes imprimir mi logotipo y el dise\u00f1o completo en las bolsas?<\/strong><br \/>\nR: S\u00ed, estamos disponibles para impresi\u00f3n personalizada, que incluye marca a todo color, patrones e informaci\u00f3n del producto seg\u00fan sus archivos de dise\u00f1o.<\/p>\n<p><strong>P3: \u00bfOfrecen bolsas para marihuana a prueba de olores?<\/strong><br \/>\nR: Podemos recomendar estructuras de pel\u00edcula de alta barrera dise\u00f1adas para reducir la transmisi\u00f3n de olores y proteger la frescura del producto.<\/p>\n<p><strong>P4: \u00bfOfrecen bolsas para marihuana a prueba de ni\u00f1os?<\/strong><br \/>\nR: Podemos ofrecer opciones de cierre a prueba de ni\u00f1os cuando sea necesario. Ind\u00edquenos sus necesidades de mercado y le propondremos estructuras adecuadas.<\/p>\n<p><strong>Q5: \u00bfCu\u00e1l es su MOQ y tiempo de entrega?<\/strong><br \/>\nR: El pedido m\u00ednimo y el plazo de entrega dependen del tama\u00f1o de la bolsa, la estructura del material y el m\u00e9todo de impresi\u00f3n. Env\u00ede sus especificaciones para obtener una cotizaci\u00f3n exacta.<\/p>","protected":false},"excerpt":{"rendered":"<table style=\"height: 294px; width: 99.8505%; border-collapse: collapse;\" border=\"2\">\n<tbody>\n<tr style=\"height: 28px; background-color: #dbdbdb;\">\n<td style=\"width: 22.6796%; background-color: #ebebeb; height: 31px;\"><span style=\"font-family: arial, helvetica, sans-serif; font-size: 12pt;\"><strong>Elementos<\/strong><\/span><\/td>\n<td style=\"width: 77.3204%; background-color: #ebebeb; height: 31px;\"><span style=\"font-family: arial, helvetica, sans-serif; font-size: 12pt;\"><strong><a href=\"https:\/\/polysmarts.com\/es\/categoria-de-producto\/por-mercados\/embalaje-de-cbd\/\">Bolsas de CBD personalizadas<\/a><\/strong>, <strong><a href=\"https:\/\/polysmarts.com\/es\/categoria-de-producto\/por-tipo-2\/bolsas-de-mylar\/\">Mylar Bags<\/a><\/strong> para empaque de bolsas de marihuana<\/span><\/td>\n<\/tr>\n<tr style=\"height: 40px;\">\n<td style=\"width: 22.6796%; height: 30px; background-color: #99ccff;\"><span style=\"font-family: arial, helvetica, sans-serif; font-size: 12pt;\"><strong>Dimensi\u00f3n y estilo<\/strong><\/span><\/td>\n<td style=\"width: 77.3204%; height: 30px; background-color: #99ccff;\"><span style=\"font-family: arial, helvetica, sans-serif; font-size: 12pt;\">Formas y tama\u00f1os personalizados<\/span><\/td>\n<\/tr>\n<tr style=\"height: 40px;\">\n<td style=\"width: 22.6796%; height: 34px; background-color: #ebebeb;\"><span style=\"font-size: 12pt;\"><strong><span style=\"font-family: arial, helvetica, sans-serif;\">Cantidad m\u00ednima de pedido<\/span><\/strong><\/span><\/td>\n<td style=\"width: 77.3204%; height: 34px; background-color: #ebebeb;\"><span style=\"font-family: arial, helvetica, sans-serif; font-size: 12pt;\">100 piezas sin personalizaci\u00f3n, 5000 piezas para personalizaci\u00f3n<\/span><\/td>\n<\/tr>\n<tr style=\"height: 40px; background-color: #99ccff;\">\n<td style=\"width: 22.6796%; height: 32px;\"><span style=\"font-size: 12pt;\"><strong><span style=\"font-family: arial, helvetica, sans-serif;\">Tipo de embalaje<\/span><\/strong><\/span><\/td>\n<td style=\"width: 77.3204%; height: 32px;\"><span style=\"font-family: arial, helvetica, sans-serif; font-size: 12pt;\"><a href=\"https:\/\/polysmarts.com\/es\/bolsas-de-pie-embalaje-de-bolsa-de-pie-personalizado\/\"><strong>Bolsa de pie<\/strong><\/a> con cremallera<\/span><\/td>\n<\/tr>\n<tr style=\"height: 40px; background-color: #ebebeb;\">\n<td style=\"width: 22.6796%; height: 24px;\"><span style=\"font-size: 12pt;\"><strong><span style=\"font-family: arial, helvetica, sans-serif;\">Impresi\u00f3n<\/span><\/strong><\/span><\/td>\n<td style=\"width: 77.3204%; height: 24px;\"><span style=\"font-family: arial, helvetica, sans-serif; font-size: 12pt;\">CMYK (1 \u2013 10 colores), Sin impresi\u00f3n (normal), Impresi\u00f3n digital<\/span><\/td>\n<\/tr>\n<tr style=\"height: 40px; background-color: #99ccff;\">\n<td style=\"width: 22.6796%; height: 32px;\"><span style=\"font-size: 12pt;\"><strong><span style=\"font-family: arial, helvetica, sans-serif;\">Material<\/span><\/strong><\/span><\/td>\n<td style=\"width: 77.3204%; height: 32px;\"><span style=\"font-family: arial, helvetica, sans-serif; font-size: 12pt;\">Material laminado, MOPP+VMPET+PE<\/span><\/td>\n<\/tr>\n<tr style=\"height: 40px; background-color: #ebebeb;\">\n<td style=\"width: 22.6796%; height: 33px;\"><span style=\"font-size: 12pt;\"><strong><span style=\"font-family: arial, helvetica, sans-serif;\">Opciones incluidas<\/span><\/strong><\/span><\/td>\n<td style=\"width: 77.3204%; height: 33px;\"><span style=\"font-family: arial, helvetica, sans-serif; font-size: 12pt;\">Troquelado, sellado t\u00e9rmico<\/span><\/td>\n<\/tr>\n<tr style=\"height: 40px; background-color: #99ccff;\">\n<td style=\"width: 22.6796%; height: 30px;\"><span style=\"font-size: 12pt;\"><strong><span style=\"font-family: arial, helvetica, sans-serif;\">Caracter\u00edstica<\/span><\/strong><\/span><\/td>\n<td style=\"width: 77.3204%; height: 30px;\"><span style=\"font-family: arial, helvetica, sans-serif; font-size: 12pt;\">Resistente a la humedad, aislamiento de ox\u00edgeno, sombreado, resistencia a altas temperaturas y material de calidad alimentaria.<\/span><\/td>\n<\/tr>\n<tr style=\"height: 40px; background-color: #ebebeb;\">\n<td style=\"width: 22.6796%; height: 24px;\"><span style=\"font-size: 12pt;\"><strong><span style=\"font-family: arial, helvetica, sans-serif;\">Tiempo de respuesta<\/span><\/strong><\/span><\/td>\n<td style=\"width: 77.3204%; height: 24px;\"><span style=\"font-family: arial, helvetica, sans-serif; font-size: 12pt;\">7 \u2013 15 d\u00edas h\u00e1biles, URGENTE<\/span><\/td>\n<\/tr>\n<tr style=\"height: 40px; background-color: #99ccff;\">\n<td style=\"width: 22.6796%; height: 24px;\"><span style=\"font-size: 12pt;\"><strong><span style=\"font-family: arial, helvetica, sans-serif;\">Env\u00edo<\/span><\/strong><\/span><\/td>\n<td style=\"width: 77.3204%; height: 24px;\"><span style=\"font-family: arial, helvetica, sans-serif; font-size: 12pt;\">Aire, Mar, Express<\/span><\/td>\n<\/tr>\n<\/tbody>\n<\/table>\n<p>&nbsp;<\/p>","protected":false},"featured_media":5554,"comment_status":"open","ping_status":"closed","template":"","meta":[],"product_brand":[],"product_cat":[26,35,18],"product_tag":[],"class_list":{"0":"post-5555","1":"product","2":"type-product","3":"status-publish","4":"has-post-thumbnail","6":"product_cat-food-packaging","7":"product_cat-mylar-bags","8":"product_cat-zipper-bags","10":"first","11":"instock","12":"shipping-taxable","13":"purchasable","14":"product-type-variable"},"_links":{"self":[{"href":"https:\/\/polysmarts.com\/es\/wp-json\/wp\/v2\/product\/5555","targetHints":{"allow":["GET"]}}],"collection":[{"href":"https:\/\/polysmarts.com\/es\/wp-json\/wp\/v2\/product"}],"about":[{"href":"https:\/\/polysmarts.com\/es\/wp-json\/wp\/v2\/types\/product"}],"replies":[{"embeddable":true,"href":"https:\/\/polysmarts.com\/es\/wp-json\/wp\/v2\/comments?post=5555"}],"version-history":[{"count":5,"href":"https:\/\/polysmarts.com\/es\/wp-json\/wp\/v2\/product\/5555\/revisions"}],"predecessor-version":[{"id":5569,"href":"https:\/\/polysmarts.com\/es\/wp-json\/wp\/v2\/product\/5555\/revisions\/5569"}],"wp:featuredmedia":[{"embeddable":true,"href":"https:\/\/polysmarts.com\/es\/wp-json\/wp\/v2\/media\/5554"}],"wp:attachment":[{"href":"https:\/\/polysmarts.com\/es\/wp-json\/wp\/v2\/media?parent=5555"}],"wp:term":[{"taxonomy":"product_brand","embeddable":true,"href":"https:\/\/polysmarts.com\/es\/wp-json\/wp\/v2\/product_brand?post=5555"},{"taxonomy":"product_cat","embeddable":true,"href":"https:\/\/polysmarts.com\/es\/wp-json\/wp\/v2\/product_cat?post=5555"},{"taxonomy":"product_tag","embeddable":true,"href":"https:\/\/polysmarts.com\/es\/wp-json\/wp\/v2\/product_tag?post=5555"}],"curies":[{"name":"gracias","href":"https:\/\/api.w.org\/{rel}","templated":true}]}}