{"id":5518,"date":"2025-12-23T12:56:12","date_gmt":"2025-12-23T04:56:12","guid":{"rendered":"https:\/\/polysmarts.com\/?post_type=product&#038;p=5518"},"modified":"2025-12-23T13:15:27","modified_gmt":"2025-12-23T05:15:27","slug":"bolsas-y-bolsas-impresas-personalizadas-con-soporte-de-aluminio-mylar-para-embalaje-de-alimentos","status":"publish","type":"product","link":"https:\/\/polysmarts.com\/es\/product\/custom-printed-pouch-and-bag-stand-up-mylar-foil-food-packaging\/","title":{"rendered":"Bolsas y estuches impresos a medida: embalaje para alimentos con l\u00e1mina de Mylar vertical"},"content":{"rendered":"<p>Impreso personalizado <strong>Bolsa y bolso<\/strong> Envases dise\u00f1ados para marcas de alimentos modernas que requieren un alto impacto en el lineal y una protecci\u00f3n de barrera fiable. <strong><a href=\"https:\/\/polysmarts.com\/es\/bolsas-de-pie-embalaje-de-bolsa-de-pie-personalizado\/\">bolsa stand-up<\/a><\/strong> El formato es ideal para <strong>Snacks, cacao en polvo, dulces, frutos secos y envases de alimentos energ\u00e9ticos.<\/strong>, ayudando a que los productos se mantengan frescos y con una apariencia premium en los estantes de las tiendas minoristas.<\/p>\n<p>Construido con materiales laminados duraderos (como <strong>BOPP\/VMCPP<\/strong> estructuras) y terminado con <strong>sellado t\u00e9rmico<\/strong>, Cada bolsa ofrece un cierre seguro y un rendimiento confiable para el manejo y env\u00edo diarios. Elija <strong>huecograbado o impresi\u00f3n digital<\/strong> para que coincida con sus objetivos de marca, ya sea que necesite colores llamativos, gr\u00e1ficos detallados o cambios de dise\u00f1o r\u00e1pidos. Agregue su <strong>logotipo personalizado<\/strong>, seleccione el tama\u00f1o de su bolsa y adapte la apariencia a su mercado.<\/p>\n<h3><span style=\"font-size: 14pt;\"><strong>Caracter\u00edsticas principales<\/strong><\/span><\/h3>\n<ul>\n<li><strong>Dise\u00f1o de stand-up<\/strong>\u00a0Para una presentaci\u00f3n m\u00e1s resistente en el estante<\/li>\n<li><strong>Resistente a la humedad y a los olores.<\/strong>\u00a0protecci\u00f3n de barrera<\/li>\n<li><strong>Sellable por calor<\/strong>\u00a0Estructura para un embalaje seguro<\/li>\n<li><strong>Muesca de desgarro<\/strong>\u00a0para f\u00e1cil apertura<\/li>\n<li><strong>Tama\u00f1o personalizado y logotipo personalizado<\/strong>\u00a0apoyado<\/li>\n<li><strong>Opciones de impresi\u00f3n:<\/strong>\u00a0impresi\u00f3n en huecograbado o impresi\u00f3n digital<\/li>\n<li><strong>Uso de envases de alimentos<\/strong>\u00a0(snacks, cacao, dulces y m\u00e1s)<\/li>\n<li><strong>Opci\u00f3n reciclable disponible<\/strong>\u00a0(dependiendo de la estructura elegida)<\/li>\n<\/ul>\n<p>&nbsp;<\/p>\n<p>Si quieres un alto rendimiento <strong>Bolsa y bolso<\/strong> Que protege la frescura y mejora la marca, esta bolsa vertical impresa personalizada es una soluci\u00f3n de envasado confiable y escalable para empresas alimentarias en crecimiento.<\/p>","protected":false},"excerpt":{"rendered":"<table style=\"height: 294px; width: 99.8505%; border-collapse: collapse;\" border=\"2\">\n<tbody>\n<tr style=\"height: 28px; background-color: #dbdbdb;\">\n<td style=\"width: 22.6796%; background-color: #ebebeb; height: 31px;\"><span style=\"font-family: arial, helvetica, sans-serif; font-size: 12pt;\"><strong>Elementos<\/strong><\/span><\/td>\n<td style=\"width: 77.3204%; background-color: #ebebeb; height: 31px;\"><span style=\"font-family: arial, helvetica, sans-serif; font-size: 12pt;\">Bolsa y bolso personalizados <strong><a href=\"https:\/\/polysmarts.com\/es\/categoria-de-producto\/por-mercados\/envasado-de-alimentos\/\">Food Packaging <\/a><\/strong><\/span><\/td>\n<\/tr>\n<tr style=\"height: 40px;\">\n<td style=\"width: 22.6796%; height: 30px; background-color: #99ccff;\"><span style=\"font-family: arial, helvetica, sans-serif; font-size: 12pt;\"><strong>Dimensi\u00f3n y estilo<\/strong><\/span><\/td>\n<td style=\"width: 77.3204%; height: 30px; background-color: #99ccff;\"><span style=\"font-family: arial, helvetica, sans-serif; font-size: 12pt;\">Formas y tama\u00f1os personalizados<\/span><\/td>\n<\/tr>\n<tr style=\"height: 40px;\">\n<td style=\"width: 22.6796%; height: 34px; background-color: #ebebeb;\"><span style=\"font-size: 12pt;\"><strong><span style=\"font-family: arial, helvetica, sans-serif;\">Cantidad m\u00ednima de pedido<\/span><\/strong><\/span><\/td>\n<td style=\"width: 77.3204%; height: 34px; background-color: #ebebeb;\"><span style=\"font-family: arial, helvetica, sans-serif; font-size: 12pt;\">100 piezas sin personalizaci\u00f3n, 5000 piezas para personalizaci\u00f3n<\/span><\/td>\n<\/tr>\n<tr style=\"height: 40px; background-color: #99ccff;\">\n<td style=\"width: 22.6796%; height: 32px;\"><span style=\"font-size: 12pt;\"><strong><span style=\"font-family: arial, helvetica, sans-serif;\">Tipo de embalaje<\/span><\/strong><\/span><\/td>\n<td style=\"width: 77.3204%; height: 32px;\"><span style=\"font-family: arial, helvetica, sans-serif; font-size: 12pt;\"><a href=\"https:\/\/polysmarts.com\/es\/bolsas-de-pie-embalaje-de-bolsa-de-pie-personalizado\/\"><strong>Bolsa de pie<\/strong><\/a> con cremallera<\/span><\/td>\n<\/tr>\n<tr style=\"height: 40px; background-color: #ebebeb;\">\n<td style=\"width: 22.6796%; height: 24px;\"><span style=\"font-size: 12pt;\"><strong><span style=\"font-family: arial, helvetica, sans-serif;\">Impresi\u00f3n<\/span><\/strong><\/span><\/td>\n<td style=\"width: 77.3204%; height: 24px;\"><span style=\"font-family: arial, helvetica, sans-serif; font-size: 12pt;\">CMYK (1 \u2013 10 colores), Sin impresi\u00f3n (normal), Impresi\u00f3n digital<\/span><\/td>\n<\/tr>\n<tr style=\"height: 40px; background-color: #99ccff;\">\n<td style=\"width: 22.6796%; height: 32px;\"><span style=\"font-size: 12pt;\"><strong><span style=\"font-family: arial, helvetica, sans-serif;\">Material<\/span><\/strong><\/span><\/td>\n<td style=\"width: 77.3204%; height: 32px;\"><span style=\"font-family: arial, helvetica, sans-serif; font-size: 12pt;\">Material laminado, MOPP+VMPET+PE<\/span><\/td>\n<\/tr>\n<tr style=\"height: 40px; background-color: #ebebeb;\">\n<td style=\"width: 22.6796%; height: 33px;\"><span style=\"font-size: 12pt;\"><strong><span style=\"font-family: arial, helvetica, sans-serif;\">Opciones incluidas<\/span><\/strong><\/span><\/td>\n<td style=\"width: 77.3204%; height: 33px;\"><span style=\"font-family: arial, helvetica, sans-serif; font-size: 12pt;\">Troquelado, sellado t\u00e9rmico<\/span><\/td>\n<\/tr>\n<tr style=\"height: 40px; background-color: #99ccff;\">\n<td style=\"width: 22.6796%; height: 30px;\"><span style=\"font-size: 12pt;\"><strong><span style=\"font-family: arial, helvetica, sans-serif;\">Caracter\u00edstica<\/span><\/strong><\/span><\/td>\n<td style=\"width: 77.3204%; height: 30px;\"><span style=\"font-family: arial, helvetica, sans-serif; font-size: 12pt;\">Resistente a la humedad, aislamiento de ox\u00edgeno, sombreado, resistencia a altas temperaturas y material de calidad alimentaria.<\/span><\/td>\n<\/tr>\n<tr style=\"height: 40px; background-color: #ebebeb;\">\n<td style=\"width: 22.6796%; height: 24px;\"><span style=\"font-size: 12pt;\"><strong><span style=\"font-family: arial, helvetica, sans-serif;\">Tiempo de respuesta<\/span><\/strong><\/span><\/td>\n<td style=\"width: 77.3204%; height: 24px;\"><span style=\"font-family: arial, helvetica, sans-serif; font-size: 12pt;\">7 \u2013 15 d\u00edas h\u00e1biles, URGENTE<\/span><\/td>\n<\/tr>\n<tr style=\"height: 40px; background-color: #99ccff;\">\n<td style=\"width: 22.6796%; height: 24px;\"><span style=\"font-size: 12pt;\"><strong><span style=\"font-family: arial, helvetica, sans-serif;\">Env\u00edo<\/span><\/strong><\/span><\/td>\n<td style=\"width: 77.3204%; height: 24px;\"><span style=\"font-family: arial, helvetica, sans-serif; font-size: 12pt;\">Aire, Mar, Express<\/span><\/td>\n<\/tr>\n<\/tbody>\n<\/table>\n<p>&nbsp;<\/p>","protected":false},"featured_media":5527,"comment_status":"open","ping_status":"closed","template":"","meta":[],"product_brand":[],"product_cat":[26,35,18],"product_tag":[],"class_list":{"0":"post-5518","1":"product","2":"type-product","3":"status-publish","4":"has-post-thumbnail","6":"product_cat-food-packaging","7":"product_cat-mylar-bags","8":"product_cat-zipper-bags","10":"first","11":"instock","12":"shipping-taxable","13":"purchasable","14":"product-type-variable"},"_links":{"self":[{"href":"https:\/\/polysmarts.com\/es\/wp-json\/wp\/v2\/product\/5518","targetHints":{"allow":["GET"]}}],"collection":[{"href":"https:\/\/polysmarts.com\/es\/wp-json\/wp\/v2\/product"}],"about":[{"href":"https:\/\/polysmarts.com\/es\/wp-json\/wp\/v2\/types\/product"}],"replies":[{"embeddable":true,"href":"https:\/\/polysmarts.com\/es\/wp-json\/wp\/v2\/comments?post=5518"}],"version-history":[{"count":3,"href":"https:\/\/polysmarts.com\/es\/wp-json\/wp\/v2\/product\/5518\/revisions"}],"predecessor-version":[{"id":5530,"href":"https:\/\/polysmarts.com\/es\/wp-json\/wp\/v2\/product\/5518\/revisions\/5530"}],"wp:featuredmedia":[{"embeddable":true,"href":"https:\/\/polysmarts.com\/es\/wp-json\/wp\/v2\/media\/5527"}],"wp:attachment":[{"href":"https:\/\/polysmarts.com\/es\/wp-json\/wp\/v2\/media?parent=5518"}],"wp:term":[{"taxonomy":"product_brand","embeddable":true,"href":"https:\/\/polysmarts.com\/es\/wp-json\/wp\/v2\/product_brand?post=5518"},{"taxonomy":"product_cat","embeddable":true,"href":"https:\/\/polysmarts.com\/es\/wp-json\/wp\/v2\/product_cat?post=5518"},{"taxonomy":"product_tag","embeddable":true,"href":"https:\/\/polysmarts.com\/es\/wp-json\/wp\/v2\/product_tag?post=5518"}],"curies":[{"name":"gracias","href":"https:\/\/api.w.org\/{rel}","templated":true}]}}