{"id":5379,"date":"2025-11-24T17:07:47","date_gmt":"2025-11-24T09:07:47","guid":{"rendered":"https:\/\/polysmarts.com\/?post_type=product&#038;p=5379"},"modified":"2025-11-24T17:31:07","modified_gmt":"2025-11-24T09:31:07","slug":"bolsas-premium-a-prueba-de-olores-soluciones-resistentes-a-los-olores","status":"publish","type":"product","link":"https:\/\/polysmarts.com\/es\/product\/premium-smell-proof-bags-odor-resistant-solutions\/","title":{"rendered":"Bolsas premium a prueba de olores | Soluciones resistentes a los olores"},"content":{"rendered":"<h2><span style=\"font-size: 18pt;\"><strong>Acerca de las bolsas antiolores premium personalizadas al por mayor | Soluciones resistentes a los olores<\/strong><\/span><\/h2>\n<p>Las bolsas antiolores de calidad profesional de Polysmarts combinan tecnolog\u00eda avanzada de bloqueo de olores con caracter\u00edsticas de seguridad de nivel militar. Nuestras bolsas herm\u00e9ticas antiolores mantienen una contenci\u00f3n completa de los olores y ofrecen:<\/p>\n<ul>\n<li><strong>Protecci\u00f3n de barrera de 3 capas<\/strong><br \/>\nConstrucci\u00f3n multilaminada con filtro de carb\u00f3n activado<\/li>\n<li><strong>Seguridad de grado militar<\/strong><br \/>\nSellos de seguridad y material resistente a perforaciones<\/li>\n<li><strong>Opciones de marca personalizadas<\/strong><br \/>\nSerigraf\u00eda y tama\u00f1o personalizado disponibles.<\/li>\n<li><strong>Cumplimiento universal<\/strong><br \/>\nCumple con los requisitos de la TSA y la FDA para un transporte seguro.<\/li>\n<\/ul>\n<h3><strong><span style=\"font-size: 14pt;\">Por qu\u00e9 los profesionales eligen nuestras soluciones antiolores<\/span><\/strong><\/h3>\n<ol>\n<li><strong>Protecci\u00f3n de grado m\u00e9dico<\/strong><br \/>\nPerfecto para productos de cannabis, productos farmac\u00e9uticos y documentos confidenciales.<\/li>\n<li><strong>Dise\u00f1o listo para viajar<\/strong><br \/>\nEmbalaje de perfil bajo que cumple con las regulaciones de las aerol\u00edneas<\/li>\n<li><strong>Resistencia ambiental<\/strong><br \/>\nMateriales impermeables y resistentes a los rayos UV<\/li>\n<li><strong>Construcci\u00f3n reutilizable<\/strong><br \/>\nLavable y duradero para uso repetido.<\/li>\n<\/ol>\n<h3><strong><span style=\"font-size: 14pt;\">Especificaciones t\u00e9cnicas<\/span><\/strong><\/h3>\n<table style=\"width: 100%;\">\n<thead>\n<tr>\n<th style=\"width: 49.4774%;\">Caracter\u00edstica<\/th>\n<th style=\"width: 68.6411%;\">Detalle<\/th>\n<\/tr>\n<\/thead>\n<tbody>\n<tr>\n<td style=\"width: 49.4774%;\">Espesor del material<\/td>\n<td style=\"width: 68.6411%;\">8-12 millones<\/td>\n<\/tr>\n<tr>\n<td style=\"width: 49.4774%;\">Rango de temperatura<\/td>\n<td style=\"width: 68.6411%;\">-40\u00b0F a 240\u00b0F<\/td>\n<\/tr>\n<tr>\n<td style=\"width: 49.4774%;\">Tallas disponibles<\/td>\n<td style=\"width: 68.6411%;\">4\u2033x6\u2033 a 12\u2033x16\u2033<\/td>\n<\/tr>\n<tr>\n<td style=\"width: 49.4774%;\">Tipo de cierre<\/td>\n<td style=\"width: 68.6411%;\">Cremallera de doble sellado<\/td>\n<\/tr>\n<\/tbody>\n<\/table>\n<h3><span style=\"font-size: 14pt;\"><strong>Aplicaciones industriales<\/strong><\/span><\/h3>\n<ul>\n<li><strong>Cuidado de la salud<\/strong>:Almacenamiento seguro de medicamentos<\/li>\n<li><strong>Canabis<\/strong>:Embalaje de producto conforme<\/li>\n<li><strong>Servicio de comida<\/strong>Preparaci\u00f3n de comidas sin olores<\/li>\n<li><strong>Viajar<\/strong>:Organizaci\u00f3n amigable con la TSA<\/li>\n<\/ul>","protected":false},"excerpt":{"rendered":"<table style=\"height: 360px; width: 99.8505%; border-collapse: collapse;\" border=\"2\">\n<tbody>\n<tr style=\"height: 40px;\">\n<td style=\"width: 38.0988%; height: 30px; background-color: #99ccff;\"><span style=\"font-family: arial, helvetica, sans-serif; font-size: 12pt;\"><strong>Dimensi\u00f3n y estilo<\/strong><\/span><\/td>\n<td style=\"width: 61.9012%; height: 30px; background-color: #99ccff;\"><span style=\"font-family: arial, helvetica, sans-serif; font-size: 12pt;\">100% Admite tama\u00f1o personalizado\u00a0<\/span><\/td>\n<\/tr>\n<tr style=\"height: 40px;\">\n<td style=\"width: 38.0988%; height: 34px; background-color: #ebebeb;\"><strong>Cantidad m\u00ednima de pedido<\/strong><\/td>\n<td style=\"width: 61.9012%; height: 34px; background-color: #ebebeb;\"><span style=\"font-family: arial, helvetica, sans-serif; font-size: 12pt;\">100 piezas sin personalizaci\u00f3n - Bolsas de stock, 1000 piezas para impresi\u00f3n digital 10000 piezas para impresi\u00f3n en huecograbado<\/span><\/td>\n<\/tr>\n<tr style=\"height: 40px; background-color: #99ccff;\">\n<td style=\"width: 38.0988%; height: 24px;\"><span style=\"font-size: 12pt;\"><strong><span style=\"font-family: arial, helvetica, sans-serif;\">Tipo de embalaje<\/span><\/strong><\/span><\/td>\n<td style=\"width: 61.9012%; height: 24px;\"><span style=\"font-family: arial, helvetica, sans-serif; font-size: 12pt;\">Bolsas a prueba de olores \/ <strong><a href=\"https:\/\/polysmarts.com\/es\/bolsas-de-pie-embalaje-de-bolsa-de-pie-personalizado\/\">Bolsas de pie<\/a><\/strong>\/ <strong><a href=\"https:\/\/polysmarts.com\/es\/categoria-de-producto\/por-tipo-2\/bolsas-con-cremallera\/\">Zipper Bags<\/a><\/strong><\/span><\/td>\n<\/tr>\n<tr style=\"height: 40px; background-color: #ebebeb;\">\n<td style=\"width: 38.0988%; height: 24px;\"><span style=\"font-size: 12pt;\"><strong><span style=\"font-family: arial, helvetica, sans-serif;\">Espesor<\/span><\/strong><\/span><\/td>\n<td style=\"width: 61.9012%; height: 24px;\"><span style=\"font-family: arial, helvetica, sans-serif; font-size: 12pt;\">80 micras \/ Espesor personalizado\u00a0<\/span><\/td>\n<\/tr>\n<tr style=\"height: 40px; background-color: #99ccff;\">\n<td style=\"width: 38.0988%; height: 24px;\"><span style=\"font-size: 12pt;\"><strong><span style=\"font-family: arial, helvetica, sans-serif;\">Impresi\u00f3n\u00a0<\/span><\/strong><\/span><\/td>\n<td style=\"width: 61.9012%; height: 24px;\"><span style=\"font-family: arial, helvetica, sans-serif; font-size: 12pt;\">\u00a0Impresi\u00f3n digital (cantidad m\u00ednima de pedido: 1000 unidades) \/ Impresi\u00f3n en huecograbado (cantidad m\u00ednima de pedido: 10000 unidades)<\/span><\/td>\n<\/tr>\n<tr style=\"height: 40px; background-color: #ebebeb;\">\n<td style=\"width: 38.0988%; height: 24px;\"><span style=\"font-size: 12pt;\"><strong><span style=\"font-family: arial, helvetica, sans-serif;\">Material<\/span><\/strong><\/span><\/td>\n<td style=\"width: 61.9012%; height: 24px;\"><span style=\"font-family: arial, helvetica, sans-serif; font-size: 12pt;\">OPP\/VMPET\/PE\/Material de soporte <em>Compuesto\u00a0\u00a0<\/em><\/span><\/td>\n<\/tr>\n<tr style=\"height: 40px; background-color: #99ccff;\">\n<td style=\"width: 38.0988%; height: 24px;\"><span style=\"font-size: 12pt;\"><strong><span style=\"font-family: arial, helvetica, sans-serif;\">Caracter\u00edstica<\/span><\/strong><\/span><\/td>\n<td style=\"width: 61.9012%; height: 24px;\"><span style=\"font-family: arial, helvetica, sans-serif; font-size: 12pt;\">A prueba de olores<\/span><\/td>\n<\/tr>\n<tr style=\"height: 40px; background-color: #ebebeb;\">\n<td style=\"width: 38.0988%; height: 24px;\"><span style=\"font-size: 12pt;\"><strong><span style=\"font-family: arial, helvetica, sans-serif;\">Tiempo de env\u00edo<\/span><\/strong><\/span><\/td>\n<td style=\"width: 61.9012%; height: 24px;\"><span style=\"font-family: arial, helvetica, sans-serif; font-size: 12pt;\">7 \u2013 15 d\u00edas h\u00e1biles, URGENTE<\/span><\/td>\n<\/tr>\n<tr style=\"height: 40px; background-color: #99ccff;\">\n<td style=\"width: 38.0988%; height: 24px;\"><span style=\"font-size: 12pt;\"><strong><span style=\"font-family: arial, helvetica, sans-serif;\">M\u00e9todo de env\u00edo<\/span><\/strong><\/span><\/td>\n<td style=\"width: 61.9012%; height: 24px;\"><span style=\"font-family: arial, helvetica, sans-serif; font-size: 12pt;\">Expresar<\/span><\/td>\n<\/tr>\n<\/tbody>\n<\/table>\n<p>&nbsp;<\/p>","protected":false},"featured_media":5373,"comment_status":"open","ping_status":"closed","template":"","meta":[],"product_brand":[],"product_cat":[28,26,35,18],"product_tag":[],"class_list":{"0":"post-5379","1":"product","2":"type-product","3":"status-publish","4":"has-post-thumbnail","6":"product_cat-cbd-packaging","7":"product_cat-food-packaging","8":"product_cat-mylar-bags","9":"product_cat-zipper-bags","11":"first","12":"instock","13":"shipping-taxable","14":"purchasable","15":"product-type-variable"},"_links":{"self":[{"href":"https:\/\/polysmarts.com\/es\/wp-json\/wp\/v2\/product\/5379","targetHints":{"allow":["GET"]}}],"collection":[{"href":"https:\/\/polysmarts.com\/es\/wp-json\/wp\/v2\/product"}],"about":[{"href":"https:\/\/polysmarts.com\/es\/wp-json\/wp\/v2\/types\/product"}],"replies":[{"embeddable":true,"href":"https:\/\/polysmarts.com\/es\/wp-json\/wp\/v2\/comments?post=5379"}],"version-history":[{"count":1,"href":"https:\/\/polysmarts.com\/es\/wp-json\/wp\/v2\/product\/5379\/revisions"}],"predecessor-version":[{"id":5382,"href":"https:\/\/polysmarts.com\/es\/wp-json\/wp\/v2\/product\/5379\/revisions\/5382"}],"wp:featuredmedia":[{"embeddable":true,"href":"https:\/\/polysmarts.com\/es\/wp-json\/wp\/v2\/media\/5373"}],"wp:attachment":[{"href":"https:\/\/polysmarts.com\/es\/wp-json\/wp\/v2\/media?parent=5379"}],"wp:term":[{"taxonomy":"product_brand","embeddable":true,"href":"https:\/\/polysmarts.com\/es\/wp-json\/wp\/v2\/product_brand?post=5379"},{"taxonomy":"product_cat","embeddable":true,"href":"https:\/\/polysmarts.com\/es\/wp-json\/wp\/v2\/product_cat?post=5379"},{"taxonomy":"product_tag","embeddable":true,"href":"https:\/\/polysmarts.com\/es\/wp-json\/wp\/v2\/product_tag?post=5379"}],"curies":[{"name":"gracias","href":"https:\/\/api.w.org\/{rel}","templated":true}]}}